{"id":1063,"date":"2025-11-15T10:45:13","date_gmt":"2025-11-15T09:45:13","guid":{"rendered":"https:\/\/librosdelaaxarquia.com\/?page_id=1063"},"modified":"2025-12-06T14:48:42","modified_gmt":"2025-12-06T13:48:42","slug":"cartas-de-velez","status":"publish","type":"page","link":"https:\/\/librosdelaaxarquia.com\/?page_id=1063","title":{"rendered":"CARTAS DE V\u00c9LEZ"},"content":{"rendered":"\n<figure class=\"wp-block-image aligncenter size-full is-resized\"><img loading=\"lazy\" decoding=\"async\" width=\"435\" height=\"685\" src=\"https:\/\/librosdelaaxarquia.com\/wp-content\/uploads\/2025\/11\/Cartas-de-Velez-2.jpg\" alt=\"\" class=\"wp-image-1064\" style=\"width:499px;height:auto\" srcset=\"https:\/\/librosdelaaxarquia.com\/wp-content\/uploads\/2025\/11\/Cartas-de-Velez-2.jpg 435w, https:\/\/librosdelaaxarquia.com\/wp-content\/uploads\/2025\/11\/Cartas-de-Velez-2-191x300.jpg 191w\" sizes=\"auto, (max-width: 435px) 100vw, 435px\" \/><\/figure>\n\n\n\n<div style=\"height:3px\" aria-hidden=\"true\" class=\"wp-block-spacer\"><\/div>\n\n\n\n<p>AUTOR: <a href=\"https:\/\/librosdelaaxarquia.com\/?page_id=1331\" data-type=\"page\" data-id=\"1331\">JOS\u00c9 M\u00c9NDEZ HOYOS<\/a><\/p>\n\n\n\n<p>COLECCI\u00d3N<a href=\"http:\/\/REFLEXIONES\"> <\/a><strong><a href=\"https:\/\/librosdelaaxarquia.com\/?page_id=143\" data-type=\"page\" data-id=\"143\">REFLEXIONES<\/a><\/strong> (N\u00ba 6)<\/p>\n\n\n\n<p><strong>ISBN:<\/strong>  978-84-948637-2-1  <strong> D. L.<\/strong>  MA 1455-2018<\/p>\n\n\n\n<p>N\u00famero de p\u00e1ginas:  398<\/p>\n\n\n\n<div style=\"height:8px\" aria-hidden=\"true\" class=\"wp-block-spacer\"><\/div>\n\n\n\n<p>Las <em>Cartas de V\u00e9lez de Pepe M\u00e9ndez<\/em> es una recopilaci\u00f3n de las \u201cCartas\u201d publicadas entre 1984 y 1987 por este autor, cargadas de informaci\u00f3n \u2013y muchas veces de emociones\u2013 con objetivos grandes y de mentalidad abierta. Escritos que no nac\u00edan al azar, que ten\u00edan pretensiones period\u00edsticas y que, en todo momento, fue el fruto de la constancia, la dedicaci\u00f3n, el esp\u00edritu colaborativo y la mentalidad de servicio a la comunidad.<\/p>\n\n\n\n<div style=\"height:1px\" aria-hidden=\"true\" class=\"wp-block-spacer\"><\/div>\n\n\n\n<figure class=\"wp-block-embed is-type-video is-provider-youtube wp-block-embed-youtube wp-embed-aspect-16-9 wp-has-aspect-ratio\"><div class=\"wp-block-embed__wrapper\">\n<iframe loading=\"lazy\" title=\"Cartas de V\u00e9lez\" width=\"500\" height=\"281\" src=\"https:\/\/www.youtube.com\/embed\/dSDqOvo8XlU?feature=oembed\" frameborder=\"0\" allow=\"accelerometer; autoplay; clipboard-write; encrypted-media; gyroscope; picture-in-picture; web-share\" referrerpolicy=\"strict-origin-when-cross-origin\" allowfullscreen><\/iframe>\n<\/div><\/figure>\n\n\n\n<div style=\"height:11px\" aria-hidden=\"true\" class=\"wp-block-spacer\"><\/div>\n\n\n\n<p>Las <em>Cartas de V\u00e9lez de Pepe M\u00e9ndez <\/em>&nbsp;se han dividido en tres cap\u00edtulos, por entender tres etapas distintas, coincidentes con cada a\u00f1o nuevo del proceso. El primer a\u00f1o, de noviembre de 1984 a octubre de 1985, le hemos llamado \u00abLas cartas iniciales\u00bb, escritas a m\u00e1quina y luego fotocopiadas. Al segundo a\u00f1o, de noviembre de 1985 a octubre de 1986, le hemos llamado \u00abLas cartas a imprenta\u00bb. Y al tercer a\u00f1o, de noviembre de 1986 a octubre de 1987, \u00abLas cartas como peri\u00f3dico\u00bb. En ellas se encuentran la vida de la ciudad, la pol\u00edtica, la cultura, el deporte, las cofrad\u00edas, el flamenco, etc., etc.<\/p>\n\n\n\n<p>Las <em>Cartas de V\u00e9lez de Pepe M\u00e9ndez<\/em> recogen la totalidad de las 36 cartas que se publicaron, y hoy, treinta a\u00f1os despu\u00e9s, se convierten en una cr\u00f3nica de un tiempo vivido, que rejuvenecer\u00e1 a muchos lectores, descubrir\u00e1 noticias a otros muchos, y ser\u00e1, a no dudar, una deleitosa fuente de la memoria para cuantos presten atenci\u00f3n al libro, y deseen descubrir las claves de la capital de la Axarqu\u00eda a pocos a\u00f1os de la llegada de la democracia postfranquista.<\/p>\n\n\n\n<div style=\"height:8px\" aria-hidden=\"true\" class=\"wp-block-spacer\"><\/div>\n\n\n\n<p class=\"has-text-align-center\"><strong>ACTO DE PRESENTACI\u00d3N DEL LIBRO<\/strong><\/p>\n\n\n\n<p class=\"has-text-align-center\">(SAL\u00d3N DE ACTOS DEL CENTRO DEL EXILIO)<\/p>\n\n\n\n<figure class=\"wp-block-embed is-type-video is-provider-youtube wp-block-embed-youtube wp-embed-aspect-16-9 wp-has-aspect-ratio\"><div class=\"wp-block-embed__wrapper\">\n<iframe loading=\"lazy\" title=\"HOMENAJE A PEPE MENDEZ\" width=\"500\" height=\"281\" src=\"https:\/\/www.youtube.com\/embed\/0jCp9PuVf8Y?feature=oembed\" frameborder=\"0\" allow=\"accelerometer; autoplay; clipboard-write; encrypted-media; gyroscope; picture-in-picture; web-share\" referrerpolicy=\"strict-origin-when-cross-origin\" allowfullscreen><\/iframe>\n<\/div><\/figure>\n","protected":false},"excerpt":{"rendered":"<p>AUTOR: JOS\u00c9 M\u00c9NDEZ HOYOS COLECCI\u00d3N REFLEXIONES (N\u00ba 6) ISBN: 978-84-948637-2-1 D. L. MA 1455-2018 N\u00famero de p\u00e1ginas: 398 Las Cartas de V\u00e9lez de Pepe M\u00e9ndez es una recopilaci\u00f3n de las \u201cCartas\u201d publicadas entre 1984 y 1987 por este autor, cargadas de informaci\u00f3n \u2013y muchas veces de emociones\u2013 con objetivos grandes y de mentalidad abierta. Escritos [&hellip;]<\/p>\n","protected":false},"author":1,"featured_media":0,"parent":0,"menu_order":0,"comment_status":"closed","ping_status":"closed","template":"","meta":{"footnotes":""},"class_list":["post-1063","page","type-page","status-publish","hentry"],"_links":{"self":[{"href":"https:\/\/librosdelaaxarquia.com\/index.php?rest_route=\/wp\/v2\/pages\/1063","targetHints":{"allow":["GET"]}}],"collection":[{"href":"https:\/\/librosdelaaxarquia.com\/index.php?rest_route=\/wp\/v2\/pages"}],"about":[{"href":"https:\/\/librosdelaaxarquia.com\/index.php?rest_route=\/wp\/v2\/types\/page"}],"author":[{"embeddable":true,"href":"https:\/\/librosdelaaxarquia.com\/index.php?rest_route=\/wp\/v2\/users\/1"}],"replies":[{"embeddable":true,"href":"https:\/\/librosdelaaxarquia.com\/index.php?rest_route=%2Fwp%2Fv2%2Fcomments&post=1063"}],"version-history":[{"count":5,"href":"https:\/\/librosdelaaxarquia.com\/index.php?rest_route=\/wp\/v2\/pages\/1063\/revisions"}],"predecessor-version":[{"id":2169,"href":"https:\/\/librosdelaaxarquia.com\/index.php?rest_route=\/wp\/v2\/pages\/1063\/revisions\/2169"}],"wp:attachment":[{"href":"https:\/\/librosdelaaxarquia.com\/index.php?rest_route=%2Fwp%2Fv2%2Fmedia&parent=1063"}],"curies":[{"name":"wp","href":"https:\/\/api.w.org\/{rel}","templated":true}]}}