{"id":1071,"date":"2025-11-15T12:59:56","date_gmt":"2025-11-15T11:59:56","guid":{"rendered":"https:\/\/librosdelaaxarquia.com\/?page_id=1071"},"modified":"2025-12-08T00:09:48","modified_gmt":"2025-12-07T23:09:48","slug":"historia-del-movimiento-obrero-en-velez-malaga","status":"publish","type":"page","link":"https:\/\/librosdelaaxarquia.com\/?page_id=1071","title":{"rendered":"HISTORIA DEL MOVIMIENTO OBRERO EN V\u00c9LEZ-M\u00c1LAGA&#8230;"},"content":{"rendered":"\n<figure class=\"wp-block-image size-large is-resized\"><img loading=\"lazy\" decoding=\"async\" width=\"668\" height=\"1024\" src=\"https:\/\/librosdelaaxarquia.com\/wp-content\/uploads\/2025\/11\/PORTADA-B-1-668x1024.jpg\" alt=\"\" class=\"wp-image-1072\" style=\"width:521px;height:auto\" srcset=\"https:\/\/librosdelaaxarquia.com\/wp-content\/uploads\/2025\/11\/PORTADA-B-1-668x1024.jpg 668w, https:\/\/librosdelaaxarquia.com\/wp-content\/uploads\/2025\/11\/PORTADA-B-1-196x300.jpg 196w, https:\/\/librosdelaaxarquia.com\/wp-content\/uploads\/2025\/11\/PORTADA-B-1-768x1178.jpg 768w, https:\/\/librosdelaaxarquia.com\/wp-content\/uploads\/2025\/11\/PORTADA-B-1.jpg 924w\" sizes=\"auto, (max-width: 668px) 100vw, 668px\" \/><\/figure>\n\n\n\n<div style=\"height:29px\" aria-hidden=\"true\" class=\"wp-block-spacer\"><\/div>\n\n\n\n<p><strong>AUTOR:<\/strong>  <a href=\"https:\/\/librosdelaaxarquia.com\/?page_id=514\" data-type=\"page\" data-id=\"514\">FRANCISCO GONZ\u00c1LEZ L\u00d3PEZ<\/a><\/p>\n\n\n\n<p>COLECCI\u00d3N <strong><a href=\"https:\/\/librosdelaaxarquia.com\/?page_id=107\" data-type=\"page\" data-id=\"107\">TESTIMONIOS<\/a><\/strong> (N\u00ba 1)<\/p>\n\n\n\n<p><strong>ISBN:<\/strong>  978-84-948637-1-4   <strong> D. L.<\/strong>  MA 993-2018<\/p>\n\n\n\n<p>N\u00famero de p\u00e1ginas:  150<\/p>\n\n\n\n<div style=\"height:13px\" aria-hidden=\"true\" class=\"wp-block-spacer\"><\/div>\n\n\n\n<p>Este libro se enmarca en la historia vele\u00f1a de los comienzos del siglo XX, centr\u00e1ndose en la situaci\u00f3n pol\u00edtica.<\/p>\n\n\n\n<p>En aquel tiempo a la ciudad de V\u00e9lez-M\u00e1laga llega el progreso con sus grandes cambios tecnol\u00f3gicos: el tendido el\u00e9ctrico, el tren, la telefon\u00eda, el autom\u00f3vil&#8230; Sin embargo, la sociedad sigue anclada en el pasado. La clase trabajadora contin\u00faa sufriendo los envites de un mundo fuertemente jerarquizado y lleno de injusticias. El 25 de diciembre de 1891 Pablo Iglesias pronuncia un discurso en el caf\u00e9 de Linares (Plaza del Carmen). A partir de entonces, la semilla del socialismo germina en la clase trabajadora vele\u00f1a, siendo los miembros de la familia Jim\u00e9nez Puertas los heraldos de este pensamiento pol\u00edtico.<\/p>\n\n\n\n<p>Este libro es una historia minuciosa de los primeros tiempos del movimiento obrero local, de las primeras sociedades de resistencia y de los primeros conflictos entre dos mundos opuestos, la burgues\u00eda y el proletariado, a trav\u00e9s de uno de los personajes m\u00e1s reveladores de la historia reciente vele\u00f1a: el zapatero <a><\/a>Francisco Jim\u00e9nez Puertas.<\/p>\n\n\n\n<div style=\"height:16px\" aria-hidden=\"true\" class=\"wp-block-spacer\"><\/div>\n\n\n\n<figure class=\"wp-block-image size-large\"><img loading=\"lazy\" decoding=\"async\" width=\"1024\" height=\"489\" src=\"https:\/\/librosdelaaxarquia.com\/wp-content\/uploads\/2025\/11\/MOVIMIENTO-OBRERO-1024x489.jpg\" alt=\"\" class=\"wp-image-1073\" srcset=\"https:\/\/librosdelaaxarquia.com\/wp-content\/uploads\/2025\/11\/MOVIMIENTO-OBRERO-1024x489.jpg 1024w, https:\/\/librosdelaaxarquia.com\/wp-content\/uploads\/2025\/11\/MOVIMIENTO-OBRERO-300x143.jpg 300w, https:\/\/librosdelaaxarquia.com\/wp-content\/uploads\/2025\/11\/MOVIMIENTO-OBRERO-768x366.jpg 768w, https:\/\/librosdelaaxarquia.com\/wp-content\/uploads\/2025\/11\/MOVIMIENTO-OBRERO-1536x733.jpg 1536w, https:\/\/librosdelaaxarquia.com\/wp-content\/uploads\/2025\/11\/MOVIMIENTO-OBRERO-2048x977.jpg 2048w\" sizes=\"auto, (max-width: 1024px) 100vw, 1024px\" \/><\/figure>\n\n\n\n<div style=\"height:16px\" aria-hidden=\"true\" class=\"wp-block-spacer\"><\/div>\n","protected":false},"excerpt":{"rendered":"<p>AUTOR: FRANCISCO GONZ\u00c1LEZ L\u00d3PEZ COLECCI\u00d3N TESTIMONIOS (N\u00ba 1) ISBN: 978-84-948637-1-4 D. L. MA 993-2018 N\u00famero de p\u00e1ginas: 150 Este libro se enmarca en la historia vele\u00f1a de los comienzos del siglo XX, centr\u00e1ndose en la situaci\u00f3n pol\u00edtica. En aquel tiempo a la ciudad de V\u00e9lez-M\u00e1laga llega el progreso con sus grandes cambios tecnol\u00f3gicos: el tendido [&hellip;]<\/p>\n","protected":false},"author":1,"featured_media":0,"parent":0,"menu_order":0,"comment_status":"closed","ping_status":"closed","template":"","meta":{"footnotes":""},"class_list":["post-1071","page","type-page","status-publish","hentry"],"_links":{"self":[{"href":"https:\/\/librosdelaaxarquia.com\/index.php?rest_route=\/wp\/v2\/pages\/1071","targetHints":{"allow":["GET"]}}],"collection":[{"href":"https:\/\/librosdelaaxarquia.com\/index.php?rest_route=\/wp\/v2\/pages"}],"about":[{"href":"https:\/\/librosdelaaxarquia.com\/index.php?rest_route=\/wp\/v2\/types\/page"}],"author":[{"embeddable":true,"href":"https:\/\/librosdelaaxarquia.com\/index.php?rest_route=\/wp\/v2\/users\/1"}],"replies":[{"embeddable":true,"href":"https:\/\/librosdelaaxarquia.com\/index.php?rest_route=%2Fwp%2Fv2%2Fcomments&post=1071"}],"version-history":[{"count":5,"href":"https:\/\/librosdelaaxarquia.com\/index.php?rest_route=\/wp\/v2\/pages\/1071\/revisions"}],"predecessor-version":[{"id":2279,"href":"https:\/\/librosdelaaxarquia.com\/index.php?rest_route=\/wp\/v2\/pages\/1071\/revisions\/2279"}],"wp:attachment":[{"href":"https:\/\/librosdelaaxarquia.com\/index.php?rest_route=%2Fwp%2Fv2%2Fmedia&parent=1071"}],"curies":[{"name":"wp","href":"https:\/\/api.w.org\/{rel}","templated":true}]}}