{"id":1076,"date":"2025-11-15T13:56:40","date_gmt":"2025-11-15T12:56:40","guid":{"rendered":"https:\/\/librosdelaaxarquia.com\/?page_id=1076"},"modified":"2025-12-05T14:28:35","modified_gmt":"2025-12-05T13:28:35","slug":"sociedad-economica-de-amigos-del-pais-de-velez-malaga","status":"publish","type":"page","link":"https:\/\/librosdelaaxarquia.com\/?page_id=1076","title":{"rendered":"SOCIEDAD ECON\u00d3MICA DE AMIGOS DEL PA\u00cdS DE V\u00c9LEZ-M\u00c1LAGA"},"content":{"rendered":"\n<figure class=\"wp-block-image size-full is-resized\"><img loading=\"lazy\" decoding=\"async\" width=\"444\" height=\"689\" src=\"https:\/\/librosdelaaxarquia.com\/wp-content\/uploads\/2025\/11\/CUBIERTA-PDF-FINAL_001-4.jpg\" alt=\"\" class=\"wp-image-1078\" style=\"width:496px;height:auto\" srcset=\"https:\/\/librosdelaaxarquia.com\/wp-content\/uploads\/2025\/11\/CUBIERTA-PDF-FINAL_001-4.jpg 444w, https:\/\/librosdelaaxarquia.com\/wp-content\/uploads\/2025\/11\/CUBIERTA-PDF-FINAL_001-4-193x300.jpg 193w\" sizes=\"auto, (max-width: 444px) 100vw, 444px\" \/><\/figure>\n\n\n\n<div style=\"height:7px\" aria-hidden=\"true\" class=\"wp-block-spacer\"><\/div>\n\n\n\n<p>COLECCI\u00d3N <strong><a href=\"https:\/\/librosdelaaxarquia.com\/?page_id=245\" data-type=\"page\" data-id=\"245\">HISTORIA DE V\u00c9LEZ-M\u00c1LAGA<\/a><\/strong> (N\u00ba 4) [<strong>Segunda edici\u00f3n<\/strong>]<\/p>\n\n\n\n<p><strong>ISBN:<\/strong>  978-84-944870-8-8  <strong>D. L.<\/strong>  MA 81-2018<\/p>\n\n\n\n<p>N\u00famero de p\u00e1ginas: 284<\/p>\n\n\n\n<div style=\"height:3px\" aria-hidden=\"true\" class=\"wp-block-spacer\"><\/div>\n\n\n\n<p>La Sociedad Econ\u00f3mica de Amigos del Pa\u00eds de V\u00e9lez-M\u00e1laga, fundada en 1783, fue una de las primeras instituciones de este tipo, entre las muchas que fueron creadas a lo largo y ancho de Espa\u00f1a, durante el reinado de Carlos III. De las 108 sociedades que se formaron, la de V\u00e9lez-M\u00e1laga fue la primera en constituirse en la provincia de M\u00e1laga, la sexta de Andaluc\u00eda y la trig\u00e9simo octava en Espa\u00f1a. Fueron sus objetivos <em>\u201cense\u00f1ar, ocupar y socorrer\u201d <\/em>y tuvo por socios fundadores a destacados miembros de la nobleza (condes de Campomanes, Floridablanca y Gausa&#8230;), numerosos cl\u00e9rigos (Arzobispo de Granada, Obispo de M\u00e1laga&#8230;), labradores, militares de alta graduaci\u00f3n, y algunos consejeros reales como, el natural de la Axarqu\u00eda, don Jos\u00e9 de G\u00e1lvez.<\/p>\n\n\n\n<p>Se distinguen tres periodos claramente diferenciados en la vida de la Sociedad: el <em>ilustrado<\/em> (1783-1793), el <em>de las calamidades <\/em>(1800-1808) y el <em>liberal <\/em>(1820-1822).<\/p>\n\n\n\n<p>Entre las obras de la Sociedad hay que destacar la emisi\u00f3n de variados informes y memorias sobre asuntos econ\u00f3micos, la convocatoria de premios a labradores y artesanos, la creaci\u00f3n de escuelas e industrias, y, sobre todo, el esfuerzo de transformaci\u00f3n de una sociedad que se encontraba, en la segunda mitad del siglo XVIII, en una clara postraci\u00f3n cultural, con serios problemas de aislamiento por las deficientes comunicaciones, y de estructuras rutinarias por la mentalidad dominante que era propensa a la inercia y a la tibieza&#8230;&nbsp; El principal \u00e9xito de los Amigos del Pa\u00eds fue trasladarle a esa sociedad vele\u00f1a, de cortas ambiciones y arca\u00edsmo en sus esquemas, los aires frescos de las ideas liberales y la modernidad.<\/p>\n\n\n\n<div style=\"height:2px\" aria-hidden=\"true\" class=\"wp-block-spacer\"><\/div>\n\n\n\n<p><strong>LA PRIMERA EDICI\u00d3N <\/strong> FUE EN 1999 (AYUNTAMIENTO DE V\u00c9LEZ-M\u00c1LAGA) ISBN: 84-89685-33-9  D. L.  GR. 636-1999<\/p>\n\n\n\n<div style=\"height:8px\" aria-hidden=\"true\" class=\"wp-block-spacer\"><\/div>\n\n\n\n<figure class=\"wp-block-image aligncenter size-large is-resized\"><img loading=\"lazy\" decoding=\"async\" width=\"645\" height=\"1024\" src=\"https:\/\/librosdelaaxarquia.com\/wp-content\/uploads\/2025\/11\/IMG_1707-645x1024.jpg\" alt=\"\" class=\"wp-image-1079\" style=\"aspect-ratio:0.6299169543077817;width:348px;height:auto\" srcset=\"https:\/\/librosdelaaxarquia.com\/wp-content\/uploads\/2025\/11\/IMG_1707-645x1024.jpg 645w, https:\/\/librosdelaaxarquia.com\/wp-content\/uploads\/2025\/11\/IMG_1707-189x300.jpg 189w, https:\/\/librosdelaaxarquia.com\/wp-content\/uploads\/2025\/11\/IMG_1707-768x1219.jpg 768w, https:\/\/librosdelaaxarquia.com\/wp-content\/uploads\/2025\/11\/IMG_1707-968x1536.jpg 968w, https:\/\/librosdelaaxarquia.com\/wp-content\/uploads\/2025\/11\/IMG_1707-1290x2048.jpg 1290w, https:\/\/librosdelaaxarquia.com\/wp-content\/uploads\/2025\/11\/IMG_1707.jpg 1456w\" sizes=\"auto, (max-width: 645px) 100vw, 645px\" \/><\/figure>\n\n\n\n<div style=\"height:7px\" aria-hidden=\"true\" class=\"wp-block-spacer\"><\/div>\n\n\n\n<div style=\"height:4px\" aria-hidden=\"true\" class=\"wp-block-spacer\"><\/div>\n\n\n\n<p class=\"has-text-align-center\"><strong>ACTO DE PRESENTACI\u00d3N DEL LIBRO (Primera edici\u00f3n)<\/strong><\/p>\n\n\n\n<p class=\"has-text-align-center\"><strong>(El 24 de junio de 1999)<\/strong><\/p>\n\n\n\n<figure class=\"wp-block-embed is-type-video is-provider-youtube wp-block-embed-youtube wp-embed-aspect-4-3 wp-has-aspect-ratio\"><div class=\"wp-block-embed__wrapper\">\n<iframe loading=\"lazy\" title=\"SOCIEDAD ECON\u00d3MICA\" width=\"500\" height=\"375\" src=\"https:\/\/www.youtube.com\/embed\/-ck6D1xmeoA?feature=oembed\" frameborder=\"0\" allow=\"accelerometer; autoplay; clipboard-write; encrypted-media; gyroscope; picture-in-picture; web-share\" referrerpolicy=\"strict-origin-when-cross-origin\" allowfullscreen><\/iframe>\n<\/div><\/figure>\n\n\n\n<p>.<\/p>\n\n\n\n<p class=\"has-text-align-center\"><strong>CONFERENCIA EN EL MVVEL<\/strong><\/p>\n\n\n\n<p class=\"has-text-align-center\">(15 de junio de 2017)<\/p>\n\n\n\n<figure class=\"wp-block-embed is-type-video is-provider-youtube wp-block-embed-youtube wp-embed-aspect-16-9 wp-has-aspect-ratio\"><div class=\"wp-block-embed__wrapper\">\n<iframe loading=\"lazy\" title=\"LA SOCIEDAD ECONOMICA DE AMIGOS DEL PA\u00cdS\" width=\"500\" height=\"281\" src=\"https:\/\/www.youtube.com\/embed\/F8LX7Uuaa1I?feature=oembed\" frameborder=\"0\" allow=\"accelerometer; autoplay; clipboard-write; encrypted-media; gyroscope; picture-in-picture; web-share\" referrerpolicy=\"strict-origin-when-cross-origin\" allowfullscreen><\/iframe>\n<\/div><\/figure>\n\n\n\n<div style=\"height:29px\" aria-hidden=\"true\" class=\"wp-block-spacer\"><\/div>\n\n\n\n<figure class=\"wp-block-image size-large\"><img loading=\"lazy\" decoding=\"async\" width=\"1024\" height=\"586\" src=\"https:\/\/librosdelaaxarquia.com\/wp-content\/uploads\/2025\/12\/SEAP-1024x586.jpg\" alt=\"\" class=\"wp-image-2129\" srcset=\"https:\/\/librosdelaaxarquia.com\/wp-content\/uploads\/2025\/12\/SEAP-1024x586.jpg 1024w, https:\/\/librosdelaaxarquia.com\/wp-content\/uploads\/2025\/12\/SEAP-300x172.jpg 300w, https:\/\/librosdelaaxarquia.com\/wp-content\/uploads\/2025\/12\/SEAP-768x439.jpg 768w, https:\/\/librosdelaaxarquia.com\/wp-content\/uploads\/2025\/12\/SEAP.jpg 1213w\" sizes=\"auto, (max-width: 1024px) 100vw, 1024px\" \/><\/figure>\n","protected":false},"excerpt":{"rendered":"<p>COLECCI\u00d3N HISTORIA DE V\u00c9LEZ-M\u00c1LAGA (N\u00ba 4) [Segunda edici\u00f3n] ISBN: 978-84-944870-8-8 D. L. MA 81-2018 N\u00famero de p\u00e1ginas: 284 La Sociedad Econ\u00f3mica de Amigos del Pa\u00eds de V\u00e9lez-M\u00e1laga, fundada en 1783, fue una de las primeras instituciones de este tipo, entre las muchas que fueron creadas a lo largo y ancho de Espa\u00f1a, durante el reinado [&hellip;]<\/p>\n","protected":false},"author":1,"featured_media":0,"parent":0,"menu_order":0,"comment_status":"closed","ping_status":"closed","template":"","meta":{"footnotes":""},"class_list":["post-1076","page","type-page","status-publish","hentry"],"_links":{"self":[{"href":"https:\/\/librosdelaaxarquia.com\/index.php?rest_route=\/wp\/v2\/pages\/1076","targetHints":{"allow":["GET"]}}],"collection":[{"href":"https:\/\/librosdelaaxarquia.com\/index.php?rest_route=\/wp\/v2\/pages"}],"about":[{"href":"https:\/\/librosdelaaxarquia.com\/index.php?rest_route=\/wp\/v2\/types\/page"}],"author":[{"embeddable":true,"href":"https:\/\/librosdelaaxarquia.com\/index.php?rest_route=\/wp\/v2\/users\/1"}],"replies":[{"embeddable":true,"href":"https:\/\/librosdelaaxarquia.com\/index.php?rest_route=%2Fwp%2Fv2%2Fcomments&post=1076"}],"version-history":[{"count":5,"href":"https:\/\/librosdelaaxarquia.com\/index.php?rest_route=\/wp\/v2\/pages\/1076\/revisions"}],"predecessor-version":[{"id":2130,"href":"https:\/\/librosdelaaxarquia.com\/index.php?rest_route=\/wp\/v2\/pages\/1076\/revisions\/2130"}],"wp:attachment":[{"href":"https:\/\/librosdelaaxarquia.com\/index.php?rest_route=%2Fwp%2Fv2%2Fmedia&parent=1076"}],"curies":[{"name":"wp","href":"https:\/\/api.w.org\/{rel}","templated":true}]}}