{"id":1088,"date":"2025-11-15T14:38:20","date_gmt":"2025-11-15T13:38:20","guid":{"rendered":"https:\/\/librosdelaaxarquia.com\/?page_id=1088"},"modified":"2026-01-13T12:23:22","modified_gmt":"2026-01-13T11:23:22","slug":"academia-de-don-manuel-valle","status":"publish","type":"page","link":"https:\/\/librosdelaaxarquia.com\/?page_id=1088","title":{"rendered":"ACADEMIA DE DON MANUEL VALLE"},"content":{"rendered":"\n<figure class=\"wp-block-image aligncenter size-full is-resized\"><img loading=\"lazy\" decoding=\"async\" width=\"1603\" height=\"2560\" src=\"https:\/\/librosdelaaxarquia.com\/wp-content\/uploads\/2026\/01\/IMG_2509-scaled.jpg\" alt=\"\" class=\"wp-image-2417\" style=\"width:473px;height:auto\" srcset=\"https:\/\/librosdelaaxarquia.com\/wp-content\/uploads\/2026\/01\/IMG_2509-scaled.jpg 1603w, https:\/\/librosdelaaxarquia.com\/wp-content\/uploads\/2026\/01\/IMG_2509-188x300.jpg 188w, https:\/\/librosdelaaxarquia.com\/wp-content\/uploads\/2026\/01\/IMG_2509-641x1024.jpg 641w, https:\/\/librosdelaaxarquia.com\/wp-content\/uploads\/2026\/01\/IMG_2509-768x1226.jpg 768w, https:\/\/librosdelaaxarquia.com\/wp-content\/uploads\/2026\/01\/IMG_2509-962x1536.jpg 962w, https:\/\/librosdelaaxarquia.com\/wp-content\/uploads\/2026\/01\/IMG_2509-1283x2048.jpg 1283w\" sizes=\"auto, (max-width: 1603px) 100vw, 1603px\" \/><\/figure>\n\n\n\n<div style=\"height:4px\" aria-hidden=\"true\" class=\"wp-block-spacer\"><\/div>\n\n\n\n<p><strong>AUTOR:<\/strong> <a href=\"https:\/\/librosdelaaxarquia.com\/?page_id=1288\" data-type=\"page\" data-id=\"1288\">JUAN A. S\u00c1NCHEZ TOR\u00c9<\/a><\/p>\n\n\n\n<p>COLECCI\u00d3N <strong><a href=\"https:\/\/librosdelaaxarquia.com\/?page_id=59\" data-type=\"page\" data-id=\"59\">LA PEQUE\u00d1A HISTORIA<\/a> <\/strong>(N\u00ba 1)<\/p>\n\n\n\n<p><strong>ISBN:<\/strong>  978-84-948637-4-5  <strong> D. L.<\/strong>  MA 620-2019<\/p>\n\n\n\n<p>N\u00famero de p\u00e1ginas: 154<\/p>\n\n\n\n<div style=\"height:9px\" aria-hidden=\"true\" class=\"wp-block-spacer\"><\/div>\n\n\n\n<p>A mediados del siglo XX la <em>Academia de don Manuel Valle<\/em> fue toda una instituci\u00f3n en V\u00e9lez-M\u00e1laga, que marc\u00f3 en su formaci\u00f3n y talante a infinidad de vele\u00f1os que caminaron hacia la universidad pasando por sus aulas. Sus profesores, sus compa\u00f1eros, y el propio don Manuel, fueron componentes y variables de su personalidad, y fuente de recuerdos indelebles, para todos ellos.<\/p>\n\n\n\n<p>El nivel de amistad y compa\u00f1erismo que llegaron a alcanzar en su vida de estudiantes es un componente inseparable que les acompa\u00f1a, recordando con ilusi\u00f3n los a\u00f1os que vivieron juntos, y que les marcaron&nbsp; para siempre.<\/p>\n\n\n\n<p>La \u00abacademia\u00bb vino a suplir la ausencia de un instituto de ense\u00f1anza media, que desde la Guerra Civil dej\u00f3 de existir en la capital de la Axarqu\u00eda. Y su director, y fundador, un antiguo seminarista, que luego estudia Derecho, de mucho car\u00e1cter y personalidad, que se encuentra muy ligado, e integrado, en la vida local vele\u00f1a; tanto pol\u00edticamente, donde lleg\u00f3 a ser primer teniente de alcalde en el ayuntamiento, como en la vida religiosa, donde fue \u00abHermano Mayor de la Virgen de los Remedios\u00bb, Patrona de V\u00e9lez-M\u00e1laga, y creador de su Hermandad de Horquilleros, as\u00ed como fundador de la \u00abAdoraci\u00f3n Nocturna\u00bb en la ciudad.<\/p>\n\n\n\n<p>Al cabo de los a\u00f1os, muchos de aquellos alumnos de la Academia, se han reencontrado y reivindican la personalidad, y la obra, de aquel vele\u00f1o -don Manuel Valle- que les marc\u00f3 la vida y al que a\u00fan recuerdan, en la mayor\u00eda de los casos, con agradecimiento.<\/p>\n\n\n\n<div style=\"height:4px\" aria-hidden=\"true\" class=\"wp-block-spacer\"><\/div>\n\n\n\n<p class=\"has-text-align-center\"><strong>ACTO DE PRESENTACI\u00d3N DEL LIBRO<\/strong><\/p>\n\n\n\n<p class=\"has-text-align-center\"><strong>(Centro del EXILIO, 7 de junio de 2019)<\/strong><\/p>\n\n\n\n<figure class=\"wp-block-embed is-type-video is-provider-youtube wp-block-embed-youtube wp-embed-aspect-4-3 wp-has-aspect-ratio\"><div class=\"wp-block-embed__wrapper\">\n<iframe loading=\"lazy\" title=\"Academia M. Valle\" width=\"500\" height=\"375\" src=\"https:\/\/www.youtube.com\/embed\/sparRpMXGzw?feature=oembed\" frameborder=\"0\" allow=\"accelerometer; autoplay; clipboard-write; encrypted-media; gyroscope; picture-in-picture; web-share\" referrerpolicy=\"strict-origin-when-cross-origin\" allowfullscreen><\/iframe>\n<\/div><\/figure>\n\n\n\n<div style=\"height:13px\" aria-hidden=\"true\" class=\"wp-block-spacer\"><\/div>\n\n\n\n<figure class=\"wp-block-image size-large\"><img loading=\"lazy\" decoding=\"async\" width=\"1024\" height=\"517\" src=\"https:\/\/librosdelaaxarquia.com\/wp-content\/uploads\/2025\/12\/LA-ACADEMIA3_001-1024x517.jpg\" alt=\"\" class=\"wp-image-2183\" srcset=\"https:\/\/librosdelaaxarquia.com\/wp-content\/uploads\/2025\/12\/LA-ACADEMIA3_001-1024x517.jpg 1024w, https:\/\/librosdelaaxarquia.com\/wp-content\/uploads\/2025\/12\/LA-ACADEMIA3_001-300x151.jpg 300w, https:\/\/librosdelaaxarquia.com\/wp-content\/uploads\/2025\/12\/LA-ACADEMIA3_001-768x387.jpg 768w, https:\/\/librosdelaaxarquia.com\/wp-content\/uploads\/2025\/12\/LA-ACADEMIA3_001.jpg 1479w\" sizes=\"auto, (max-width: 1024px) 100vw, 1024px\" \/><\/figure>\n\n\n\n<p><\/p>\n","protected":false},"excerpt":{"rendered":"<p>AUTOR: JUAN A. S\u00c1NCHEZ TOR\u00c9 COLECCI\u00d3N LA PEQUE\u00d1A HISTORIA (N\u00ba 1) ISBN: 978-84-948637-4-5 D. L. MA 620-2019 N\u00famero de p\u00e1ginas: 154 A mediados del siglo XX la Academia de don Manuel Valle fue toda una instituci\u00f3n en V\u00e9lez-M\u00e1laga, que marc\u00f3 en su formaci\u00f3n y talante a infinidad de vele\u00f1os que caminaron hacia la universidad pasando [&hellip;]<\/p>\n","protected":false},"author":1,"featured_media":0,"parent":0,"menu_order":0,"comment_status":"closed","ping_status":"closed","template":"","meta":{"footnotes":""},"class_list":["post-1088","page","type-page","status-publish","hentry"],"_links":{"self":[{"href":"https:\/\/librosdelaaxarquia.com\/index.php?rest_route=\/wp\/v2\/pages\/1088","targetHints":{"allow":["GET"]}}],"collection":[{"href":"https:\/\/librosdelaaxarquia.com\/index.php?rest_route=\/wp\/v2\/pages"}],"about":[{"href":"https:\/\/librosdelaaxarquia.com\/index.php?rest_route=\/wp\/v2\/types\/page"}],"author":[{"embeddable":true,"href":"https:\/\/librosdelaaxarquia.com\/index.php?rest_route=\/wp\/v2\/users\/1"}],"replies":[{"embeddable":true,"href":"https:\/\/librosdelaaxarquia.com\/index.php?rest_route=%2Fwp%2Fv2%2Fcomments&post=1088"}],"version-history":[{"count":5,"href":"https:\/\/librosdelaaxarquia.com\/index.php?rest_route=\/wp\/v2\/pages\/1088\/revisions"}],"predecessor-version":[{"id":2418,"href":"https:\/\/librosdelaaxarquia.com\/index.php?rest_route=\/wp\/v2\/pages\/1088\/revisions\/2418"}],"wp:attachment":[{"href":"https:\/\/librosdelaaxarquia.com\/index.php?rest_route=%2Fwp%2Fv2%2Fmedia&parent=1088"}],"curies":[{"name":"wp","href":"https:\/\/api.w.org\/{rel}","templated":true}]}}