{"id":1108,"date":"2025-11-15T17:13:56","date_gmt":"2025-11-15T16:13:56","guid":{"rendered":"https:\/\/librosdelaaxarquia.com\/?page_id=1108"},"modified":"2025-11-29T20:33:47","modified_gmt":"2025-11-29T19:33:47","slug":"jose-marcelo-ruiz","status":"publish","type":"page","link":"https:\/\/librosdelaaxarquia.com\/?page_id=1108","title":{"rendered":"JOS\u00c9 MARCELO RUIZ"},"content":{"rendered":"\n<figure class=\"wp-block-image aligncenter size-full is-resized\"><img loading=\"lazy\" decoding=\"async\" width=\"861\" height=\"924\" src=\"https:\/\/librosdelaaxarquia.com\/wp-content\/uploads\/2025\/11\/Jose-Marcelo.jpg\" alt=\"\" class=\"wp-image-1758\" style=\"width:463px;height:auto\" srcset=\"https:\/\/librosdelaaxarquia.com\/wp-content\/uploads\/2025\/11\/Jose-Marcelo.jpg 861w, https:\/\/librosdelaaxarquia.com\/wp-content\/uploads\/2025\/11\/Jose-Marcelo-280x300.jpg 280w, https:\/\/librosdelaaxarquia.com\/wp-content\/uploads\/2025\/11\/Jose-Marcelo-768x824.jpg 768w\" sizes=\"auto, (max-width: 861px) 100vw, 861px\" \/><\/figure>\n\n\n\n<div style=\"height:11px\" aria-hidden=\"true\" class=\"wp-block-spacer\"><\/div>\n\n\n\n<p>Libro: <strong><em><a href=\"https:\/\/librosdelaaxarquia.com\/?page_id=1748\" data-type=\"page\" data-id=\"1748\">PRESENCIAS EN LA AXARQU\u00cdA<\/a><\/em><\/strong>. <\/p>\n\n\n\n<p>Colecci\u00f3n <strong><a href=\"https:\/\/librosdelaaxarquia.com\/?page_id=1387\" data-type=\"page\" data-id=\"1387\">PROSA CREATIVA<\/a><\/strong> (N\u00ba 2)<\/p>\n\n\n\n<p>ISBN:  978-84-129804-6-2   D. L.   MA 807-2025<\/p>\n\n\n\n<p>N\u00famero de p\u00e1ginas:  218<\/p>\n\n\n\n<p><\/p>\n\n\n\n<p> Jos\u00e9 Marcelo Ruiz nace en Algarrobo (M\u00e1laga) en 1956. Ha cursado estudios de Magisterio (Escuela de Profesorado de E.G.B. Universidad de M\u00e1laga) y posee una profunda vocaci\u00f3n po\u00e9tica.<\/p>\n\n\n\n<p>De sus poemas ha realizado lecturas-coloquios en aulas de poes\u00eda, tanto en colegios como en la Universidad. Una de ellas, el seis de febrero de 1980, en la Facultad de Filosof\u00eda y Letras de la Universidad de M\u00e1laga, en el Aula de Poes\u00eda \u201cAndr\u00e9s Jim\u00e9nez\u201d, perteneciente a la extensi\u00f3n cultural universitaria del Gabinete de Teatro dirigido por el profesor don Jos\u00e9 Miguel Romero Esteo (dramaturgo, premio europeo y Nacional de Teatro).<\/p>\n\n\n\n<p>La Universidad de M\u00e1laga le publica el seis de junio de 1981 una breve selecci\u00f3n de su primer poemario<em>El otro ojo del tuerto,<\/em> en&nbsp; los<em> Cuadernos de la Mariner\u00eda.<\/em><\/p>\n\n\n\n<p>La Diputaci\u00f3n de M\u00e1laga le p\u00fablica el cuento<em> Juanico, el ni\u00f1o momia<\/em>, y,&nbsp; en poes\u00eda,<em>Fragmentos de Eternidad;<\/em> <em>Kronos<\/em>;en el programa \u201cN\u00f3madas-Artistas del movimiento\u201d.<\/p>\n\n\n\n<p>Ha publicado los poemarios <em>Las visiones de El Carmelo,<\/em> los relatos po\u00e9ticos<em> Tardes de lluvia-ensue\u00f1os, Poemas de cal y arena<\/em>, <em>El coraz\u00f3n reci\u00e9n nacido, <\/em>y<em> A la voz sonora del agua<\/em>.<\/p>\n\n\n\n<p>Ha sido distinguido con varios premios literarios, y ha participado en variados recitales po\u00e9ticos. Su obra ha sido representada por la Compa\u00f1\u00eda Mar\u00eda Zambrano (Taller de Teatro Almasraj) de V\u00e9lez-M\u00e1laga, en el cual es homenajeado).<\/p>\n\n\n\n<p>Ha prologado y presentado obras de otros autores, as\u00ed como participado en tertulias y&nbsp; talleres, coordinando encuentros literarios, por lo que ha actuado de dinamizador cultural.<\/p>\n\n\n\n<p><em>El C.E.I.P. \u201cVicente Aleixandre\u201d de Torre del Mar, le homenaje\u00f3 poniendo su nombre a la biblioteca del centro escolar.<\/em><em><\/em><\/p>\n\n\n\n<p>Es socio de revistas literarias como <em>Utop\u00eda po\u00e9tica<\/em>, <em>Al-Aba\u2026<\/em> Siendo, adem\u00e1s, secretario y colaborador de la revista de literatura y pensamiento <em>La Garb\u00eda<\/em>.<\/p>\n\n\n\n<p>&nbsp;Es columnista del peri\u00f3dico NOTICIAS 24.<\/p>\n\n\n\n<p><\/p>\n\n\n\n<figure class=\"wp-block-image size-large\"><img loading=\"lazy\" decoding=\"async\" width=\"1024\" height=\"492\" src=\"https:\/\/librosdelaaxarquia.com\/wp-content\/uploads\/2025\/11\/Cubierta-Presencias._001-1024x492.jpg\" alt=\"\" class=\"wp-image-1109\" srcset=\"https:\/\/librosdelaaxarquia.com\/wp-content\/uploads\/2025\/11\/Cubierta-Presencias._001-1024x492.jpg 1024w, https:\/\/librosdelaaxarquia.com\/wp-content\/uploads\/2025\/11\/Cubierta-Presencias._001-300x144.jpg 300w, https:\/\/librosdelaaxarquia.com\/wp-content\/uploads\/2025\/11\/Cubierta-Presencias._001-768x369.jpg 768w, https:\/\/librosdelaaxarquia.com\/wp-content\/uploads\/2025\/11\/Cubierta-Presencias._001.jpg 1439w\" sizes=\"auto, (max-width: 1024px) 100vw, 1024px\" \/><\/figure>\n\n\n\n<p><\/p>\n","protected":false},"excerpt":{"rendered":"<p>Libro: PRESENCIAS EN LA AXARQU\u00cdA. Colecci\u00f3n PROSA CREATIVA (N\u00ba 2) ISBN: 978-84-129804-6-2 D. L. MA 807-2025 N\u00famero de p\u00e1ginas: 218 Jos\u00e9 Marcelo Ruiz nace en Algarrobo (M\u00e1laga) en 1956. Ha cursado estudios de Magisterio (Escuela de Profesorado de E.G.B. Universidad de M\u00e1laga) y posee una profunda vocaci\u00f3n po\u00e9tica. De sus poemas ha realizado lecturas-coloquios en [&hellip;]<\/p>\n","protected":false},"author":1,"featured_media":0,"parent":0,"menu_order":0,"comment_status":"closed","ping_status":"closed","template":"","meta":{"footnotes":""},"class_list":["post-1108","page","type-page","status-publish","hentry"],"_links":{"self":[{"href":"https:\/\/librosdelaaxarquia.com\/index.php?rest_route=\/wp\/v2\/pages\/1108","targetHints":{"allow":["GET"]}}],"collection":[{"href":"https:\/\/librosdelaaxarquia.com\/index.php?rest_route=\/wp\/v2\/pages"}],"about":[{"href":"https:\/\/librosdelaaxarquia.com\/index.php?rest_route=\/wp\/v2\/types\/page"}],"author":[{"embeddable":true,"href":"https:\/\/librosdelaaxarquia.com\/index.php?rest_route=\/wp\/v2\/users\/1"}],"replies":[{"embeddable":true,"href":"https:\/\/librosdelaaxarquia.com\/index.php?rest_route=%2Fwp%2Fv2%2Fcomments&post=1108"}],"version-history":[{"count":5,"href":"https:\/\/librosdelaaxarquia.com\/index.php?rest_route=\/wp\/v2\/pages\/1108\/revisions"}],"predecessor-version":[{"id":1773,"href":"https:\/\/librosdelaaxarquia.com\/index.php?rest_route=\/wp\/v2\/pages\/1108\/revisions\/1773"}],"wp:attachment":[{"href":"https:\/\/librosdelaaxarquia.com\/index.php?rest_route=%2Fwp%2Fv2%2Fmedia&parent=1108"}],"curies":[{"name":"wp","href":"https:\/\/api.w.org\/{rel}","templated":true}]}}