{"id":1112,"date":"2025-11-15T17:24:26","date_gmt":"2025-11-15T16:24:26","guid":{"rendered":"https:\/\/librosdelaaxarquia.com\/?page_id=1112"},"modified":"2025-12-05T14:49:17","modified_gmt":"2025-12-05T13:49:17","slug":"rafael-sanchez","status":"publish","type":"page","link":"https:\/\/librosdelaaxarquia.com\/?page_id=1112","title":{"rendered":"RAFAEL S\u00c1NCHEZ"},"content":{"rendered":"\n<figure class=\"wp-block-image aligncenter size-large is-resized\"><img loading=\"lazy\" decoding=\"async\" width=\"805\" height=\"1024\" src=\"https:\/\/librosdelaaxarquia.com\/wp-content\/uploads\/2025\/12\/Rafael-Sanchez-805x1024.jpg\" alt=\"\" class=\"wp-image-1918\" style=\"width:392px;height:auto\" srcset=\"https:\/\/librosdelaaxarquia.com\/wp-content\/uploads\/2025\/12\/Rafael-Sanchez-805x1024.jpg 805w, https:\/\/librosdelaaxarquia.com\/wp-content\/uploads\/2025\/12\/Rafael-Sanchez-236x300.jpg 236w, https:\/\/librosdelaaxarquia.com\/wp-content\/uploads\/2025\/12\/Rafael-Sanchez-768x978.jpg 768w, https:\/\/librosdelaaxarquia.com\/wp-content\/uploads\/2025\/12\/Rafael-Sanchez.jpg 854w\" sizes=\"auto, (max-width: 805px) 100vw, 805px\" \/><\/figure>\n\n\n\n<div style=\"height:9px\" aria-hidden=\"true\" class=\"wp-block-spacer\"><\/div>\n\n\n\n<div style=\"height:0px\" aria-hidden=\"true\" class=\"wp-block-spacer\"><\/div>\n\n\n\n<p>LIBRO <strong><em><a href=\"https:\/\/librosdelaaxarquia.com\/?page_id=834\" data-type=\"page\" data-id=\"834\">EL ARTE DE VIVIR<\/a><\/em><\/strong><\/p>\n\n\n\n<p>COLECCI\u00d3N <strong><a href=\"https:\/\/librosdelaaxarquia.com\/?page_id=143\" data-type=\"page\" data-id=\"143\">REFLEXIONES<\/a><\/strong> (N\u00ba 3)<\/p>\n\n\n\n<p><strong>ISBN:<\/strong> 978-84-944870-3-2<strong> D. L. <\/strong>MA 671-2016<\/p>\n\n\n\n<p>N\u00daMERO DE P\u00c1GINAS: 328<\/p>\n\n\n\n<p>Rafael S\u00e1nchez Mart\u00edn nace en Illescas (Toledo).<\/p>\n\n\n\n<p>Toda su vida dedicado a la educaci\u00f3n, primero como Maestro y Director en el Blas Infante y, m\u00e1s tarde, en el I E S &nbsp;M\u00aa Zambrano de Torre del Mar. Cuando su madre le llev\u00f3&nbsp; la primera vez a clase, en un pueblecito de la Mancha, teniendo que aportar su propia sillita para sentarse, quiz\u00e1 en ese momento, su destino como ense\u00f1ante qued\u00f3 sellado. Vive &nbsp;en Talavera de la Reina, San Sebasti\u00e1n y La Coru\u00f1a y,&nbsp;desde &nbsp;all\u00ed, el azar le enviar\u00e1 a \u00c1frica al servicio Militar. M\u00e1s tarde a Co\u00edn, primer destino, donde conoce a Inma, su \u201cdama\u201d. Recala en Torre del Mar en 1972 y aprovecha para dar forma a sus tres mejores obras &#8211; sus tres hijos -. Comienza a colaborar en la Cadena SER desde 2004, con programas como \u00abCosas sencillas\u00bb, \u201cYo leo, t\u00fa lees\u201d, \u201cCon el viento a favor\u201d, \u201cSopa de letras\u201d y el que actualmente se emite \u201cTomando un respiro\u201d. En Velevisa, ofrece, actualmente, sus comentarios sobre <em>El arte de vivir<\/em>.<\/p>\n\n\n\n<p>Hombre sencillo, de mucha tiza en sus dedos y amigo de sus amigos: caminante firme siguiendo a Cervantes: \u201cEl que anda mucho y lee mucho, ve mucho y sabe mucho\u201d. Y a estas alturas, observador, con sereno escepticismo, de lo que ha dado de s\u00ed el pr\u00e9stamo que le concedi\u00f3 la naturaleza &#8211; su vida &#8211; y cultivando el agradecimiento por todo lo que este regalo significa. Escritor de poemas, relatos cortos, cuentos y comentarios de los que siempre ha hecho part\u00edcipes a los que dan un toque significativo a su vida.<\/p>\n\n\n\n<figure class=\"wp-block-image size-large\"><img loading=\"lazy\" decoding=\"async\" width=\"1024\" height=\"481\" src=\"https:\/\/librosdelaaxarquia.com\/wp-content\/uploads\/2025\/11\/EL-ARTE-DE-VIVIR-1024x481.jpg\" alt=\"\" class=\"wp-image-1113\" srcset=\"https:\/\/librosdelaaxarquia.com\/wp-content\/uploads\/2025\/11\/EL-ARTE-DE-VIVIR-1024x481.jpg 1024w, https:\/\/librosdelaaxarquia.com\/wp-content\/uploads\/2025\/11\/EL-ARTE-DE-VIVIR-300x141.jpg 300w, https:\/\/librosdelaaxarquia.com\/wp-content\/uploads\/2025\/11\/EL-ARTE-DE-VIVIR-768x361.jpg 768w, https:\/\/librosdelaaxarquia.com\/wp-content\/uploads\/2025\/11\/EL-ARTE-DE-VIVIR.jpg 1441w\" sizes=\"auto, (max-width: 1024px) 100vw, 1024px\" \/><\/figure>\n\n\n\n<p><\/p>\n","protected":false},"excerpt":{"rendered":"<p>LIBRO EL ARTE DE VIVIR COLECCI\u00d3N REFLEXIONES (N\u00ba 3) ISBN: 978-84-944870-3-2 D. L. MA 671-2016 N\u00daMERO DE P\u00c1GINAS: 328 Rafael S\u00e1nchez Mart\u00edn nace en Illescas (Toledo). Toda su vida dedicado a la educaci\u00f3n, primero como Maestro y Director en el Blas Infante y, m\u00e1s tarde, en el I E S &nbsp;M\u00aa Zambrano de Torre del [&hellip;]<\/p>\n","protected":false},"author":1,"featured_media":0,"parent":0,"menu_order":0,"comment_status":"closed","ping_status":"closed","template":"","meta":{"footnotes":""},"class_list":["post-1112","page","type-page","status-publish","hentry"],"_links":{"self":[{"href":"https:\/\/librosdelaaxarquia.com\/index.php?rest_route=\/wp\/v2\/pages\/1112","targetHints":{"allow":["GET"]}}],"collection":[{"href":"https:\/\/librosdelaaxarquia.com\/index.php?rest_route=\/wp\/v2\/pages"}],"about":[{"href":"https:\/\/librosdelaaxarquia.com\/index.php?rest_route=\/wp\/v2\/types\/page"}],"author":[{"embeddable":true,"href":"https:\/\/librosdelaaxarquia.com\/index.php?rest_route=\/wp\/v2\/users\/1"}],"replies":[{"embeddable":true,"href":"https:\/\/librosdelaaxarquia.com\/index.php?rest_route=%2Fwp%2Fv2%2Fcomments&post=1112"}],"version-history":[{"count":4,"href":"https:\/\/librosdelaaxarquia.com\/index.php?rest_route=\/wp\/v2\/pages\/1112\/revisions"}],"predecessor-version":[{"id":2139,"href":"https:\/\/librosdelaaxarquia.com\/index.php?rest_route=\/wp\/v2\/pages\/1112\/revisions\/2139"}],"wp:attachment":[{"href":"https:\/\/librosdelaaxarquia.com\/index.php?rest_route=%2Fwp%2Fv2%2Fmedia&parent=1112"}],"curies":[{"name":"wp","href":"https:\/\/api.w.org\/{rel}","templated":true}]}}