{"id":1142,"date":"2025-11-16T13:03:11","date_gmt":"2025-11-16T12:03:11","guid":{"rendered":"https:\/\/librosdelaaxarquia.com\/?page_id=1142"},"modified":"2025-12-06T14:17:51","modified_gmt":"2025-12-06T13:17:51","slug":"viajeros-en-velez-malaga","status":"publish","type":"page","link":"https:\/\/librosdelaaxarquia.com\/?page_id=1142","title":{"rendered":"VIAJEROS EN V\u00c9LEZ-M\u00c1LAGA"},"content":{"rendered":"\n<figure class=\"wp-block-image aligncenter size-full is-resized\"><img loading=\"lazy\" decoding=\"async\" width=\"432\" height=\"674\" src=\"https:\/\/librosdelaaxarquia.com\/wp-content\/uploads\/2025\/12\/VIAJEROS.jpg\" alt=\"\" class=\"wp-image-2150\" style=\"aspect-ratio:0.6409614421632449;width:434px;height:auto\" srcset=\"https:\/\/librosdelaaxarquia.com\/wp-content\/uploads\/2025\/12\/VIAJEROS.jpg 432w, https:\/\/librosdelaaxarquia.com\/wp-content\/uploads\/2025\/12\/VIAJEROS-192x300.jpg 192w\" sizes=\"auto, (max-width: 432px) 100vw, 432px\" \/><\/figure>\n\n\n\n<div style=\"height:16px\" aria-hidden=\"true\" class=\"wp-block-spacer\"><\/div>\n\n\n\n<p>AUTOR: <a href=\"https:\/\/librosdelaaxarquia.com\/?page_id=518\" data-type=\"page\" data-id=\"518\"><em>FRANCISCO MONTORO FERN\u00c1NDEZ<\/em><\/a><\/p>\n\n\n\n<p>COLECCI\u00d3N <strong><a href=\"https:\/\/librosdelaaxarquia.com\/?page_id=143\" data-type=\"page\" data-id=\"143\">REFLEXIONES<\/a><\/strong> (N\u00ba 4)<\/p>\n\n\n\n<p>ISBN: 978-84-944870-5-7   D. L.  MA  324-2017<\/p>\n\n\n\n<p>N\u00famero de p\u00e1ginas:  314<\/p>\n\n\n\n<div style=\"height:8px\" aria-hidden=\"true\" class=\"wp-block-spacer\"><\/div>\n\n\n\n<figure class=\"wp-block-embed is-type-video is-provider-youtube wp-block-embed-youtube wp-embed-aspect-4-3 wp-has-aspect-ratio\"><div class=\"wp-block-embed__wrapper\">\n<iframe loading=\"lazy\" title=\"VIAJEROS EN V\u00c9LEZ-M\u00c1LAGA\" width=\"500\" height=\"375\" src=\"https:\/\/www.youtube.com\/embed\/bLX21vUX1Zk?feature=oembed\" frameborder=\"0\" allow=\"accelerometer; autoplay; clipboard-write; encrypted-media; gyroscope; picture-in-picture; web-share\" referrerpolicy=\"strict-origin-when-cross-origin\" allowfullscreen><\/iframe>\n<\/div><\/figure>\n\n\n\n<div style=\"height:12px\" aria-hidden=\"true\" class=\"wp-block-spacer\"><\/div>\n\n\n\n<p><em>Viajeros en V\u00e9lez-M\u00e1laga<\/em> es un libro cuidadoso, muy reflexionado por su autor, y al que le ha dedicado largo tiempo de investigaci\u00f3n y elaboraci\u00f3n.<\/p>\n\n\n\n<p>Durante muchos siglos, para la inmensa mayor\u00eda de los humanos conocer tres palmos m\u00e1s all\u00e1 de su terru\u00f1o fue empresa imposi\u00adble. A lo sumo se pod\u00edan lograr noticias sobre otras tierras, gracias a los relatos de aquellos pocos intr\u00e9pidos aventure\u00adros que, adem\u00e1s de tener la suerte de \u00abconocer mundo\u00bb, se ocupaban en describir lo que visita\u00adban, mediante libros, descripciones que difund\u00edan a curio\u00adsos, \u00e1vidos de ser, al menos, \u00abviajeros en casa\u00bb.<\/p>\n\n\n\n<p>En realidad los relatos de viajes son cosa muy antigua. El \u00abExodo\u00bb de Mois\u00e9s, la \u00abOdisea\u00bb de Homero, la \u00abAn\u00e1ba\u00adsis\u00bb de Jenofonte&#8230;, no son otra cosa sino libros de viajes. Nombres como Estrab\u00f3n, Marco Polo, Ibn Battu\u00adta&#8230;, han pasado a la historia como viajeros. El \u00ablibro de viaje\u00bb, incluso, se llega a convertir en un g\u00e9nero literario.<\/p>\n\n\n\n<p>A\u00fan hoy no es demasiado f\u00e1cil encontrar libros de viajes. Y es que, para que un \u00abviaje\u00adro\u00bb sea conside\u00adrado como tal, tienen que darse las circunstan\u00adcias de que, adem\u00e1s de viajar, relate o escriba sobre sus viajes. Y, precisamente, aquellos cuyo sino es andar viajando, rara\u00admente escriben; y los que saben o gustan de escribir, escasamente viajan.<\/p>\n\n\n\n<div style=\"height:3px\" aria-hidden=\"true\" class=\"wp-block-spacer\"><\/div>\n\n\n\n<p class=\"has-text-align-center\"><strong>ACTO DE PRESENTACI\u00d3N DEL LIBRO<\/strong><\/p>\n\n\n\n<p class=\"has-text-align-center\">(En Hospital de San Juan de Dios, 20 de abril de 2017)<\/p>\n\n\n\n<figure class=\"wp-block-embed is-type-video is-provider-youtube wp-block-embed-youtube wp-embed-aspect-16-9 wp-has-aspect-ratio\"><div class=\"wp-block-embed__wrapper\">\n<iframe loading=\"lazy\" title=\"VIAJEROS EN V\u00c9LEZ-M\u00c1LAGA\" width=\"500\" height=\"281\" src=\"https:\/\/www.youtube.com\/embed\/atyh8xkeNM0?feature=oembed\" frameborder=\"0\" allow=\"accelerometer; autoplay; clipboard-write; encrypted-media; gyroscope; picture-in-picture; web-share\" referrerpolicy=\"strict-origin-when-cross-origin\" allowfullscreen><\/iframe>\n<\/div><\/figure>\n\n\n\n<div style=\"height:23px\" aria-hidden=\"true\" class=\"wp-block-spacer\"><\/div>\n\n\n\n<figure class=\"wp-block-image size-large\"><img loading=\"lazy\" decoding=\"async\" width=\"1024\" height=\"500\" src=\"https:\/\/librosdelaaxarquia.com\/wp-content\/uploads\/2025\/12\/VIAJEROS-finaL-1024x500.jpg\" alt=\"\" class=\"wp-image-2145\" srcset=\"https:\/\/librosdelaaxarquia.com\/wp-content\/uploads\/2025\/12\/VIAJEROS-finaL-1024x500.jpg 1024w, https:\/\/librosdelaaxarquia.com\/wp-content\/uploads\/2025\/12\/VIAJEROS-finaL-300x146.jpg 300w, https:\/\/librosdelaaxarquia.com\/wp-content\/uploads\/2025\/12\/VIAJEROS-finaL-768x375.jpg 768w, https:\/\/librosdelaaxarquia.com\/wp-content\/uploads\/2025\/12\/VIAJEROS-finaL.jpg 1480w\" sizes=\"auto, (max-width: 1024px) 100vw, 1024px\" \/><\/figure>\n\n\n\n<p><\/p>\n","protected":false},"excerpt":{"rendered":"<p>AUTOR: FRANCISCO MONTORO FERN\u00c1NDEZ COLECCI\u00d3N REFLEXIONES (N\u00ba 4) ISBN: 978-84-944870-5-7 D. L. MA 324-2017 N\u00famero de p\u00e1ginas: 314 Viajeros en V\u00e9lez-M\u00e1laga es un libro cuidadoso, muy reflexionado por su autor, y al que le ha dedicado largo tiempo de investigaci\u00f3n y elaboraci\u00f3n. Durante muchos siglos, para la inmensa mayor\u00eda de los humanos conocer tres palmos [&hellip;]<\/p>\n","protected":false},"author":1,"featured_media":0,"parent":0,"menu_order":0,"comment_status":"closed","ping_status":"closed","template":"","meta":{"footnotes":""},"class_list":["post-1142","page","type-page","status-publish","hentry"],"_links":{"self":[{"href":"https:\/\/librosdelaaxarquia.com\/index.php?rest_route=\/wp\/v2\/pages\/1142","targetHints":{"allow":["GET"]}}],"collection":[{"href":"https:\/\/librosdelaaxarquia.com\/index.php?rest_route=\/wp\/v2\/pages"}],"about":[{"href":"https:\/\/librosdelaaxarquia.com\/index.php?rest_route=\/wp\/v2\/types\/page"}],"author":[{"embeddable":true,"href":"https:\/\/librosdelaaxarquia.com\/index.php?rest_route=\/wp\/v2\/users\/1"}],"replies":[{"embeddable":true,"href":"https:\/\/librosdelaaxarquia.com\/index.php?rest_route=%2Fwp%2Fv2%2Fcomments&post=1142"}],"version-history":[{"count":5,"href":"https:\/\/librosdelaaxarquia.com\/index.php?rest_route=\/wp\/v2\/pages\/1142\/revisions"}],"predecessor-version":[{"id":2153,"href":"https:\/\/librosdelaaxarquia.com\/index.php?rest_route=\/wp\/v2\/pages\/1142\/revisions\/2153"}],"wp:attachment":[{"href":"https:\/\/librosdelaaxarquia.com\/index.php?rest_route=%2Fwp%2Fv2%2Fmedia&parent=1142"}],"curies":[{"name":"wp","href":"https:\/\/api.w.org\/{rel}","templated":true}]}}