{"id":1145,"date":"2025-11-16T20:44:52","date_gmt":"2025-11-16T19:44:52","guid":{"rendered":"https:\/\/librosdelaaxarquia.com\/?page_id=1145"},"modified":"2025-12-04T21:45:10","modified_gmt":"2025-12-04T20:45:10","slug":"el-carmen-de-velez-malaga","status":"publish","type":"page","link":"https:\/\/librosdelaaxarquia.com\/?page_id=1145","title":{"rendered":"EL CARMEN DE V\u00c9LEZ-M\u00c1LAGA"},"content":{"rendered":"\n<p><\/p>\n\n\n\n<figure class=\"wp-block-image aligncenter size-full is-resized\"><img loading=\"lazy\" decoding=\"async\" width=\"432\" height=\"680\" src=\"https:\/\/librosdelaaxarquia.com\/wp-content\/uploads\/2025\/11\/EL-CARMEN-1.jpg\" alt=\"\" class=\"wp-image-1146\" style=\"width:528px;height:auto\" srcset=\"https:\/\/librosdelaaxarquia.com\/wp-content\/uploads\/2025\/11\/EL-CARMEN-1.jpg 432w, https:\/\/librosdelaaxarquia.com\/wp-content\/uploads\/2025\/11\/EL-CARMEN-1-191x300.jpg 191w\" sizes=\"auto, (max-width: 432px) 100vw, 432px\" \/><\/figure>\n\n\n\n<div style=\"height:25px\" aria-hidden=\"true\" class=\"wp-block-spacer\"><\/div>\n\n\n\n<p>Libro: <strong><em>EL CARMEN DE V\u00c9LEZ-M\u00c1LAGA<\/em><\/strong>. <\/p>\n\n\n\n<p>Colecci\u00f3n <a href=\"https:\/\/librosdelaaxarquia.com\/?page_id=53\" data-type=\"page\" data-id=\"53\"><strong>PATRIMONIO<\/strong>.<\/a><\/p>\n\n\n\n<p>Autores: FRANCISCO MONTORO y JOS\u00c9 MANUEL SALCEDO P\u00c9REZ.<\/p>\n\n\n\n<p>ISBN:  978-84-126573-0-2    D.  L.   MA  168-2023<\/p>\n\n\n\n<p>N\u00famero de P\u00e1ginas:  368.<\/p>\n\n\n\n<p><\/p>\n\n\n\n<div style=\"height:25px\" aria-hidden=\"true\" class=\"wp-block-spacer\"><\/div>\n\n\n\n<p>El antiguo monasterio de \u201cSan Jos\u00e9 de la Soledad\u201d es todo un s\u00edmbolo para la Historia de V\u00e9lez-M\u00e1laga, por su importancia en la Orden Carmelita Descalza, por la ubicaci\u00f3n urbana que tuvo, por sus dimensiones y por el triste desenlace que le toc\u00f3 vivir, con su deterioro, y posterior demolici\u00f3n a principios de 1982.<\/p>\n\n\n\n<p>Espacio emblem\u00e1tico del V\u00e9lez-M\u00e1laga del \u00faltimo medio milenio, va a terminar en manos privadas, y, lamentablemente, los poderes p\u00fablicos locales no lo defendieron, protegieron, ni cuidaron adecuadamente, a tenor de su manifiesto valor hist\u00f3rico, art\u00edstico y urban\u00edstico.<\/p>\n\n\n\n<p>Fue uno de los mayores conventos de la Orden Carmelita en Andaluc\u00eda, suprimido como tal durante el Trienio Liberal (1820-1822) y rematado en la d\u00e9cada siguiente con la llamada desamortizaci\u00f3n de Mendiz\u00e1bal. La iglesia, a pesar de la supresi\u00f3n del convento, sigui\u00f3 ofreciendo cultos a lo largo del siglo XIX.<\/p>\n\n\n\n<p>Su huerta fue convertida en plaza de toros, y parte del edificio en f\u00e1brica de aceite y almac\u00e9n de tabacalera. A comienzos del siglo XX, la iglesia se transform\u00f3 en teatro.<\/p>\n\n\n\n<p>&nbsp;Finalmente en enero de 1982 el Carmen de V\u00e9lez-M\u00e1laga fue demolido por \u201csilencio administrativo\u201d.<\/p>\n\n\n\n<div style=\"height:9px\" aria-hidden=\"true\" class=\"wp-block-spacer\"><\/div>\n\n\n\n<p class=\"has-text-align-center\"><strong>ACTO DE PRESENTACI\u00d3N  DEL LIBRO<\/strong><\/p>\n\n\n\n<p class=\"has-text-align-center\">(Teatro del Carmen, 2023) <\/p>\n\n\n\n<figure class=\"wp-block-embed is-type-video is-provider-youtube wp-block-embed-youtube wp-embed-aspect-16-9 wp-has-aspect-ratio\"><div class=\"wp-block-embed__wrapper\">\n<iframe loading=\"lazy\" title=\"EL CARMEN DE V\u00c9LEZ-M\u00c1LAGA\" width=\"500\" height=\"281\" src=\"https:\/\/www.youtube.com\/embed\/hAhFxCEiOiM?feature=oembed\" frameborder=\"0\" allow=\"accelerometer; autoplay; clipboard-write; encrypted-media; gyroscope; picture-in-picture; web-share\" referrerpolicy=\"strict-origin-when-cross-origin\" allowfullscreen><\/iframe>\n<\/div><\/figure>\n\n\n\n<div style=\"height:5px\" aria-hidden=\"true\" class=\"wp-block-spacer\"><\/div>\n\n\n\n<p class=\"has-text-align-center\">(Noticia derivada del libro)<\/p>\n\n\n\n<figure class=\"wp-block-embed is-type-video is-provider-youtube wp-block-embed-youtube wp-embed-aspect-16-9 wp-has-aspect-ratio\"><div class=\"wp-block-embed__wrapper\">\n<iframe loading=\"lazy\" title=\"SANTA TERESA, PATRONA DE VELEZ\" width=\"500\" height=\"281\" src=\"https:\/\/www.youtube.com\/embed\/kBZR7kzgn8o?feature=oembed\" frameborder=\"0\" allow=\"accelerometer; autoplay; clipboard-write; encrypted-media; gyroscope; picture-in-picture; web-share\" referrerpolicy=\"strict-origin-when-cross-origin\" allowfullscreen><\/iframe>\n<\/div><\/figure>\n\n\n\n<div style=\"height:27px\" aria-hidden=\"true\" class=\"wp-block-spacer\"><\/div>\n\n\n\n<figure class=\"wp-block-image size-large\"><img loading=\"lazy\" decoding=\"async\" width=\"1024\" height=\"486\" src=\"https:\/\/librosdelaaxarquia.com\/wp-content\/uploads\/2025\/12\/CUBIERTA-EL-CARMEN_001-1024x486.jpg\" alt=\"\" class=\"wp-image-2066\" srcset=\"https:\/\/librosdelaaxarquia.com\/wp-content\/uploads\/2025\/12\/CUBIERTA-EL-CARMEN_001-1024x486.jpg 1024w, https:\/\/librosdelaaxarquia.com\/wp-content\/uploads\/2025\/12\/CUBIERTA-EL-CARMEN_001-300x142.jpg 300w, https:\/\/librosdelaaxarquia.com\/wp-content\/uploads\/2025\/12\/CUBIERTA-EL-CARMEN_001-768x365.jpg 768w, https:\/\/librosdelaaxarquia.com\/wp-content\/uploads\/2025\/12\/CUBIERTA-EL-CARMEN_001.jpg 1462w\" sizes=\"auto, (max-width: 1024px) 100vw, 1024px\" \/><\/figure>\n\n\n\n<p><\/p>\n","protected":false},"excerpt":{"rendered":"<p>Libro: EL CARMEN DE V\u00c9LEZ-M\u00c1LAGA. Colecci\u00f3n PATRIMONIO. Autores: FRANCISCO MONTORO y JOS\u00c9 MANUEL SALCEDO P\u00c9REZ. ISBN: 978-84-126573-0-2 D. L. MA 168-2023 N\u00famero de P\u00e1ginas: 368. El antiguo monasterio de \u201cSan Jos\u00e9 de la Soledad\u201d es todo un s\u00edmbolo para la Historia de V\u00e9lez-M\u00e1laga, por su importancia en la Orden Carmelita Descalza, por la ubicaci\u00f3n urbana [&hellip;]<\/p>\n","protected":false},"author":1,"featured_media":0,"parent":0,"menu_order":0,"comment_status":"closed","ping_status":"closed","template":"","meta":{"footnotes":""},"class_list":["post-1145","page","type-page","status-publish","hentry"],"_links":{"self":[{"href":"https:\/\/librosdelaaxarquia.com\/index.php?rest_route=\/wp\/v2\/pages\/1145","targetHints":{"allow":["GET"]}}],"collection":[{"href":"https:\/\/librosdelaaxarquia.com\/index.php?rest_route=\/wp\/v2\/pages"}],"about":[{"href":"https:\/\/librosdelaaxarquia.com\/index.php?rest_route=\/wp\/v2\/types\/page"}],"author":[{"embeddable":true,"href":"https:\/\/librosdelaaxarquia.com\/index.php?rest_route=\/wp\/v2\/users\/1"}],"replies":[{"embeddable":true,"href":"https:\/\/librosdelaaxarquia.com\/index.php?rest_route=%2Fwp%2Fv2%2Fcomments&post=1145"}],"version-history":[{"count":5,"href":"https:\/\/librosdelaaxarquia.com\/index.php?rest_route=\/wp\/v2\/pages\/1145\/revisions"}],"predecessor-version":[{"id":2067,"href":"https:\/\/librosdelaaxarquia.com\/index.php?rest_route=\/wp\/v2\/pages\/1145\/revisions\/2067"}],"wp:attachment":[{"href":"https:\/\/librosdelaaxarquia.com\/index.php?rest_route=%2Fwp%2Fv2%2Fmedia&parent=1145"}],"curies":[{"name":"wp","href":"https:\/\/api.w.org\/{rel}","templated":true}]}}