{"id":1212,"date":"2025-11-21T19:12:02","date_gmt":"2025-11-21T18:12:02","guid":{"rendered":"https:\/\/librosdelaaxarquia.com\/?page_id=1212"},"modified":"2025-12-05T08:30:12","modified_gmt":"2025-12-05T07:30:12","slug":"velez-malaga-en-los-tiempos-de-la-invasion-francesa","status":"publish","type":"page","link":"https:\/\/librosdelaaxarquia.com\/?page_id=1212","title":{"rendered":"V\u00c9LEZ-M\u00c1LAGA EN LOS TIEMPOS DE LA INVASI\u00d3N FRANCESA"},"content":{"rendered":"\n<figure class=\"wp-block-image aligncenter size-large is-resized\"><img loading=\"lazy\" decoding=\"async\" width=\"652\" height=\"1024\" src=\"https:\/\/librosdelaaxarquia.com\/wp-content\/uploads\/2025\/11\/1-FRANCESES-2-652x1024.jpg\" alt=\"\" class=\"wp-image-1213\" style=\"width:459px;height:auto\" srcset=\"https:\/\/librosdelaaxarquia.com\/wp-content\/uploads\/2025\/11\/1-FRANCESES-2-652x1024.jpg 652w, https:\/\/librosdelaaxarquia.com\/wp-content\/uploads\/2025\/11\/1-FRANCESES-2-191x300.jpg 191w, https:\/\/librosdelaaxarquia.com\/wp-content\/uploads\/2025\/11\/1-FRANCESES-2-768x1206.jpg 768w, https:\/\/librosdelaaxarquia.com\/wp-content\/uploads\/2025\/11\/1-FRANCESES-2-978x1536.jpg 978w, https:\/\/librosdelaaxarquia.com\/wp-content\/uploads\/2025\/11\/1-FRANCESES-2-1305x2048.jpg 1305w, https:\/\/librosdelaaxarquia.com\/wp-content\/uploads\/2025\/11\/1-FRANCESES-2-scaled.jpg 1631w\" sizes=\"auto, (max-width: 652px) 100vw, 652px\" \/><\/figure>\n\n\n\n<p>.<\/p>\n\n\n\n<p>COLECCI\u00d3N <strong><a href=\"https:\/\/librosdelaaxarquia.com\/?page_id=245\" data-type=\"page\" data-id=\"245\">HISTORIA DE V\u00c9LEZ-M\u00c1LAGA<\/a>.<\/strong><\/p>\n\n\n\n<p>ISBN:  978-84-16278-19-O  <\/p>\n\n\n\n<p>N\u00famero de p\u00e1ginas:  328<\/p>\n\n\n\n<p>.<\/p>\n\n\n\n<figure class=\"wp-block-embed is-type-video is-provider-youtube wp-block-embed-youtube wp-embed-aspect-16-9 wp-has-aspect-ratio\"><div class=\"wp-block-embed__wrapper\">\n<iframe loading=\"lazy\" title=\"Spot Tiempos de los Franceses\" width=\"500\" height=\"281\" src=\"https:\/\/www.youtube.com\/embed\/dI_J21W7QEY?feature=oembed\" frameborder=\"0\" allow=\"accelerometer; autoplay; clipboard-write; encrypted-media; gyroscope; picture-in-picture; web-share\" referrerpolicy=\"strict-origin-when-cross-origin\" allowfullscreen><\/iframe>\n<\/div><\/figure>\n\n\n\n<div style=\"height:3px\" aria-hidden=\"true\" class=\"wp-block-spacer\"><\/div>\n\n\n\n<p>Este libro forma parte de una trilog\u00eda que estudia la Crisis del Antiguo R\u00e9gimen en el municipio de V\u00e9lez-M\u00e1laga. El tema resulta tan amplio en contenido y hechos estudiados, que ha resultado preciso fraccionarlo en tres ejemplares, a saber: 1) <em>V\u00e9lez-M\u00e1laga en los tiempos de la Invasi\u00f3n Francesa<\/em>, 2) <em>V\u00e9lez-M\u00e1laga desde la Cortes de C\u00e1diz al Trienio Constitucional<\/em> y 3) <em>V\u00e9lez-M\u00e1laga a la llegada del liberalismo.<\/em><\/p>\n\n\n\n<p>El primer tercio del siglo XIX es una \u00e9poca dif\u00edcil para Espa\u00f1a, para Andaluc\u00eda y para V\u00e9lez-M\u00e1laga. Es un trayecto vital, sumergido en una coyuntura econ\u00f3mica depresiva, que conduce a la frontera entre la contracci\u00f3n y la expansi\u00f3n, que se va a producir en la segunda mitad del a\u00f1o 1833, justo con la muerte de Fernando VII <em>El Deseado<\/em>.<\/p>\n\n\n\n<p>&nbsp;&nbsp;&nbsp;&nbsp; Conocer c\u00f3mo evoluciona V\u00e9lez-M\u00e1laga entre 1808 y 1833, es descubrir su aut\u00e9ntico <em>cambio<\/em> en el proceso hist\u00f3rico de estos a\u00f1os, es analizar detenidamente las coincidencias y discrepancias con la generalidad del pa\u00eds, comparar las modificaciones de las mentalidades, los procesos econ\u00f3micos, las evoluciones culturales y de las ideas pol\u00edticas, y su pr\u00e1ctica. Y hacerlo con detenimiento, sin prisas, llegando lejos y hondo.<\/p>\n\n\n\n<div style=\"height:13px\" aria-hidden=\"true\" class=\"wp-block-spacer\"><\/div>\n","protected":false},"excerpt":{"rendered":"<p>. COLECCI\u00d3N HISTORIA DE V\u00c9LEZ-M\u00c1LAGA. ISBN: 978-84-16278-19-O N\u00famero de p\u00e1ginas: 328 . Este libro forma parte de una trilog\u00eda que estudia la Crisis del Antiguo R\u00e9gimen en el municipio de V\u00e9lez-M\u00e1laga. El tema resulta tan amplio en contenido y hechos estudiados, que ha resultado preciso fraccionarlo en tres ejemplares, a saber: 1) V\u00e9lez-M\u00e1laga en los [&hellip;]<\/p>\n","protected":false},"author":1,"featured_media":0,"parent":0,"menu_order":0,"comment_status":"closed","ping_status":"closed","template":"","meta":{"footnotes":""},"class_list":["post-1212","page","type-page","status-publish","hentry"],"_links":{"self":[{"href":"https:\/\/librosdelaaxarquia.com\/index.php?rest_route=\/wp\/v2\/pages\/1212","targetHints":{"allow":["GET"]}}],"collection":[{"href":"https:\/\/librosdelaaxarquia.com\/index.php?rest_route=\/wp\/v2\/pages"}],"about":[{"href":"https:\/\/librosdelaaxarquia.com\/index.php?rest_route=\/wp\/v2\/types\/page"}],"author":[{"embeddable":true,"href":"https:\/\/librosdelaaxarquia.com\/index.php?rest_route=\/wp\/v2\/users\/1"}],"replies":[{"embeddable":true,"href":"https:\/\/librosdelaaxarquia.com\/index.php?rest_route=%2Fwp%2Fv2%2Fcomments&post=1212"}],"version-history":[{"count":3,"href":"https:\/\/librosdelaaxarquia.com\/index.php?rest_route=\/wp\/v2\/pages\/1212\/revisions"}],"predecessor-version":[{"id":2118,"href":"https:\/\/librosdelaaxarquia.com\/index.php?rest_route=\/wp\/v2\/pages\/1212\/revisions\/2118"}],"wp:attachment":[{"href":"https:\/\/librosdelaaxarquia.com\/index.php?rest_route=%2Fwp%2Fv2%2Fmedia&parent=1212"}],"curies":[{"name":"wp","href":"https:\/\/api.w.org\/{rel}","templated":true}]}}