{"id":1245,"date":"2025-11-21T20:10:31","date_gmt":"2025-11-21T19:10:31","guid":{"rendered":"https:\/\/librosdelaaxarquia.com\/?page_id=1245"},"modified":"2025-12-05T08:21:58","modified_gmt":"2025-12-05T07:21:58","slug":"las-fabricas-de-la-luz","status":"publish","type":"page","link":"https:\/\/librosdelaaxarquia.com\/?page_id=1245","title":{"rendered":"LAS F\u00c1BRICAS DE LA LUZ"},"content":{"rendered":"\n<figure class=\"wp-block-image aligncenter size-full is-resized\"><img loading=\"lazy\" decoding=\"async\" width=\"433\" height=\"685\" src=\"https:\/\/librosdelaaxarquia.com\/wp-content\/uploads\/2025\/11\/LAS-FABRICAS-DE-LA-LUZ.jpg\" alt=\"\" class=\"wp-image-1246\" style=\"width:446px;height:auto\" srcset=\"https:\/\/librosdelaaxarquia.com\/wp-content\/uploads\/2025\/11\/LAS-FABRICAS-DE-LA-LUZ.jpg 433w, https:\/\/librosdelaaxarquia.com\/wp-content\/uploads\/2025\/11\/LAS-FABRICAS-DE-LA-LUZ-190x300.jpg 190w\" sizes=\"auto, (max-width: 433px) 100vw, 433px\" \/><\/figure>\n\n\n\n<p>AUTOR: <a href=\"https:\/\/librosdelaaxarquia.com\/?page_id=464\" data-type=\"page\" data-id=\"464\"> <em>PABLO ROJO PLATERO<\/em><\/a><\/p>\n\n\n\n<p>COLECCI\u00d3N <strong><a href=\"https:\/\/librosdelaaxarquia.com\/?page_id=53\" data-type=\"page\" data-id=\"53\">PATRIMONIO<\/a><\/strong> (N\u00ba 4)<\/p>\n\n\n\n<p><strong>ISBN:<\/strong>  978-84-948637-3-8   <strong> D. L.<\/strong>  MA 475-2019<\/p>\n\n\n\n<p>N\u00famero de p\u00e1ginas:  250<\/p>\n\n\n\n<div style=\"height:4px\" aria-hidden=\"true\" class=\"wp-block-spacer\"><\/div>\n\n\n\n<p>La comarca de la Axarqu\u00eda cont\u00f3 desde muy pronto con suministro de electricidad, gracias a un numeroso grupo de peque\u00f1os saltos de agua, situados sobre todo en el curso de los r\u00edos Ch\u00edllar (Nerja) y Patamalara-Torrox (C\u00f3mpeta). Dos familias de la burgues\u00eda de la \u00e9poca, los Martos y los Herrero, ponen en marcha, en torno a 1900, una serie de centrales hidroel\u00e9ctricas que, despu\u00e9s de una dura competencia, se unir\u00e1n para constituir la base de la <em>El\u00e9ctrica de V\u00e9lez-M\u00e1laga<\/em>, m\u00e1s tarde <em>El\u00e9ctrica del Litoral<\/em>.<\/p>\n\n\n\n<p>&nbsp;&nbsp; Del mismo modo, y a partir de los a\u00f1os veinte del siglo pasado, otros puntos de la comarca como Canillas de Albaida, Riogordo, Colmenar o Alcauc\u00edn, contar\u00e1n con peque\u00f1as centrales que suministrar\u00e1n electricidad a los pueblos de su entorno. La <em>El\u00e9ctrica del Litoral<\/em>, empresa filial de <em>Sevillana de Electricidad<\/em>, tuvo su sede durante a\u00f1os en la calle Romero Pozo de V\u00e9lez-M\u00e1laga, y desde all\u00ed dirig\u00eda la producci\u00f3n y distribuci\u00f3n del fluido el\u00e9ctrico m\u00e1s all\u00e1 de los confines de nuestra comarca.<\/p>\n\n\n\n<p>&nbsp;&nbsp;&nbsp; Los trabajos sobre patrimonio industrial de la Axarqu\u00eda han pasado de puntillas sobre estos edificios, casi todos hoy en estado ruinoso, olvidando quiz\u00e1 la importancia que tuvieron para la modernizaci\u00f3n de este territorio, trayendo hasta nosotros la electricidad. En este trabajo se trata, no s\u00f3lo la historia de estas entra\u00f1ables <em>F\u00e1bricas de Luz<\/em>, sino tambi\u00e9n de las personas y familias que estuvieron vinculadas a su explotaci\u00f3n en el origen. Una narraci\u00f3n que incluye historia, relaciones humanas, patrimonio, tecnolog\u00eda y naturaleza.&nbsp; Una historia fascinante que, sin duda, \u00abelectrizar\u00e1\u00bb al lector por lo desconocido y sorprendente de la misma.<\/p>\n\n\n\n<p class=\"has-text-align-center\"><strong>PRESENTACI\u00d3N DEL LIBRO<\/strong><\/p>\n\n\n\n<p class=\"has-text-align-center\">(CAC 29.11.2019)<\/p>\n\n\n\n<figure class=\"wp-block-embed is-type-video is-provider-youtube wp-block-embed-youtube wp-embed-aspect-4-3 wp-has-aspect-ratio\"><div class=\"wp-block-embed__wrapper\">\n<iframe loading=\"lazy\" title=\"F\u00c1BRICAS DE LA LUZ\" width=\"500\" height=\"375\" src=\"https:\/\/www.youtube.com\/embed\/ITpQZ2SH8H4?feature=oembed\" frameborder=\"0\" allow=\"accelerometer; autoplay; clipboard-write; encrypted-media; gyroscope; picture-in-picture; web-share\" referrerpolicy=\"strict-origin-when-cross-origin\" allowfullscreen><\/iframe>\n<\/div><\/figure>\n\n\n\n<div style=\"height:9px\" aria-hidden=\"true\" class=\"wp-block-spacer\"><\/div>\n\n\n\n<figure class=\"wp-block-image size-large\"><img loading=\"lazy\" decoding=\"async\" width=\"1024\" height=\"485\" src=\"https:\/\/librosdelaaxarquia.com\/wp-content\/uploads\/2025\/11\/LAS-FABRICAS-DE-LA-LUZ-Portada_001-2-1024x485.jpg\" alt=\"\" class=\"wp-image-1247\" srcset=\"https:\/\/librosdelaaxarquia.com\/wp-content\/uploads\/2025\/11\/LAS-FABRICAS-DE-LA-LUZ-Portada_001-2-1024x485.jpg 1024w, https:\/\/librosdelaaxarquia.com\/wp-content\/uploads\/2025\/11\/LAS-FABRICAS-DE-LA-LUZ-Portada_001-2-300x142.jpg 300w, https:\/\/librosdelaaxarquia.com\/wp-content\/uploads\/2025\/11\/LAS-FABRICAS-DE-LA-LUZ-Portada_001-2-768x364.jpg 768w, https:\/\/librosdelaaxarquia.com\/wp-content\/uploads\/2025\/11\/LAS-FABRICAS-DE-LA-LUZ-Portada_001-2.jpg 1445w\" sizes=\"auto, (max-width: 1024px) 100vw, 1024px\" \/><\/figure>\n","protected":false},"excerpt":{"rendered":"<p>AUTOR: PABLO ROJO PLATERO COLECCI\u00d3N PATRIMONIO (N\u00ba 4) ISBN: 978-84-948637-3-8 D. L. MA 475-2019 N\u00famero de p\u00e1ginas: 250 La comarca de la Axarqu\u00eda cont\u00f3 desde muy pronto con suministro de electricidad, gracias a un numeroso grupo de peque\u00f1os saltos de agua, situados sobre todo en el curso de los r\u00edos Ch\u00edllar (Nerja) y Patamalara-Torrox (C\u00f3mpeta). [&hellip;]<\/p>\n","protected":false},"author":1,"featured_media":0,"parent":0,"menu_order":0,"comment_status":"closed","ping_status":"closed","template":"","meta":{"footnotes":""},"class_list":["post-1245","page","type-page","status-publish","hentry"],"_links":{"self":[{"href":"https:\/\/librosdelaaxarquia.com\/index.php?rest_route=\/wp\/v2\/pages\/1245","targetHints":{"allow":["GET"]}}],"collection":[{"href":"https:\/\/librosdelaaxarquia.com\/index.php?rest_route=\/wp\/v2\/pages"}],"about":[{"href":"https:\/\/librosdelaaxarquia.com\/index.php?rest_route=\/wp\/v2\/types\/page"}],"author":[{"embeddable":true,"href":"https:\/\/librosdelaaxarquia.com\/index.php?rest_route=\/wp\/v2\/users\/1"}],"replies":[{"embeddable":true,"href":"https:\/\/librosdelaaxarquia.com\/index.php?rest_route=%2Fwp%2Fv2%2Fcomments&post=1245"}],"version-history":[{"count":5,"href":"https:\/\/librosdelaaxarquia.com\/index.php?rest_route=\/wp\/v2\/pages\/1245\/revisions"}],"predecessor-version":[{"id":2116,"href":"https:\/\/librosdelaaxarquia.com\/index.php?rest_route=\/wp\/v2\/pages\/1245\/revisions\/2116"}],"wp:attachment":[{"href":"https:\/\/librosdelaaxarquia.com\/index.php?rest_route=%2Fwp%2Fv2%2Fmedia&parent=1245"}],"curies":[{"name":"wp","href":"https:\/\/api.w.org\/{rel}","templated":true}]}}