{"id":1249,"date":"2025-11-21T20:31:00","date_gmt":"2025-11-21T19:31:00","guid":{"rendered":"https:\/\/librosdelaaxarquia.com\/?page_id=1249"},"modified":"2025-12-06T14:26:45","modified_gmt":"2025-12-06T13:26:45","slug":"pensamientos-de-don-juan-herrera","status":"publish","type":"page","link":"https:\/\/librosdelaaxarquia.com\/?page_id=1249","title":{"rendered":"PENSAMIENTOS DE DON JUAN HERRERA"},"content":{"rendered":"\n<figure class=\"wp-block-image aligncenter size-full is-resized\"><img loading=\"lazy\" decoding=\"async\" width=\"434\" height=\"692\" src=\"https:\/\/librosdelaaxarquia.com\/wp-content\/uploads\/2025\/11\/JUAN-HERRERA-2.jpg\" alt=\"\" class=\"wp-image-1250\" style=\"width:471px;height:auto\" srcset=\"https:\/\/librosdelaaxarquia.com\/wp-content\/uploads\/2025\/11\/JUAN-HERRERA-2.jpg 434w, https:\/\/librosdelaaxarquia.com\/wp-content\/uploads\/2025\/11\/JUAN-HERRERA-2-188x300.jpg 188w\" sizes=\"auto, (max-width: 434px) 100vw, 434px\" \/><\/figure>\n\n\n\n<div style=\"height:22px\" aria-hidden=\"true\" class=\"wp-block-spacer\"><\/div>\n\n\n\n<p>AUTOR: <em><a href=\"https:\/\/librosdelaaxarquia.com\/?page_id=526\" data-type=\"page\" data-id=\"526\">JUAN ANTONIO HERRERA MAR\u00cdN<\/a><\/em>.<\/p>\n\n\n\n<p>COLECCI\u00d3N <a href=\"https:\/\/librosdelaaxarquia.com\/?page_id=143\" data-type=\"page\" data-id=\"143\"><strong>REFLEXIONES<\/strong><\/a> (N\u00ba 7)<\/p>\n\n\n\n<p>ISBN:  978-84-948637-8-3<\/p>\n\n\n\n<p>N\u00famero de p\u00e1ginas:  204<\/p>\n\n\n\n<div style=\"height:2px\" aria-hidden=\"true\" class=\"wp-block-spacer\"><\/div>\n\n\n\n<p> Este libro recoge algunos de los <em>pensamientos <\/em>de un maestro bueno, honesto y brillante, que pas\u00f3 por la vida intentando hacer el bien.<\/p>\n\n\n\n<p>Desde que se fue, en 1916, la figura del vele\u00f1o don Juan Antonio Herrera Mar\u00edn no deja de agrandarse. Sus amigos, sus admiradores, sus familiares, sus vecinos le recuerdan como a un hombre bueno y sabio que quer\u00eda mejorar el mundo, y que hac\u00eda cuanto estaba a su alcance para llevarlo a cabo.<\/p>\n\n\n\n<p>En los \u00faltimos a\u00f1os de su vida siempre estuvo acompa\u00f1ado de unas diminutas \u201clibretas\u201d en las que anotaba sobre la marcha sus pensamientos, sus ocurrencias, sus opiniones sobre lo divino y lo humano. Libretas en las que aparecen ideas muy variadas, sobre asuntos muy variados, junto a sus aspiraciones y \u201csuspiros\u201d.&nbsp; Siempre habl\u00f3 de su deseo de que, alg\u00fan d\u00eda, seleccionadas y corregidas, se pudiesen publicar, pasasen por la imprenta y lograsen formar un libro.<\/p>\n\n\n\n<p>Hoy, gracias a sus hijos, \u2013Juan Antonio, Silvia y Santiago\u2013 hecha la selecci\u00f3n correspondiente, la editorial LIBROS DE LA AXARQU\u00cdA, en su colecci\u00f3n \u201cReflexiones\u201d, ha optado, con alegr\u00eda, por publicar este libro, bajo el t\u00edtulo de \u201c<em>Pensamientos de don Juan Herrera<\/em>\u201d, que ya es una realidad y que traer\u00e1 recuerdos y emociones a sus muchos alumnos, familiares, admiradores, vecinos y amigos.<\/p>\n\n\n\n<div style=\"height:4px\" aria-hidden=\"true\" class=\"wp-block-spacer\"><\/div>\n\n\n\n<figure class=\"wp-block-image size-large\"><img loading=\"lazy\" decoding=\"async\" width=\"1024\" height=\"513\" src=\"https:\/\/librosdelaaxarquia.com\/wp-content\/uploads\/2025\/11\/JUAN-HERRERA-3-1024x513.jpg\" alt=\"\" class=\"wp-image-1251\" srcset=\"https:\/\/librosdelaaxarquia.com\/wp-content\/uploads\/2025\/11\/JUAN-HERRERA-3-1024x513.jpg 1024w, https:\/\/librosdelaaxarquia.com\/wp-content\/uploads\/2025\/11\/JUAN-HERRERA-3-300x150.jpg 300w, https:\/\/librosdelaaxarquia.com\/wp-content\/uploads\/2025\/11\/JUAN-HERRERA-3-768x385.jpg 768w, https:\/\/librosdelaaxarquia.com\/wp-content\/uploads\/2025\/11\/JUAN-HERRERA-3.jpg 1488w\" sizes=\"auto, (max-width: 1024px) 100vw, 1024px\" \/><\/figure>\n","protected":false},"excerpt":{"rendered":"<p>AUTOR: JUAN ANTONIO HERRERA MAR\u00cdN. COLECCI\u00d3N REFLEXIONES (N\u00ba 7) ISBN: 978-84-948637-8-3 N\u00famero de p\u00e1ginas: 204 Este libro recoge algunos de los pensamientos de un maestro bueno, honesto y brillante, que pas\u00f3 por la vida intentando hacer el bien. Desde que se fue, en 1916, la figura del vele\u00f1o don Juan Antonio Herrera Mar\u00edn no deja [&hellip;]<\/p>\n","protected":false},"author":1,"featured_media":0,"parent":0,"menu_order":0,"comment_status":"closed","ping_status":"closed","template":"","meta":{"footnotes":""},"class_list":["post-1249","page","type-page","status-publish","hentry"],"_links":{"self":[{"href":"https:\/\/librosdelaaxarquia.com\/index.php?rest_route=\/wp\/v2\/pages\/1249","targetHints":{"allow":["GET"]}}],"collection":[{"href":"https:\/\/librosdelaaxarquia.com\/index.php?rest_route=\/wp\/v2\/pages"}],"about":[{"href":"https:\/\/librosdelaaxarquia.com\/index.php?rest_route=\/wp\/v2\/types\/page"}],"author":[{"embeddable":true,"href":"https:\/\/librosdelaaxarquia.com\/index.php?rest_route=\/wp\/v2\/users\/1"}],"replies":[{"embeddable":true,"href":"https:\/\/librosdelaaxarquia.com\/index.php?rest_route=%2Fwp%2Fv2%2Fcomments&post=1249"}],"version-history":[{"count":5,"href":"https:\/\/librosdelaaxarquia.com\/index.php?rest_route=\/wp\/v2\/pages\/1249\/revisions"}],"predecessor-version":[{"id":2159,"href":"https:\/\/librosdelaaxarquia.com\/index.php?rest_route=\/wp\/v2\/pages\/1249\/revisions\/2159"}],"wp:attachment":[{"href":"https:\/\/librosdelaaxarquia.com\/index.php?rest_route=%2Fwp%2Fv2%2Fmedia&parent=1249"}],"curies":[{"name":"wp","href":"https:\/\/api.w.org\/{rel}","templated":true}]}}