{"id":1270,"date":"2025-11-22T12:46:34","date_gmt":"2025-11-22T11:46:34","guid":{"rendered":"https:\/\/librosdelaaxarquia.com\/?page_id=1270"},"modified":"2025-12-18T12:29:20","modified_gmt":"2025-12-18T11:29:20","slug":"francisco-galvez","status":"publish","type":"page","link":"https:\/\/librosdelaaxarquia.com\/?page_id=1270","title":{"rendered":"FRANCISCO G\u00c1LVEZ"},"content":{"rendered":"\n<p><\/p>\n\n\n\n<div class=\"wp-block-group is-nowrap is-layout-flex wp-container-core-group-is-layout-6c531013 wp-block-group-is-layout-flex\">\n<figure class=\"wp-block-image size-full is-resized\"><a href=\"https:\/\/librosdelaaxarquia.com\/?page_id=808\"><img loading=\"lazy\" decoding=\"async\" width=\"416\" height=\"662\" src=\"https:\/\/librosdelaaxarquia.com\/wp-content\/uploads\/2025\/11\/LA-AXARQUIA-Portada_001-8.jpg\" alt=\"\" class=\"wp-image-1633\" style=\"width:372px;height:auto\" srcset=\"https:\/\/librosdelaaxarquia.com\/wp-content\/uploads\/2025\/11\/LA-AXARQUIA-Portada_001-8.jpg 416w, https:\/\/librosdelaaxarquia.com\/wp-content\/uploads\/2025\/11\/LA-AXARQUIA-Portada_001-8-189x300.jpg 189w\" sizes=\"auto, (max-width: 416px) 100vw, 416px\" \/><\/a><\/figure>\n\n\n\n<figure class=\"wp-block-image size-full is-resized\"><a href=\"https:\/\/librosdelaaxarquia.com\/?page_id=1629\"><img loading=\"lazy\" decoding=\"async\" width=\"430\" height=\"688\" src=\"https:\/\/librosdelaaxarquia.com\/wp-content\/uploads\/2025\/11\/LOS-VELAMENES._001-2.jpg\" alt=\"\" class=\"wp-image-1634\" style=\"width:363px;height:auto\" srcset=\"https:\/\/librosdelaaxarquia.com\/wp-content\/uploads\/2025\/11\/LOS-VELAMENES._001-2.jpg 430w, https:\/\/librosdelaaxarquia.com\/wp-content\/uploads\/2025\/11\/LOS-VELAMENES._001-2-188x300.jpg 188w\" sizes=\"auto, (max-width: 430px) 100vw, 430px\" \/><\/a><\/figure>\n\n\n\n<figure class=\"wp-block-image size-full\"><a href=\"https:\/\/librosdelaaxarquia.com\/?page_id=2341\"><img loading=\"lazy\" decoding=\"async\" width=\"431\" height=\"688\" src=\"https:\/\/librosdelaaxarquia.com\/wp-content\/uploads\/2025\/12\/AXARQUIA-PERIODICOS_001-5.jpg\" alt=\"\" class=\"wp-image-2348\" srcset=\"https:\/\/librosdelaaxarquia.com\/wp-content\/uploads\/2025\/12\/AXARQUIA-PERIODICOS_001-5.jpg 431w, https:\/\/librosdelaaxarquia.com\/wp-content\/uploads\/2025\/12\/AXARQUIA-PERIODICOS_001-5-188x300.jpg 188w\" sizes=\"auto, (max-width: 431px) 100vw, 431px\" \/><\/a><\/figure>\n<\/div>\n\n\n\n<div style=\"height:32px\" aria-hidden=\"true\" class=\"wp-block-spacer\"><\/div>\n\n\n\n<p><em><strong><a href=\"https:\/\/librosdelaaxarquia.com\/?page_id=808\" data-type=\"page\" data-id=\"808\">LA AXARQU\u00cdA EN LOS LIBROS<\/a><\/strong><\/em><\/p>\n\n\n\n<p>Colecci\u00f3n&nbsp;<a href=\"https:\/\/librosdelaaxarquia.com\/?page_id=50\" data-type=\"page\" data-id=\"50\"><strong>GENERAL<\/strong>&nbsp;<\/a>(N\u00ba 13)<\/p>\n\n\n\n<p><strong>ISBN:<\/strong>&nbsp;978-84-938732-0-2&nbsp;<strong>D. L.<\/strong>&nbsp;MA 21-2016<\/p>\n\n\n\n<p>N\u00famero de p\u00e1ginas: 464.<\/p>\n\n\n\n<div style=\"height:24px\" aria-hidden=\"true\" class=\"wp-block-spacer\"><\/div>\n\n\n\n<hr class=\"wp-block-separator has-alpha-channel-opacity\"\/>\n\n\n\n<div style=\"height:10px\" aria-hidden=\"true\" class=\"wp-block-spacer\"><\/div>\n\n\n\n<p><strong><em><a href=\"https:\/\/librosdelaaxarquia.com\/?page_id=1629\" data-type=\"page\" data-id=\"1629\">LOS VEL\u00c1MENES DEL VIEUX PORT<\/a><\/em><\/strong><\/p>\n\n\n\n<p>COLECCI\u00d3N&nbsp;<strong><a href=\"https:\/\/librosdelaaxarquia.com\/?page_id=2029\" data-type=\"page\" data-id=\"2029\">NARRACIONES<\/a><\/strong>&nbsp;(N\u00ba 1)<\/p>\n\n\n\n<p>ISBN: 978-84-126573-4-0 D. L. MA 1621-2024<\/p>\n\n\n\n<p>N\u00famero de p\u00e1ginas: 130<\/p>\n\n\n\n<p><\/p>\n\n\n\n<hr class=\"wp-block-separator has-alpha-channel-opacity\"\/>\n\n\n\n<p><strong><em><a href=\"https:\/\/librosdelaaxarquia.com\/?page_id=2341\" data-type=\"page\" data-id=\"2341\">LA AXARQU\u00cdA EN LOS PERIODICOS DEL MUNDO<\/a><\/em><\/strong><\/p>\n\n\n\n<p>COLECCI\u00d3N <strong><a href=\"https:\/\/librosdelaaxarquia.com\/?page_id=59\" data-type=\"page\" data-id=\"59\">LA PEQUE\u00d1A HISTORIA<\/a><\/strong><\/p>\n\n\n\n<p><strong>ISBN<\/strong>: 978-84-129804-9-3  <strong>D. L. MA<\/strong> 1966-2025<\/p>\n\n\n\n<p>N\u00famero de p\u00e1ginas: 494<\/p>\n\n\n\n<div style=\"height:13px\" aria-hidden=\"true\" class=\"wp-block-spacer\"><\/div>\n\n\n\n<p>Francisco G\u00e1lvez Hidalgo (V\u00e9lez-M\u00e1laga, 1970) Fue corresponsal de <em>Diario M\u00e1laga Costa del Sol <\/em>y dirigi\u00f3 <em>La Verdad de la Axarqu\u00eda<\/em>. De ah\u00ed llev\u00f3 la secci\u00f3n de Opini\u00f3n del semanario <em>El Avance<\/em>, en el que escribir\u00eda durante varios a\u00f1os una columna que ser\u00eda la base de su primer libro: <em>Cr\u00f3nicas de un mundo feliz<\/em>. Tambi\u00e9n ha sido director de <em>Diario de la Axarqu\u00eda<\/em>. Ha colaborado con el diario <em>Sur<\/em> y otras publicaciones, como las revistas <em>Ballix<\/em> o <em>Sociedad<\/em>. Ha ganado varios premios literarios y un relato suyo se public\u00f3 en el libro<em> Cuentos para Anne, <\/em>y edit\u00f3 una serie de gu\u00edas sobre la Axarqu\u00eda usando la f\u00f3rmula de pasatiempos creados por \u00e9l. Despu\u00e9s llegar\u00eda su segundo libro:<em> Torre del Mar. Historia de un pueblo<\/em>, junto a Isabel Arana; dise\u00f1\u00f3 y maquet\u00f3 los peri\u00f3dicos especiales <em>Con coraz\u00f3n podemos<\/em>, <em>Memorias Cofrades<\/em> y <em>Bit\u00e1cora<\/em>, el suplemento del<em> Diario,<\/em> y ha conducido algunos programas de radio como <em>La Farola<\/em> o <em>A bordo del Galveztown<\/em>.<\/p>\n\n\n\n<div style=\"height:38px\" aria-hidden=\"true\" class=\"wp-block-spacer\"><\/div>\n\n\n\n<p>En otras facetas, fue portavoz de los artistas en la exposici\u00f3n colectiva <em>V\u00e9lez Plural<\/em>, organizada por el ayuntamiento de V\u00e9lez-M\u00e1laga, en la que aport\u00f3 un cuadro suyo. Para el mismo ayuntamiento, escribi\u00f3 <em>Cosmogon\u00eda de la ausencia<\/em>, sobre artistas ya fallecidos a los que se les rindi\u00f3 homenaje. Asimismo, ha sido pregonero de Los Pepones, presentador de la pregonera de la Romer\u00eda vele\u00f1a y del autor del cartel de la feria de San Miguel. Tambi\u00e9n ha dado conferencias con motivo del D\u00eda del Libro y sobre los sucesos y leyendas de la Guerra de Independencia en Algarrobo; fue corrector de la editorial Mediterr\u00e1neo; edit\u00f3, dise\u00f1\u00f3 y present\u00f3 el libro <em>A la orilla de una higuera<\/em>, de Margarita Garc\u00eda-Gal\u00e1n, y ha escrito guiones y presentado diversos programas de televisi\u00f3n. Es miembro de los Granaderos y Damas de G\u00e1lvez de Macharaviaya, asociaci\u00f3n creada en honor de D. Bernardo de G\u00e1lvez.<\/p>\n\n\n\n<p>Actualmente es el director gerente del Grupo Prensa 24, que engloba la televisi\u00f3n Axarqu\u00eda 24, la emisora 24 FM y el peri\u00f3dico Noticias 24.<\/p>\n\n\n\n<p><em>La Axarqu\u00eda en los libros <\/em>es su tercer libro.<\/p>\n\n\n\n<p>.<\/p>\n\n\n\n<figure class=\"wp-block-image size-large\"><img loading=\"lazy\" decoding=\"async\" width=\"1024\" height=\"555\" src=\"https:\/\/librosdelaaxarquia.com\/wp-content\/uploads\/2025\/11\/LA-AXARQUIA-Portada_001-7-1024x555.jpg\" alt=\"\" class=\"wp-image-1272\" srcset=\"https:\/\/librosdelaaxarquia.com\/wp-content\/uploads\/2025\/11\/LA-AXARQUIA-Portada_001-7-1024x555.jpg 1024w, https:\/\/librosdelaaxarquia.com\/wp-content\/uploads\/2025\/11\/LA-AXARQUIA-Portada_001-7-300x162.jpg 300w, https:\/\/librosdelaaxarquia.com\/wp-content\/uploads\/2025\/11\/LA-AXARQUIA-Portada_001-7-768x416.jpg 768w, https:\/\/librosdelaaxarquia.com\/wp-content\/uploads\/2025\/11\/LA-AXARQUIA-Portada_001-7.jpg 1237w\" sizes=\"auto, (max-width: 1024px) 100vw, 1024px\" \/><\/figure>\n\n\n\n<p>.<\/p>\n","protected":false},"excerpt":{"rendered":"<p>LA AXARQU\u00cdA EN LOS LIBROS Colecci\u00f3n&nbsp;GENERAL&nbsp;(N\u00ba 13) ISBN:&nbsp;978-84-938732-0-2&nbsp;D. L.&nbsp;MA 21-2016 N\u00famero de p\u00e1ginas: 464. LOS VEL\u00c1MENES DEL VIEUX PORT COLECCI\u00d3N&nbsp;NARRACIONES&nbsp;(N\u00ba 1) ISBN: 978-84-126573-4-0 D. L. MA 1621-2024 N\u00famero de p\u00e1ginas: 130 LA AXARQU\u00cdA EN LOS PERIODICOS DEL MUNDO COLECCI\u00d3N LA PEQUE\u00d1A HISTORIA ISBN: 978-84-129804-9-3 D. L. MA 1966-2025 N\u00famero de p\u00e1ginas: 494 Francisco G\u00e1lvez Hidalgo [&hellip;]<\/p>\n","protected":false},"author":1,"featured_media":0,"parent":0,"menu_order":0,"comment_status":"closed","ping_status":"closed","template":"","meta":{"footnotes":""},"class_list":["post-1270","page","type-page","status-publish","hentry"],"_links":{"self":[{"href":"https:\/\/librosdelaaxarquia.com\/index.php?rest_route=\/wp\/v2\/pages\/1270","targetHints":{"allow":["GET"]}}],"collection":[{"href":"https:\/\/librosdelaaxarquia.com\/index.php?rest_route=\/wp\/v2\/pages"}],"about":[{"href":"https:\/\/librosdelaaxarquia.com\/index.php?rest_route=\/wp\/v2\/types\/page"}],"author":[{"embeddable":true,"href":"https:\/\/librosdelaaxarquia.com\/index.php?rest_route=\/wp\/v2\/users\/1"}],"replies":[{"embeddable":true,"href":"https:\/\/librosdelaaxarquia.com\/index.php?rest_route=%2Fwp%2Fv2%2Fcomments&post=1270"}],"version-history":[{"count":5,"href":"https:\/\/librosdelaaxarquia.com\/index.php?rest_route=\/wp\/v2\/pages\/1270\/revisions"}],"predecessor-version":[{"id":2369,"href":"https:\/\/librosdelaaxarquia.com\/index.php?rest_route=\/wp\/v2\/pages\/1270\/revisions\/2369"}],"wp:attachment":[{"href":"https:\/\/librosdelaaxarquia.com\/index.php?rest_route=%2Fwp%2Fv2%2Fmedia&parent=1270"}],"curies":[{"name":"wp","href":"https:\/\/api.w.org\/{rel}","templated":true}]}}