{"id":1288,"date":"2025-11-23T10:40:14","date_gmt":"2025-11-23T09:40:14","guid":{"rendered":"https:\/\/librosdelaaxarquia.com\/?page_id=1288"},"modified":"2026-01-09T14:10:30","modified_gmt":"2026-01-09T13:10:30","slug":"jose-antonio-sanchez-tore","status":"publish","type":"page","link":"https:\/\/librosdelaaxarquia.com\/?page_id=1288","title":{"rendered":"JUA ANTONIO S\u00c1NCHEZ TOR\u00c9"},"content":{"rendered":"\n<p><\/p>\n\n\n\n<figure class=\"wp-block-image aligncenter size-full is-resized\"><img loading=\"lazy\" decoding=\"async\" width=\"440\" height=\"679\" src=\"https:\/\/librosdelaaxarquia.com\/wp-content\/uploads\/2025\/11\/LA-ACADEMIA-3.jpg\" alt=\"\" class=\"wp-image-1341\" style=\"width:357px;height:auto\" srcset=\"https:\/\/librosdelaaxarquia.com\/wp-content\/uploads\/2025\/11\/LA-ACADEMIA-3.jpg 440w, https:\/\/librosdelaaxarquia.com\/wp-content\/uploads\/2025\/11\/LA-ACADEMIA-3-194x300.jpg 194w\" sizes=\"auto, (max-width: 440px) 100vw, 440px\" \/><\/figure>\n\n\n\n<p>.<\/p>\n\n\n\n<p><strong><em><a href=\"https:\/\/librosdelaaxarquia.com\/?page_id=1088\" data-type=\"page\" data-id=\"1088\">LA ACADEMIA DE DON MANUEL VALLE<\/a>.<\/em><\/strong><\/p>\n\n\n\n<p>COLECCI\u00d3N<a href=\"https:\/\/librosdelaaxarquia.com\/?page_id=59\" data-type=\"page\" data-id=\"59\">&nbsp;<strong>LA PEQUE\u00d1A HISTORIA<\/strong><\/a><strong>&nbsp;<\/strong>(N\u00ba 1)<\/p>\n\n\n\n<p><strong>ISBN:<\/strong>&nbsp;978-84-948637-4-5&nbsp;<strong>D. L.<\/strong>&nbsp;MA 620-2019<\/p>\n\n\n\n<p>N\u00famero de p\u00e1ginas: 154<\/p>\n\n\n\n<p>.<\/p>\n\n\n\n<p>Juan Antonio S\u00e1nchez Tor\u00e9 nace en V\u00e9lez-M\u00e1laga el&nbsp; 20 de diciembre de 1947. Hasta los seis a\u00f1os vive en Badajoz. Regresa a su ciudad natal, asistiendo al colegio de los Franciscanos. Cursa estudios de Bachillerato Superior en la Academia de don Manuel Valle.<\/p>\n\n\n\n<p>Trabaja en los sectores financiero, inmobiliario y comercial. Se reincorpora a los estudios de &nbsp;preuniversitario en el Instituto Reyes Cat\u00f3licos.<\/p>\n\n\n\n<p>En el a\u00f1o 1967 funda, y preside, el Club Cultural-Recreativo de J\u00f3venes de V\u00e9lez-M\u00e1laga, y, tras finalizar el servicio militar, traslada su residencia a M\u00e1laga, reingresando en el Banco Santander, donde desarrolla su vida profesional hasta su jubilaci\u00f3n.<\/p>\n\n\n\n<p>Cursa estudios en la Facultad de Ciencias Econ\u00f3micas de M\u00e1laga, y durante la d\u00e9cada de los a\u00f1os setenta desarrolla una intensa actividad pol\u00edtica y sindical, que abandona hacia 1980, decepcionado por la evoluci\u00f3n de las mismas, volcando su activismo, como independiente, en el movimiento asociativo.<\/p>\n\n\n\n<p>Deportista empedernido, ha practicado casi todos los deportes; y, apasionado de la literatura, ha logrado poseer una importante biblioteca.<\/p>\n\n\n\n<p>Su trayectoria vital podr\u00eda resumirse en: \u201cAprendiz de todo, maestro de nada\u201d. Acu\u00f1a y practica su propio lema: \u201cNo te rindas antes de que te venzan.<a><\/a> Y si no te rindes, no te vencen\u201d.<\/p>\n\n\n\n<p>.<\/p>\n\n\n\n<figure class=\"wp-block-image size-large\"><img loading=\"lazy\" decoding=\"async\" width=\"1024\" height=\"517\" src=\"https:\/\/librosdelaaxarquia.com\/wp-content\/uploads\/2025\/11\/LA-ACADEMIA3_001-1-1024x517.jpg\" alt=\"\" class=\"wp-image-1289\" srcset=\"https:\/\/librosdelaaxarquia.com\/wp-content\/uploads\/2025\/11\/LA-ACADEMIA3_001-1-1024x517.jpg 1024w, https:\/\/librosdelaaxarquia.com\/wp-content\/uploads\/2025\/11\/LA-ACADEMIA3_001-1-300x151.jpg 300w, https:\/\/librosdelaaxarquia.com\/wp-content\/uploads\/2025\/11\/LA-ACADEMIA3_001-1-768x387.jpg 768w, https:\/\/librosdelaaxarquia.com\/wp-content\/uploads\/2025\/11\/LA-ACADEMIA3_001-1.jpg 1479w\" sizes=\"auto, (max-width: 1024px) 100vw, 1024px\" \/><\/figure>\n\n\n\n<p><\/p>\n","protected":false},"excerpt":{"rendered":"<p>. LA ACADEMIA DE DON MANUEL VALLE. COLECCI\u00d3N&nbsp;LA PEQUE\u00d1A HISTORIA&nbsp;(N\u00ba 1) ISBN:&nbsp;978-84-948637-4-5&nbsp;D. L.&nbsp;MA 620-2019 N\u00famero de p\u00e1ginas: 154 . Juan Antonio S\u00e1nchez Tor\u00e9 nace en V\u00e9lez-M\u00e1laga el&nbsp; 20 de diciembre de 1947. Hasta los seis a\u00f1os vive en Badajoz. Regresa a su ciudad natal, asistiendo al colegio de los Franciscanos. Cursa estudios de Bachillerato Superior [&hellip;]<\/p>\n","protected":false},"author":1,"featured_media":0,"parent":0,"menu_order":0,"comment_status":"closed","ping_status":"closed","template":"","meta":{"footnotes":""},"class_list":["post-1288","page","type-page","status-publish","hentry"],"_links":{"self":[{"href":"https:\/\/librosdelaaxarquia.com\/index.php?rest_route=\/wp\/v2\/pages\/1288","targetHints":{"allow":["GET"]}}],"collection":[{"href":"https:\/\/librosdelaaxarquia.com\/index.php?rest_route=\/wp\/v2\/pages"}],"about":[{"href":"https:\/\/librosdelaaxarquia.com\/index.php?rest_route=\/wp\/v2\/types\/page"}],"author":[{"embeddable":true,"href":"https:\/\/librosdelaaxarquia.com\/index.php?rest_route=\/wp\/v2\/users\/1"}],"replies":[{"embeddable":true,"href":"https:\/\/librosdelaaxarquia.com\/index.php?rest_route=%2Fwp%2Fv2%2Fcomments&post=1288"}],"version-history":[{"count":5,"href":"https:\/\/librosdelaaxarquia.com\/index.php?rest_route=\/wp\/v2\/pages\/1288\/revisions"}],"predecessor-version":[{"id":2415,"href":"https:\/\/librosdelaaxarquia.com\/index.php?rest_route=\/wp\/v2\/pages\/1288\/revisions\/2415"}],"wp:attachment":[{"href":"https:\/\/librosdelaaxarquia.com\/index.php?rest_route=%2Fwp%2Fv2%2Fmedia&parent=1288"}],"curies":[{"name":"wp","href":"https:\/\/api.w.org\/{rel}","templated":true}]}}