{"id":1293,"date":"2025-11-23T10:45:59","date_gmt":"2025-11-23T09:45:59","guid":{"rendered":"https:\/\/librosdelaaxarquia.com\/?page_id=1293"},"modified":"2025-12-06T22:15:07","modified_gmt":"2025-12-06T21:15:07","slug":"rafael-morales-torres","status":"publish","type":"page","link":"https:\/\/librosdelaaxarquia.com\/?page_id=1293","title":{"rendered":"RAFAEL MORALES TORRES"},"content":{"rendered":"\n<figure class=\"wp-block-image aligncenter size-full is-resized\"><img loading=\"lazy\" decoding=\"async\" width=\"642\" height=\"927\" src=\"https:\/\/librosdelaaxarquia.com\/wp-content\/uploads\/2025\/12\/Foto-solapa-A.jpg\" alt=\"\" class=\"wp-image-1925\" style=\"width:332px;height:auto\" srcset=\"https:\/\/librosdelaaxarquia.com\/wp-content\/uploads\/2025\/12\/Foto-solapa-A.jpg 642w, https:\/\/librosdelaaxarquia.com\/wp-content\/uploads\/2025\/12\/Foto-solapa-A-208x300.jpg 208w\" sizes=\"auto, (max-width: 642px) 100vw, 642px\" \/><\/figure>\n\n\n\n<div style=\"height:18px\" aria-hidden=\"true\" class=\"wp-block-spacer\"><\/div>\n\n\n\n<p>Rafael Morales Torres naci\u00f3 el 22 de febrero de 1932, en la ciudad de Loja, provincia de Granada. Hijo de Antonio Morales Jaimez y de Concepci\u00f3n Torres Ropero. A la edad de nueve a\u00f1os queda hu\u00e9rfano de madre, encarg\u00e1ndose de su crianza su abuela materna.<\/p>\n\n\n\n<p>Cursa sus estudios primarios y de Bachillerato en el Colegio Santo Domingo de Loja. Comienza trabajando en el Ayuntamiento de Loja como contable, para terminar, m\u00e1s tarde, ejerciendo de interventor, actividad que compagina con la de profesor de dibujo en la Escuela de Artes y Oficios, como profesor t\u00e9cnico de Formaci\u00f3n Profesional.<\/p>\n\n\n\n<p>En 1958 contrae matrimonio con su compa\u00f1era de vida, Pepa Ortega Jaimez, con la que tuvo seis hijos. &nbsp;<\/p>\n\n\n\n<p>Fue locutor en la emisora de radio <em>La Voz de Loja,<\/em> socio fundador de la <em>Pe\u00f1a Cultural Flamenca Alcazaba<\/em>, y del concurso de cante jondo <em>La Volaera Flamenca. <\/em>Fue asiduo pregonero de la Semana Santa loje\u00f1a, y contribuy\u00f3 a la misma con su rica aportaci\u00f3n literaria.<\/p>\n\n\n\n<p>En el a\u00f1o 2001, ya jubilado y viudo; se traslada a vivir, con su hija Mari\u00e9n y familia, a V\u00e9lez-M\u00e1laga, integr\u00e1ndose fuertemente en al mundo flamenco, social y cultural vele\u00f1o.<\/p>\n\n\n\n<p>Hombre ilustrado y polifac\u00e9tico, apasionado del flamenco y de la poes\u00eda, as\u00ed como de la Semana Santa de su tierra y de sus tradiciones, vive en la capital de la Axarqu\u00eda un nuevo renacer personal y art\u00edstico en las dos \u00faltimas d\u00e9cada de su vida, dando charlas y presentando festivales, \u2013abundando los de flamenco\u2013, as\u00ed como en recitales po\u00e9ticos. donde luci\u00f3 su idoneidad como rapsoda. Y todo ello sin perder el v\u00ednculo con su Loja del alma.<\/p>\n\n\n\n<p>El 17 de diciembre del 2018 fallece en su pueblo de acogida.<\/p>\n\n\n\n<p>.<\/p>\n\n\n\n<figure class=\"wp-block-image aligncenter size-full\"><img loading=\"lazy\" decoding=\"async\" width=\"429\" height=\"690\" src=\"https:\/\/librosdelaaxarquia.com\/wp-content\/uploads\/2025\/11\/R.-MORALES_001-1.jpg\" alt=\"\" class=\"wp-image-1294\" srcset=\"https:\/\/librosdelaaxarquia.com\/wp-content\/uploads\/2025\/11\/R.-MORALES_001-1.jpg 429w, https:\/\/librosdelaaxarquia.com\/wp-content\/uploads\/2025\/11\/R.-MORALES_001-1-187x300.jpg 187w\" sizes=\"auto, (max-width: 429px) 100vw, 429px\" \/><\/figure>\n\n\n\n<div style=\"height:8px\" aria-hidden=\"true\" class=\"wp-block-spacer\"><\/div>\n","protected":false},"excerpt":{"rendered":"<p>Rafael Morales Torres naci\u00f3 el 22 de febrero de 1932, en la ciudad de Loja, provincia de Granada. Hijo de Antonio Morales Jaimez y de Concepci\u00f3n Torres Ropero. A la edad de nueve a\u00f1os queda hu\u00e9rfano de madre, encarg\u00e1ndose de su crianza su abuela materna. Cursa sus estudios primarios y de Bachillerato en el Colegio [&hellip;]<\/p>\n","protected":false},"author":1,"featured_media":0,"parent":0,"menu_order":0,"comment_status":"closed","ping_status":"closed","template":"","meta":{"footnotes":""},"class_list":["post-1293","page","type-page","status-publish","hentry"],"_links":{"self":[{"href":"https:\/\/librosdelaaxarquia.com\/index.php?rest_route=\/wp\/v2\/pages\/1293","targetHints":{"allow":["GET"]}}],"collection":[{"href":"https:\/\/librosdelaaxarquia.com\/index.php?rest_route=\/wp\/v2\/pages"}],"about":[{"href":"https:\/\/librosdelaaxarquia.com\/index.php?rest_route=\/wp\/v2\/types\/page"}],"author":[{"embeddable":true,"href":"https:\/\/librosdelaaxarquia.com\/index.php?rest_route=\/wp\/v2\/users\/1"}],"replies":[{"embeddable":true,"href":"https:\/\/librosdelaaxarquia.com\/index.php?rest_route=%2Fwp%2Fv2%2Fcomments&post=1293"}],"version-history":[{"count":3,"href":"https:\/\/librosdelaaxarquia.com\/index.php?rest_route=\/wp\/v2\/pages\/1293\/revisions"}],"predecessor-version":[{"id":2237,"href":"https:\/\/librosdelaaxarquia.com\/index.php?rest_route=\/wp\/v2\/pages\/1293\/revisions\/2237"}],"wp:attachment":[{"href":"https:\/\/librosdelaaxarquia.com\/index.php?rest_route=%2Fwp%2Fv2%2Fmedia&parent=1293"}],"curies":[{"name":"wp","href":"https:\/\/api.w.org\/{rel}","templated":true}]}}