{"id":1297,"date":"2025-11-23T10:50:17","date_gmt":"2025-11-23T09:50:17","guid":{"rendered":"https:\/\/librosdelaaxarquia.com\/?page_id=1297"},"modified":"2025-12-01T23:26:52","modified_gmt":"2025-12-01T22:26:52","slug":"jose-luis-alvarez-burgos","status":"publish","type":"page","link":"https:\/\/librosdelaaxarquia.com\/?page_id=1297","title":{"rendered":"JOS\u00c9 LUIS \u00c1LVAREZ BURGOS"},"content":{"rendered":"\n<figure class=\"wp-block-image aligncenter size-large is-resized\"><img loading=\"lazy\" decoding=\"async\" width=\"749\" height=\"1024\" src=\"https:\/\/librosdelaaxarquia.com\/wp-content\/uploads\/2025\/12\/Foto-autor-749x1024.jpg\" alt=\"\" class=\"wp-image-1927\" style=\"width:374px;height:auto\" srcset=\"https:\/\/librosdelaaxarquia.com\/wp-content\/uploads\/2025\/12\/Foto-autor-749x1024.jpg 749w, https:\/\/librosdelaaxarquia.com\/wp-content\/uploads\/2025\/12\/Foto-autor-219x300.jpg 219w, https:\/\/librosdelaaxarquia.com\/wp-content\/uploads\/2025\/12\/Foto-autor-768x1050.jpg 768w, https:\/\/librosdelaaxarquia.com\/wp-content\/uploads\/2025\/12\/Foto-autor-1123x1536.jpg 1123w, https:\/\/librosdelaaxarquia.com\/wp-content\/uploads\/2025\/12\/Foto-autor-1498x2048.jpg 1498w, https:\/\/librosdelaaxarquia.com\/wp-content\/uploads\/2025\/12\/Foto-autor-scaled.jpg 1872w\" sizes=\"auto, (max-width: 749px) 100vw, 749px\" \/><\/figure>\n\n\n\n<div style=\"height:13px\" aria-hidden=\"true\" class=\"wp-block-spacer\"><\/div>\n\n\n\n<p>Jos\u00e9 Luis \u00c1lvarez Burgos nace en el Barrio de Capuchinos de la M \u00e1laga en blanco y negro de 1955. Tuvo su contacto con las primeras letras en el parvulario de la Escuela Mar\u00eda Auxiliadora, en la Carrera de Capuchinos, del mismo barrio.<\/p>\n\n\n\n<p>En el a\u00f1o de 1967 se traslada a Torre del Mar con su familia, donde, entre trabajo y estudios llega hasta 5\u00ba de bachillerato. Trabajo y estudios siempre ha sido su constante.<\/p>\n\n\n\n<p>Ya casado, y estabilizado en lo laboral, teniendo conocimiento del Curso de Acceso a la Universidad para Mayores de 25 a\u00f1os en V\u00e9lez-M\u00e1laga, inicia su andanza en el Centro de Personas Adultas Mar\u00eda Zambrano, situado por aquellos tiempos en las aulas del hist\u00f3rico Convento de San Francisco.<\/p>\n\n\n\n<p>Posteriormente ingresa en la universidad malague\u00f1a y, en el a\u00f1o de 1993, termina sus estudios universitarios de licenciatura en Historia. Posteriormente lleva a cabo con \u00e9xito el Curso de Adaptaci\u00f3n Pedag\u00f3gica, en el Instituto Miguel Romero Esteo.<\/p>\n\n\n\n<p>.<\/p>\n\n\n\n<figure class=\"wp-block-image aligncenter size-full\"><img loading=\"lazy\" decoding=\"async\" width=\"429\" height=\"688\" src=\"https:\/\/librosdelaaxarquia.com\/wp-content\/uploads\/2025\/11\/LA-PRENSA_001-2.jpg\" alt=\"\" class=\"wp-image-1298\" srcset=\"https:\/\/librosdelaaxarquia.com\/wp-content\/uploads\/2025\/11\/LA-PRENSA_001-2.jpg 429w, https:\/\/librosdelaaxarquia.com\/wp-content\/uploads\/2025\/11\/LA-PRENSA_001-2-187x300.jpg 187w\" sizes=\"auto, (max-width: 429px) 100vw, 429px\" \/><\/figure>\n","protected":false},"excerpt":{"rendered":"<p>Jos\u00e9 Luis \u00c1lvarez Burgos nace en el Barrio de Capuchinos de la M \u00e1laga en blanco y negro de 1955. Tuvo su contacto con las primeras letras en el parvulario de la Escuela Mar\u00eda Auxiliadora, en la Carrera de Capuchinos, del mismo barrio. En el a\u00f1o de 1967 se traslada a Torre del Mar con [&hellip;]<\/p>\n","protected":false},"author":1,"featured_media":0,"parent":0,"menu_order":0,"comment_status":"closed","ping_status":"closed","template":"","meta":{"footnotes":""},"class_list":["post-1297","page","type-page","status-publish","hentry"],"_links":{"self":[{"href":"https:\/\/librosdelaaxarquia.com\/index.php?rest_route=\/wp\/v2\/pages\/1297","targetHints":{"allow":["GET"]}}],"collection":[{"href":"https:\/\/librosdelaaxarquia.com\/index.php?rest_route=\/wp\/v2\/pages"}],"about":[{"href":"https:\/\/librosdelaaxarquia.com\/index.php?rest_route=\/wp\/v2\/types\/page"}],"author":[{"embeddable":true,"href":"https:\/\/librosdelaaxarquia.com\/index.php?rest_route=\/wp\/v2\/users\/1"}],"replies":[{"embeddable":true,"href":"https:\/\/librosdelaaxarquia.com\/index.php?rest_route=%2Fwp%2Fv2%2Fcomments&post=1297"}],"version-history":[{"count":2,"href":"https:\/\/librosdelaaxarquia.com\/index.php?rest_route=\/wp\/v2\/pages\/1297\/revisions"}],"predecessor-version":[{"id":1928,"href":"https:\/\/librosdelaaxarquia.com\/index.php?rest_route=\/wp\/v2\/pages\/1297\/revisions\/1928"}],"wp:attachment":[{"href":"https:\/\/librosdelaaxarquia.com\/index.php?rest_route=%2Fwp%2Fv2%2Fmedia&parent=1297"}],"curies":[{"name":"wp","href":"https:\/\/api.w.org\/{rel}","templated":true}]}}