{"id":1301,"date":"2025-11-23T11:00:24","date_gmt":"2025-11-23T10:00:24","guid":{"rendered":"https:\/\/librosdelaaxarquia.com\/?page_id=1301"},"modified":"2025-11-29T13:59:15","modified_gmt":"2025-11-29T12:59:15","slug":"salvador-conde-lobato","status":"publish","type":"page","link":"https:\/\/librosdelaaxarquia.com\/?page_id=1301","title":{"rendered":"SALVADOR CONDE LOBATO"},"content":{"rendered":"\n<figure class=\"wp-block-image size-large\"><img loading=\"lazy\" decoding=\"async\" width=\"1024\" height=\"717\" src=\"https:\/\/librosdelaaxarquia.com\/wp-content\/uploads\/2025\/11\/IMG_5449-1024x717.jpg\" alt=\"\" class=\"wp-image-1709\" srcset=\"https:\/\/librosdelaaxarquia.com\/wp-content\/uploads\/2025\/11\/IMG_5449-1024x717.jpg 1024w, https:\/\/librosdelaaxarquia.com\/wp-content\/uploads\/2025\/11\/IMG_5449-300x210.jpg 300w, https:\/\/librosdelaaxarquia.com\/wp-content\/uploads\/2025\/11\/IMG_5449-768x538.jpg 768w, https:\/\/librosdelaaxarquia.com\/wp-content\/uploads\/2025\/11\/IMG_5449-1536x1075.jpg 1536w, https:\/\/librosdelaaxarquia.com\/wp-content\/uploads\/2025\/11\/IMG_5449-2048x1434.jpg 2048w\" sizes=\"auto, (max-width: 1024px) 100vw, 1024px\" \/><\/figure>\n\n\n\n<div style=\"height:10px\" aria-hidden=\"true\" class=\"wp-block-spacer\"><\/div>\n\n\n\n<p>Salvador Conde Lobato<a><\/a> nace en V\u00e9lez-M\u00e1laga y se inicia desde muy joven en el aprendizaje de la guitarra y el estudio del Arte Flamenco.<\/p>\n\n\n\n<p>Compositor, como gran vocaci\u00f3n, es miembro de la Sociedad General de Autores de Espa\u00f1a. Compone y estrena su primera <em>Misa Andaluza<\/em> en la Catedral de Santo Domingo de la Calzada (Logro\u00f1o). Compone y dirige, en la Parroquia de San Pablo, la <em>Misa de Alba<\/em> para el Se\u00f1or Cautivo de M\u00e1laga. Compone y dirige en la Ermita del Roc\u00edo, <em>Misa Peregrina en Honor de la Sant\u00edsima Virgen del Roc\u00edo<\/em> y encargada por la Hermandad del Roc\u00edo La Caleta de M\u00e1laga. Compone y dirige la <em>Misa Flamenca<\/em> de la finalizaci\u00f3n de los actos conmemorativos del 75 Aniversario Fundacional de la Agrupaci\u00f3n de Cofrad\u00edas de Semana Santa de V\u00e9lez-M\u00e1laga. Compone y dirige al <em>Grupo Entre Retamas<\/em> de V\u00e9lez-M\u00e1laga en su participaci\u00f3n en el Festival Internacional Folkl\u00f3rico de Segovia y el Internacional de Portugal. Compone y dirige la grabaci\u00f3n discogr\u00e1fica que contiene <em>Villancicos<\/em> y <em>Misa del Gallo<\/em> en San Francisco\u2026<\/p>\n\n\n\n<p>Conferenciante y tratadista flamenco, fue homenajeado en el XXXII Festival Flamenco Juan Breva (2010).<\/p>\n\n\n\n<p>Escudo de Oro de la Pe\u00f1a Flamenca Ni\u00f1o de V\u00e9lez, de V\u00e9lez-M\u00e1laga.<\/p>\n\n\n\n<p>Ha sido pregonero de La Semana Santa de V\u00e9lez-M\u00e1laga, de la Real Feria de San Miguel de V\u00e9lez-M\u00e1laga, de las Bodas de Plata de la Romer\u00eda Sagrado Coraz\u00f3n de Jes\u00fas de Almayate. Y, as\u00ed mismo, ha pregonado a numerosas Cofrad\u00edas y Hermandades de Pasi\u00f3n y Gloria en la capital de la Axarqu\u00eda.<\/p>\n\n\n\n<div style=\"height:16px\" aria-hidden=\"true\" class=\"wp-block-spacer\"><\/div>\n\n\n\n<figure class=\"wp-block-image size-large\"><img loading=\"lazy\" decoding=\"async\" width=\"1024\" height=\"516\" src=\"https:\/\/librosdelaaxarquia.com\/wp-content\/uploads\/2025\/11\/LA-MUSICA-1024x516.jpg\" alt=\"\" class=\"wp-image-1302\" srcset=\"https:\/\/librosdelaaxarquia.com\/wp-content\/uploads\/2025\/11\/LA-MUSICA-1024x516.jpg 1024w, https:\/\/librosdelaaxarquia.com\/wp-content\/uploads\/2025\/11\/LA-MUSICA-300x151.jpg 300w, https:\/\/librosdelaaxarquia.com\/wp-content\/uploads\/2025\/11\/LA-MUSICA-768x387.jpg 768w, https:\/\/librosdelaaxarquia.com\/wp-content\/uploads\/2025\/11\/LA-MUSICA.jpg 1480w\" sizes=\"auto, (max-width: 1024px) 100vw, 1024px\" \/><\/figure>\n","protected":false},"excerpt":{"rendered":"<p>Salvador Conde Lobato nace en V\u00e9lez-M\u00e1laga y se inicia desde muy joven en el aprendizaje de la guitarra y el estudio del Arte Flamenco. Compositor, como gran vocaci\u00f3n, es miembro de la Sociedad General de Autores de Espa\u00f1a. Compone y estrena su primera Misa Andaluza en la Catedral de Santo Domingo de la Calzada (Logro\u00f1o). [&hellip;]<\/p>\n","protected":false},"author":1,"featured_media":0,"parent":0,"menu_order":0,"comment_status":"closed","ping_status":"closed","template":"","meta":{"footnotes":""},"class_list":["post-1301","page","type-page","status-publish","hentry"],"_links":{"self":[{"href":"https:\/\/librosdelaaxarquia.com\/index.php?rest_route=\/wp\/v2\/pages\/1301","targetHints":{"allow":["GET"]}}],"collection":[{"href":"https:\/\/librosdelaaxarquia.com\/index.php?rest_route=\/wp\/v2\/pages"}],"about":[{"href":"https:\/\/librosdelaaxarquia.com\/index.php?rest_route=\/wp\/v2\/types\/page"}],"author":[{"embeddable":true,"href":"https:\/\/librosdelaaxarquia.com\/index.php?rest_route=\/wp\/v2\/users\/1"}],"replies":[{"embeddable":true,"href":"https:\/\/librosdelaaxarquia.com\/index.php?rest_route=%2Fwp%2Fv2%2Fcomments&post=1301"}],"version-history":[{"count":3,"href":"https:\/\/librosdelaaxarquia.com\/index.php?rest_route=\/wp\/v2\/pages\/1301\/revisions"}],"predecessor-version":[{"id":1710,"href":"https:\/\/librosdelaaxarquia.com\/index.php?rest_route=\/wp\/v2\/pages\/1301\/revisions\/1710"}],"wp:attachment":[{"href":"https:\/\/librosdelaaxarquia.com\/index.php?rest_route=%2Fwp%2Fv2%2Fmedia&parent=1301"}],"curies":[{"name":"wp","href":"https:\/\/api.w.org\/{rel}","templated":true}]}}