{"id":1309,"date":"2025-11-23T12:49:50","date_gmt":"2025-11-23T11:49:50","guid":{"rendered":"https:\/\/librosdelaaxarquia.com\/?page_id=1309"},"modified":"2025-12-01T23:29:59","modified_gmt":"2025-12-01T22:29:59","slug":"miguel-ranea-fernandez","status":"publish","type":"page","link":"https:\/\/librosdelaaxarquia.com\/?page_id=1309","title":{"rendered":"MIGUEL RANEA FERN\u00c1NDEZ"},"content":{"rendered":"\n<figure class=\"wp-block-image aligncenter size-full is-resized\"><img loading=\"lazy\" decoding=\"async\" width=\"533\" height=\"677\" src=\"https:\/\/librosdelaaxarquia.com\/wp-content\/uploads\/2025\/12\/img014.jpg\" alt=\"\" class=\"wp-image-1929\" style=\"width:338px;height:auto\" srcset=\"https:\/\/librosdelaaxarquia.com\/wp-content\/uploads\/2025\/12\/img014.jpg 533w, https:\/\/librosdelaaxarquia.com\/wp-content\/uploads\/2025\/12\/img014-236x300.jpg 236w\" sizes=\"auto, (max-width: 533px) 100vw, 533px\" \/><\/figure>\n\n\n\n<div style=\"height:19px\" aria-hidden=\"true\" class=\"wp-block-spacer\"><\/div>\n\n\n\n<p>El profesor <strong>Miguel Ranea Fern\u00e1ndez<\/strong> (V\u00e9lez-M\u00e1laga, 1940) durante su dilatada vidas profesional compatibiliz\u00f3 en todo momento su labor docente con la investigaci\u00f3n hist\u00f3rica y la puesta en valor del patrimonio cultural de la Axarqu\u00eda, impartiendo y compartiendo conferencias, seminarios, estudios, art\u00edculos y documentaci\u00f3n.<\/p>\n\n\n\n<p>Durante muchos a\u00f1os investig\u00f3 la Batalla Naval de V\u00e9lez-M\u00e1laga, y, finalmente, junto con el compa\u00f1ero Francisco Montoro Fern\u00e1ndez publicaron el exitoso libro <em><strong><a href=\"https:\/\/librosdelaaxarquia.com\/?page_id=600\" data-type=\"page\" data-id=\"600\">La Batalla Naval de V\u00e9lez-M\u00e1laga<\/a><\/strong>. (24 de agosto de 1704). Testimonios <\/em>del que se han hecho dos ediciones.<\/p>\n\n\n\n<p>Ha sido un excelente coleccionista de libros, grabados y testimonios varios de V\u00e9lez-M\u00e1laga y la Axarqu\u00eda, que esperan ser recibidos, alg\u00fan d\u00eda, en el Museo de la Ciudad.<\/p>\n\n\n\n<p>Profeta en su tierra, ha tenido el reconocimiento generalizado de sus conciudadanos, siendo galardonado con el Escudo de Oro de la Ciudad.<\/p>\n\n\n\n<p>.<\/p>\n\n\n\n<figure class=\"wp-block-image size-large\"><img loading=\"lazy\" decoding=\"async\" width=\"1024\" height=\"582\" src=\"https:\/\/librosdelaaxarquia.com\/wp-content\/uploads\/2025\/11\/BATALLA_NAVAL-1024x582.jpg\" alt=\"\" class=\"wp-image-1310\" srcset=\"https:\/\/librosdelaaxarquia.com\/wp-content\/uploads\/2025\/11\/BATALLA_NAVAL-1024x582.jpg 1024w, https:\/\/librosdelaaxarquia.com\/wp-content\/uploads\/2025\/11\/BATALLA_NAVAL-300x170.jpg 300w, https:\/\/librosdelaaxarquia.com\/wp-content\/uploads\/2025\/11\/BATALLA_NAVAL-768x436.jpg 768w, https:\/\/librosdelaaxarquia.com\/wp-content\/uploads\/2025\/11\/BATALLA_NAVAL.jpg 1223w\" sizes=\"auto, (max-width: 1024px) 100vw, 1024px\" \/><\/figure>\n\n\n\n<p><\/p>\n","protected":false},"excerpt":{"rendered":"<p>El profesor Miguel Ranea Fern\u00e1ndez (V\u00e9lez-M\u00e1laga, 1940) durante su dilatada vidas profesional compatibiliz\u00f3 en todo momento su labor docente con la investigaci\u00f3n hist\u00f3rica y la puesta en valor del patrimonio cultural de la Axarqu\u00eda, impartiendo y compartiendo conferencias, seminarios, estudios, art\u00edculos y documentaci\u00f3n. Durante muchos a\u00f1os investig\u00f3 la Batalla Naval de V\u00e9lez-M\u00e1laga, y, finalmente, junto [&hellip;]<\/p>\n","protected":false},"author":1,"featured_media":0,"parent":0,"menu_order":0,"comment_status":"closed","ping_status":"closed","template":"","meta":{"footnotes":""},"class_list":["post-1309","page","type-page","status-publish","hentry"],"_links":{"self":[{"href":"https:\/\/librosdelaaxarquia.com\/index.php?rest_route=\/wp\/v2\/pages\/1309","targetHints":{"allow":["GET"]}}],"collection":[{"href":"https:\/\/librosdelaaxarquia.com\/index.php?rest_route=\/wp\/v2\/pages"}],"about":[{"href":"https:\/\/librosdelaaxarquia.com\/index.php?rest_route=\/wp\/v2\/types\/page"}],"author":[{"embeddable":true,"href":"https:\/\/librosdelaaxarquia.com\/index.php?rest_route=\/wp\/v2\/users\/1"}],"replies":[{"embeddable":true,"href":"https:\/\/librosdelaaxarquia.com\/index.php?rest_route=%2Fwp%2Fv2%2Fcomments&post=1309"}],"version-history":[{"count":3,"href":"https:\/\/librosdelaaxarquia.com\/index.php?rest_route=\/wp\/v2\/pages\/1309\/revisions"}],"predecessor-version":[{"id":1931,"href":"https:\/\/librosdelaaxarquia.com\/index.php?rest_route=\/wp\/v2\/pages\/1309\/revisions\/1931"}],"wp:attachment":[{"href":"https:\/\/librosdelaaxarquia.com\/index.php?rest_route=%2Fwp%2Fv2%2Fmedia&parent=1309"}],"curies":[{"name":"wp","href":"https:\/\/api.w.org\/{rel}","templated":true}]}}