{"id":1321,"date":"2025-11-23T17:57:09","date_gmt":"2025-11-23T16:57:09","guid":{"rendered":"https:\/\/librosdelaaxarquia.com\/?page_id=1321"},"modified":"2025-11-24T23:45:05","modified_gmt":"2025-11-24T22:45:05","slug":"luis-tellez-herrera","status":"publish","type":"page","link":"https:\/\/librosdelaaxarquia.com\/?page_id=1321","title":{"rendered":"LUIS T\u00c9LLEZ HERRERA"},"content":{"rendered":"\n<figure class=\"wp-block-image size-large\"><img loading=\"lazy\" decoding=\"async\" width=\"1024\" height=\"610\" src=\"https:\/\/librosdelaaxarquia.com\/wp-content\/uploads\/2025\/11\/09-CRONICA-3-1024x610.jpg\" alt=\"\" class=\"wp-image-1322\" srcset=\"https:\/\/librosdelaaxarquia.com\/wp-content\/uploads\/2025\/11\/09-CRONICA-3-1024x610.jpg 1024w, https:\/\/librosdelaaxarquia.com\/wp-content\/uploads\/2025\/11\/09-CRONICA-3-300x179.jpg 300w, https:\/\/librosdelaaxarquia.com\/wp-content\/uploads\/2025\/11\/09-CRONICA-3-768x457.jpg 768w, https:\/\/librosdelaaxarquia.com\/wp-content\/uploads\/2025\/11\/09-CRONICA-3-1536x915.jpg 1536w, https:\/\/librosdelaaxarquia.com\/wp-content\/uploads\/2025\/11\/09-CRONICA-3-2048x1220.jpg 2048w\" sizes=\"auto, (max-width: 1024px) 100vw, 1024px\" \/><\/figure>\n\n\n\n<p>.<\/p>\n\n\n\n<p><strong>Don Luis T\u00e9llez Herrera<\/strong> (1901-1980), m\u00e9dico, marino y maestro, naci\u00f3 y muri\u00f3 en V\u00e9lez-M\u00e1laga, ciudad a la que am\u00f3 profundamente.&nbsp; Comienza tard\u00edamente el bachiller, a los 19 a\u00f1os, matricul\u00e1ndose libre en el Instituto de M\u00e1laga, donde logr\u00f3 finalizarlo en solo dos cursos. Su inquietud por el mar le llev\u00f3 a realizar la carrera de ma\u00adrino mercante que curs\u00f3 en la ya desaparecida Escuela N\u00e1utica de M\u00e1laga, y, reci\u00e9n acabados estos estudios, inici\u00f3 los de medicina, que, despu\u00e9s de tres a\u00f1os como estudiante libre y tres como oficial, termin\u00f3 en la Facultad de C\u00e1diz, donde obtuvo la licenciatura con menci\u00f3n especial. M\u00e1s tarde realizar\u00e1 los estudios de Magisterio que a\u00f1ade a su curr\u00edculum intelectual. Durante la guerra civil consigue la plaza, por oposici\u00f3n, de m\u00e9\u00addico titular de su ciudad natal, que desempe\u00f1a hasta 1972, a\u00f1o de su jubilaci\u00f3n. Una de sus aficiones m\u00e1s caracter\u00edsticas fue el estudio y lectura de textos hist\u00f3ricos, especialmente los relacionados con la historia local. Y durante m\u00e1s de 15 a\u00f1os fue corresponsal de prensa de los diarios malague\u00f1os SUR y LA TARDE, colaborando, asi\u00admismo, en numerosas emisiones radiof\u00f3nicas. Muri\u00f3 el 17 de sep\u00adtiembre de 1980.<\/p>\n\n\n\n<p>.<\/p>\n\n\n\n<figure class=\"wp-block-image aligncenter size-large is-resized\"><img loading=\"lazy\" decoding=\"async\" width=\"642\" height=\"1024\" src=\"https:\/\/librosdelaaxarquia.com\/wp-content\/uploads\/2025\/11\/09-CRONICA-4-642x1024.jpg\" alt=\"\" class=\"wp-image-1323\" style=\"width:482px;height:auto\" srcset=\"https:\/\/librosdelaaxarquia.com\/wp-content\/uploads\/2025\/11\/09-CRONICA-4-642x1024.jpg 642w, https:\/\/librosdelaaxarquia.com\/wp-content\/uploads\/2025\/11\/09-CRONICA-4-188x300.jpg 188w, https:\/\/librosdelaaxarquia.com\/wp-content\/uploads\/2025\/11\/09-CRONICA-4-768x1225.jpg 768w, https:\/\/librosdelaaxarquia.com\/wp-content\/uploads\/2025\/11\/09-CRONICA-4.jpg 894w\" sizes=\"auto, (max-width: 642px) 100vw, 642px\" \/><\/figure>\n\n\n\n<p>.<\/p>\n\n\n\n<p class=\"has-text-align-center\"><strong>SPOT DEL LIBRO<\/strong><\/p>\n\n\n\n<figure class=\"wp-block-embed is-type-video is-provider-youtube wp-block-embed-youtube wp-embed-aspect-16-9 wp-has-aspect-ratio\"><div class=\"wp-block-embed__wrapper\">\n<iframe loading=\"lazy\" title=\"SPOT CR\u00d3NICA HIST\u00d3RICA\" width=\"500\" height=\"281\" src=\"https:\/\/www.youtube.com\/embed\/2CsNhL2MeVs?feature=oembed\" frameborder=\"0\" allow=\"accelerometer; autoplay; clipboard-write; encrypted-media; gyroscope; picture-in-picture; web-share\" referrerpolicy=\"strict-origin-when-cross-origin\" allowfullscreen><\/iframe>\n<\/div><\/figure>\n","protected":false},"excerpt":{"rendered":"<p>. Don Luis T\u00e9llez Herrera (1901-1980), m\u00e9dico, marino y maestro, naci\u00f3 y muri\u00f3 en V\u00e9lez-M\u00e1laga, ciudad a la que am\u00f3 profundamente.&nbsp; Comienza tard\u00edamente el bachiller, a los 19 a\u00f1os, matricul\u00e1ndose libre en el Instituto de M\u00e1laga, donde logr\u00f3 finalizarlo en solo dos cursos. Su inquietud por el mar le llev\u00f3 a realizar la carrera de [&hellip;]<\/p>\n","protected":false},"author":1,"featured_media":0,"parent":0,"menu_order":0,"comment_status":"closed","ping_status":"closed","template":"","meta":{"footnotes":""},"class_list":["post-1321","page","type-page","status-publish","hentry"],"_links":{"self":[{"href":"https:\/\/librosdelaaxarquia.com\/index.php?rest_route=\/wp\/v2\/pages\/1321","targetHints":{"allow":["GET"]}}],"collection":[{"href":"https:\/\/librosdelaaxarquia.com\/index.php?rest_route=\/wp\/v2\/pages"}],"about":[{"href":"https:\/\/librosdelaaxarquia.com\/index.php?rest_route=\/wp\/v2\/types\/page"}],"author":[{"embeddable":true,"href":"https:\/\/librosdelaaxarquia.com\/index.php?rest_route=\/wp\/v2\/users\/1"}],"replies":[{"embeddable":true,"href":"https:\/\/librosdelaaxarquia.com\/index.php?rest_route=%2Fwp%2Fv2%2Fcomments&post=1321"}],"version-history":[{"count":3,"href":"https:\/\/librosdelaaxarquia.com\/index.php?rest_route=\/wp\/v2\/pages\/1321\/revisions"}],"predecessor-version":[{"id":1448,"href":"https:\/\/librosdelaaxarquia.com\/index.php?rest_route=\/wp\/v2\/pages\/1321\/revisions\/1448"}],"wp:attachment":[{"href":"https:\/\/librosdelaaxarquia.com\/index.php?rest_route=%2Fwp%2Fv2%2Fmedia&parent=1321"}],"curies":[{"name":"wp","href":"https:\/\/api.w.org\/{rel}","templated":true}]}}