{"id":1326,"date":"2025-11-23T18:06:27","date_gmt":"2025-11-23T17:06:27","guid":{"rendered":"https:\/\/librosdelaaxarquia.com\/?page_id=1326"},"modified":"2025-12-08T00:13:24","modified_gmt":"2025-12-07T23:13:24","slug":"antonio-de-la-cruz-herrera","status":"publish","type":"page","link":"https:\/\/librosdelaaxarquia.com\/?page_id=1326","title":{"rendered":"ANTONIO DE LA CRUZ HERRERA"},"content":{"rendered":"\n<figure class=\"wp-block-image aligncenter size-full is-resized\"><img loading=\"lazy\" decoding=\"async\" width=\"431\" height=\"696\" src=\"https:\/\/librosdelaaxarquia.com\/wp-content\/uploads\/2025\/11\/CACIQUISMO-1.jpg\" alt=\"\" class=\"wp-image-1327\" style=\"width:339px;height:auto\" srcset=\"https:\/\/librosdelaaxarquia.com\/wp-content\/uploads\/2025\/11\/CACIQUISMO-1.jpg 431w, https:\/\/librosdelaaxarquia.com\/wp-content\/uploads\/2025\/11\/CACIQUISMO-1-186x300.jpg 186w\" sizes=\"auto, (max-width: 431px) 100vw, 431px\" \/><\/figure>\n\n\n\n<div style=\"height:13px\" aria-hidden=\"true\" class=\"wp-block-spacer\"><\/div>\n\n\n\n<p><strong>Antonio de la Cruz Herrera<\/strong> naci\u00f3 en V\u00e9lez-M\u00e1laga en la segunda mitad del siglo XIX. Estudi\u00f3 Derecho y Filosof\u00eda en la Universidad de Granada, tras lo cual ejerci\u00f3 la abogac\u00eda en su ciudad natal..<\/p>\n\n\n\n<p>Poco sabemos de su vida privada, salvo que contrajo matrimonio con do\u00f1a Catalina Izquierdo Lluc, con quien tuvo cinco hijos: Luis, Antonio, Jos\u00e9, Catalina y Carmen. Posey\u00f3 una amplia y valiosa biblioteca, lo que despert\u00f3 en sus hijos e hijas un gran inter\u00e9s por la lectura.<\/p>\n\n\n\n<p>En su \u00e9poca el clima pol\u00edtico espa\u00f1ol se encontraba bajo lo que se ha venido a conocer como \u00abel caciquismo\u00bb, que a tantos males y errores llev\u00f3 a Espa\u00f1a en el tr\u00e1nsito de los siglos XIX al XX. Pol\u00edticamente don Antonio de la Cruz era republicano, af\u00edn al l\u00edder don Hermenegildo Giner de los R\u00edos, que fuese diputado a cortes por el distrito de V\u00e9lez-M\u00e1laga.<\/p>\n\n\n\n<p>Mantuvo un manifiesto enfrentamiento con el juez de instrucci\u00f3n de V\u00e9lez-M\u00e1laga don Jos\u00e9 L\u00f3pez Cardona, con cuyo motivo, y en defensa propia, escribi\u00f3 <em>Caciquismo e injusticias<\/em>. El 31 de octubre de 1904, el peri\u00f3dico malague\u00f1o <em>La Uni\u00f3n Mercantil<\/em> informaba de que&nbsp; hab\u00eda sido detenido por orden del juez de V\u00e9lez-M\u00e1laga.<\/p>\n\n\n\n<p>Fue un gran luchador en todos los aspectos y muri\u00f3 en su ciudad natal el 16 de abril de 1913.<\/p>\n\n\n\n<div style=\"height:13px\" aria-hidden=\"true\" class=\"wp-block-spacer\"><\/div>\n\n\n\n<figure class=\"wp-block-image size-large\"><img loading=\"lazy\" decoding=\"async\" width=\"1024\" height=\"512\" src=\"https:\/\/librosdelaaxarquia.com\/wp-content\/uploads\/2025\/11\/CACIQUISMO-2-1024x512.jpg\" alt=\"\" class=\"wp-image-1328\" srcset=\"https:\/\/librosdelaaxarquia.com\/wp-content\/uploads\/2025\/11\/CACIQUISMO-2-1024x512.jpg 1024w, https:\/\/librosdelaaxarquia.com\/wp-content\/uploads\/2025\/11\/CACIQUISMO-2-300x150.jpg 300w, https:\/\/librosdelaaxarquia.com\/wp-content\/uploads\/2025\/11\/CACIQUISMO-2-768x384.jpg 768w, https:\/\/librosdelaaxarquia.com\/wp-content\/uploads\/2025\/11\/CACIQUISMO-2.jpg 1492w\" sizes=\"auto, (max-width: 1024px) 100vw, 1024px\" \/><\/figure>\n\n\n\n<p>.<\/p>\n","protected":false},"excerpt":{"rendered":"<p>Antonio de la Cruz Herrera naci\u00f3 en V\u00e9lez-M\u00e1laga en la segunda mitad del siglo XIX. Estudi\u00f3 Derecho y Filosof\u00eda en la Universidad de Granada, tras lo cual ejerci\u00f3 la abogac\u00eda en su ciudad natal.. Poco sabemos de su vida privada, salvo que contrajo matrimonio con do\u00f1a Catalina Izquierdo Lluc, con quien tuvo cinco hijos: Luis, [&hellip;]<\/p>\n","protected":false},"author":1,"featured_media":0,"parent":0,"menu_order":0,"comment_status":"closed","ping_status":"closed","template":"","meta":{"footnotes":""},"class_list":["post-1326","page","type-page","status-publish","hentry"],"_links":{"self":[{"href":"https:\/\/librosdelaaxarquia.com\/index.php?rest_route=\/wp\/v2\/pages\/1326","targetHints":{"allow":["GET"]}}],"collection":[{"href":"https:\/\/librosdelaaxarquia.com\/index.php?rest_route=\/wp\/v2\/pages"}],"about":[{"href":"https:\/\/librosdelaaxarquia.com\/index.php?rest_route=\/wp\/v2\/types\/page"}],"author":[{"embeddable":true,"href":"https:\/\/librosdelaaxarquia.com\/index.php?rest_route=\/wp\/v2\/users\/1"}],"replies":[{"embeddable":true,"href":"https:\/\/librosdelaaxarquia.com\/index.php?rest_route=%2Fwp%2Fv2%2Fcomments&post=1326"}],"version-history":[{"count":3,"href":"https:\/\/librosdelaaxarquia.com\/index.php?rest_route=\/wp\/v2\/pages\/1326\/revisions"}],"predecessor-version":[{"id":2282,"href":"https:\/\/librosdelaaxarquia.com\/index.php?rest_route=\/wp\/v2\/pages\/1326\/revisions\/2282"}],"wp:attachment":[{"href":"https:\/\/librosdelaaxarquia.com\/index.php?rest_route=%2Fwp%2Fv2%2Fmedia&parent=1326"}],"curies":[{"name":"wp","href":"https:\/\/api.w.org\/{rel}","templated":true}]}}