{"id":1426,"date":"2025-11-24T12:35:30","date_gmt":"2025-11-24T11:35:30","guid":{"rendered":"https:\/\/librosdelaaxarquia.com\/?page_id=1426"},"modified":"2025-12-06T21:25:16","modified_gmt":"2025-12-06T20:25:16","slug":"sonidos-al-tiempo","status":"publish","type":"page","link":"https:\/\/librosdelaaxarquia.com\/?page_id=1426","title":{"rendered":"SONIDOS AL TIEMPO"},"content":{"rendered":"\n<figure class=\"wp-block-image aligncenter size-full\"><img loading=\"lazy\" decoding=\"async\" width=\"438\" height=\"672\" src=\"https:\/\/librosdelaaxarquia.com\/wp-content\/uploads\/2025\/11\/SONIDOS-AL-TIEMPO-3.jpg\" alt=\"\" class=\"wp-image-1427\" srcset=\"https:\/\/librosdelaaxarquia.com\/wp-content\/uploads\/2025\/11\/SONIDOS-AL-TIEMPO-3.jpg 438w, https:\/\/librosdelaaxarquia.com\/wp-content\/uploads\/2025\/11\/SONIDOS-AL-TIEMPO-3-196x300.jpg 196w\" sizes=\"auto, (max-width: 438px) 100vw, 438px\" \/><\/figure>\n\n\n\n<div style=\"height:27px\" aria-hidden=\"true\" class=\"wp-block-spacer\"><\/div>\n\n\n\n<p>AUTORA: <strong><em><a href=\"https:\/\/librosdelaaxarquia.com\/?page_id=1646\" data-type=\"page\" data-id=\"1646\">MARGARITA GARC\u00cdA-GAL\u00c1N D\u00cdAZ<\/a><\/em><\/strong><\/p>\n\n\n\n<p>COLECCI\u00d3N <strong><a href=\"https:\/\/librosdelaaxarquia.com\/?page_id=232\" data-type=\"page\" data-id=\"232\">ARGUMENTOS<\/a><\/strong> (N\u00ba 2)<\/p>\n\n\n\n<p><strong>ISBN:<\/strong>  978-84-126573-9-5 <strong>  D.  L. <\/strong>  MA 2185-2024<\/p>\n\n\n\n<p>N\u00famero de p\u00e1ginas:  320<\/p>\n\n\n\n<div style=\"height:5px\" aria-hidden=\"true\" class=\"wp-block-spacer\"><\/div>\n\n\n\n<p><strong>El placer de leer es un derecho inalienable del ser humano sensible e inteligente, y para ello resulta necesario que existan textos bellos y elocuentes como los de este libro. Todo aquel que se acerque hasta <\/strong><em>Sonidos al tiempo. (Argumentos con alma)<\/em><strong> \u2013y lo haga con paz\u2013 hallar\u00e1 un para\u00edso de emociones, un palacio de belleza, un castillo de ideas, un oc\u00e9ano de sensaciones\u2026, que le embriagar\u00e1 el esp\u00edritu y le facilitar\u00e1 el dar gracias a la vida por la bendici\u00f3n&nbsp; de haber sido alfabetizado. &nbsp;<\/strong><\/p>\n\n\n\n<p><strong>Margarita Garc\u00eda-Gal\u00e1n escribe tan maravillosamente que se ha ganado por derecho propio que este libro, para un lector inteligente, sea un compa\u00f1ero inseparable al que acudir, de tiempo en tiempo, para alimentar su alma, sus ilusiones y su sensibilidad.<\/strong><\/p>\n\n\n\n<p><strong>Con este libro \u2013como dir\u00eda Rub\u00e9n Dar\u00edo\u2013 vamos&nbsp; a tener un jard\u00edn en el bolsillo, un poderoso elefante que nos cruzar\u00e1 las monta\u00f1as de la soledad, una \u00e1gil fragata que nos llevar\u00e1 hasta pa\u00edses remotos\u2026 En fin, un arma revolucionaria capaz de transportarnos a sentimientos lejanos, y, como brillante alfombra voladora, depositarnos, con su magia, en lugares y espacios de ensue\u00f1os.<\/strong><\/p>\n\n\n\n<p><strong><em>Sonidos al tiempo (Argumentos con alma)<\/em><\/strong><strong> no es un libro para leer, sino para degustar su lectura. Un libro para transitar por nuestros pareceres con los contrastes esbeltos de una sensibilidad absolutamente creativa y productora de emociones.<\/strong><\/p>\n\n\n\n<div style=\"height:8px\" aria-hidden=\"true\" class=\"wp-block-spacer\"><\/div>\n\n\n\n<figure class=\"wp-block-embed is-type-video is-provider-youtube wp-block-embed-youtube wp-embed-aspect-16-9 wp-has-aspect-ratio\"><div class=\"wp-block-embed__wrapper\">\n<iframe loading=\"lazy\" title=\"Sonidos al tiempo\" width=\"500\" height=\"281\" src=\"https:\/\/www.youtube.com\/embed\/h6R7-M7uKRc?feature=oembed\" frameborder=\"0\" allow=\"accelerometer; autoplay; clipboard-write; encrypted-media; gyroscope; picture-in-picture; web-share\" referrerpolicy=\"strict-origin-when-cross-origin\" allowfullscreen><\/iframe>\n<\/div><\/figure>\n\n\n\n<div style=\"height:10px\" aria-hidden=\"true\" class=\"wp-block-spacer\"><\/div>\n\n\n\n<p class=\"has-text-align-center\"><strong>ACTO DE PRESENTACI\u00d3N<\/strong><\/p>\n\n\n\n<p class=\"has-text-align-center\">(Centro de Arte Contempor\u00e1neo)<\/p>\n\n\n\n<figure class=\"wp-block-embed is-type-video is-provider-youtube wp-block-embed-youtube wp-embed-aspect-16-9 wp-has-aspect-ratio\"><div class=\"wp-block-embed__wrapper\">\n<iframe loading=\"lazy\" title=\"SONIDOS AL TIEMPO\" width=\"500\" height=\"281\" src=\"https:\/\/www.youtube.com\/embed\/xL8Xteg9hHA?feature=oembed\" frameborder=\"0\" allow=\"accelerometer; autoplay; clipboard-write; encrypted-media; gyroscope; picture-in-picture; web-share\" referrerpolicy=\"strict-origin-when-cross-origin\" allowfullscreen><\/iframe>\n<\/div><\/figure>\n\n\n\n<div style=\"height:16px\" aria-hidden=\"true\" class=\"wp-block-spacer\"><\/div>\n\n\n\n<p class=\"has-text-align-center\"><strong>ACTO DE PRESENTACI\u00d3N DE LA COLECCI\u00d3N ARGUMENTOS<\/strong><\/p>\n\n\n\n<p class=\"has-text-align-center\">(SAL\u00d3N DE ACTOS DE LA AZUCARERA DE TORRE DEL MAR)<\/p>\n\n\n\n<div style=\"height:11px\" aria-hidden=\"true\" class=\"wp-block-spacer\"><\/div>\n\n\n\n<figure class=\"wp-block-embed is-type-video is-provider-youtube wp-block-embed-youtube wp-embed-aspect-16-9 wp-has-aspect-ratio\"><div class=\"wp-block-embed__wrapper\">\n<iframe loading=\"lazy\" title=\"ARGUMENTOS en TORRE DEL MAR\" width=\"500\" height=\"281\" src=\"https:\/\/www.youtube.com\/embed\/tGrY8Eqr6fM?feature=oembed\" frameborder=\"0\" allow=\"accelerometer; autoplay; clipboard-write; encrypted-media; gyroscope; picture-in-picture; web-share\" referrerpolicy=\"strict-origin-when-cross-origin\" allowfullscreen><\/iframe>\n<\/div><\/figure>\n\n\n\n<div style=\"height:20px\" aria-hidden=\"true\" class=\"wp-block-spacer\"><\/div>\n\n\n\n<figure class=\"wp-block-image size-large\"><img loading=\"lazy\" decoding=\"async\" width=\"1024\" height=\"484\" src=\"https:\/\/librosdelaaxarquia.com\/wp-content\/uploads\/2025\/12\/Sonidos-al-tiempo-1024x484.jpg\" alt=\"\" class=\"wp-image-2204\" srcset=\"https:\/\/librosdelaaxarquia.com\/wp-content\/uploads\/2025\/12\/Sonidos-al-tiempo-1024x484.jpg 1024w, https:\/\/librosdelaaxarquia.com\/wp-content\/uploads\/2025\/12\/Sonidos-al-tiempo-300x142.jpg 300w, https:\/\/librosdelaaxarquia.com\/wp-content\/uploads\/2025\/12\/Sonidos-al-tiempo-768x363.jpg 768w, https:\/\/librosdelaaxarquia.com\/wp-content\/uploads\/2025\/12\/Sonidos-al-tiempo.jpg 1441w\" sizes=\"auto, (max-width: 1024px) 100vw, 1024px\" \/><\/figure>\n","protected":false},"excerpt":{"rendered":"<p>AUTORA: MARGARITA GARC\u00cdA-GAL\u00c1N D\u00cdAZ COLECCI\u00d3N ARGUMENTOS (N\u00ba 2) ISBN: 978-84-126573-9-5 D. L. MA 2185-2024 N\u00famero de p\u00e1ginas: 320 El placer de leer es un derecho inalienable del ser humano sensible e inteligente, y para ello resulta necesario que existan textos bellos y elocuentes como los de este libro. Todo aquel que se acerque hasta Sonidos [&hellip;]<\/p>\n","protected":false},"author":1,"featured_media":0,"parent":0,"menu_order":0,"comment_status":"closed","ping_status":"closed","template":"","meta":{"footnotes":""},"class_list":["post-1426","page","type-page","status-publish","hentry"],"_links":{"self":[{"href":"https:\/\/librosdelaaxarquia.com\/index.php?rest_route=\/wp\/v2\/pages\/1426","targetHints":{"allow":["GET"]}}],"collection":[{"href":"https:\/\/librosdelaaxarquia.com\/index.php?rest_route=\/wp\/v2\/pages"}],"about":[{"href":"https:\/\/librosdelaaxarquia.com\/index.php?rest_route=\/wp\/v2\/types\/page"}],"author":[{"embeddable":true,"href":"https:\/\/librosdelaaxarquia.com\/index.php?rest_route=\/wp\/v2\/users\/1"}],"replies":[{"embeddable":true,"href":"https:\/\/librosdelaaxarquia.com\/index.php?rest_route=%2Fwp%2Fv2%2Fcomments&post=1426"}],"version-history":[{"count":5,"href":"https:\/\/librosdelaaxarquia.com\/index.php?rest_route=\/wp\/v2\/pages\/1426\/revisions"}],"predecessor-version":[{"id":2205,"href":"https:\/\/librosdelaaxarquia.com\/index.php?rest_route=\/wp\/v2\/pages\/1426\/revisions\/2205"}],"wp:attachment":[{"href":"https:\/\/librosdelaaxarquia.com\/index.php?rest_route=%2Fwp%2Fv2%2Fmedia&parent=1426"}],"curies":[{"name":"wp","href":"https:\/\/api.w.org\/{rel}","templated":true}]}}