{"id":1455,"date":"2025-11-25T09:42:42","date_gmt":"2025-11-25T08:42:42","guid":{"rendered":"https:\/\/librosdelaaxarquia.com\/?page_id=1455"},"modified":"2025-12-06T22:05:31","modified_gmt":"2025-12-06T21:05:31","slug":"las-calles-de-la-memoria","status":"publish","type":"page","link":"https:\/\/librosdelaaxarquia.com\/?page_id=1455","title":{"rendered":"LAS CALLES DE LA MEMORIA"},"content":{"rendered":"\n<figure class=\"wp-block-image aligncenter size-full is-resized\"><img loading=\"lazy\" decoding=\"async\" width=\"437\" height=\"695\" src=\"https:\/\/librosdelaaxarquia.com\/wp-content\/uploads\/2025\/11\/CUBIERTA-3.jpg\" alt=\"\" class=\"wp-image-1457\" style=\"aspect-ratio:0.6287959985709182;width:442px;height:auto\" srcset=\"https:\/\/librosdelaaxarquia.com\/wp-content\/uploads\/2025\/11\/CUBIERTA-3.jpg 437w, https:\/\/librosdelaaxarquia.com\/wp-content\/uploads\/2025\/11\/CUBIERTA-3-189x300.jpg 189w\" sizes=\"auto, (max-width: 437px) 100vw, 437px\" \/><\/figure>\n\n\n\n<div style=\"height:9px\" aria-hidden=\"true\" class=\"wp-block-spacer\"><\/div>\n\n\n\n<p>AUTORA:  <a href=\"https:\/\/librosdelaaxarquia.com\/?page_id=502\" data-type=\"page\" data-id=\"502\">EMILIA GARC\u00cdA  CASTILLO<\/a><\/p>\n\n\n\n<p>COLECCI\u00d3N  <a href=\"https:\/\/librosdelaaxarquia.com\/?page_id=1399\" data-type=\"page\" data-id=\"1399\"><strong>POEMARIOS<\/strong> <\/a>(N\u00ba 1)<\/p>\n\n\n\n<p>ISBN:  978-84-122073-5-4   D. L.  MA 1575-2021<\/p>\n\n\n\n<p>N\u00famero de p\u00e1ginas:  118<\/p>\n\n\n\n<div style=\"height:13px\" aria-hidden=\"true\" class=\"wp-block-spacer\"><\/div>\n\n\n\n<p>La poes\u00eda, adem\u00e1s de un \u201carma cargada de futuro\u201d, es un lenguaje de sentimientos, que media entre lo real y lo imaginado. Un arte que, como dec\u00eda Goethe, es el \u201cmediador de lo inexpresable\u201d.<\/p>\n\n\n\n<p>Un poema supone un traslado m\u00e1gico de vivencias, de visiones intensas, de sentimientos, de sue\u00f1os que hacen cruce fugaz por la sensibilidad del poeta, transportando al lector hasta instantes de emociones \u2013no siempre gozosas\u2013 que explosionan su sensibilidad, la descubren y le aportan momentos de elevaci\u00f3n, de turbaci\u00f3n, de una especie de cortocircuito vivencial, o desbordamiento de su normalidad.<\/p>\n\n\n\n<p>Este libro recoge una colecci\u00f3n de poemas de una vele\u00f1a que nacio en <em>La Villa<\/em>, en el barrio embrionario de V\u00e9lez-M\u00e1laga y que, ahora, medio siglo m\u00e1s tarde, rememora, con ellos, sus emociones primeras y su ni\u00f1ez all\u00ed. Un pu\u00f1ado de versos cargados de sentimientos, con \u00e9tica y est\u00e9tica de una \u00e9poca vivida y so\u00f1ada, donde siempre estuvieron presentes las inquietudes juveniles y las esperanzas emergentes del tiempo de la postguerra.<\/p>\n\n\n\n<div style=\"height:12px\" aria-hidden=\"true\" class=\"wp-block-spacer\"><\/div>\n\n\n\n<figure class=\"wp-block-image size-large\"><img loading=\"lazy\" decoding=\"async\" width=\"1024\" height=\"497\" src=\"https:\/\/librosdelaaxarquia.com\/wp-content\/uploads\/2025\/11\/CUBIERTA-calles_001-1-1024x497.jpg\" alt=\"\" class=\"wp-image-1460\" srcset=\"https:\/\/librosdelaaxarquia.com\/wp-content\/uploads\/2025\/11\/CUBIERTA-calles_001-1-1024x497.jpg 1024w, https:\/\/librosdelaaxarquia.com\/wp-content\/uploads\/2025\/11\/CUBIERTA-calles_001-1-300x146.jpg 300w, https:\/\/librosdelaaxarquia.com\/wp-content\/uploads\/2025\/11\/CUBIERTA-calles_001-1-768x373.jpg 768w, https:\/\/librosdelaaxarquia.com\/wp-content\/uploads\/2025\/11\/CUBIERTA-calles_001-1.jpg 1432w\" sizes=\"auto, (max-width: 1024px) 100vw, 1024px\" \/><\/figure>\n\n\n\n<div style=\"height:19px\" aria-hidden=\"true\" class=\"wp-block-spacer\"><\/div>\n\n\n\n<p><\/p>\n","protected":false},"excerpt":{"rendered":"<p>AUTORA: EMILIA GARC\u00cdA CASTILLO COLECCI\u00d3N POEMARIOS (N\u00ba 1) ISBN: 978-84-122073-5-4 D. L. MA 1575-2021 N\u00famero de p\u00e1ginas: 118 La poes\u00eda, adem\u00e1s de un \u201carma cargada de futuro\u201d, es un lenguaje de sentimientos, que media entre lo real y lo imaginado. Un arte que, como dec\u00eda Goethe, es el \u201cmediador de lo inexpresable\u201d. Un poema supone [&hellip;]<\/p>\n","protected":false},"author":1,"featured_media":0,"parent":0,"menu_order":0,"comment_status":"closed","ping_status":"closed","template":"","meta":{"footnotes":""},"class_list":["post-1455","page","type-page","status-publish","hentry"],"_links":{"self":[{"href":"https:\/\/librosdelaaxarquia.com\/index.php?rest_route=\/wp\/v2\/pages\/1455","targetHints":{"allow":["GET"]}}],"collection":[{"href":"https:\/\/librosdelaaxarquia.com\/index.php?rest_route=\/wp\/v2\/pages"}],"about":[{"href":"https:\/\/librosdelaaxarquia.com\/index.php?rest_route=\/wp\/v2\/types\/page"}],"author":[{"embeddable":true,"href":"https:\/\/librosdelaaxarquia.com\/index.php?rest_route=\/wp\/v2\/users\/1"}],"replies":[{"embeddable":true,"href":"https:\/\/librosdelaaxarquia.com\/index.php?rest_route=%2Fwp%2Fv2%2Fcomments&post=1455"}],"version-history":[{"count":5,"href":"https:\/\/librosdelaaxarquia.com\/index.php?rest_route=\/wp\/v2\/pages\/1455\/revisions"}],"predecessor-version":[{"id":2226,"href":"https:\/\/librosdelaaxarquia.com\/index.php?rest_route=\/wp\/v2\/pages\/1455\/revisions\/2226"}],"wp:attachment":[{"href":"https:\/\/librosdelaaxarquia.com\/index.php?rest_route=%2Fwp%2Fv2%2Fmedia&parent=1455"}],"curies":[{"name":"wp","href":"https:\/\/api.w.org\/{rel}","templated":true}]}}