{"id":1463,"date":"2025-11-25T12:23:40","date_gmt":"2025-11-25T11:23:40","guid":{"rendered":"https:\/\/librosdelaaxarquia.com\/?page_id=1463"},"modified":"2025-12-06T14:54:44","modified_gmt":"2025-12-06T13:54:44","slug":"y-sale-a-la-llanura","status":"publish","type":"page","link":"https:\/\/librosdelaaxarquia.com\/?page_id=1463","title":{"rendered":"Y SALE A LA LLANURA"},"content":{"rendered":"\n<figure class=\"wp-block-image aligncenter size-full is-resized\"><img loading=\"lazy\" decoding=\"async\" width=\"435\" height=\"683\" src=\"https:\/\/librosdelaaxarquia.com\/wp-content\/uploads\/2025\/11\/Portada-Sale-a-la-Llanura_001-4.jpg\" alt=\"\" class=\"wp-image-1464\" style=\"aspect-ratio:0.6369290918784433;width:438px;height:auto\" srcset=\"https:\/\/librosdelaaxarquia.com\/wp-content\/uploads\/2025\/11\/Portada-Sale-a-la-Llanura_001-4.jpg 435w, https:\/\/librosdelaaxarquia.com\/wp-content\/uploads\/2025\/11\/Portada-Sale-a-la-Llanura_001-4-191x300.jpg 191w\" sizes=\"auto, (max-width: 435px) 100vw, 435px\" \/><\/figure>\n\n\n\n<div style=\"height:9px\" aria-hidden=\"true\" class=\"wp-block-spacer\"><\/div>\n\n\n\n<p><strong>AUTOR:<\/strong> <a href=\"https:\/\/librosdelaaxarquia.com\/?page_id=1100\" data-type=\"page\" data-id=\"1100\">JOS\u00c9 MAR\u00cdA MAT\u00c1S<\/a><\/p>\n\n\n\n<p>COLECCI\u00d3N <strong><a href=\"https:\/\/librosdelaaxarquia.com\/?page_id=143\" data-type=\"page\" data-id=\"143\">REFLEXIONES<\/a> <\/strong>(N\u00ba 8)<\/p>\n\n\n\n<p>ISBN:  978-84-122073-0-9    D. L.   MA 527-2021<\/p>\n\n\n\n<p>N\u00famero de p\u00e1ginas:  278<\/p>\n\n\n\n<div style=\"height:7px\" aria-hidden=\"true\" class=\"wp-block-spacer\"><\/div>\n\n\n\n<p>\u201cComo queda demostrado en este sofisticado instrumento de investigaci\u00f3n de la realidad que, como un consumado orfebre o un distinguido autor de mecanismo de relojer\u00eda, nos propone Jos\u00e9 Mar\u00eda Mat\u00e1s, la lectura de estos textos se abre como un preciso artilugio a nuestra imaginaci\u00f3n, poni\u00e9ndolo en nuestras manos para ver qu\u00e9 sabemos hacer con \u00e9l\u201d.<\/p>\n\n\n\n<p>Con estas palabras describe, en el pr\u00f3logo del libro, el tristemente desaparecido Carlos Hern\u00e1ndez Pezzi, las sensaciones que le produjo la lectura de esta compilaci\u00f3n de art\u00edculos que abarcan m\u00e1s de quince a\u00f1os de producci\u00f3n intelectual de su autor. Textos que trazan un arco de ida y vuelta entre lo m\u00e1s cercano \u2013la evocaci\u00f3n personal, V\u00e9lez-M\u00e1laga, la Axarqu\u00eda\u2026\u2013 y lo en apariencia m\u00e1s lejano \u2013el orden mundial, las grandes cuestiones sociales, los universales de siempre\u2013, demostrando as\u00ed su cualidad de realidades imbricadas e interdependientes.&nbsp;<\/p>\n\n\n\n<p>Ligeros en ocasiones, densos en otras, ir\u00f3nicos y combativos casi siempre, estos artefactos no componen una selecci\u00f3n aleatoria ni son un caj\u00f3n de sastre. As\u00ed, aunque pueden leerse de forma salteada, su laber\u00edntica unidad interna \u2013y aqu\u00ed es posible escuchar la reverberaci\u00f3n borgeana contenida en el t\u00edtulo de la obra\u2013 aspira a ser revelada a trav\u00e9s de una lectura c\u00f3mplice que dote de nueva vida a unas reflexiones que traslucen la mirada del polit\u00f3logo, el cr\u00edtico o el ensayista, pero tambi\u00e9n del ciudadano perplejo ante los avatares de su \u00e9poca.<\/p>\n\n\n\n<div style=\"height:4px\" aria-hidden=\"true\" class=\"wp-block-spacer\"><\/div>\n\n\n\n<figure class=\"wp-block-image size-large\"><img loading=\"lazy\" decoding=\"async\" width=\"1024\" height=\"487\" src=\"https:\/\/librosdelaaxarquia.com\/wp-content\/uploads\/2025\/11\/Sale-a-la-Llanura-1024x487.jpg\" alt=\"\" class=\"wp-image-1465\" srcset=\"https:\/\/librosdelaaxarquia.com\/wp-content\/uploads\/2025\/11\/Sale-a-la-Llanura-1024x487.jpg 1024w, https:\/\/librosdelaaxarquia.com\/wp-content\/uploads\/2025\/11\/Sale-a-la-Llanura-300x143.jpg 300w, https:\/\/librosdelaaxarquia.com\/wp-content\/uploads\/2025\/11\/Sale-a-la-Llanura-768x365.jpg 768w, https:\/\/librosdelaaxarquia.com\/wp-content\/uploads\/2025\/11\/Sale-a-la-Llanura.jpg 1455w\" sizes=\"auto, (max-width: 1024px) 100vw, 1024px\" \/><\/figure>\n\n\n\n<p>.<\/p>\n","protected":false},"excerpt":{"rendered":"<p>AUTOR: JOS\u00c9 MAR\u00cdA MAT\u00c1S COLECCI\u00d3N REFLEXIONES (N\u00ba 8) ISBN: 978-84-122073-0-9 D. L. MA 527-2021 N\u00famero de p\u00e1ginas: 278 \u201cComo queda demostrado en este sofisticado instrumento de investigaci\u00f3n de la realidad que, como un consumado orfebre o un distinguido autor de mecanismo de relojer\u00eda, nos propone Jos\u00e9 Mar\u00eda Mat\u00e1s, la lectura de estos textos se abre [&hellip;]<\/p>\n","protected":false},"author":1,"featured_media":0,"parent":0,"menu_order":0,"comment_status":"closed","ping_status":"closed","template":"","meta":{"footnotes":""},"class_list":["post-1463","page","type-page","status-publish","hentry"],"_links":{"self":[{"href":"https:\/\/librosdelaaxarquia.com\/index.php?rest_route=\/wp\/v2\/pages\/1463","targetHints":{"allow":["GET"]}}],"collection":[{"href":"https:\/\/librosdelaaxarquia.com\/index.php?rest_route=\/wp\/v2\/pages"}],"about":[{"href":"https:\/\/librosdelaaxarquia.com\/index.php?rest_route=\/wp\/v2\/types\/page"}],"author":[{"embeddable":true,"href":"https:\/\/librosdelaaxarquia.com\/index.php?rest_route=\/wp\/v2\/users\/1"}],"replies":[{"embeddable":true,"href":"https:\/\/librosdelaaxarquia.com\/index.php?rest_route=%2Fwp%2Fv2%2Fcomments&post=1463"}],"version-history":[{"count":5,"href":"https:\/\/librosdelaaxarquia.com\/index.php?rest_route=\/wp\/v2\/pages\/1463\/revisions"}],"predecessor-version":[{"id":2174,"href":"https:\/\/librosdelaaxarquia.com\/index.php?rest_route=\/wp\/v2\/pages\/1463\/revisions\/2174"}],"wp:attachment":[{"href":"https:\/\/librosdelaaxarquia.com\/index.php?rest_route=%2Fwp%2Fv2%2Fmedia&parent=1463"}],"curies":[{"name":"wp","href":"https:\/\/api.w.org\/{rel}","templated":true}]}}