{"id":1468,"date":"2025-11-25T13:50:18","date_gmt":"2025-11-25T12:50:18","guid":{"rendered":"https:\/\/librosdelaaxarquia.com\/?page_id=1468"},"modified":"2025-12-08T00:12:29","modified_gmt":"2025-12-07T23:12:29","slug":"caciquismo-e-injusticias","status":"publish","type":"page","link":"https:\/\/librosdelaaxarquia.com\/?page_id=1468","title":{"rendered":"CACIQUISMO E INJUSTICIAS"},"content":{"rendered":"\n<figure class=\"wp-block-image aligncenter size-full is-resized\"><img loading=\"lazy\" decoding=\"async\" width=\"431\" height=\"696\" src=\"https:\/\/librosdelaaxarquia.com\/wp-content\/uploads\/2025\/11\/CACIQUISMO-4.jpg\" alt=\"\" class=\"wp-image-1469\" style=\"aspect-ratio:0.6192623058873158;width:435px;height:auto\" srcset=\"https:\/\/librosdelaaxarquia.com\/wp-content\/uploads\/2025\/11\/CACIQUISMO-4.jpg 431w, https:\/\/librosdelaaxarquia.com\/wp-content\/uploads\/2025\/11\/CACIQUISMO-4-186x300.jpg 186w\" sizes=\"auto, (max-width: 431px) 100vw, 431px\" \/><\/figure>\n\n\n\n<div style=\"height:24px\" aria-hidden=\"true\" class=\"wp-block-spacer\"><\/div>\n\n\n\n<p><strong>AUTOR:<\/strong> <a href=\"https:\/\/librosdelaaxarquia.com\/?page_id=1326\" data-type=\"page\" data-id=\"1326\">ANTONIO DE LA RUZ HERRERA<\/a><\/p>\n\n\n\n<p>COLECCI\u00d3N <strong><a href=\"https:\/\/librosdelaaxarquia.com\/?page_id=107\" data-type=\"page\" data-id=\"107\">TESTIMONIOS<\/a><\/strong> (N\u00ba 2)<\/p>\n\n\n\n<p>ISBN:  978-84-122073-1-6    D. M.  MA 182-2021<\/p>\n\n\n\n<p>N\u00famero de p\u00e1ginas:  212<\/p>\n\n\n\n<div style=\"height:9px\" aria-hidden=\"true\" class=\"wp-block-spacer\"><\/div>\n\n\n\n<p>A comienzos del siglo XX, gracias a la presi\u00f3n continuada y denuncia p\u00fablica de un abogado vele\u00f1o -don Antonio de la Cruz Herrera- &nbsp;con despacho profesional en la capital de la Axarqu\u00eda, y llevada a cabo contra la actuaci\u00f3n del juez de V\u00e9lez-M\u00e1laga don Jos\u00e9 L\u00f3pez Cardona, se cre\u00f3 en Espa\u00f1a el servicio de Inspecci\u00f3n de Tribunales.<\/p>\n\n\n\n<p>Todo ello se recoge detalladamente en un trabajo singular titulado <em>Caciquismo e Injusticias <\/em>que se publicara en M\u00e1laga a comienzos del pasado siglo, all\u00e1 por el a\u00f1o de 1904.<\/p>\n\n\n\n<p>Ahora una reedici\u00f3n del mencionado libro nos informa de las peripecias sufridas por el letrado vele\u00f1o y su familia.<\/p>\n\n\n\n<p>El investigador Francisco Montoro Fern\u00e1ndez saca a la luz este texto perdido, u olvidado, que fue encontrado en el Archivo D\u00edaz de Escovar (Caja 325) en 1976. Este valioso archivo del abogado y cronista malague\u00f1o, que fuese estudioso de la \u00e9poca, conserv\u00f3 una ingente cantidad de documentos y libros de \u00e9poca. Este Archivo se mantiene a disposici\u00f3n p\u00fablica en la actualidad gracias a la labor cultural de la Fundaci\u00f3n Unicaja.<\/p>\n\n\n\n<p>Un libro de inter\u00e9s para historiadores, juristas y estudiosos de la Axarqu\u00eda.<\/p>\n\n\n\n<div style=\"height:14px\" aria-hidden=\"true\" class=\"wp-block-spacer\"><\/div>\n\n\n\n<figure class=\"wp-block-image size-large\"><img loading=\"lazy\" decoding=\"async\" width=\"1024\" height=\"512\" src=\"https:\/\/librosdelaaxarquia.com\/wp-content\/uploads\/2025\/11\/CACIQUISMO-5-1024x512.jpg\" alt=\"\" class=\"wp-image-1470\" srcset=\"https:\/\/librosdelaaxarquia.com\/wp-content\/uploads\/2025\/11\/CACIQUISMO-5-1024x512.jpg 1024w, https:\/\/librosdelaaxarquia.com\/wp-content\/uploads\/2025\/11\/CACIQUISMO-5-300x150.jpg 300w, https:\/\/librosdelaaxarquia.com\/wp-content\/uploads\/2025\/11\/CACIQUISMO-5-768x384.jpg 768w, https:\/\/librosdelaaxarquia.com\/wp-content\/uploads\/2025\/11\/CACIQUISMO-5.jpg 1492w\" sizes=\"auto, (max-width: 1024px) 100vw, 1024px\" \/><\/figure>\n\n\n\n<p>.<\/p>\n\n\n\n<p><\/p>\n","protected":false},"excerpt":{"rendered":"<p>AUTOR: ANTONIO DE LA RUZ HERRERA COLECCI\u00d3N TESTIMONIOS (N\u00ba 2) ISBN: 978-84-122073-1-6 D. M. MA 182-2021 N\u00famero de p\u00e1ginas: 212 A comienzos del siglo XX, gracias a la presi\u00f3n continuada y denuncia p\u00fablica de un abogado vele\u00f1o -don Antonio de la Cruz Herrera- &nbsp;con despacho profesional en la capital de la Axarqu\u00eda, y llevada a [&hellip;]<\/p>\n","protected":false},"author":1,"featured_media":0,"parent":0,"menu_order":0,"comment_status":"closed","ping_status":"closed","template":"","meta":{"footnotes":""},"class_list":["post-1468","page","type-page","status-publish","hentry"],"_links":{"self":[{"href":"https:\/\/librosdelaaxarquia.com\/index.php?rest_route=\/wp\/v2\/pages\/1468","targetHints":{"allow":["GET"]}}],"collection":[{"href":"https:\/\/librosdelaaxarquia.com\/index.php?rest_route=\/wp\/v2\/pages"}],"about":[{"href":"https:\/\/librosdelaaxarquia.com\/index.php?rest_route=\/wp\/v2\/types\/page"}],"author":[{"embeddable":true,"href":"https:\/\/librosdelaaxarquia.com\/index.php?rest_route=\/wp\/v2\/users\/1"}],"replies":[{"embeddable":true,"href":"https:\/\/librosdelaaxarquia.com\/index.php?rest_route=%2Fwp%2Fv2%2Fcomments&post=1468"}],"version-history":[{"count":4,"href":"https:\/\/librosdelaaxarquia.com\/index.php?rest_route=\/wp\/v2\/pages\/1468\/revisions"}],"predecessor-version":[{"id":2281,"href":"https:\/\/librosdelaaxarquia.com\/index.php?rest_route=\/wp\/v2\/pages\/1468\/revisions\/2281"}],"wp:attachment":[{"href":"https:\/\/librosdelaaxarquia.com\/index.php?rest_route=%2Fwp%2Fv2%2Fmedia&parent=1468"}],"curies":[{"name":"wp","href":"https:\/\/api.w.org\/{rel}","templated":true}]}}