{"id":1473,"date":"2025-11-25T18:41:13","date_gmt":"2025-11-25T17:41:13","guid":{"rendered":"https:\/\/librosdelaaxarquia.com\/?page_id=1473"},"modified":"2025-12-24T13:43:07","modified_gmt":"2025-12-24T12:43:07","slug":"la-axarquia-en-la-prensa-de-malaga","status":"publish","type":"page","link":"https:\/\/librosdelaaxarquia.com\/?page_id=1473","title":{"rendered":"LA AXARQU\u00cdA EN LA PRENSA DE M\u00c1LAGA"},"content":{"rendered":"\n<figure class=\"wp-block-image aligncenter size-full is-resized\"><img loading=\"lazy\" decoding=\"async\" width=\"429\" height=\"688\" src=\"https:\/\/librosdelaaxarquia.com\/wp-content\/uploads\/2025\/11\/LA-PRENSA_001-5.jpg\" alt=\"\" class=\"wp-image-1474\" style=\"aspect-ratio:0.6235473647141684;width:416px;height:auto\" srcset=\"https:\/\/librosdelaaxarquia.com\/wp-content\/uploads\/2025\/11\/LA-PRENSA_001-5.jpg 429w, https:\/\/librosdelaaxarquia.com\/wp-content\/uploads\/2025\/11\/LA-PRENSA_001-5-187x300.jpg 187w\" sizes=\"auto, (max-width: 429px) 100vw, 429px\" \/><\/figure>\n\n\n\n<div style=\"height:32px\" aria-hidden=\"true\" class=\"wp-block-spacer\"><\/div>\n\n\n\n<p><strong>AUTOR<\/strong>: <a href=\"https:\/\/librosdelaaxarquia.com\/?page_id=1297\" data-type=\"page\" data-id=\"1297\">JOS\u00c9 LUIS \u00c1LVAREZ BURGOS<\/a><\/p>\n\n\n\n<p>COLECCI\u00d3N <strong><a href=\"https:\/\/librosdelaaxarquia.com\/?page_id=70\" data-type=\"page\" data-id=\"70\">MONOGRAF\u00cdAS<\/a><\/strong> (N\u00ba 8)<\/p>\n\n\n\n<p><strong>ISBN:<\/strong>   978-84-120073-4-7   <strong>D. L.<\/strong>  MA 1430-2021<\/p>\n\n\n\n<p> N\u00famero de p\u00e1ginas:  388<\/p>\n\n\n\n<div style=\"height:14px\" aria-hidden=\"true\" class=\"wp-block-spacer\"><\/div>\n\n\n\n<p>La prensa malague\u00f1a es un asunto relevante que cuenta en M\u00e1laga con la suerte del Archivo <em>D\u00edaz de Escovar, <\/em>el cual, para mayor alegr\u00eda, est\u00e1 en avanzado proceso de digitalizaci\u00f3n, gracias a la obra cultural de Unicaja. Ello facilita que, a trav\u00e9s de internet, podamos consultar en cualquier momento la prensa malague\u00f1a de su rica hemeroteca, a la b\u00fasqueda de noticias pret\u00e9ritas en un amplio oc\u00e9ano informativo.<\/p>\n\n\n\n<p>El \u00e9xito y acierto del historiador Jos\u00e9 Luis \u00c1lvarez es que la ha le\u00eddo integra, ha fichado sus noticias, las ha clasificado, y nos ofrece ahora una gu\u00eda para que \u00abpor temas\u00bb podamos bucear en el pasado de la Axarqu\u00eda. Se ha centrado en los peri\u00f3dicos <em>El Avisador Malague\u00f1o<\/em>, que sobrevivi\u00f3 medio siglo, desde 1843 a 1893, y <em>La Uni\u00f3n Mercantil<\/em> (1886-1936).<\/p>\n\n\n\n<p>Tanto del <em>Avisador Malague\u00f1o<\/em> como de La <em>Uni\u00f3n Mercantil<\/em>, como decimos, existe una amplia representaci\u00f3n en el malague\u00f1o <strong>Archivo D\u00edaz de Escovar<\/strong>, de la Fundaci\u00f3n Unicaja, donde se pueden consultar sus ejemplares, incluso v\u00eda internet.<\/p>\n\n\n\n<p>Cuando el lector tenga este libro en las manos le parecer\u00e1 extra\u00f1o. Un libro inusual. Pero si es investigador, aplaudir\u00e1 la iniciativa&#8230;, y si es curioso, se alegrar\u00e1 grandemente por las muchas sugerencias que hallar\u00e1 en \u00e9l para saber, investigar o descubrir muchos temas variados de la comarca de la Axarqu\u00eda, que no es una comarca grande, pero s\u00ed una gran comarca.<\/p>\n\n\n\n<div style=\"height:8px\" aria-hidden=\"true\" class=\"wp-block-spacer\"><\/div>\n\n\n\n<figure class=\"wp-block-image size-large\"><img loading=\"lazy\" decoding=\"async\" width=\"1024\" height=\"504\" src=\"https:\/\/librosdelaaxarquia.com\/wp-content\/uploads\/2025\/11\/CUBIERTA-final_001-1024x504.jpg\" alt=\"\" class=\"wp-image-1475\" srcset=\"https:\/\/librosdelaaxarquia.com\/wp-content\/uploads\/2025\/11\/CUBIERTA-final_001-1024x504.jpg 1024w, https:\/\/librosdelaaxarquia.com\/wp-content\/uploads\/2025\/11\/CUBIERTA-final_001-300x148.jpg 300w, https:\/\/librosdelaaxarquia.com\/wp-content\/uploads\/2025\/11\/CUBIERTA-final_001-768x378.jpg 768w, https:\/\/librosdelaaxarquia.com\/wp-content\/uploads\/2025\/11\/CUBIERTA-final_001.jpg 1516w\" sizes=\"auto, (max-width: 1024px) 100vw, 1024px\" \/><\/figure>\n\n\n\n<div style=\"height:16px\" aria-hidden=\"true\" class=\"wp-block-spacer\"><\/div>\n\n\n\n<figure class=\"wp-block-embed is-type-video is-provider-youtube wp-block-embed-youtube wp-embed-aspect-16-9 wp-has-aspect-ratio\"><div class=\"wp-block-embed__wrapper\">\n<iframe loading=\"lazy\" title=\"\u201cLa Axarqu\u00eda en la prensa de M\u00e1laga\u201d, cuyo autor es el investigador Jos\u00e9 Luis \u00c1lvarez.\" width=\"500\" height=\"281\" src=\"https:\/\/www.youtube.com\/embed\/K_qxplVQ1jI?feature=oembed\" frameborder=\"0\" allow=\"accelerometer; autoplay; clipboard-write; encrypted-media; gyroscope; picture-in-picture; web-share\" referrerpolicy=\"strict-origin-when-cross-origin\" allowfullscreen><\/iframe>\n<\/div><\/figure>\n\n\n\n<div style=\"height:23px\" aria-hidden=\"true\" class=\"wp-block-spacer\"><\/div>\n\n\n\n<p><\/p>\n","protected":false},"excerpt":{"rendered":"<p>AUTOR: JOS\u00c9 LUIS \u00c1LVAREZ BURGOS COLECCI\u00d3N MONOGRAF\u00cdAS (N\u00ba 8) ISBN: 978-84-120073-4-7 D. L. MA 1430-2021 N\u00famero de p\u00e1ginas: 388 La prensa malague\u00f1a es un asunto relevante que cuenta en M\u00e1laga con la suerte del Archivo D\u00edaz de Escovar, el cual, para mayor alegr\u00eda, est\u00e1 en avanzado proceso de digitalizaci\u00f3n, gracias a la obra cultural de [&hellip;]<\/p>\n","protected":false},"author":1,"featured_media":0,"parent":0,"menu_order":0,"comment_status":"closed","ping_status":"closed","template":"","meta":{"footnotes":""},"class_list":["post-1473","page","type-page","status-publish","hentry"],"_links":{"self":[{"href":"https:\/\/librosdelaaxarquia.com\/index.php?rest_route=\/wp\/v2\/pages\/1473","targetHints":{"allow":["GET"]}}],"collection":[{"href":"https:\/\/librosdelaaxarquia.com\/index.php?rest_route=\/wp\/v2\/pages"}],"about":[{"href":"https:\/\/librosdelaaxarquia.com\/index.php?rest_route=\/wp\/v2\/types\/page"}],"author":[{"embeddable":true,"href":"https:\/\/librosdelaaxarquia.com\/index.php?rest_route=\/wp\/v2\/users\/1"}],"replies":[{"embeddable":true,"href":"https:\/\/librosdelaaxarquia.com\/index.php?rest_route=%2Fwp%2Fv2%2Fcomments&post=1473"}],"version-history":[{"count":5,"href":"https:\/\/librosdelaaxarquia.com\/index.php?rest_route=\/wp\/v2\/pages\/1473\/revisions"}],"predecessor-version":[{"id":2410,"href":"https:\/\/librosdelaaxarquia.com\/index.php?rest_route=\/wp\/v2\/pages\/1473\/revisions\/2410"}],"wp:attachment":[{"href":"https:\/\/librosdelaaxarquia.com\/index.php?rest_route=%2Fwp%2Fv2%2Fmedia&parent=1473"}],"curies":[{"name":"wp","href":"https:\/\/api.w.org\/{rel}","templated":true}]}}