{"id":1484,"date":"2025-11-25T20:24:30","date_gmt":"2025-11-25T19:24:30","guid":{"rendered":"https:\/\/librosdelaaxarquia.com\/?page_id=1484"},"modified":"2025-12-06T17:28:02","modified_gmt":"2025-12-06T16:28:02","slug":"paseos-historicos","status":"publish","type":"page","link":"https:\/\/librosdelaaxarquia.com\/?page_id=1484","title":{"rendered":"PASEOS HIST\u00d3RICOS"},"content":{"rendered":"\n<figure class=\"wp-block-image aligncenter size-full is-resized\"><img loading=\"lazy\" decoding=\"async\" width=\"431\" height=\"695\" src=\"https:\/\/librosdelaaxarquia.com\/wp-content\/uploads\/2025\/11\/PASEOS-HISTORICOS-3.jpg\" alt=\"\" class=\"wp-image-1485\" style=\"aspect-ratio:0.6201519089555628;width:430px;height:auto\" srcset=\"https:\/\/librosdelaaxarquia.com\/wp-content\/uploads\/2025\/11\/PASEOS-HISTORICOS-3.jpg 431w, https:\/\/librosdelaaxarquia.com\/wp-content\/uploads\/2025\/11\/PASEOS-HISTORICOS-3-186x300.jpg 186w\" sizes=\"auto, (max-width: 431px) 100vw, 431px\" \/><\/figure>\n\n\n\n<div style=\"height:10px\" aria-hidden=\"true\" class=\"wp-block-spacer\"><\/div>\n\n\n\n<p><strong>AUTOR:<\/strong> <a href=\"https:\/\/librosdelaaxarquia.com\/?page_id=518\" data-type=\"page\" data-id=\"518\">FRANCISCO MONTORO FERN\u00c1NDEZ<\/a><\/p>\n\n\n\n<p>COLECCI\u00d3N <strong><a href=\"https:\/\/librosdelaaxarquia.com\/?page_id=59\" data-type=\"page\" data-id=\"59\">LA PEQUE\u00d1A HISTORIA<\/a><\/strong> (N\u00ba 5)<\/p>\n\n\n\n<p><strong>ISBN<\/strong>: 978-84-122073-8.5 <strong>D. L. MA<\/strong> 1335-2022<\/p>\n\n\n\n<p>N\u00famero de p\u00e1ginas:  428<\/p>\n\n\n\n<div style=\"height:4px\" aria-hidden=\"true\" class=\"wp-block-spacer\"><\/div>\n\n\n\n<figure class=\"wp-block-embed is-type-video is-provider-youtube wp-block-embed-youtube wp-embed-aspect-16-9 wp-has-aspect-ratio\"><div class=\"wp-block-embed__wrapper\">\n<iframe loading=\"lazy\" title=\"SPOT PASEOS HIST\u00d3RICOS\" width=\"500\" height=\"281\" src=\"https:\/\/www.youtube.com\/embed\/WOpsTeutxqY?feature=oembed\" frameborder=\"0\" allow=\"accelerometer; autoplay; clipboard-write; encrypted-media; gyroscope; picture-in-picture; web-share\" referrerpolicy=\"strict-origin-when-cross-origin\" allowfullscreen><\/iframe>\n<\/div><\/figure>\n\n\n\n<div style=\"height:8px\" aria-hidden=\"true\" class=\"wp-block-spacer\"><\/div>\n\n\n\n<p>Este libro es una colecci\u00f3n de paseos por la ciudad hist\u00f3rica de V\u00e9lez-M\u00e1laga, &nbsp;con su inconfundible \u201cpresente-pasado\u201d que nos despierta a los del lugar sentimientos de adhesi\u00f3n y admiraci\u00f3n hacia el espacio vital \u2013los espacios vitales\u2013 que nos han acompa\u00f1ado, en el alma, y en lo hondo, a lo largo de nuestras vidas.<\/p>\n\n\n\n<p>Se trata de recorridos que van a recordar al lector las esencias, las claves de interpretaci\u00f3n de esos sectores urbanos que conocemos, conocimos y vivimos; pero que nos resultan \u201cinvisibles\u201d, muchas de las veces, para los de aqu\u00ed, a los ojos del presente.<\/p>\n\n\n\n<div style=\"height:8px\" aria-hidden=\"true\" class=\"wp-block-spacer\"><\/div>\n\n\n\n<figure class=\"wp-block-embed is-type-video is-provider-youtube wp-block-embed-youtube wp-embed-aspect-4-3 wp-has-aspect-ratio\"><div class=\"wp-block-embed__wrapper\">\n<iframe loading=\"lazy\" title=\"PASEOS HIST\u00d3RICOS Video\" width=\"500\" height=\"375\" src=\"https:\/\/www.youtube.com\/embed\/NmS7MaG2JTU?feature=oembed\" frameborder=\"0\" allow=\"accelerometer; autoplay; clipboard-write; encrypted-media; gyroscope; picture-in-picture; web-share\" referrerpolicy=\"strict-origin-when-cross-origin\" allowfullscreen><\/iframe>\n<\/div><\/figure>\n\n\n\n<div style=\"height:6px\" aria-hidden=\"true\" class=\"wp-block-spacer\"><\/div>\n\n\n\n<p>Se trata de paseos por el V\u00e9lez real y en la memoria, que conducen al lector a la ciudad de siempre, a la ciudad viva que nos observa, a la que sigue latente para quienes nunca renunciaron a pertenecer a ella.<\/p>\n\n\n\n<p>Hay lectores ocasionales que normalmente no leen ning\u00fan libro, y que, al encontrarse con \u00e9ste van a despertar amores y pasiones por su ciudad, por los lugares del alma en los que nacieron y crecieron. Lectores que se emocionar\u00e1n, que descubrir\u00e1n recuerdos que cre\u00edan ocultos, borrados, perdidos\u2026<\/p>\n\n\n\n<div style=\"height:10px\" aria-hidden=\"true\" class=\"wp-block-spacer\"><\/div>\n\n\n\n<figure class=\"wp-block-embed is-type-video is-provider-youtube wp-block-embed-youtube wp-embed-aspect-16-9 wp-has-aspect-ratio\"><div class=\"wp-block-embed__wrapper\">\n<iframe loading=\"lazy\" title=\"Paseos Hist\u00f3ricos (AXARQUIA TV )\" width=\"500\" height=\"281\" src=\"https:\/\/www.youtube.com\/embed\/fiKg9W5psJc?feature=oembed\" frameborder=\"0\" allow=\"accelerometer; autoplay; clipboard-write; encrypted-media; gyroscope; picture-in-picture; web-share\" referrerpolicy=\"strict-origin-when-cross-origin\" allowfullscreen><\/iframe>\n<\/div><\/figure>\n\n\n\n<p>No es una gu\u00eda de la ciudad, pero se parece mucho. Nos ayuda a recorrerla, y hacerlo de forma activa.<\/p>\n\n\n\n<div style=\"height:11px\" aria-hidden=\"true\" class=\"wp-block-spacer\"><\/div>\n\n\n\n<p class=\"has-text-align-center\"><strong>ACTO COMPLETO DE PRESENTACI\u00d3N DEL LIBRO<\/strong><\/p>\n\n\n\n<p class=\"has-text-align-center\">(Sal\u00f3n de actos del Centro del Exilio)<\/p>\n\n\n\n<figure class=\"wp-block-embed is-type-video is-provider-youtube wp-block-embed-youtube wp-embed-aspect-16-9 wp-has-aspect-ratio\"><div class=\"wp-block-embed__wrapper\">\n<iframe loading=\"lazy\" title=\"PASEOS HISTORICOS\" width=\"500\" height=\"281\" src=\"https:\/\/www.youtube.com\/embed\/CNFtF9tah0s?feature=oembed\" frameborder=\"0\" allow=\"accelerometer; autoplay; clipboard-write; encrypted-media; gyroscope; picture-in-picture; web-share\" referrerpolicy=\"strict-origin-when-cross-origin\" allowfullscreen><\/iframe>\n<\/div><\/figure>\n\n\n\n<div style=\"height:24px\" aria-hidden=\"true\" class=\"wp-block-spacer\"><\/div>\n\n\n\n<figure class=\"wp-block-image size-large\"><img loading=\"lazy\" decoding=\"async\" width=\"1024\" height=\"504\" src=\"https:\/\/librosdelaaxarquia.com\/wp-content\/uploads\/2025\/12\/PASEOS-HISTORICOS-1024x504.jpg\" alt=\"\" class=\"wp-image-2191\" srcset=\"https:\/\/librosdelaaxarquia.com\/wp-content\/uploads\/2025\/12\/PASEOS-HISTORICOS-1024x504.jpg 1024w, https:\/\/librosdelaaxarquia.com\/wp-content\/uploads\/2025\/12\/PASEOS-HISTORICOS-300x148.jpg 300w, https:\/\/librosdelaaxarquia.com\/wp-content\/uploads\/2025\/12\/PASEOS-HISTORICOS-768x378.jpg 768w, https:\/\/librosdelaaxarquia.com\/wp-content\/uploads\/2025\/12\/PASEOS-HISTORICOS.jpg 1516w\" sizes=\"auto, (max-width: 1024px) 100vw, 1024px\" \/><\/figure>\n\n\n\n<p><\/p>\n","protected":false},"excerpt":{"rendered":"<p>AUTOR: FRANCISCO MONTORO FERN\u00c1NDEZ COLECCI\u00d3N LA PEQUE\u00d1A HISTORIA (N\u00ba 5) ISBN: 978-84-122073-8.5 D. L. MA 1335-2022 N\u00famero de p\u00e1ginas: 428 Este libro es una colecci\u00f3n de paseos por la ciudad hist\u00f3rica de V\u00e9lez-M\u00e1laga, &nbsp;con su inconfundible \u201cpresente-pasado\u201d que nos despierta a los del lugar sentimientos de adhesi\u00f3n y admiraci\u00f3n hacia el espacio vital \u2013los espacios [&hellip;]<\/p>\n","protected":false},"author":1,"featured_media":0,"parent":0,"menu_order":0,"comment_status":"closed","ping_status":"closed","template":"","meta":{"footnotes":""},"class_list":["post-1484","page","type-page","status-publish","hentry"],"_links":{"self":[{"href":"https:\/\/librosdelaaxarquia.com\/index.php?rest_route=\/wp\/v2\/pages\/1484","targetHints":{"allow":["GET"]}}],"collection":[{"href":"https:\/\/librosdelaaxarquia.com\/index.php?rest_route=\/wp\/v2\/pages"}],"about":[{"href":"https:\/\/librosdelaaxarquia.com\/index.php?rest_route=\/wp\/v2\/types\/page"}],"author":[{"embeddable":true,"href":"https:\/\/librosdelaaxarquia.com\/index.php?rest_route=\/wp\/v2\/users\/1"}],"replies":[{"embeddable":true,"href":"https:\/\/librosdelaaxarquia.com\/index.php?rest_route=%2Fwp%2Fv2%2Fcomments&post=1484"}],"version-history":[{"count":5,"href":"https:\/\/librosdelaaxarquia.com\/index.php?rest_route=\/wp\/v2\/pages\/1484\/revisions"}],"predecessor-version":[{"id":2192,"href":"https:\/\/librosdelaaxarquia.com\/index.php?rest_route=\/wp\/v2\/pages\/1484\/revisions\/2192"}],"wp:attachment":[{"href":"https:\/\/librosdelaaxarquia.com\/index.php?rest_route=%2Fwp%2Fv2%2Fmedia&parent=1484"}],"curies":[{"name":"wp","href":"https:\/\/api.w.org\/{rel}","templated":true}]}}