{"id":1522,"date":"2025-11-27T00:56:01","date_gmt":"2025-11-26T23:56:01","guid":{"rendered":"https:\/\/librosdelaaxarquia.com\/?page_id=1522"},"modified":"2025-12-02T23:04:06","modified_gmt":"2025-12-02T22:04:06","slug":"salvador-gutierrez-jimenez","status":"publish","type":"page","link":"https:\/\/librosdelaaxarquia.com\/?page_id=1522","title":{"rendered":"SALVADOR GUTI\u00c9RREZ JIM\u00c9NEZ"},"content":{"rendered":"\n<p>LIBRO: <strong><em><a href=\"https:\/\/librosdelaaxarquia.com\/?page_id=1053\" data-type=\"page\" data-id=\"1053\">Y SE HIZO EL SONIDO.<\/a><\/em><\/strong><\/p>\n\n\n\n<p>COLECCION <strong><a href=\"https:\/\/librosdelaaxarquia.com\/?page_id=143\" data-type=\"page\" data-id=\"143\">REFLEXIONES<\/a><\/strong><\/p>\n\n\n\n<p>ISBN:  978-84-948637-0-7   D. L.  MA  606-2018<\/p>\n\n\n\n<p>N\u00famero de p\u00e1ginas: 224<\/p>\n\n\n\n<p>.<\/p>\n\n\n\n<p>Salvador Guti\u00e9rrez Jim\u00e9nez (M\u00e1laga,1968) ha pasado m\u00e1s de dos d\u00e9cadas dedicado al mundo del periodismo, la escritura y la gesti\u00f3n cultural.<\/p>\n\n\n\n<p>En prensa escrita ha sido redactor, fundador, columnista y director de numerosos peri\u00f3dicos como <em>Noticiario de la Axarqu\u00eda<\/em>, <em>La Prensa<\/em>, <em>El Avance<\/em>, <em>Diario de la Axarqu\u00eda<\/em>, <em>Noticias <\/em>y  <em>Noticias 24<\/em>.<\/p>\n\n\n\n<p>En televisi\u00f3n ha ejercido como redactor, guionista y director de la televisi\u00f3n comarcal <strong>VTV Axarqu\u00eda<\/strong>.<\/p>\n\n\n\n<p>En radio ha llevado a cabo columnas radiof\u00f3nicas en la Cadena SER.<\/p>\n\n\n\n<p>Como guionista y director ha realizado  numerosos reportajes, videos promocionales y documentales para diversas entidades p\u00fablicas y privadas. En la gesti\u00f3n cultural ha comisariado, y organizado diferentes exposiciones de arte contempor\u00e1neo y expuesto diversas instalaciones art\u00edsticas. Ha sido  creador de la Sala Cervantes de  V\u00e9lez-M\u00e1laga y de los recitales de poes\u00eda y m\u00fasica en la calle <em>Damas de  Noche<\/em>, adem\u00e1s de ser uno de los responsables de la puesta en funcionamiento e inauguraci\u00f3n del CAC de V\u00e9lez-M\u00e1laga. As\u00ed mismo, ha creado diferentes espect\u00e1culos culturales (Salvador Rueda, Miguel Hern\u00e1ndez, Lorca, La Maqama de la  Fiesta&#8230;) y publicado ensayos y estudios sobre la poes\u00eda de Joaqu\u00edn Lobato, la pintura de Francisco Hern\u00e1ndez o las funciones del hambre en el Quijote.<\/p>\n\n\n\n<p>Ha escrito siete poemarios y  numerosos relatos por los que ha obtenido distintos premios (\u00abCiudad de V\u00e9lez-M\u00e1laga\u00bb, \u00abJoaqu\u00edn Lobato\u00bb, \u00abUniversidad de M\u00e1laga\u00bb, \u00abBenagalb\u00f3n\u00bb, \u00abNerja\u00bb y \u00abDiario El  Mundo\u00bb).<\/p>\n\n\n\n<p>.<\/p>\n\n\n\n<figure class=\"wp-block-image aligncenter size-large is-resized\"><img loading=\"lazy\" decoding=\"async\" width=\"626\" height=\"1024\" src=\"https:\/\/librosdelaaxarquia.com\/wp-content\/uploads\/2025\/11\/IMG_1678-3-626x1024.jpg\" alt=\"\" class=\"wp-image-1524\" style=\"width:384px;height:auto\" srcset=\"https:\/\/librosdelaaxarquia.com\/wp-content\/uploads\/2025\/11\/IMG_1678-3-626x1024.jpg 626w, https:\/\/librosdelaaxarquia.com\/wp-content\/uploads\/2025\/11\/IMG_1678-3-183x300.jpg 183w, https:\/\/librosdelaaxarquia.com\/wp-content\/uploads\/2025\/11\/IMG_1678-3-768x1256.jpg 768w, https:\/\/librosdelaaxarquia.com\/wp-content\/uploads\/2025\/11\/IMG_1678-3-939x1536.jpg 939w, https:\/\/librosdelaaxarquia.com\/wp-content\/uploads\/2025\/11\/IMG_1678-3-1253x2048.jpg 1253w, https:\/\/librosdelaaxarquia.com\/wp-content\/uploads\/2025\/11\/IMG_1678-3-scaled.jpg 1566w\" sizes=\"auto, (max-width: 626px) 100vw, 626px\" \/><\/figure>\n\n\n\n<p>.<\/p>\n","protected":false},"excerpt":{"rendered":"<p>LIBRO: Y SE HIZO EL SONIDO. COLECCION REFLEXIONES ISBN: 978-84-948637-0-7 D. L. MA 606-2018 N\u00famero de p\u00e1ginas: 224 . Salvador Guti\u00e9rrez Jim\u00e9nez (M\u00e1laga,1968) ha pasado m\u00e1s de dos d\u00e9cadas dedicado al mundo del periodismo, la escritura y la gesti\u00f3n cultural. En prensa escrita ha sido redactor, fundador, columnista y director de numerosos peri\u00f3dicos como Noticiario [&hellip;]<\/p>\n","protected":false},"author":1,"featured_media":0,"parent":0,"menu_order":0,"comment_status":"closed","ping_status":"closed","template":"","meta":{"footnotes":""},"class_list":["post-1522","page","type-page","status-publish","hentry"],"_links":{"self":[{"href":"https:\/\/librosdelaaxarquia.com\/index.php?rest_route=\/wp\/v2\/pages\/1522","targetHints":{"allow":["GET"]}}],"collection":[{"href":"https:\/\/librosdelaaxarquia.com\/index.php?rest_route=\/wp\/v2\/pages"}],"about":[{"href":"https:\/\/librosdelaaxarquia.com\/index.php?rest_route=\/wp\/v2\/types\/page"}],"author":[{"embeddable":true,"href":"https:\/\/librosdelaaxarquia.com\/index.php?rest_route=\/wp\/v2\/users\/1"}],"replies":[{"embeddable":true,"href":"https:\/\/librosdelaaxarquia.com\/index.php?rest_route=%2Fwp%2Fv2%2Fcomments&post=1522"}],"version-history":[{"count":3,"href":"https:\/\/librosdelaaxarquia.com\/index.php?rest_route=\/wp\/v2\/pages\/1522\/revisions"}],"predecessor-version":[{"id":1991,"href":"https:\/\/librosdelaaxarquia.com\/index.php?rest_route=\/wp\/v2\/pages\/1522\/revisions\/1991"}],"wp:attachment":[{"href":"https:\/\/librosdelaaxarquia.com\/index.php?rest_route=%2Fwp%2Fv2%2Fmedia&parent=1522"}],"curies":[{"name":"wp","href":"https:\/\/api.w.org\/{rel}","templated":true}]}}