{"id":1531,"date":"2025-11-27T10:21:57","date_gmt":"2025-11-27T09:21:57","guid":{"rendered":"https:\/\/librosdelaaxarquia.com\/?page_id=1531"},"modified":"2025-12-06T14:58:41","modified_gmt":"2025-12-06T13:58:41","slug":"algo-mas-que-palabras","status":"publish","type":"page","link":"https:\/\/librosdelaaxarquia.com\/?page_id=1531","title":{"rendered":"ALGO M\u00c1S QUE PALABRAS"},"content":{"rendered":"\n<div style=\"height:6px\" aria-hidden=\"true\" class=\"wp-block-spacer\"><\/div>\n\n\n\n<figure class=\"wp-block-image aligncenter size-full\"><img loading=\"lazy\" decoding=\"async\" width=\"431\" height=\"693\" src=\"https:\/\/librosdelaaxarquia.com\/wp-content\/uploads\/2025\/11\/ALGO-MAS-QUE-PALABRAS_001-1.jpg\" alt=\"\" class=\"wp-image-1532\" srcset=\"https:\/\/librosdelaaxarquia.com\/wp-content\/uploads\/2025\/11\/ALGO-MAS-QUE-PALABRAS_001-1.jpg 431w, https:\/\/librosdelaaxarquia.com\/wp-content\/uploads\/2025\/11\/ALGO-MAS-QUE-PALABRAS_001-1-187x300.jpg 187w\" sizes=\"auto, (max-width: 431px) 100vw, 431px\" \/><\/figure>\n\n\n\n<div style=\"height:5px\" aria-hidden=\"true\" class=\"wp-block-spacer\"><\/div>\n\n\n\n<p>AUTOR:  <a href=\"https:\/\/librosdelaaxarquia.com\/?page_id=518\" data-type=\"page\" data-id=\"518\">FRANCISCO MONTORO FERN\u00c1NDEZ<\/a><\/p>\n\n\n\n<p>COLECCI\u00d3N  <a href=\"https:\/\/librosdelaaxarquia.com\/?page_id=143\" data-type=\"page\" data-id=\"143\"><strong>REFLEXIONES<\/strong><\/a> (N\u00ba 10)<\/p>\n\n\n\n<p><strong>ISBN:<\/strong>  978-84-126573-2-6    <strong>D. L. <\/strong> MA 1345-2023<\/p>\n\n\n\n<p>N\u00famero de p\u00e1ginas: 200<\/p>\n\n\n\n<p><strong>Estamos ante un libro que no pretende ser le\u00eddo r\u00e1pido; que aspira a promover la reflexi\u00f3n y la visi\u00f3n serena, y que ayuda y motiva al conocimiento del entorno vital, que facilita el placer de leer, y que ilustra sobre lo que somos y fuimos los vele\u00f1os, y aportando matices, informaciones y posicionamientos edificantes.<\/strong><\/p>\n\n\n\n<p><strong>Un libro, por tanto, que insin\u00faa propuestas y despierta y mejora la sabidur\u00eda sobre lo que hemos sido, en el contexto de nuestro tiempo, del tiempo vivido y tratando de atisbar las etapas siguientes por venir.<\/strong><\/p>\n\n\n\n<p><strong>Un libro, pues, que disfrutar\u00e1n, creemos, la mayor\u00eda de los lectores que se acerquen a \u00e9l. Y que permitir\u00e1 ver reunidos escritos varios, e independientes, cuyo orden de lectura carece de relevancia. &nbsp;<\/strong><\/p>\n\n\n\n<p><strong>En s\u00edntesis,estamos ante un libro que pretende ser un libro de compa\u00f1\u00eda \u2013y durante largo tiempo\u2013 para cualquier lector y amante de la lectura, y especialmente destinado a aquellos vele\u00f1os de esos que nunca renunciar\u00e1n de serlo.&nbsp;<\/strong><\/p>\n\n\n\n<div style=\"height:2px\" aria-hidden=\"true\" class=\"wp-block-spacer\"><\/div>\n\n\n\n<figure class=\"wp-block-image size-large\"><img loading=\"lazy\" decoding=\"async\" width=\"1024\" height=\"481\" src=\"https:\/\/librosdelaaxarquia.com\/wp-content\/uploads\/2025\/11\/ALGO-MAS-QUE-PALABRAS-1024x481.jpg\" alt=\"\" class=\"wp-image-1533\" srcset=\"https:\/\/librosdelaaxarquia.com\/wp-content\/uploads\/2025\/11\/ALGO-MAS-QUE-PALABRAS-1024x481.jpg 1024w, https:\/\/librosdelaaxarquia.com\/wp-content\/uploads\/2025\/11\/ALGO-MAS-QUE-PALABRAS-300x141.jpg 300w, https:\/\/librosdelaaxarquia.com\/wp-content\/uploads\/2025\/11\/ALGO-MAS-QUE-PALABRAS-768x360.jpg 768w, https:\/\/librosdelaaxarquia.com\/wp-content\/uploads\/2025\/11\/ALGO-MAS-QUE-PALABRAS.jpg 1453w\" sizes=\"auto, (max-width: 1024px) 100vw, 1024px\" \/><\/figure>\n\n\n\n<p><\/p>\n","protected":false},"excerpt":{"rendered":"<p>AUTOR: FRANCISCO MONTORO FERN\u00c1NDEZ COLECCI\u00d3N REFLEXIONES (N\u00ba 10) ISBN: 978-84-126573-2-6 D. L. MA 1345-2023 N\u00famero de p\u00e1ginas: 200 Estamos ante un libro que no pretende ser le\u00eddo r\u00e1pido; que aspira a promover la reflexi\u00f3n y la visi\u00f3n serena, y que ayuda y motiva al conocimiento del entorno vital, que facilita el placer de leer, y [&hellip;]<\/p>\n","protected":false},"author":1,"featured_media":0,"parent":0,"menu_order":0,"comment_status":"closed","ping_status":"closed","template":"","meta":{"footnotes":""},"class_list":["post-1531","page","type-page","status-publish","hentry"],"_links":{"self":[{"href":"https:\/\/librosdelaaxarquia.com\/index.php?rest_route=\/wp\/v2\/pages\/1531","targetHints":{"allow":["GET"]}}],"collection":[{"href":"https:\/\/librosdelaaxarquia.com\/index.php?rest_route=\/wp\/v2\/pages"}],"about":[{"href":"https:\/\/librosdelaaxarquia.com\/index.php?rest_route=\/wp\/v2\/types\/page"}],"author":[{"embeddable":true,"href":"https:\/\/librosdelaaxarquia.com\/index.php?rest_route=\/wp\/v2\/users\/1"}],"replies":[{"embeddable":true,"href":"https:\/\/librosdelaaxarquia.com\/index.php?rest_route=%2Fwp%2Fv2%2Fcomments&post=1531"}],"version-history":[{"count":5,"href":"https:\/\/librosdelaaxarquia.com\/index.php?rest_route=\/wp\/v2\/pages\/1531\/revisions"}],"predecessor-version":[{"id":2177,"href":"https:\/\/librosdelaaxarquia.com\/index.php?rest_route=\/wp\/v2\/pages\/1531\/revisions\/2177"}],"wp:attachment":[{"href":"https:\/\/librosdelaaxarquia.com\/index.php?rest_route=%2Fwp%2Fv2%2Fmedia&parent=1531"}],"curies":[{"name":"wp","href":"https:\/\/api.w.org\/{rel}","templated":true}]}}