{"id":1573,"date":"2025-11-27T22:21:04","date_gmt":"2025-11-27T21:21:04","guid":{"rendered":"https:\/\/librosdelaaxarquia.com\/?page_id=1573"},"modified":"2025-12-06T22:11:34","modified_gmt":"2025-12-06T21:11:34","slug":"formas-de-mirar-al-mar","status":"publish","type":"page","link":"https:\/\/librosdelaaxarquia.com\/?page_id=1573","title":{"rendered":"FORMAS DE MIRAR AL MAR"},"content":{"rendered":"\n<figure class=\"wp-block-image aligncenter size-full is-resized\"><img loading=\"lazy\" decoding=\"async\" width=\"283\" height=\"442\" src=\"https:\/\/librosdelaaxarquia.com\/wp-content\/uploads\/2025\/11\/FORMAS-DE-MIRAR-AL-MAR-1.png\" alt=\"\" class=\"wp-image-1574\" style=\"width:341px;height:auto\" srcset=\"https:\/\/librosdelaaxarquia.com\/wp-content\/uploads\/2025\/11\/FORMAS-DE-MIRAR-AL-MAR-1.png 283w, https:\/\/librosdelaaxarquia.com\/wp-content\/uploads\/2025\/11\/FORMAS-DE-MIRAR-AL-MAR-1-192x300.png 192w\" sizes=\"auto, (max-width: 283px) 100vw, 283px\" \/><\/figure>\n\n\n\n<div style=\"height:7px\" aria-hidden=\"true\" class=\"wp-block-spacer\"><\/div>\n\n\n\n<p><strong>AUTORA<\/strong>: <a href=\"https:\/\/librosdelaaxarquia.com\/?page_id=502\" data-type=\"page\" data-id=\"502\">EMILIA GARC\u00cdA CASTILLO<\/a><\/p>\n\n\n\n<p>COLECCI\u00d3N <strong><a href=\"https:\/\/librosdelaaxarquia.com\/?page_id=1399\" data-type=\"page\" data-id=\"1399\">POEMARIOS<\/a><\/strong> (N\u00ba 5)<\/p>\n\n\n\n<p><strong>ISBN:<\/strong>  978-84-126573-7-1    <strong>D. L.  MA <\/strong> 1803-2024  <\/p>\n\n\n\n<p>N\u00famero de p\u00e1ginas:  164<\/p>\n\n\n\n<div style=\"height:6px\" aria-hidden=\"true\" class=\"wp-block-spacer\"><\/div>\n\n\n\n<p><strong>\u201cQuiz\u00e1s porque mi ni\u00f1ez sigue jugando en tus playas, y escondido tras las ca\u00f1as, duerme mi primer amor, llevo tu luz y tu olor por donde quiera que vaya\u201d. No hay, para m\u00ed, canci\u00f3n m\u00e1s hermosa que \u00e9sta. Joan Manuel Serrat hizo de <em>Mediterr\u00e1neo<\/em> una sinfon\u00eda azul siempre fresca.<\/strong><\/p>\n\n\n\n<p><strong>Los que somos litorales sabemos que el azul es como una segunda piel que no nos abandona. Por muy tierra adentro que vayamos. Siempre lo llevamos con nosotros.<\/strong><\/p>\n\n\n\n<p><strong><em>Formas de mirar al mar<\/em><\/strong><strong>, es un conjunto de poemas sentidos desde este rinc\u00f3n del Mediterr\u00e1neo que tantas civilizaciones ha visto pasar a lo largo de su historia, tan diversas y ricas en matices. Este mar navegado desde la antig\u00fcedad y que ahora es cruzado por gentes con la esperanza puestas en esta orilla, a la que muchos no llegan tras una larga odisea de fatigas y sufrimientos.<\/strong><\/p>\n\n\n\n<p><strong>Son poemas que pasean por el rebalaje o se sientan sobre la arena para contemplar ese azul que es pura belleza y que, de bello, produce v\u00e9rtigo y miedo, porque esa inmensidad inabarcable es como otro cielo extendido a nuestros pies.<\/strong><\/p>\n\n\n\n<p><strong>Son poemas que abrazan a las olas y, abraz\u00e1ndolas, quieren abrazar la vida.<\/strong><\/p>\n\n\n\n<p><strong>Son atardeceres que se hacen fuego en el horizonte.<\/strong><\/p>\n\n\n\n<div style=\"height:6px\" aria-hidden=\"true\" class=\"wp-block-spacer\"><\/div>\n\n\n\n<figure class=\"wp-block-image size-large\"><img loading=\"lazy\" decoding=\"async\" width=\"1024\" height=\"486\" src=\"https:\/\/librosdelaaxarquia.com\/wp-content\/uploads\/2025\/11\/FORMAS-DE-MIRAR-AL-MAR-1024x486.jpg\" alt=\"\" class=\"wp-image-1575\" srcset=\"https:\/\/librosdelaaxarquia.com\/wp-content\/uploads\/2025\/11\/FORMAS-DE-MIRAR-AL-MAR-1024x486.jpg 1024w, https:\/\/librosdelaaxarquia.com\/wp-content\/uploads\/2025\/11\/FORMAS-DE-MIRAR-AL-MAR-300x142.jpg 300w, https:\/\/librosdelaaxarquia.com\/wp-content\/uploads\/2025\/11\/FORMAS-DE-MIRAR-AL-MAR-768x364.jpg 768w, https:\/\/librosdelaaxarquia.com\/wp-content\/uploads\/2025\/11\/FORMAS-DE-MIRAR-AL-MAR.jpg 1432w\" sizes=\"auto, (max-width: 1024px) 100vw, 1024px\" \/><\/figure>\n\n\n\n<p>.<\/p>\n\n\n\n<p><\/p>\n","protected":false},"excerpt":{"rendered":"<p>AUTORA: EMILIA GARC\u00cdA CASTILLO COLECCI\u00d3N POEMARIOS (N\u00ba 5) ISBN: 978-84-126573-7-1 D. L. MA 1803-2024 N\u00famero de p\u00e1ginas: 164 \u201cQuiz\u00e1s porque mi ni\u00f1ez sigue jugando en tus playas, y escondido tras las ca\u00f1as, duerme mi primer amor, llevo tu luz y tu olor por donde quiera que vaya\u201d. No hay, para m\u00ed, canci\u00f3n m\u00e1s hermosa que [&hellip;]<\/p>\n","protected":false},"author":1,"featured_media":0,"parent":0,"menu_order":0,"comment_status":"closed","ping_status":"closed","template":"","meta":{"footnotes":""},"class_list":["post-1573","page","type-page","status-publish","hentry"],"_links":{"self":[{"href":"https:\/\/librosdelaaxarquia.com\/index.php?rest_route=\/wp\/v2\/pages\/1573","targetHints":{"allow":["GET"]}}],"collection":[{"href":"https:\/\/librosdelaaxarquia.com\/index.php?rest_route=\/wp\/v2\/pages"}],"about":[{"href":"https:\/\/librosdelaaxarquia.com\/index.php?rest_route=\/wp\/v2\/types\/page"}],"author":[{"embeddable":true,"href":"https:\/\/librosdelaaxarquia.com\/index.php?rest_route=\/wp\/v2\/users\/1"}],"replies":[{"embeddable":true,"href":"https:\/\/librosdelaaxarquia.com\/index.php?rest_route=%2Fwp%2Fv2%2Fcomments&post=1573"}],"version-history":[{"count":4,"href":"https:\/\/librosdelaaxarquia.com\/index.php?rest_route=\/wp\/v2\/pages\/1573\/revisions"}],"predecessor-version":[{"id":2233,"href":"https:\/\/librosdelaaxarquia.com\/index.php?rest_route=\/wp\/v2\/pages\/1573\/revisions\/2233"}],"wp:attachment":[{"href":"https:\/\/librosdelaaxarquia.com\/index.php?rest_route=%2Fwp%2Fv2%2Fmedia&parent=1573"}],"curies":[{"name":"wp","href":"https:\/\/api.w.org\/{rel}","templated":true}]}}