{"id":1595,"date":"2025-11-27T23:06:01","date_gmt":"2025-11-27T22:06:01","guid":{"rendered":"https:\/\/librosdelaaxarquia.com\/?page_id=1595"},"modified":"2025-12-06T21:18:33","modified_gmt":"2025-12-06T20:18:33","slug":"con-vistas-al-mar","status":"publish","type":"page","link":"https:\/\/librosdelaaxarquia.com\/?page_id=1595","title":{"rendered":"CON VISTAS AL MAR"},"content":{"rendered":"\n<figure class=\"wp-block-image aligncenter size-full is-resized\"><img loading=\"lazy\" decoding=\"async\" width=\"433\" height=\"680\" src=\"https:\/\/librosdelaaxarquia.com\/wp-content\/uploads\/2025\/11\/CON-VISTAS-AL-MAR-Cubierta_001-5.jpg\" alt=\"\" class=\"wp-image-1596\" style=\"aspect-ratio:0.6367827468548954;width:442px;height:auto\" srcset=\"https:\/\/librosdelaaxarquia.com\/wp-content\/uploads\/2025\/11\/CON-VISTAS-AL-MAR-Cubierta_001-5.jpg 433w, https:\/\/librosdelaaxarquia.com\/wp-content\/uploads\/2025\/11\/CON-VISTAS-AL-MAR-Cubierta_001-5-191x300.jpg 191w\" sizes=\"auto, (max-width: 433px) 100vw, 433px\" \/><\/figure>\n\n\n\n<p>.<\/p>\n\n\n\n<p><strong>AUTOR<\/strong>: <a href=\"https:\/\/librosdelaaxarquia.com\/?page_id=395\" data-type=\"page\" data-id=\"395\">JES\u00daS ARANDA CAMU\u00d1AS<\/a>.<\/p>\n\n\n\n<p>COLECCI\u00d3N <strong><a href=\"https:\/\/librosdelaaxarquia.com\/?page_id=232\" data-type=\"page\" data-id=\"232\">ARGUMENTOS<\/a><\/strong> (N\u00ba 1)<\/p>\n\n\n\n<p><strong>ISBN:<\/strong> 978-84-126573-5-7   <strong>D. L.  MA<\/strong>  1725-2024<\/p>\n\n\n\n<p>N\u00famero de p\u00e1ginas:  300<\/p>\n\n\n\n<div style=\"height:8px\" aria-hidden=\"true\" class=\"wp-block-spacer\"><\/div>\n\n\n\n<p><strong>El autor ha tenido a lo largo de su vida dos grandes pasiones: la Educaci\u00f3n y la M\u00fasica. Una, su profesi\u00f3n; otra, su alimento espiritual. Las dos han ido de la mano y han forjado su car\u00e1cter y su forma de entender la vida, como una especie de Dr. Jekill y Mr.Hide, que se han ido complementando y viviendo en una simbiosis vital que a\u00fan perdura.<\/strong><\/p>\n\n\n\n<p><strong>Aunque ya se jubil\u00f3 como maestro, el enfoque divulgativo y did\u00e1ctico permanece en sus escritos, donde intentaaportar su grano de arena a la reflexi\u00f3n y el pensamiento cr\u00edtico, en unos tiempos donde los populismos, la llamada posverdad, la desinformaci\u00f3n y los intereses sectarios de unos y otros, contaminan la percepci\u00f3n que tenemos de nosotros mismos y de la sociedad que nos ha tocado vivir.<\/strong><\/p>\n\n\n\n<p><strong>En unos momentos en que muchos ciudadanos andan un poco desorientados por la falta de referentes en los que poder apoyarse para conformar criterios s\u00f3lidos y sensatos, esta obra de Jes\u00fas Aranda, agrupada en cinco apartados (M\u00fasica, Sociedad y Cultura, Humanismo y Educaci\u00f3n, Pol\u00edtica y V\u00e9lez-M\u00e1laga) y con m\u00e1s de sesenta art\u00edculos de opini\u00f3n, invita al lector a abrir una ventana al pensamiento atento y detenido tanto en lo personal como en lo colectivo.<\/strong><\/p>\n\n\n\n<div style=\"height:14px\" aria-hidden=\"true\" class=\"wp-block-spacer\"><\/div>\n\n\n\n<p class=\"has-text-align-center\"><strong>PRESENTACI\u00d3N DE LA COLECCI\u00d3N ARGUMENTOS<\/strong><\/p>\n\n\n\n<p class=\"has-text-align-center\">(SAL\u00d3N DE ACTOS DE LA AZUCARERA DE TORRE DEL MAR)<\/p>\n\n\n\n<div style=\"height:0px\" aria-hidden=\"true\" class=\"wp-block-spacer\"><\/div>\n\n\n\n<div style=\"height:0px\" aria-hidden=\"true\" class=\"wp-block-spacer\"><\/div>\n\n\n\n<figure class=\"wp-block-embed is-type-video is-provider-youtube wp-block-embed-youtube wp-embed-aspect-16-9 wp-has-aspect-ratio\"><div class=\"wp-block-embed__wrapper\">\n<iframe loading=\"lazy\" title=\"ARGUMENTOS en TORRE DEL MAR\" width=\"500\" height=\"281\" src=\"https:\/\/www.youtube.com\/embed\/tGrY8Eqr6fM?feature=oembed\" frameborder=\"0\" allow=\"accelerometer; autoplay; clipboard-write; encrypted-media; gyroscope; picture-in-picture; web-share\" referrerpolicy=\"strict-origin-when-cross-origin\" allowfullscreen><\/iframe>\n<\/div><\/figure>\n\n\n\n<div style=\"height:17px\" aria-hidden=\"true\" class=\"wp-block-spacer\"><\/div>\n\n\n\n<figure class=\"wp-block-image size-large\"><img loading=\"lazy\" decoding=\"async\" width=\"1024\" height=\"474\" src=\"https:\/\/librosdelaaxarquia.com\/wp-content\/uploads\/2025\/12\/CON-VISTAS-AL-MAR-Cubierta_001-1024x474.jpg\" alt=\"\" class=\"wp-image-2201\" srcset=\"https:\/\/librosdelaaxarquia.com\/wp-content\/uploads\/2025\/12\/CON-VISTAS-AL-MAR-Cubierta_001-1024x474.jpg 1024w, https:\/\/librosdelaaxarquia.com\/wp-content\/uploads\/2025\/12\/CON-VISTAS-AL-MAR-Cubierta_001-300x139.jpg 300w, https:\/\/librosdelaaxarquia.com\/wp-content\/uploads\/2025\/12\/CON-VISTAS-AL-MAR-Cubierta_001-768x355.jpg 768w, https:\/\/librosdelaaxarquia.com\/wp-content\/uploads\/2025\/12\/CON-VISTAS-AL-MAR-Cubierta_001.jpg 1470w\" sizes=\"auto, (max-width: 1024px) 100vw, 1024px\" \/><\/figure>\n\n\n\n<p><\/p>\n","protected":false},"excerpt":{"rendered":"<p>. AUTOR: JES\u00daS ARANDA CAMU\u00d1AS. COLECCI\u00d3N ARGUMENTOS (N\u00ba 1) ISBN: 978-84-126573-5-7 D. L. MA 1725-2024 N\u00famero de p\u00e1ginas: 300 El autor ha tenido a lo largo de su vida dos grandes pasiones: la Educaci\u00f3n y la M\u00fasica. Una, su profesi\u00f3n; otra, su alimento espiritual. Las dos han ido de la mano y han forjado su [&hellip;]<\/p>\n","protected":false},"author":1,"featured_media":0,"parent":0,"menu_order":0,"comment_status":"closed","ping_status":"closed","template":"","meta":{"footnotes":""},"class_list":["post-1595","page","type-page","status-publish","hentry"],"_links":{"self":[{"href":"https:\/\/librosdelaaxarquia.com\/index.php?rest_route=\/wp\/v2\/pages\/1595","targetHints":{"allow":["GET"]}}],"collection":[{"href":"https:\/\/librosdelaaxarquia.com\/index.php?rest_route=\/wp\/v2\/pages"}],"about":[{"href":"https:\/\/librosdelaaxarquia.com\/index.php?rest_route=\/wp\/v2\/types\/page"}],"author":[{"embeddable":true,"href":"https:\/\/librosdelaaxarquia.com\/index.php?rest_route=\/wp\/v2\/users\/1"}],"replies":[{"embeddable":true,"href":"https:\/\/librosdelaaxarquia.com\/index.php?rest_route=%2Fwp%2Fv2%2Fcomments&post=1595"}],"version-history":[{"count":3,"href":"https:\/\/librosdelaaxarquia.com\/index.php?rest_route=\/wp\/v2\/pages\/1595\/revisions"}],"predecessor-version":[{"id":2202,"href":"https:\/\/librosdelaaxarquia.com\/index.php?rest_route=\/wp\/v2\/pages\/1595\/revisions\/2202"}],"wp:attachment":[{"href":"https:\/\/librosdelaaxarquia.com\/index.php?rest_route=%2Fwp%2Fv2%2Fmedia&parent=1595"}],"curies":[{"name":"wp","href":"https:\/\/api.w.org\/{rel}","templated":true}]}}