{"id":1622,"date":"2025-11-28T08:20:45","date_gmt":"2025-11-28T07:20:45","guid":{"rendered":"https:\/\/librosdelaaxarquia.com\/?page_id=1622"},"modified":"2025-12-24T13:26:25","modified_gmt":"2025-12-24T12:26:25","slug":"la-musica-que-yo-aprendi","status":"publish","type":"page","link":"https:\/\/librosdelaaxarquia.com\/?page_id=1622","title":{"rendered":"LA M\u00daSICA QUE YO APREND\u00cd"},"content":{"rendered":"\n<figure class=\"wp-block-image aligncenter size-full is-resized\"><img loading=\"lazy\" decoding=\"async\" width=\"439\" height=\"695\" src=\"https:\/\/librosdelaaxarquia.com\/wp-content\/uploads\/2025\/11\/LA-MUSICA-4.jpg\" alt=\"\" class=\"wp-image-1624\" style=\"aspect-ratio:0.6316702819956616;width:444px;height:auto\" srcset=\"https:\/\/librosdelaaxarquia.com\/wp-content\/uploads\/2025\/11\/LA-MUSICA-4.jpg 439w, https:\/\/librosdelaaxarquia.com\/wp-content\/uploads\/2025\/11\/LA-MUSICA-4-189x300.jpg 189w\" sizes=\"auto, (max-width: 439px) 100vw, 439px\" \/><\/figure>\n\n\n\n<div style=\"height:26px\" aria-hidden=\"true\" class=\"wp-block-spacer\"><\/div>\n\n\n\n<p><strong>AUTOR:<\/strong> <a href=\"https:\/\/librosdelaaxarquia.com\/?page_id=1301\" data-type=\"page\" data-id=\"1301\">SALVADOR CONDE LOBATO<\/a>.<\/p>\n\n\n\n<p>COLECCI\u00d3N <a href=\"https:\/\/librosdelaaxarquia.com\/?page_id=59\" data-type=\"page\" data-id=\"59\"><strong>LA PEQUE\u00d1A HISTORIA<\/strong>.<\/a> (N\u00ba 6)<\/p>\n\n\n\n<p><strong>ISBN:<\/strong> 978-84-129804-2-4   <strong> D. L.<\/strong>  MA 118-2025<\/p>\n\n\n\n<p>N\u00famero de p\u00e1ginas: 250<\/p>\n\n\n\n<div style=\"height:8px\" aria-hidden=\"true\" class=\"wp-block-spacer\"><\/div>\n\n\n\n<p><strong>Nos recuerda el autor de este libro que \u201cLa m\u00fasica es la banda sonora de la vida\u201d, y lo hace en un maravilloso trabajo titulado <em>La M\u00fasica que yo aprend\u00ed<\/em>.<\/strong><\/p>\n\n\n\n<p><strong>Para Salvador Conde, la m\u00fasica no ha sido el pan, pero s\u00ed el vino de la vida. Rodeado de pensamientos y vivencias musicales desde ni\u00f1o, y rodeado del arte y la canci\u00f3n de su inseparable hermano \u201cPepe Luis Conde\u201d, creci\u00f3, no solo con sus habilidades para la guitarra, sino como experto en \u201chistoria\u201d de la m\u00fasica, su m\u00fasica, la m\u00fasica de su tiempo, su hermano y sus amigos\u2026 Es decir, la m\u00fasica de su vida.<\/strong><\/p>\n\n\n\n<p><strong>&nbsp;No cabe duda de que Salvador Conde, guitarrista, compositor, arreglista, investigador\u2026 es conocedor en profundidad de la m\u00fasica de las m\u00e1s variadas \u00e9pocas y estilos, siendo un experto flamenc\u00f3logo, que degusta a la perfecci\u00f3n su evoluci\u00f3n y a sus int\u00e9rpretes; gran conocedor de la saeta, y de la copla \u2013protagonista de <em>La M\u00fasica que yo aprend\u00ed<\/em>\u2013, y persona que goza de profundos recursos po\u00e9ticos que le hacen componer canciones, sevillanas, misas, villancicos, coplas, pasodobles de carnaval\u2026<\/strong><\/p>\n\n\n\n<p><strong>Estamos ante un libro lleno de alegr\u00edas, emociones variadas y nostalgias.<\/strong><\/p>\n\n\n\n<div style=\"height:2px\" aria-hidden=\"true\" class=\"wp-block-spacer\"><\/div>\n\n\n\n<figure class=\"wp-block-image size-large\"><img loading=\"lazy\" decoding=\"async\" width=\"1024\" height=\"516\" src=\"https:\/\/librosdelaaxarquia.com\/wp-content\/uploads\/2025\/11\/LA-MUSICA-5-1024x516.jpg\" alt=\"\" class=\"wp-image-1625\" srcset=\"https:\/\/librosdelaaxarquia.com\/wp-content\/uploads\/2025\/11\/LA-MUSICA-5-1024x516.jpg 1024w, https:\/\/librosdelaaxarquia.com\/wp-content\/uploads\/2025\/11\/LA-MUSICA-5-300x151.jpg 300w, https:\/\/librosdelaaxarquia.com\/wp-content\/uploads\/2025\/11\/LA-MUSICA-5-768x387.jpg 768w, https:\/\/librosdelaaxarquia.com\/wp-content\/uploads\/2025\/11\/LA-MUSICA-5.jpg 1480w\" sizes=\"auto, (max-width: 1024px) 100vw, 1024px\" \/><\/figure>\n\n\n\n<div style=\"height:22px\" aria-hidden=\"true\" class=\"wp-block-spacer\"><\/div>\n\n\n\n<figure class=\"wp-block-embed is-type-video is-provider-youtube wp-block-embed-youtube wp-embed-aspect-16-9 wp-has-aspect-ratio\"><div class=\"wp-block-embed__wrapper\">\n<iframe loading=\"lazy\" title=\"Presentaci\u00f3n del libro \u201cLa M\u00fasica que yo aprend\u00ed\u201d de Salvador Conde.\" width=\"500\" height=\"281\" src=\"https:\/\/www.youtube.com\/embed\/bQMyiNw3Ncw?feature=oembed\" frameborder=\"0\" allow=\"accelerometer; autoplay; clipboard-write; encrypted-media; gyroscope; picture-in-picture; web-share\" referrerpolicy=\"strict-origin-when-cross-origin\" allowfullscreen><\/iframe>\n<\/div><\/figure>\n","protected":false},"excerpt":{"rendered":"<p>AUTOR: SALVADOR CONDE LOBATO. COLECCI\u00d3N LA PEQUE\u00d1A HISTORIA. (N\u00ba 6) ISBN: 978-84-129804-2-4 D. L. MA 118-2025 N\u00famero de p\u00e1ginas: 250 Nos recuerda el autor de este libro que \u201cLa m\u00fasica es la banda sonora de la vida\u201d, y lo hace en un maravilloso trabajo titulado La M\u00fasica que yo aprend\u00ed. Para Salvador Conde, la m\u00fasica [&hellip;]<\/p>\n","protected":false},"author":1,"featured_media":0,"parent":0,"menu_order":0,"comment_status":"closed","ping_status":"closed","template":"","meta":{"footnotes":""},"class_list":["post-1622","page","type-page","status-publish","hentry"],"_links":{"self":[{"href":"https:\/\/librosdelaaxarquia.com\/index.php?rest_route=\/wp\/v2\/pages\/1622","targetHints":{"allow":["GET"]}}],"collection":[{"href":"https:\/\/librosdelaaxarquia.com\/index.php?rest_route=\/wp\/v2\/pages"}],"about":[{"href":"https:\/\/librosdelaaxarquia.com\/index.php?rest_route=\/wp\/v2\/types\/page"}],"author":[{"embeddable":true,"href":"https:\/\/librosdelaaxarquia.com\/index.php?rest_route=\/wp\/v2\/users\/1"}],"replies":[{"embeddable":true,"href":"https:\/\/librosdelaaxarquia.com\/index.php?rest_route=%2Fwp%2Fv2%2Fcomments&post=1622"}],"version-history":[{"count":5,"href":"https:\/\/librosdelaaxarquia.com\/index.php?rest_route=\/wp\/v2\/pages\/1622\/revisions"}],"predecessor-version":[{"id":2409,"href":"https:\/\/librosdelaaxarquia.com\/index.php?rest_route=\/wp\/v2\/pages\/1622\/revisions\/2409"}],"wp:attachment":[{"href":"https:\/\/librosdelaaxarquia.com\/index.php?rest_route=%2Fwp%2Fv2%2Fmedia&parent=1622"}],"curies":[{"name":"wp","href":"https:\/\/api.w.org\/{rel}","templated":true}]}}