{"id":1629,"date":"2025-11-28T13:18:24","date_gmt":"2025-11-28T12:18:24","guid":{"rendered":"https:\/\/librosdelaaxarquia.com\/?page_id=1629"},"modified":"2025-12-08T00:38:41","modified_gmt":"2025-12-07T23:38:41","slug":"los-velamenes-del-vieux-port","status":"publish","type":"page","link":"https:\/\/librosdelaaxarquia.com\/?page_id=1629","title":{"rendered":"LOS VELAMENES DEL VIEUX PORT"},"content":{"rendered":"\n<figure class=\"wp-block-image aligncenter size-full is-resized\"><img loading=\"lazy\" decoding=\"async\" width=\"430\" height=\"688\" src=\"https:\/\/librosdelaaxarquia.com\/wp-content\/uploads\/2025\/11\/LOS-VELAMENES._001-1.jpg\" alt=\"\" class=\"wp-image-1630\" style=\"width:328px;height:auto\" srcset=\"https:\/\/librosdelaaxarquia.com\/wp-content\/uploads\/2025\/11\/LOS-VELAMENES._001-1.jpg 430w, https:\/\/librosdelaaxarquia.com\/wp-content\/uploads\/2025\/11\/LOS-VELAMENES._001-1-188x300.jpg 188w\" sizes=\"auto, (max-width: 430px) 100vw, 430px\" \/><\/figure>\n\n\n\n<div style=\"height:48px\" aria-hidden=\"true\" class=\"wp-block-spacer\"><\/div>\n\n\n\n<p><strong>AUTOR<\/strong>: <a href=\"https:\/\/librosdelaaxarquia.com\/?page_id=1270\" data-type=\"page\" data-id=\"1270\">FRANCISCO G\u00c1LVEZ HIDALGO<\/a><\/p>\n\n\n\n<p>COLECCI\u00d3N <strong><a href=\"https:\/\/librosdelaaxarquia.com\/?page_id=2029\" data-type=\"page\" data-id=\"2029\">NARRACIONES<\/a><\/strong> (N\u00ba 1)<\/p>\n\n\n\n<p>ISBN: 978-84-126573-4-0     D. L.   MA  1621-2024<\/p>\n\n\n\n<p>N\u00famero de p\u00e1ginas:  130<\/p>\n\n\n\n<div style=\"height:3px\" aria-hidden=\"true\" class=\"wp-block-spacer\"><\/div>\n\n\n\n<p>&#8230;Lo que no se dice en este libro es mucho m\u00e1s que lo que se dice, dej\u00e1ndonos a nosotros la tarea de interpretar, de leer entre l\u00edneas y de ver, a trav\u00e9s de un texto, c\u00f3mo estamos nosotros con respecto a otros que la pasan muy mal.<\/p>\n\n\n\n<p>Os dejo en compa\u00f1\u00eda de este maravilloso texto escrito por Francisco G\u00e1lvez, quien, en la sencillez de su descarnado personaje, nos transporta a una realidad que tal vez preferimos no ver, pero que est\u00e1 ah\u00ed, al lado nuestro para sacudir nuestras adormecidas conciencias.<\/p>\n\n\n\n<p>Gracias Fran, por permitirme prologar este lind\u00edsimo libro que has escrito con la visi\u00f3n de un profeta digno de Zweig. &nbsp;&nbsp;&nbsp;&nbsp;&nbsp;&nbsp;&nbsp;&nbsp;&nbsp;&nbsp;&nbsp;&nbsp;&nbsp;&nbsp;&nbsp;&nbsp;&nbsp;&nbsp;&nbsp;&nbsp;&nbsp;&nbsp;&nbsp;<\/p>\n\n\n\n<p><em>&nbsp;&nbsp;&nbsp;&nbsp;&nbsp;&nbsp;&nbsp;                                      ( <\/em>Del pr\u00f3logo de<em> Roberto Alejandro Hiriart<\/em>)<\/p>\n\n\n\n<div style=\"height:1px\" aria-hidden=\"true\" class=\"wp-block-spacer\"><\/div>\n\n\n\n<figure class=\"wp-block-embed is-type-video is-provider-youtube wp-block-embed-youtube wp-embed-aspect-16-9 wp-has-aspect-ratio\"><div class=\"wp-block-embed__wrapper\">\n<iframe loading=\"lazy\" title=\"LOS VEL\u00c1MENES\" width=\"500\" height=\"281\" src=\"https:\/\/www.youtube.com\/embed\/Jpp7edKeRbo?feature=oembed\" frameborder=\"0\" allow=\"accelerometer; autoplay; clipboard-write; encrypted-media; gyroscope; picture-in-picture; web-share\" referrerpolicy=\"strict-origin-when-cross-origin\" allowfullscreen><\/iframe>\n<\/div><\/figure>\n\n\n\n<div style=\"height:21px\" aria-hidden=\"true\" class=\"wp-block-spacer\"><\/div>\n\n\n\n<figure class=\"wp-block-image size-large\"><img loading=\"lazy\" decoding=\"async\" width=\"1024\" height=\"507\" src=\"https:\/\/librosdelaaxarquia.com\/wp-content\/uploads\/2025\/12\/LOS-VELAMENES._001-1-1024x507.jpg\" alt=\"\" class=\"wp-image-2296\" srcset=\"https:\/\/librosdelaaxarquia.com\/wp-content\/uploads\/2025\/12\/LOS-VELAMENES._001-1-1024x507.jpg 1024w, https:\/\/librosdelaaxarquia.com\/wp-content\/uploads\/2025\/12\/LOS-VELAMENES._001-1-300x149.jpg 300w, https:\/\/librosdelaaxarquia.com\/wp-content\/uploads\/2025\/12\/LOS-VELAMENES._001-1-768x381.jpg 768w, https:\/\/librosdelaaxarquia.com\/wp-content\/uploads\/2025\/12\/LOS-VELAMENES._001-1.jpg 1467w\" sizes=\"auto, (max-width: 1024px) 100vw, 1024px\" \/><\/figure>\n","protected":false},"excerpt":{"rendered":"<p>AUTOR: FRANCISCO G\u00c1LVEZ HIDALGO COLECCI\u00d3N NARRACIONES (N\u00ba 1) ISBN: 978-84-126573-4-0 D. L. MA 1621-2024 N\u00famero de p\u00e1ginas: 130 &#8230;Lo que no se dice en este libro es mucho m\u00e1s que lo que se dice, dej\u00e1ndonos a nosotros la tarea de interpretar, de leer entre l\u00edneas y de ver, a trav\u00e9s de un texto, c\u00f3mo estamos [&hellip;]<\/p>\n","protected":false},"author":1,"featured_media":0,"parent":0,"menu_order":0,"comment_status":"closed","ping_status":"closed","template":"","meta":{"footnotes":""},"class_list":["post-1629","page","type-page","status-publish","hentry"],"_links":{"self":[{"href":"https:\/\/librosdelaaxarquia.com\/index.php?rest_route=\/wp\/v2\/pages\/1629","targetHints":{"allow":["GET"]}}],"collection":[{"href":"https:\/\/librosdelaaxarquia.com\/index.php?rest_route=\/wp\/v2\/pages"}],"about":[{"href":"https:\/\/librosdelaaxarquia.com\/index.php?rest_route=\/wp\/v2\/types\/page"}],"author":[{"embeddable":true,"href":"https:\/\/librosdelaaxarquia.com\/index.php?rest_route=\/wp\/v2\/users\/1"}],"replies":[{"embeddable":true,"href":"https:\/\/librosdelaaxarquia.com\/index.php?rest_route=%2Fwp%2Fv2%2Fcomments&post=1629"}],"version-history":[{"count":5,"href":"https:\/\/librosdelaaxarquia.com\/index.php?rest_route=\/wp\/v2\/pages\/1629\/revisions"}],"predecessor-version":[{"id":2297,"href":"https:\/\/librosdelaaxarquia.com\/index.php?rest_route=\/wp\/v2\/pages\/1629\/revisions\/2297"}],"wp:attachment":[{"href":"https:\/\/librosdelaaxarquia.com\/index.php?rest_route=%2Fwp%2Fv2%2Fmedia&parent=1629"}],"curies":[{"name":"wp","href":"https:\/\/api.w.org\/{rel}","templated":true}]}}