{"id":1646,"date":"2025-11-28T13:54:59","date_gmt":"2025-11-28T12:54:59","guid":{"rendered":"https:\/\/librosdelaaxarquia.com\/?page_id=1646"},"modified":"2025-12-02T23:33:15","modified_gmt":"2025-12-02T22:33:15","slug":"margarita-garcia-galan-diaz","status":"publish","type":"page","link":"https:\/\/librosdelaaxarquia.com\/?page_id=1646","title":{"rendered":"MARGARITA GARC\u00cdA-GAL\u00c1N D\u00cdAZ"},"content":{"rendered":"\n<div class=\"wp-block-group alignfull is-content-justification-center is-nowrap is-layout-flex wp-container-core-group-is-layout-23441af8 wp-block-group-is-layout-flex\">\n<figure class=\"wp-block-image size-full is-resized\"><a href=\"https:\/\/librosdelaaxarquia.com\/?page_id=796\"><img loading=\"lazy\" decoding=\"async\" width=\"355\" height=\"556\" src=\"https:\/\/librosdelaaxarquia.com\/wp-content\/uploads\/2025\/11\/MIRADA-EN-COLOR.jpg\" alt=\"\" class=\"wp-image-1647\" style=\"width:364px;height:auto\" srcset=\"https:\/\/librosdelaaxarquia.com\/wp-content\/uploads\/2025\/11\/MIRADA-EN-COLOR.jpg 355w, https:\/\/librosdelaaxarquia.com\/wp-content\/uploads\/2025\/11\/MIRADA-EN-COLOR-192x300.jpg 192w\" sizes=\"auto, (max-width: 355px) 100vw, 355px\" \/><\/a><\/figure>\n\n\n\n<figure class=\"wp-block-image size-full is-resized\"><a href=\"https:\/\/librosdelaaxarquia.com\/?page_id=1426\"><img loading=\"lazy\" decoding=\"async\" width=\"438\" height=\"672\" src=\"https:\/\/librosdelaaxarquia.com\/wp-content\/uploads\/2025\/11\/SONIDOS-AL-TIEMPO-6.jpg\" alt=\"\" class=\"wp-image-1648\" style=\"width:375px;height:auto\" srcset=\"https:\/\/librosdelaaxarquia.com\/wp-content\/uploads\/2025\/11\/SONIDOS-AL-TIEMPO-6.jpg 438w, https:\/\/librosdelaaxarquia.com\/wp-content\/uploads\/2025\/11\/SONIDOS-AL-TIEMPO-6-196x300.jpg 196w\" sizes=\"auto, (max-width: 438px) 100vw, 438px\" \/><\/a><\/figure>\n<\/div>\n\n\n\n<div style=\"height:35px\" aria-hidden=\"true\" class=\"wp-block-spacer\"><\/div>\n\n\n\n<p><strong><em><a href=\"https:\/\/librosdelaaxarquia.com\/?page_id=796\" data-type=\"page\" data-id=\"796\">MIRADA EN COLOR<\/a><\/em><\/strong><\/p>\n\n\n\n<p>COLECCI\u00d3N&nbsp;<strong><a href=\"https:\/\/librosdelaaxarquia.com\/?page_id=143\" data-type=\"page\" data-id=\"143\">REFLEXIONES<\/a>.<\/strong>&nbsp;( N\u00ba1 )<\/p>\n\n\n\n<p>ISBN: 978-84-162278-91-6 A\u00f1o&nbsp;<strong>2014<\/strong>.<\/p>\n\n\n\n<p>N\u00famero de p\u00e1ginas: 246.<\/p>\n\n\n\n<hr class=\"wp-block-separator has-alpha-channel-opacity\"\/>\n\n\n\n<p><strong><em><a href=\"https:\/\/librosdelaaxarquia.com\/?page_id=1426\" data-type=\"page\" data-id=\"1426\">SONIDOS AL TIEMPO<\/a><\/em><\/strong><\/p>\n\n\n\n<p>COLECCI\u00d3N&nbsp;<a href=\"https:\/\/librosdelaaxarquia.com\/?page_id=232\" data-type=\"page\" data-id=\"232\"><strong>ARGUMENTOS<\/strong>&nbsp;<\/a>(N\u00ba 2)<\/p>\n\n\n\n<p><strong>ISBN:<\/strong>&nbsp;978-84-126573-9-5&nbsp;<strong>D. L.&nbsp;<\/strong>MA 2185-2024<\/p>\n\n\n\n<p>N\u00famero de p\u00e1ginas: 320<\/p>\n\n\n\n<hr class=\"wp-block-separator has-alpha-channel-opacity\"\/>\n\n\n\n<p><strong>La escritora Margarita Garc\u00eda-Gal\u00e1n, natural de Madrid (1948), \u2013sobrina de Josefina Carabias y prima de Carmen Rico Godoy\u2013 pasa los primeros a\u00f1os de su vida en Arenas de San Pedro y Casavieja (\u00c1vila). Posteriormente ha vivido en Algeciras, Murcia, V\u00e9lez-M\u00e1laga, M\u00e1laga y, actualmente, entre M\u00e1laga y Torre del Mar. Estudi\u00f3 el bachillerato en Murcia y, al poco, se traslada a vivir a V\u00e9lez-M\u00e1laga, descubriendo las emociones y sensibilidades de esta tierra malague\u00f1a.<\/strong><\/p>\n\n\n\n<p><strong>Se podr\u00eda considerar de vocaci\u00f3n literaria \u201ctard\u00eda\u201d, pues, aunque se inici\u00f3 a escribir con 13 a\u00f1os (sin publicar), releg\u00f3 la tarea literaria a segundo plano, porque, como ella misma dice, \u201c\u2026le entretuvo vivir y se olvid\u00f3 de escribir\u201d\u2026 Con el nuevo siglo \u2013el XXI\u2013 redescubre la pluma, retomando la necesidad de comunicar a los dem\u00e1s aquello de lo que le rebosa el alma y el coraz\u00f3n.<\/strong><\/p>\n\n\n\n<p><strong>En este cuarto de siglo ha escrito se\u00f1aladas producciones en prosa. En julio de 2008 gan\u00f3 el Acc\u00e9sit Comarcal del XXI Certamen Literario Joaqu\u00edn Lobato de V\u00e9lez-M\u00e1laga; en abril de 2009 el Tercer Premio en el VI Certamen Literario Nerjamujer; Primer Premio en el XVIII Certamen Literario Padre Cosme\u2026; y ha sido premiada por art\u00edculos en <em>El Semanal<\/em>, del Diario Sur, en la revista <em>Mujer Hoy<\/em>\u2026<\/strong><\/p>\n\n\n\n<p><strong>En 2010 public\u00f3 el libro <em>A la orilla de una higuera<\/em>, y en 2014 su <em>Mirada en Color.<\/em><\/strong><\/p>\n\n\n\n<p class=\"has-text-align-center\"><strong>ACTO DE PRESENTACI\u00d3N DL LIBRO<\/strong><\/p>\n\n\n\n<p class=\"has-text-align-center\">(SAL\u00d3N DE ACTO DEL CAC)<\/p>\n\n\n\n<div style=\"height:4px\" aria-hidden=\"true\" class=\"wp-block-spacer\"><\/div>\n\n\n\n<figure class=\"wp-block-embed is-type-video is-provider-youtube wp-block-embed-youtube wp-embed-aspect-16-9 wp-has-aspect-ratio\"><div class=\"wp-block-embed__wrapper\">\n<iframe loading=\"lazy\" title=\"SONIDOS AL TIEMPO\" width=\"500\" height=\"281\" src=\"https:\/\/www.youtube.com\/embed\/xL8Xteg9hHA?feature=oembed\" frameborder=\"0\" allow=\"accelerometer; autoplay; clipboard-write; encrypted-media; gyroscope; picture-in-picture; web-share\" referrerpolicy=\"strict-origin-when-cross-origin\" allowfullscreen><\/iframe>\n<\/div><\/figure>\n","protected":false},"excerpt":{"rendered":"<p>MIRADA EN COLOR COLECCI\u00d3N&nbsp;REFLEXIONES.&nbsp;( N\u00ba1 ) ISBN: 978-84-162278-91-6 A\u00f1o&nbsp;2014. N\u00famero de p\u00e1ginas: 246. SONIDOS AL TIEMPO COLECCI\u00d3N&nbsp;ARGUMENTOS&nbsp;(N\u00ba 2) ISBN:&nbsp;978-84-126573-9-5&nbsp;D. L.&nbsp;MA 2185-2024 N\u00famero de p\u00e1ginas: 320 La escritora Margarita Garc\u00eda-Gal\u00e1n, natural de Madrid (1948), \u2013sobrina de Josefina Carabias y prima de Carmen Rico Godoy\u2013 pasa los primeros a\u00f1os de su vida en Arenas de San Pedro [&hellip;]<\/p>\n","protected":false},"author":1,"featured_media":0,"parent":0,"menu_order":0,"comment_status":"closed","ping_status":"closed","template":"","meta":{"footnotes":""},"class_list":["post-1646","page","type-page","status-publish","hentry"],"_links":{"self":[{"href":"https:\/\/librosdelaaxarquia.com\/index.php?rest_route=\/wp\/v2\/pages\/1646","targetHints":{"allow":["GET"]}}],"collection":[{"href":"https:\/\/librosdelaaxarquia.com\/index.php?rest_route=\/wp\/v2\/pages"}],"about":[{"href":"https:\/\/librosdelaaxarquia.com\/index.php?rest_route=\/wp\/v2\/types\/page"}],"author":[{"embeddable":true,"href":"https:\/\/librosdelaaxarquia.com\/index.php?rest_route=\/wp\/v2\/users\/1"}],"replies":[{"embeddable":true,"href":"https:\/\/librosdelaaxarquia.com\/index.php?rest_route=%2Fwp%2Fv2%2Fcomments&post=1646"}],"version-history":[{"count":5,"href":"https:\/\/librosdelaaxarquia.com\/index.php?rest_route=\/wp\/v2\/pages\/1646\/revisions"}],"predecessor-version":[{"id":2001,"href":"https:\/\/librosdelaaxarquia.com\/index.php?rest_route=\/wp\/v2\/pages\/1646\/revisions\/2001"}],"wp:attachment":[{"href":"https:\/\/librosdelaaxarquia.com\/index.php?rest_route=%2Fwp%2Fv2%2Fmedia&parent=1646"}],"curies":[{"name":"wp","href":"https:\/\/api.w.org\/{rel}","templated":true}]}}