{"id":1695,"date":"2025-11-29T13:35:15","date_gmt":"2025-11-29T12:35:15","guid":{"rendered":"https:\/\/librosdelaaxarquia.com\/?page_id=1695"},"modified":"2025-12-18T12:51:22","modified_gmt":"2025-12-18T11:51:22","slug":"buscando-verdades","status":"publish","type":"page","link":"https:\/\/librosdelaaxarquia.com\/?page_id=1695","title":{"rendered":"BUSCANDO VERDADES"},"content":{"rendered":"\n<div style=\"height:0px\" aria-hidden=\"true\" class=\"wp-block-spacer\"><\/div>\n\n\n\n<figure class=\"wp-block-image aligncenter size-full is-resized\"><img loading=\"lazy\" decoding=\"async\" width=\"429\" height=\"694\" src=\"https:\/\/librosdelaaxarquia.com\/wp-content\/uploads\/2025\/11\/BUSCANDO-VERDADES_001-1.jpg\" alt=\"\" class=\"wp-image-1696\" style=\"width:335px;height:auto\" srcset=\"https:\/\/librosdelaaxarquia.com\/wp-content\/uploads\/2025\/11\/BUSCANDO-VERDADES_001-1.jpg 429w, https:\/\/librosdelaaxarquia.com\/wp-content\/uploads\/2025\/11\/BUSCANDO-VERDADES_001-1-185x300.jpg 185w\" sizes=\"auto, (max-width: 429px) 100vw, 429px\" \/><\/figure>\n\n\n\n<div style=\"height:18px\" aria-hidden=\"true\" class=\"wp-block-spacer\"><\/div>\n\n\n\n<p><strong>AUTOR<\/strong>: <a href=\"https:\/\/librosdelaaxarquia.com\/?page_id=518\" data-type=\"page\" data-id=\"518\">FRANCISCO MONTORO FERN\u00c1NDEZ<\/a><\/p>\n\n\n\n<p>COLECCI\u00d3N: <strong><a href=\"https:\/\/librosdelaaxarquia.com\/?page_id=2375\" data-type=\"page\" data-id=\"2375\">J\u00d3VENES<\/a><\/strong><\/p>\n\n\n\n<p><strong>ISBN<\/strong>: 978-84-129804-1-7   <strong>D. L<\/strong>. MA 83-2025<\/p>\n\n\n\n<p>N\u00famero de p\u00e1ginas: 200<\/p>\n\n\n\n<div style=\"height:12px\" aria-hidden=\"true\" class=\"wp-block-spacer\"><\/div>\n\n\n\n<p>Este <em>Buscando Verdades<\/em> se presenta al lector como una gu\u00eda para j\u00f3venes; si bien es igual de valioso tanto para padres y profesores que necesiten hablar determinados temas con ellos, o, incluso, para cualquier persona que desee reflexionar sobre la vida y sus complejidades.<\/p>\n\n\n\n<p>Buscar verdades en un mundo tan veloz y ca\u00f3tico como el que nos ha tocado vivir, se ha vuelto un acto necesario y desafiante.<\/p>\n\n\n\n<p>Este libro no promete respuestas cerradas, y \u2013como dice el autor de su pr\u00f3logo\u2013 \u00a1qu\u00e9 alivio que no lo haga\u00a1 Lo que hace es invitar a explorar, a ha-cernos preguntas y a enfrentarnos al mundo real con valent\u00eda y sentido cr\u00edtico.<\/p>\n\n\n\n<p>Cada cap\u00edtulo es un gran tema: la amistad, la familia, los cambios, la solidaridad\u2026 con conclusiones que resuenan como un consejo de alguien que no pretende imponer sus planteamientos.<\/p>\n\n\n\n<p>Este libro sorprende por su habilidad para transmitir ideas profundas con sencillez, y, sobre todo, por la forma de invitar a cada lector a explorar y construir sus propias verdades.<\/p>\n\n\n\n<p>Y\u2026 nos recuerda que las grandes lecciones de la vida no se entregan hechas, sino que se desvelan poco a poco, a trav\u00e9s del di\u00e1logo, la reflexi\u00f3n, las decisiones que tomamos y las conexiones que forjamos con los dem\u00e1s.<\/p>\n\n\n\n<div style=\"height:15px\" aria-hidden=\"true\" class=\"wp-block-spacer\"><\/div>\n\n\n\n<figure class=\"wp-block-image size-large\"><img loading=\"lazy\" decoding=\"async\" width=\"1024\" height=\"496\" src=\"https:\/\/librosdelaaxarquia.com\/wp-content\/uploads\/2025\/11\/BUSCANDO-JPG-1-1024x496.jpg\" alt=\"\" class=\"wp-image-1698\" srcset=\"https:\/\/librosdelaaxarquia.com\/wp-content\/uploads\/2025\/11\/BUSCANDO-JPG-1-1024x496.jpg 1024w, https:\/\/librosdelaaxarquia.com\/wp-content\/uploads\/2025\/11\/BUSCANDO-JPG-1-300x145.jpg 300w, https:\/\/librosdelaaxarquia.com\/wp-content\/uploads\/2025\/11\/BUSCANDO-JPG-1-768x372.jpg 768w, https:\/\/librosdelaaxarquia.com\/wp-content\/uploads\/2025\/11\/BUSCANDO-JPG-1.jpg 1436w\" sizes=\"auto, (max-width: 1024px) 100vw, 1024px\" \/><\/figure>\n\n\n\n<div style=\"height:25px\" aria-hidden=\"true\" class=\"wp-block-spacer\"><\/div>\n\n\n\n<p><\/p>\n","protected":false},"excerpt":{"rendered":"<p>AUTOR: FRANCISCO MONTORO FERN\u00c1NDEZ COLECCI\u00d3N: J\u00d3VENES ISBN: 978-84-129804-1-7 D. L. MA 83-2025 N\u00famero de p\u00e1ginas: 200 Este Buscando Verdades se presenta al lector como una gu\u00eda para j\u00f3venes; si bien es igual de valioso tanto para padres y profesores que necesiten hablar determinados temas con ellos, o, incluso, para cualquier persona que desee reflexionar sobre [&hellip;]<\/p>\n","protected":false},"author":1,"featured_media":0,"parent":0,"menu_order":0,"comment_status":"closed","ping_status":"closed","template":"","meta":{"footnotes":""},"class_list":["post-1695","page","type-page","status-publish","hentry"],"_links":{"self":[{"href":"https:\/\/librosdelaaxarquia.com\/index.php?rest_route=\/wp\/v2\/pages\/1695","targetHints":{"allow":["GET"]}}],"collection":[{"href":"https:\/\/librosdelaaxarquia.com\/index.php?rest_route=\/wp\/v2\/pages"}],"about":[{"href":"https:\/\/librosdelaaxarquia.com\/index.php?rest_route=\/wp\/v2\/types\/page"}],"author":[{"embeddable":true,"href":"https:\/\/librosdelaaxarquia.com\/index.php?rest_route=\/wp\/v2\/users\/1"}],"replies":[{"embeddable":true,"href":"https:\/\/librosdelaaxarquia.com\/index.php?rest_route=%2Fwp%2Fv2%2Fcomments&post=1695"}],"version-history":[{"count":4,"href":"https:\/\/librosdelaaxarquia.com\/index.php?rest_route=\/wp\/v2\/pages\/1695\/revisions"}],"predecessor-version":[{"id":2381,"href":"https:\/\/librosdelaaxarquia.com\/index.php?rest_route=\/wp\/v2\/pages\/1695\/revisions\/2381"}],"wp:attachment":[{"href":"https:\/\/librosdelaaxarquia.com\/index.php?rest_route=%2Fwp%2Fv2%2Fmedia&parent=1695"}],"curies":[{"name":"wp","href":"https:\/\/api.w.org\/{rel}","templated":true}]}}