{"id":1711,"date":"2025-11-29T14:17:29","date_gmt":"2025-11-29T13:17:29","guid":{"rendered":"https:\/\/librosdelaaxarquia.com\/?page_id=1711"},"modified":"2025-12-06T21:26:26","modified_gmt":"2025-12-06T20:26:26","slug":"perlas-cultivadas","status":"publish","type":"page","link":"https:\/\/librosdelaaxarquia.com\/?page_id=1711","title":{"rendered":"PERLAS CULTIVADAS"},"content":{"rendered":"\n<div style=\"height:0px\" aria-hidden=\"true\" class=\"wp-block-spacer\"><\/div>\n\n\n\n<figure class=\"wp-block-image aligncenter size-full is-resized\"><img loading=\"lazy\" decoding=\"async\" width=\"434\" height=\"684\" src=\"https:\/\/librosdelaaxarquia.com\/wp-content\/uploads\/2025\/11\/PERLAS-CULTIVADAS_001-2.jpg\" alt=\"\" class=\"wp-image-1712\" style=\"aspect-ratio:0.6345208505937586;width:417px;height:auto\" srcset=\"https:\/\/librosdelaaxarquia.com\/wp-content\/uploads\/2025\/11\/PERLAS-CULTIVADAS_001-2.jpg 434w, https:\/\/librosdelaaxarquia.com\/wp-content\/uploads\/2025\/11\/PERLAS-CULTIVADAS_001-2-190x300.jpg 190w\" sizes=\"auto, (max-width: 434px) 100vw, 434px\" \/><\/figure>\n\n\n\n<div style=\"height:8px\" aria-hidden=\"true\" class=\"wp-block-spacer\"><\/div>\n\n\n\n<p><strong>AUTOR<\/strong>: <a href=\"https:\/\/librosdelaaxarquia.com\/?page_id=518\" data-type=\"page\" data-id=\"518\"> FRANCISCO MONTORO FERN\u00c1NDEZ<\/a><\/p>\n\n\n\n<p>COLECCI\u00d3N <strong><a href=\"https:\/\/librosdelaaxarquia.com\/?page_id=232\" data-type=\"page\" data-id=\"232\">ARGUMENTOS<\/a> <\/strong>(N\u00ba 3)<\/p>\n\n\n\n<p><strong>ISBN:<\/strong>  978-84129804-0-0   <strong>D. L.<\/strong>  MA  3038-2024<\/p>\n\n\n\n<p>N\u00famero de p\u00e1ginas:  248<\/p>\n\n\n\n<div style=\"height:9px\" aria-hidden=\"true\" class=\"wp-block-spacer\"><\/div>\n\n\n\n<p>Este libro es una colecci\u00f3n de M\u00e1ximas y Pensamientos \u2013\u201cPerlas\u201d\u2013&nbsp; destinadas a padres, abuelos y profesores, que conocen el valor del consejo oportuno. Pero tambi\u00e9n est\u00e1 focalizado hacia cualquier persona que desee reflexionar sobre temas de inter\u00e9s general, profundizando en los an\u00e1lisis que le ayuden a ser m\u00e1s atinado, profundo y eficaz.<\/p>\n\n\n\n<p><em>Perlas cultivadas<\/em> es un libro que engloba un centenar de ideas de gran valor que han sido experimentadas, seleccionadas, y purificadas, en un proceso de cultivo lento que le han llevado a integrar un ranking de superaci\u00f3n que garantiza que estamos ante un plantel de pensamientos m\u00e1ximos de utilidad y eficacia.<\/p>\n\n\n\n<p>Este es un libro que puede ser le\u00eddo sin orden alguno, dado que todas las \u201cperlas\u201d poseen igual valor, y, por tanto, el lector podr\u00e1 ir eligiendo en cada momento en cual detenerse.<\/p>\n\n\n\n<p>Estamos seguros de que este libro ser\u00e1 considerado un tesoro por el lector que acuda a \u00e9l. Lo conservar\u00e1, y volver\u00e1 peri\u00f3dicamente a \u00e9l, con el convencimiento de que le aportar\u00e1 sabidur\u00eda, paz e ideas.<\/p>\n\n\n\n<div style=\"height:13px\" aria-hidden=\"true\" class=\"wp-block-spacer\"><\/div>\n\n\n\n<figure class=\"wp-block-image size-large\"><img loading=\"lazy\" decoding=\"async\" width=\"1024\" height=\"490\" src=\"https:\/\/librosdelaaxarquia.com\/wp-content\/uploads\/2025\/11\/Portada-Perlas-Cultivadas_001-1024x490.jpg\" alt=\"\" class=\"wp-image-1713\" srcset=\"https:\/\/librosdelaaxarquia.com\/wp-content\/uploads\/2025\/11\/Portada-Perlas-Cultivadas_001-1024x490.jpg 1024w, https:\/\/librosdelaaxarquia.com\/wp-content\/uploads\/2025\/11\/Portada-Perlas-Cultivadas_001-300x144.jpg 300w, https:\/\/librosdelaaxarquia.com\/wp-content\/uploads\/2025\/11\/Portada-Perlas-Cultivadas_001-768x368.jpg 768w, https:\/\/librosdelaaxarquia.com\/wp-content\/uploads\/2025\/11\/Portada-Perlas-Cultivadas_001.jpg 1447w\" sizes=\"auto, (max-width: 1024px) 100vw, 1024px\" \/><\/figure>\n\n\n\n<div style=\"height:12px\" aria-hidden=\"true\" class=\"wp-block-spacer\"><\/div>\n","protected":false},"excerpt":{"rendered":"<p>AUTOR: FRANCISCO MONTORO FERN\u00c1NDEZ COLECCI\u00d3N ARGUMENTOS (N\u00ba 3) ISBN: 978-84129804-0-0 D. L. MA 3038-2024 N\u00famero de p\u00e1ginas: 248 Este libro es una colecci\u00f3n de M\u00e1ximas y Pensamientos \u2013\u201cPerlas\u201d\u2013&nbsp; destinadas a padres, abuelos y profesores, que conocen el valor del consejo oportuno. Pero tambi\u00e9n est\u00e1 focalizado hacia cualquier persona que desee reflexionar sobre temas de inter\u00e9s [&hellip;]<\/p>\n","protected":false},"author":1,"featured_media":0,"parent":0,"menu_order":0,"comment_status":"closed","ping_status":"closed","template":"","meta":{"footnotes":""},"class_list":["post-1711","page","type-page","status-publish","hentry"],"_links":{"self":[{"href":"https:\/\/librosdelaaxarquia.com\/index.php?rest_route=\/wp\/v2\/pages\/1711","targetHints":{"allow":["GET"]}}],"collection":[{"href":"https:\/\/librosdelaaxarquia.com\/index.php?rest_route=\/wp\/v2\/pages"}],"about":[{"href":"https:\/\/librosdelaaxarquia.com\/index.php?rest_route=\/wp\/v2\/types\/page"}],"author":[{"embeddable":true,"href":"https:\/\/librosdelaaxarquia.com\/index.php?rest_route=\/wp\/v2\/users\/1"}],"replies":[{"embeddable":true,"href":"https:\/\/librosdelaaxarquia.com\/index.php?rest_route=%2Fwp%2Fv2%2Fcomments&post=1711"}],"version-history":[{"count":4,"href":"https:\/\/librosdelaaxarquia.com\/index.php?rest_route=\/wp\/v2\/pages\/1711\/revisions"}],"predecessor-version":[{"id":2206,"href":"https:\/\/librosdelaaxarquia.com\/index.php?rest_route=\/wp\/v2\/pages\/1711\/revisions\/2206"}],"wp:attachment":[{"href":"https:\/\/librosdelaaxarquia.com\/index.php?rest_route=%2Fwp%2Fv2%2Fmedia&parent=1711"}],"curies":[{"name":"wp","href":"https:\/\/api.w.org\/{rel}","templated":true}]}}