{"id":1748,"date":"2025-11-29T19:17:19","date_gmt":"2025-11-29T18:17:19","guid":{"rendered":"https:\/\/librosdelaaxarquia.com\/?page_id=1748"},"modified":"2025-12-06T21:33:10","modified_gmt":"2025-12-06T20:33:10","slug":"presencias-en-la-axarquia","status":"publish","type":"page","link":"https:\/\/librosdelaaxarquia.com\/?page_id=1748","title":{"rendered":"PRESENCIAS (EN LA AXARQU\u00cdA)"},"content":{"rendered":"\n<figure class=\"wp-block-image aligncenter size-full is-resized\"><img loading=\"lazy\" decoding=\"async\" width=\"420\" height=\"661\" src=\"https:\/\/librosdelaaxarquia.com\/wp-content\/uploads\/2025\/11\/PRESENCIAS_001-3.jpg\" alt=\"\" class=\"wp-image-1749\" style=\"aspect-ratio:0.6354293677059746;width:442px;height:auto\" srcset=\"https:\/\/librosdelaaxarquia.com\/wp-content\/uploads\/2025\/11\/PRESENCIAS_001-3.jpg 420w, https:\/\/librosdelaaxarquia.com\/wp-content\/uploads\/2025\/11\/PRESENCIAS_001-3-191x300.jpg 191w\" sizes=\"auto, (max-width: 420px) 100vw, 420px\" \/><\/figure>\n\n\n\n<div style=\"height:21px\" aria-hidden=\"true\" class=\"wp-block-spacer\"><\/div>\n\n\n\n<p><strong>AUTOR<\/strong>:<a href=\"https:\/\/librosdelaaxarquia.com\/?page_id=1108\" data-type=\"page\" data-id=\"1108\"> JOS\u00c9 MARCELO RUIZ<\/a><\/p>\n\n\n\n<p>COLECCI\u00d3N <strong><a href=\"https:\/\/librosdelaaxarquia.com\/?page_id=1387\" data-type=\"page\" data-id=\"1387\">PROSA CREATIVA<\/a><\/strong> (N\u00ba 2)<\/p>\n\n\n\n<p><strong>ISBN:<\/strong>  978-84-129804-6-2   <strong>D. L.<\/strong>  MA  807-2025<\/p>\n\n\n\n<p>N\u00famero de p\u00e1ginas: 218<\/p>\n\n\n\n<div style=\"height:9px\" aria-hidden=\"true\" class=\"wp-block-spacer\"><\/div>\n\n\n\n<p>Jos\u00e9 Marcelo&nbsp; nos presenta una obra en la que, armado con un pensamiento humanista, po\u00e9tico y social, aparece dispuesto a sostener la <em>persona<\/em> zambraniana en un sistema cada vez m\u00e1s tecnol\u00f3gico.<\/p>\n\n\n\n<p>En el peri\u00f3dico NOTICIAS 24 el autor ha ido desgranando, columna a columna, su impotencia ante un mundo que se va, sustituido por otro sin alma, poniendo el foco en los libros, el arte, la poes\u00eda, la empat\u00eda y los peligros que nos acechan tras los cables y las pantallas, que nos llevan, inexorablemente, a la <em>despersonalizaci\u00f3n <\/em>del ser humano.<\/p>\n\n\n\n<p>Es en esos claros del bosque, que a\u00fan persisten, desde donde Jos\u00e9 Marcelo introduce su bistur\u00ed intelectual para acometer los problemas sociales que nos acechan.<\/p>\n\n\n\n<p>Estamos ante un libro creado para reflexionar, una isla de sosiego en medio de un oc\u00e9ano turbulento y cambiante y, muchas veces, despiadado. Jos\u00e9 Marcelo es un escritor comprometido, y una persona que camina a lomos de la poes\u00eda y la reflexi\u00f3n, mostr\u00e1ndonos ese <em>mundo de ayer <\/em>que no debemos perder, porque en ello nos va la supervivencia como persona.<\/p>\n\n\n\n<div style=\"height:8px\" aria-hidden=\"true\" class=\"wp-block-spacer\"><\/div>\n\n\n\n<p class=\"has-text-align-center\"><strong>ACTO DE PRESENTACI\u00d3N DEL LIBRO<\/strong><\/p>\n\n\n\n<p class=\"has-text-align-center\">(AZUCARERA DE TORRE DEL MAR)<\/p>\n\n\n\n<figure class=\"wp-block-image size-full\"><a href=\"https:\/\/www.youtube.com\/watch?v=dwcKSS6nsQU\" target=\"_blank\" rel=\" noreferrer noopener\"><img loading=\"lazy\" decoding=\"async\" width=\"702\" height=\"399\" src=\"https:\/\/librosdelaaxarquia.com\/wp-content\/uploads\/2025\/11\/Captura-de-pantalla-2025-11-29-20.28.31.png\" alt=\"\" class=\"wp-image-1771\" srcset=\"https:\/\/librosdelaaxarquia.com\/wp-content\/uploads\/2025\/11\/Captura-de-pantalla-2025-11-29-20.28.31.png 702w, https:\/\/librosdelaaxarquia.com\/wp-content\/uploads\/2025\/11\/Captura-de-pantalla-2025-11-29-20.28.31-300x171.png 300w\" sizes=\"auto, (max-width: 702px) 100vw, 702px\" \/><\/a><\/figure>\n\n\n\n<div style=\"height:17px\" aria-hidden=\"true\" class=\"wp-block-spacer\"><\/div>\n\n\n\n<figure class=\"wp-block-image size-large\"><img loading=\"lazy\" decoding=\"async\" width=\"1024\" height=\"492\" src=\"https:\/\/librosdelaaxarquia.com\/wp-content\/uploads\/2025\/12\/Cubierta-Presencias._001-1024x492.jpg\" alt=\"\" class=\"wp-image-2210\" srcset=\"https:\/\/librosdelaaxarquia.com\/wp-content\/uploads\/2025\/12\/Cubierta-Presencias._001-1024x492.jpg 1024w, https:\/\/librosdelaaxarquia.com\/wp-content\/uploads\/2025\/12\/Cubierta-Presencias._001-300x144.jpg 300w, https:\/\/librosdelaaxarquia.com\/wp-content\/uploads\/2025\/12\/Cubierta-Presencias._001-768x369.jpg 768w, https:\/\/librosdelaaxarquia.com\/wp-content\/uploads\/2025\/12\/Cubierta-Presencias._001.jpg 1439w\" sizes=\"auto, (max-width: 1024px) 100vw, 1024px\" \/><\/figure>\n\n\n\n<div style=\"height:23px\" aria-hidden=\"true\" class=\"wp-block-spacer\"><\/div>\n","protected":false},"excerpt":{"rendered":"<p>AUTOR: JOS\u00c9 MARCELO RUIZ COLECCI\u00d3N PROSA CREATIVA (N\u00ba 2) ISBN: 978-84-129804-6-2 D. L. MA 807-2025 N\u00famero de p\u00e1ginas: 218 Jos\u00e9 Marcelo&nbsp; nos presenta una obra en la que, armado con un pensamiento humanista, po\u00e9tico y social, aparece dispuesto a sostener la persona zambraniana en un sistema cada vez m\u00e1s tecnol\u00f3gico. En el peri\u00f3dico NOTICIAS 24 [&hellip;]<\/p>\n","protected":false},"author":1,"featured_media":0,"parent":0,"menu_order":0,"comment_status":"closed","ping_status":"closed","template":"","meta":{"footnotes":""},"class_list":["post-1748","page","type-page","status-publish","hentry"],"_links":{"self":[{"href":"https:\/\/librosdelaaxarquia.com\/index.php?rest_route=\/wp\/v2\/pages\/1748","targetHints":{"allow":["GET"]}}],"collection":[{"href":"https:\/\/librosdelaaxarquia.com\/index.php?rest_route=\/wp\/v2\/pages"}],"about":[{"href":"https:\/\/librosdelaaxarquia.com\/index.php?rest_route=\/wp\/v2\/types\/page"}],"author":[{"embeddable":true,"href":"https:\/\/librosdelaaxarquia.com\/index.php?rest_route=\/wp\/v2\/users\/1"}],"replies":[{"embeddable":true,"href":"https:\/\/librosdelaaxarquia.com\/index.php?rest_route=%2Fwp%2Fv2%2Fcomments&post=1748"}],"version-history":[{"count":5,"href":"https:\/\/librosdelaaxarquia.com\/index.php?rest_route=\/wp\/v2\/pages\/1748\/revisions"}],"predecessor-version":[{"id":2212,"href":"https:\/\/librosdelaaxarquia.com\/index.php?rest_route=\/wp\/v2\/pages\/1748\/revisions\/2212"}],"wp:attachment":[{"href":"https:\/\/librosdelaaxarquia.com\/index.php?rest_route=%2Fwp%2Fv2%2Fmedia&parent=1748"}],"curies":[{"name":"wp","href":"https:\/\/api.w.org\/{rel}","templated":true}]}}