{"id":1789,"date":"2025-11-29T22:50:20","date_gmt":"2025-11-29T21:50:20","guid":{"rendered":"https:\/\/librosdelaaxarquia.com\/?page_id=1789"},"modified":"2026-03-05T15:06:09","modified_gmt":"2026-03-05T14:06:09","slug":"el-colera-en-velez-malaga","status":"publish","type":"page","link":"https:\/\/librosdelaaxarquia.com\/?page_id=1789","title":{"rendered":"EL C\u00d3LERA EN V\u00c9LEZ-M\u00c1LAGA"},"content":{"rendered":"\n<figure class=\"wp-block-image aligncenter size-full is-resized\"><img loading=\"lazy\" decoding=\"async\" width=\"439\" height=\"690\" src=\"https:\/\/librosdelaaxarquia.com\/wp-content\/uploads\/2025\/11\/EL-COLERA-3.jpg\" alt=\"\" class=\"wp-image-1790\" style=\"aspect-ratio:0.6362515413070283;width:459px;height:auto\" srcset=\"https:\/\/librosdelaaxarquia.com\/wp-content\/uploads\/2025\/11\/EL-COLERA-3.jpg 439w, https:\/\/librosdelaaxarquia.com\/wp-content\/uploads\/2025\/11\/EL-COLERA-3-191x300.jpg 191w\" sizes=\"auto, (max-width: 439px) 100vw, 439px\" \/><\/figure>\n\n\n\n<div style=\"height:12px\" aria-hidden=\"true\" class=\"wp-block-spacer\"><\/div>\n\n\n\n<p><strong>AUTOR<\/strong>: <a href=\"https:\/\/librosdelaaxarquia.com\/?page_id=518\" data-type=\"page\" data-id=\"518\">FRANCISCO MONTORO FERN\u00c1NDEZ<\/a><\/p>\n\n\n\n<p>COLECCI\u00d3N <a href=\"https:\/\/librosdelaaxarquia.com\/?page_id=59\" data-type=\"page\" data-id=\"59\"><strong>LA PEQUE\u00d1A HISTORIA<\/strong><\/a> (N\u00ba 8)<\/p>\n\n\n\n<p><strong>ISBN:<\/strong> 978-84-129804-7-9 <strong>D. L.<\/strong> MA 1417-2025<\/p>\n\n\n\n<p>N\u00famero de p\u00e1ginas:  272<\/p>\n\n\n\n<div style=\"height:6px\" aria-hidden=\"true\" class=\"wp-block-spacer\"><\/div>\n\n\n\n<p>Conocida como \u201cla enfermedad de la pobreza\u201d el c\u00f3lera-morbo asi\u00e1tico fue una desgracia muy se\u00f1alada que afect\u00f3 al V\u00e9lez-M\u00e1laga de mediados del siglo XIX y de la que se ha investigado y conocido muy poco. Sufri\u00f3 la ciudad varias oleadas infecciosas, la primera, en 1834, y despu\u00e9s, la m\u00e1s fuerte de 1855\u2026 A final de siglo, tras el terremoto de 1884, reapareci\u00f3 el mal con fuerza.<\/p>\n\n\n\n<p>Setecientos vele\u00f1os perdieron la vida en la epidemia de c\u00f3lera de 1855. La cifra es lo suficientemente significativa como para que no pase desapercibida en la historia de la ciudad.<\/p>\n\n\n\n<p>Este libro expone la investigaci\u00f3n llevada a cabo sobre la epidemia, con el objetivo de incorporar a los estudios de nuestro pasado un tema tan se\u00f1alado, que, aunque triste, es de todo punto relevante y de inter\u00e9s.<\/p>\n\n\n\n<div style=\"height:30px\" aria-hidden=\"true\" class=\"wp-block-spacer\"><\/div>\n\n\n\n<p class=\"has-text-align-center\"><strong>ACTO DE PRESENTACI\u00d3N<\/strong><\/p>\n\n\n\n<p class=\"has-text-align-center\">SALOPN DE ACTOS DEL CAC  3 de marzo de 2026<\/p>\n\n\n\n<figure class=\"wp-block-embed is-type-video is-provider-youtube wp-block-embed-youtube wp-embed-aspect-16-9 wp-has-aspect-ratio\"><div class=\"wp-block-embed__wrapper\">\n<iframe loading=\"lazy\" title=\"COLERA. Presentaci\u00f3n del libro\" width=\"500\" height=\"281\" src=\"https:\/\/www.youtube.com\/embed\/l9n3UWR23EA?feature=oembed\" frameborder=\"0\" allow=\"accelerometer; autoplay; clipboard-write; encrypted-media; gyroscope; picture-in-picture; web-share\" referrerpolicy=\"strict-origin-when-cross-origin\" allowfullscreen><\/iframe>\n<\/div><\/figure>\n\n\n\n<div style=\"height:32px\" aria-hidden=\"true\" class=\"wp-block-spacer\"><\/div>\n\n\n\n<figure class=\"wp-block-image size-large\"><img loading=\"lazy\" decoding=\"async\" width=\"1024\" height=\"492\" src=\"https:\/\/librosdelaaxarquia.com\/wp-content\/uploads\/2026\/03\/COLERA-1024x492.jpg\" alt=\"\" class=\"wp-image-2449\" srcset=\"https:\/\/librosdelaaxarquia.com\/wp-content\/uploads\/2026\/03\/COLERA-1024x492.jpg 1024w, https:\/\/librosdelaaxarquia.com\/wp-content\/uploads\/2026\/03\/COLERA-300x144.jpg 300w, https:\/\/librosdelaaxarquia.com\/wp-content\/uploads\/2026\/03\/COLERA-768x369.jpg 768w, https:\/\/librosdelaaxarquia.com\/wp-content\/uploads\/2026\/03\/COLERA.jpg 1436w\" sizes=\"auto, (max-width: 1024px) 100vw, 1024px\" \/><\/figure>\n\n\n\n<p><\/p>\n","protected":false},"excerpt":{"rendered":"<p>AUTOR: FRANCISCO MONTORO FERN\u00c1NDEZ COLECCI\u00d3N LA PEQUE\u00d1A HISTORIA (N\u00ba 8) ISBN: 978-84-129804-7-9 D. L. MA 1417-2025 N\u00famero de p\u00e1ginas: 272 Conocida como \u201cla enfermedad de la pobreza\u201d el c\u00f3lera-morbo asi\u00e1tico fue una desgracia muy se\u00f1alada que afect\u00f3 al V\u00e9lez-M\u00e1laga de mediados del siglo XIX y de la que se ha investigado y conocido muy poco. [&hellip;]<\/p>\n","protected":false},"author":1,"featured_media":0,"parent":0,"menu_order":0,"comment_status":"closed","ping_status":"closed","template":"","meta":{"footnotes":""},"class_list":["post-1789","page","type-page","status-publish","hentry"],"_links":{"self":[{"href":"https:\/\/librosdelaaxarquia.com\/index.php?rest_route=\/wp\/v2\/pages\/1789","targetHints":{"allow":["GET"]}}],"collection":[{"href":"https:\/\/librosdelaaxarquia.com\/index.php?rest_route=\/wp\/v2\/pages"}],"about":[{"href":"https:\/\/librosdelaaxarquia.com\/index.php?rest_route=\/wp\/v2\/types\/page"}],"author":[{"embeddable":true,"href":"https:\/\/librosdelaaxarquia.com\/index.php?rest_route=\/wp\/v2\/users\/1"}],"replies":[{"embeddable":true,"href":"https:\/\/librosdelaaxarquia.com\/index.php?rest_route=%2Fwp%2Fv2%2Fcomments&post=1789"}],"version-history":[{"count":5,"href":"https:\/\/librosdelaaxarquia.com\/index.php?rest_route=\/wp\/v2\/pages\/1789\/revisions"}],"predecessor-version":[{"id":2450,"href":"https:\/\/librosdelaaxarquia.com\/index.php?rest_route=\/wp\/v2\/pages\/1789\/revisions\/2450"}],"wp:attachment":[{"href":"https:\/\/librosdelaaxarquia.com\/index.php?rest_route=%2Fwp%2Fv2%2Fmedia&parent=1789"}],"curies":[{"name":"wp","href":"https:\/\/api.w.org\/{rel}","templated":true}]}}