{"id":2298,"date":"2025-12-08T01:11:45","date_gmt":"2025-12-08T00:11:45","guid":{"rendered":"https:\/\/librosdelaaxarquia.com\/?page_id=2298"},"modified":"2025-12-18T12:54:20","modified_gmt":"2025-12-18T11:54:20","slug":"decir-no-a-los-temores","status":"publish","type":"page","link":"https:\/\/librosdelaaxarquia.com\/?page_id=2298","title":{"rendered":"DECIR NO A LOS TEMORES"},"content":{"rendered":"\n<div style=\"height:8px\" aria-hidden=\"true\" class=\"wp-block-spacer\"><\/div>\n\n\n\n<figure class=\"wp-block-image aligncenter size-full is-resized\"><img loading=\"lazy\" decoding=\"async\" width=\"424\" height=\"682\" src=\"https:\/\/librosdelaaxarquia.com\/wp-content\/uploads\/2025\/12\/Decir-no-a-los-temores.jpg\" alt=\"\" class=\"wp-image-2299\" style=\"width:439px;height:auto\" srcset=\"https:\/\/librosdelaaxarquia.com\/wp-content\/uploads\/2025\/12\/Decir-no-a-los-temores.jpg 424w, https:\/\/librosdelaaxarquia.com\/wp-content\/uploads\/2025\/12\/Decir-no-a-los-temores-187x300.jpg 187w\" sizes=\"auto, (max-width: 424px) 100vw, 424px\" \/><\/figure>\n\n\n\n<div style=\"height:16px\" aria-hidden=\"true\" class=\"wp-block-spacer\"><\/div>\n\n\n\n<p><strong>AUTOR:<\/strong>  <a href=\"https:\/\/librosdelaaxarquia.com\/?page_id=518\" data-type=\"page\" data-id=\"518\">FRANCISCO MONTORO FERN\u00c1NDEZ<\/a><\/p>\n\n\n\n<p>COLECCI\u00d3N: <strong><a href=\"https:\/\/librosdelaaxarquia.com\/?page_id=2375\" data-type=\"page\" data-id=\"2375\">J\u00d3VENES<\/a><\/strong><\/p>\n\n\n\n<p><strong>ISBN<\/strong>: 979-13-991332-0-2 <strong> D.  L.  MA<\/strong>  1929.2025<\/p>\n\n\n\n<p>N\u00famero de p\u00e1ginas:  220<\/p>\n\n\n\n<div style=\"height:14px\" aria-hidden=\"true\" class=\"wp-block-spacer\"><\/div>\n\n\n\n<p><strong>El miedo es una emoci\u00f3n inherente al ser humano, una respuesta natural ante situaciones de peligro o amenaza.<\/strong><\/p>\n\n\n\n<p><strong>El temor ha acompa\u00f1ado siempre al hombre, desde tiempos ancestrales, como un mecanismo de supervivencia, permiti\u00e9ndonos reaccionar ante amenazas y peligros. Sin embargo, en la actualidad, muchos de nuestros temores no est\u00e1n relacionados con la supervivencia inmediata, sino con el miedo al fracaso, al rechazo, al cambio o, incluso, al futuro incierto.<\/strong><\/p>\n\n\n\n<p><strong>Sin embargo el miedo no debe gobernarnos. Aprender a convivir con \u00e9l y utilizarlo a nuestro favor nos permite estar con mayor libertad, sin que nuestras decisiones se vean dictadas por el temor, sino por nuestros verdaderos deseos y aspiraciones.<\/strong><\/p>\n\n\n\n<p><strong>Los temores pueden dividirse en dos grandes categor\u00edas: los racionales y los irracionales.<\/strong><\/p>\n\n\n\n<p><strong>Los temores racionales tienen un fundamento real y pueden ayudarnos a ser precavidos y estrat\u00e9gicos. Por ejemplo, sentir miedo antes de una cirug\u00eda es comprensible, ya que implica un procedimiento m\u00e9dico con riesgos.<\/strong><\/p>\n\n\n\n<p><strong>Los temores irracionales suelen originarse en nuestra mente, magnific\u00e1ndose con pensamientos negativos o experiencias del pasado que nos condicionan.<\/strong><\/p>\n\n\n\n<p><strong>Es importante que los temores no nos venzan.<\/strong><\/p>\n\n\n\n<div style=\"height:19px\" aria-hidden=\"true\" class=\"wp-block-spacer\"><\/div>\n\n\n\n<figure class=\"wp-block-image size-large\"><img loading=\"lazy\" decoding=\"async\" width=\"1024\" height=\"496\" src=\"https:\/\/librosdelaaxarquia.com\/wp-content\/uploads\/2025\/12\/CUBIERTA-Decir-no-a-los-temores_001-6-1024x496.jpg\" alt=\"\" class=\"wp-image-2372\" srcset=\"https:\/\/librosdelaaxarquia.com\/wp-content\/uploads\/2025\/12\/CUBIERTA-Decir-no-a-los-temores_001-6-1024x496.jpg 1024w, https:\/\/librosdelaaxarquia.com\/wp-content\/uploads\/2025\/12\/CUBIERTA-Decir-no-a-los-temores_001-6-300x145.jpg 300w, https:\/\/librosdelaaxarquia.com\/wp-content\/uploads\/2025\/12\/CUBIERTA-Decir-no-a-los-temores_001-6-768x372.jpg 768w, https:\/\/librosdelaaxarquia.com\/wp-content\/uploads\/2025\/12\/CUBIERTA-Decir-no-a-los-temores_001-6.jpg 1438w\" sizes=\"auto, (max-width: 1024px) 100vw, 1024px\" \/><\/figure>\n\n\n\n<div style=\"height:20px\" aria-hidden=\"true\" class=\"wp-block-spacer\"><\/div>\n\n\n\n<p><\/p>\n","protected":false},"excerpt":{"rendered":"<p>AUTOR: FRANCISCO MONTORO FERN\u00c1NDEZ COLECCI\u00d3N: J\u00d3VENES ISBN: 979-13-991332-0-2 D. L. MA 1929.2025 N\u00famero de p\u00e1ginas: 220 El miedo es una emoci\u00f3n inherente al ser humano, una respuesta natural ante situaciones de peligro o amenaza. El temor ha acompa\u00f1ado siempre al hombre, desde tiempos ancestrales, como un mecanismo de supervivencia, permiti\u00e9ndonos reaccionar ante amenazas y peligros. [&hellip;]<\/p>\n","protected":false},"author":1,"featured_media":0,"parent":0,"menu_order":0,"comment_status":"closed","ping_status":"closed","template":"","meta":{"footnotes":""},"class_list":["post-2298","page","type-page","status-publish","hentry"],"_links":{"self":[{"href":"https:\/\/librosdelaaxarquia.com\/index.php?rest_route=\/wp\/v2\/pages\/2298","targetHints":{"allow":["GET"]}}],"collection":[{"href":"https:\/\/librosdelaaxarquia.com\/index.php?rest_route=\/wp\/v2\/pages"}],"about":[{"href":"https:\/\/librosdelaaxarquia.com\/index.php?rest_route=\/wp\/v2\/types\/page"}],"author":[{"embeddable":true,"href":"https:\/\/librosdelaaxarquia.com\/index.php?rest_route=\/wp\/v2\/users\/1"}],"replies":[{"embeddable":true,"href":"https:\/\/librosdelaaxarquia.com\/index.php?rest_route=%2Fwp%2Fv2%2Fcomments&post=2298"}],"version-history":[{"count":4,"href":"https:\/\/librosdelaaxarquia.com\/index.php?rest_route=\/wp\/v2\/pages\/2298\/revisions"}],"predecessor-version":[{"id":2383,"href":"https:\/\/librosdelaaxarquia.com\/index.php?rest_route=\/wp\/v2\/pages\/2298\/revisions\/2383"}],"wp:attachment":[{"href":"https:\/\/librosdelaaxarquia.com\/index.php?rest_route=%2Fwp%2Fv2%2Fmedia&parent=2298"}],"curies":[{"name":"wp","href":"https:\/\/api.w.org\/{rel}","templated":true}]}}