{"id":2334,"date":"2025-12-18T10:05:09","date_gmt":"2025-12-18T09:05:09","guid":{"rendered":"https:\/\/librosdelaaxarquia.com\/?page_id=2334"},"modified":"2025-12-21T12:11:58","modified_gmt":"2025-12-21T11:11:58","slug":"voces-que-no-se-rinden-2","status":"publish","type":"page","link":"https:\/\/librosdelaaxarquia.com\/?page_id=2334","title":{"rendered":"VOCES QUE NO SE RINDEN"},"content":{"rendered":"\n<figure class=\"wp-block-image aligncenter size-full is-resized\"><img loading=\"lazy\" decoding=\"async\" width=\"441\" height=\"678\" src=\"https:\/\/librosdelaaxarquia.com\/wp-content\/uploads\/2025\/12\/PORTADA-5.jpg\" alt=\"\" class=\"wp-image-2335\" style=\"width:339px;height:auto\" srcset=\"https:\/\/librosdelaaxarquia.com\/wp-content\/uploads\/2025\/12\/PORTADA-5.jpg 441w, https:\/\/librosdelaaxarquia.com\/wp-content\/uploads\/2025\/12\/PORTADA-5-195x300.jpg 195w\" sizes=\"auto, (max-width: 441px) 100vw, 441px\" \/><\/figure>\n\n\n\n<div style=\"height:21px\" aria-hidden=\"true\" class=\"wp-block-spacer\"><\/div>\n\n\n\n<p>VARIOS AUTORES. <strong>CERTAMENES LITERARIOS AFADAX<\/strong><\/p>\n\n\n\n<p>COLECCI\u00d3N  <a href=\"https:\/\/librosdelaaxarquia.com\/?page_id=1387\" data-type=\"page\" data-id=\"1387\"><strong>PROSA CREATIVA<\/strong>.<\/a><\/p>\n\n\n\n<p><strong>ISBN:<\/strong> 978-84-129804-8-6  <strong> D. L.  MA<\/strong>  1687-2025<\/p>\n\n\n\n<p>N\u00famero de p\u00e1ginas: 150<\/p>\n\n\n\n<div style=\"height:23px\" aria-hidden=\"true\" class=\"wp-block-spacer\"><\/div>\n\n\n\n<figure class=\"wp-block-embed is-type-video is-provider-youtube wp-block-embed-youtube wp-embed-aspect-16-9 wp-has-aspect-ratio\"><div class=\"wp-block-embed__wrapper\">\n<iframe loading=\"lazy\" title=\"PRESIDENTA DE AFADAX\" width=\"500\" height=\"281\" src=\"https:\/\/www.youtube.com\/embed\/h5NZezHu6ns?feature=oembed\" frameborder=\"0\" allow=\"accelerometer; autoplay; clipboard-write; encrypted-media; gyroscope; picture-in-picture; web-share\" referrerpolicy=\"strict-origin-when-cross-origin\" allowfullscreen><\/iframe>\n<\/div><\/figure>\n\n\n\n<div style=\"height:10px\" aria-hidden=\"true\" class=\"wp-block-spacer\"><\/div>\n\n\n\n<p><strong>\u00bfQu\u00e9 queda cuando la memoria se deshilacha?<\/strong><\/p>\n\n\n\n<p><strong>&nbsp;Queda la palabra que se convierte en testigo, porque mientras haya palabra hay presencia.&nbsp;Queda el gesto. Queda el v\u00ednculo. Queda el amor incondicional.<\/strong><\/p>\n\n\n\n<p><strong>&nbsp;\u00abNo s\u00e9 qui\u00e9n eres, pero s\u00e9 que te quiero.\u00bb&nbsp;&nbsp;Dice uno de los protagonistas de unos de los relatos.<\/strong><\/p>\n\n\n\n<p><strong>Este libro re\u00fane 16 relatos breves que exploran el Alzheimer desde dentro: desde la mirada temblorosa del enfermo; la ternura y el desgarro de los familiares; la entrega silenciosa de los cuidadores y la lucidez comprometida de los profesionales sanitarios.<\/strong><\/p>\n\n\n\n<p><strong>Cada historia es una chispa de humanidad, una chispa de lucidez en medio de la niebla; un intento por nombrar lo innombrable, por sostener el recuerdo cuando la mente lo suelta. Un homenaje a quienes siguen hablando, incluso cuando la memoria se esconde.<\/strong><\/p>\n\n\n\n<p><strong>Pero no es s\u00f3lo un homenaje; es tambi\u00e9n un acto de resistencia, porque mientras haya quien escuche y haya quien escriba, el olvido no tendr\u00e1 la \u00faltima palabra.<\/strong><\/p>\n\n\n\n<div style=\"height:14px\" aria-hidden=\"true\" class=\"wp-block-spacer\"><\/div>\n\n\n\n<p>En la presentaci\u00f3n del libro, en el sal\u00f3n de actos del Centro del Exilio intervinieron algunos de los autores premiados:<\/p>\n\n\n\n<div style=\"height:2px\" aria-hidden=\"true\" class=\"wp-block-spacer\"><\/div>\n\n\n\n<figure class=\"wp-block-embed is-type-video is-provider-youtube wp-block-embed-youtube wp-embed-aspect-16-9 wp-has-aspect-ratio\"><div class=\"wp-block-embed__wrapper\">\n<iframe loading=\"lazy\" title=\"PREMIADOS Afadax\" width=\"500\" height=\"281\" src=\"https:\/\/www.youtube.com\/embed\/ajZCmKJTIIo?feature=oembed\" frameborder=\"0\" allow=\"accelerometer; autoplay; clipboard-write; encrypted-media; gyroscope; picture-in-picture; web-share\" referrerpolicy=\"strict-origin-when-cross-origin\" allowfullscreen><\/iframe>\n<\/div><\/figure>\n\n\n\n<div style=\"height:11px\" aria-hidden=\"true\" class=\"wp-block-spacer\"><\/div>\n\n\n\n<p class=\"has-text-align-center\"><strong>ACTO COMPLETO DE PRESENTACI\u00d3N DEL LIBRO<\/strong><\/p>\n\n\n\n<p class=\"has-text-align-center\">(Sal\u00f3n de actos del Centro  del Exilio) <\/p>\n\n\n\n<div style=\"height:3px\" aria-hidden=\"true\" class=\"wp-block-spacer\"><\/div>\n\n\n\n<figure class=\"wp-block-embed is-type-video is-provider-youtube wp-block-embed-youtube wp-embed-aspect-16-9 wp-has-aspect-ratio\"><div class=\"wp-block-embed__wrapper\">\n<iframe loading=\"lazy\" title=\"LIBRO AFADAX  (3 .11.2025)\" width=\"500\" height=\"281\" src=\"https:\/\/www.youtube.com\/embed\/LLJZI9jy5Us?feature=oembed\" frameborder=\"0\" allow=\"accelerometer; autoplay; clipboard-write; encrypted-media; gyroscope; picture-in-picture; web-share\" referrerpolicy=\"strict-origin-when-cross-origin\" allowfullscreen><\/iframe>\n<\/div><\/figure>\n\n\n\n<p><\/p>\n\n\n\n<div style=\"height:0px\" aria-hidden=\"true\" class=\"wp-block-spacer\"><\/div>\n\n\n\n<div style=\"height:27px\" aria-hidden=\"true\" class=\"wp-block-spacer\"><\/div>\n\n\n\n<figure class=\"wp-block-image size-large\"><img loading=\"lazy\" decoding=\"async\" width=\"1024\" height=\"485\" src=\"https:\/\/librosdelaaxarquia.com\/wp-content\/uploads\/2025\/12\/VOCES-QUE-NO-SE-RINDEN-1-1024x485.jpg\" alt=\"\" class=\"wp-image-2336\" srcset=\"https:\/\/librosdelaaxarquia.com\/wp-content\/uploads\/2025\/12\/VOCES-QUE-NO-SE-RINDEN-1-1024x485.jpg 1024w, https:\/\/librosdelaaxarquia.com\/wp-content\/uploads\/2025\/12\/VOCES-QUE-NO-SE-RINDEN-1-300x142.jpg 300w, https:\/\/librosdelaaxarquia.com\/wp-content\/uploads\/2025\/12\/VOCES-QUE-NO-SE-RINDEN-1-768x364.jpg 768w, https:\/\/librosdelaaxarquia.com\/wp-content\/uploads\/2025\/12\/VOCES-QUE-NO-SE-RINDEN-1.jpg 1439w\" sizes=\"auto, (max-width: 1024px) 100vw, 1024px\" \/><\/figure>\n\n\n\n<div style=\"height:28px\" aria-hidden=\"true\" class=\"wp-block-spacer\"><\/div>\n","protected":false},"excerpt":{"rendered":"<p>VARIOS AUTORES. CERTAMENES LITERARIOS AFADAX COLECCI\u00d3N PROSA CREATIVA. ISBN: 978-84-129804-8-6 D. L. MA 1687-2025 N\u00famero de p\u00e1ginas: 150 \u00bfQu\u00e9 queda cuando la memoria se deshilacha? &nbsp;Queda la palabra que se convierte en testigo, porque mientras haya palabra hay presencia.&nbsp;Queda el gesto. Queda el v\u00ednculo. Queda el amor incondicional. &nbsp;\u00abNo s\u00e9 qui\u00e9n eres, pero s\u00e9 que [&hellip;]<\/p>\n","protected":false},"author":1,"featured_media":0,"parent":0,"menu_order":0,"comment_status":"closed","ping_status":"closed","template":"","meta":{"footnotes":""},"class_list":["post-2334","page","type-page","status-publish","hentry"],"_links":{"self":[{"href":"https:\/\/librosdelaaxarquia.com\/index.php?rest_route=\/wp\/v2\/pages\/2334","targetHints":{"allow":["GET"]}}],"collection":[{"href":"https:\/\/librosdelaaxarquia.com\/index.php?rest_route=\/wp\/v2\/pages"}],"about":[{"href":"https:\/\/librosdelaaxarquia.com\/index.php?rest_route=\/wp\/v2\/types\/page"}],"author":[{"embeddable":true,"href":"https:\/\/librosdelaaxarquia.com\/index.php?rest_route=\/wp\/v2\/users\/1"}],"replies":[{"embeddable":true,"href":"https:\/\/librosdelaaxarquia.com\/index.php?rest_route=%2Fwp%2Fv2%2Fcomments&post=2334"}],"version-history":[{"count":5,"href":"https:\/\/librosdelaaxarquia.com\/index.php?rest_route=\/wp\/v2\/pages\/2334\/revisions"}],"predecessor-version":[{"id":2398,"href":"https:\/\/librosdelaaxarquia.com\/index.php?rest_route=\/wp\/v2\/pages\/2334\/revisions\/2398"}],"wp:attachment":[{"href":"https:\/\/librosdelaaxarquia.com\/index.php?rest_route=%2Fwp%2Fv2%2Fmedia&parent=2334"}],"curies":[{"name":"wp","href":"https:\/\/api.w.org\/{rel}","templated":true}]}}