{"id":2341,"date":"2025-12-18T10:14:58","date_gmt":"2025-12-18T09:14:58","guid":{"rendered":"https:\/\/librosdelaaxarquia.com\/?page_id=2341"},"modified":"2025-12-18T10:40:05","modified_gmt":"2025-12-18T09:40:05","slug":"la-axarquia-en-los-periodicos-del-mundo","status":"publish","type":"page","link":"https:\/\/librosdelaaxarquia.com\/?page_id=2341","title":{"rendered":"LA AXARQU\u00cdA EN LOS PERI\u00d3DICOS DEL MUNDO"},"content":{"rendered":"\n<div style=\"height:28px\" aria-hidden=\"true\" class=\"wp-block-spacer\"><\/div>\n\n\n\n<figure class=\"wp-block-image aligncenter size-full is-resized\"><img loading=\"lazy\" decoding=\"async\" width=\"431\" height=\"688\" src=\"https:\/\/librosdelaaxarquia.com\/wp-content\/uploads\/2025\/12\/AXARQUIA-PERIODICOS_001-3.jpg\" alt=\"\" class=\"wp-image-2342\" style=\"aspect-ratio:0.6264690539752678;width:355px;height:auto\" srcset=\"https:\/\/librosdelaaxarquia.com\/wp-content\/uploads\/2025\/12\/AXARQUIA-PERIODICOS_001-3.jpg 431w, https:\/\/librosdelaaxarquia.com\/wp-content\/uploads\/2025\/12\/AXARQUIA-PERIODICOS_001-3-188x300.jpg 188w\" sizes=\"auto, (max-width: 431px) 100vw, 431px\" \/><\/figure>\n\n\n\n<div style=\"height:41px\" aria-hidden=\"true\" class=\"wp-block-spacer\"><\/div>\n\n\n\n<p><strong>AUTOR<\/strong>: <a href=\"https:\/\/librosdelaaxarquia.com\/?page_id=1270\" data-type=\"page\" data-id=\"1270\">FRANCISCO G\u00c1LVEZ HIDALGO<\/a><\/p>\n\n\n\n<p>COLECCI\u00d3N:<a href=\"https:\/\/librosdelaaxarquia.com\/?page_id=59\" data-type=\"page\" data-id=\"59\"> <strong>LA PEQUE\u00d1A HISTORIA<\/strong><\/a><\/p>\n\n\n\n<p><strong>ISBN<\/strong>: 978-84-129804-9-3  <strong>D. L. MA<\/strong> 1966-2025<\/p>\n\n\n\n<p>N\u00famero de p\u00e1ginas: 494  <\/p>\n\n\n\n<div style=\"height:15px\" aria-hidden=\"true\" class=\"wp-block-spacer\"><\/div>\n\n\n\n<p><strong> Este es un libro extraordinario. Un libro fruto de la constancia, intuici\u00f3n, habilidad, paciencia e insistencia que ha tenido su autor para hacerlo posible, y que solo se entiende con la dedicaci\u00f3n plena, la energ\u00eda plena y el&nbsp; convencimiento pleno de que el estudio del pasado puede ser un arma de enorme ayuda para comprender el presente.<\/strong><\/p>\n\n\n\n<p><strong>Y es que, adem\u00e1s, para un director de un peri\u00f3dico \u2013como es el caso que nos ocupa\u2013, conocer el presente es cada vez m\u00e1s necesario, entre otras cosas, por la inefable necesidad de tratar de anticipar el futuro, versi\u00f3n atinada de \u201cprofetas\u201d, en los que se han convertido hoy los periodistas agudos, buscadores de verdades y seguidores de las espinas dorsales del acontecer.<\/strong><\/p>\n\n\n\n<p><strong>Por eso este libro es un libro extraordinario, adornado de valores no comunes, que inventa caminos para los historiadores, analistas y curiosos del presente, y que descubre sendas a transitar a quienes, intrigados por el ayer, quieran conocer el presente e inventar el futuro.<\/strong><\/p>\n\n\n\n<div style=\"height:40px\" aria-hidden=\"true\" class=\"wp-block-spacer\"><\/div>\n\n\n\n<figure class=\"wp-block-image size-large\"><img loading=\"lazy\" decoding=\"async\" width=\"1024\" height=\"479\" src=\"https:\/\/librosdelaaxarquia.com\/wp-content\/uploads\/2025\/12\/AXARQUIA-PERIODICOS_001-4-1024x479.jpg\" alt=\"\" class=\"wp-image-2343\" srcset=\"https:\/\/librosdelaaxarquia.com\/wp-content\/uploads\/2025\/12\/AXARQUIA-PERIODICOS_001-4-1024x479.jpg 1024w, https:\/\/librosdelaaxarquia.com\/wp-content\/uploads\/2025\/12\/AXARQUIA-PERIODICOS_001-4-300x140.jpg 300w, https:\/\/librosdelaaxarquia.com\/wp-content\/uploads\/2025\/12\/AXARQUIA-PERIODICOS_001-4-768x359.jpg 768w, https:\/\/librosdelaaxarquia.com\/wp-content\/uploads\/2025\/12\/AXARQUIA-PERIODICOS_001-4.jpg 1470w\" sizes=\"auto, (max-width: 1024px) 100vw, 1024px\" \/><\/figure>\n","protected":false},"excerpt":{"rendered":"<p>AUTOR: FRANCISCO G\u00c1LVEZ HIDALGO COLECCI\u00d3N: LA PEQUE\u00d1A HISTORIA ISBN: 978-84-129804-9-3 D. L. MA 1966-2025 N\u00famero de p\u00e1ginas: 494 Este es un libro extraordinario. Un libro fruto de la constancia, intuici\u00f3n, habilidad, paciencia e insistencia que ha tenido su autor para hacerlo posible, y que solo se entiende con la dedicaci\u00f3n plena, la energ\u00eda plena y [&hellip;]<\/p>\n","protected":false},"author":1,"featured_media":0,"parent":0,"menu_order":0,"comment_status":"closed","ping_status":"closed","template":"","meta":{"footnotes":""},"class_list":["post-2341","page","type-page","status-publish","hentry"],"_links":{"self":[{"href":"https:\/\/librosdelaaxarquia.com\/index.php?rest_route=\/wp\/v2\/pages\/2341","targetHints":{"allow":["GET"]}}],"collection":[{"href":"https:\/\/librosdelaaxarquia.com\/index.php?rest_route=\/wp\/v2\/pages"}],"about":[{"href":"https:\/\/librosdelaaxarquia.com\/index.php?rest_route=\/wp\/v2\/types\/page"}],"author":[{"embeddable":true,"href":"https:\/\/librosdelaaxarquia.com\/index.php?rest_route=\/wp\/v2\/users\/1"}],"replies":[{"embeddable":true,"href":"https:\/\/librosdelaaxarquia.com\/index.php?rest_route=%2Fwp%2Fv2%2Fcomments&post=2341"}],"version-history":[{"count":5,"href":"https:\/\/librosdelaaxarquia.com\/index.php?rest_route=\/wp\/v2\/pages\/2341\/revisions"}],"predecessor-version":[{"id":2358,"href":"https:\/\/librosdelaaxarquia.com\/index.php?rest_route=\/wp\/v2\/pages\/2341\/revisions\/2358"}],"wp:attachment":[{"href":"https:\/\/librosdelaaxarquia.com\/index.php?rest_route=%2Fwp%2Fv2%2Fmedia&parent=2341"}],"curies":[{"name":"wp","href":"https:\/\/api.w.org\/{rel}","templated":true}]}}