{"id":410,"date":"2025-11-04T11:59:11","date_gmt":"2025-11-04T10:59:11","guid":{"rendered":"https:\/\/librosdelaaxarquia.com\/?page_id=410"},"modified":"2025-12-04T21:40:48","modified_gmt":"2025-12-04T20:40:48","slug":"jose-manuel-salcedo","status":"publish","type":"page","link":"https:\/\/librosdelaaxarquia.com\/?page_id=410","title":{"rendered":"JOS\u00c9 MANUEL SALCEDO"},"content":{"rendered":"\n<div class=\"wp-block-group is-nowrap is-layout-flex wp-container-core-group-is-layout-6c531013 wp-block-group-is-layout-flex\">\n<figure class=\"wp-block-image size-large is-resized\"><img loading=\"lazy\" decoding=\"async\" width=\"635\" height=\"1024\" src=\"https:\/\/librosdelaaxarquia.com\/wp-content\/uploads\/2025\/11\/No-05-635x1024.jpg\" alt=\"\" class=\"wp-image-412\" style=\"width:273px;height:auto\" srcset=\"https:\/\/librosdelaaxarquia.com\/wp-content\/uploads\/2025\/11\/No-05-635x1024.jpg 635w, https:\/\/librosdelaaxarquia.com\/wp-content\/uploads\/2025\/11\/No-05-186x300.jpg 186w, https:\/\/librosdelaaxarquia.com\/wp-content\/uploads\/2025\/11\/No-05-768x1239.jpg 768w, https:\/\/librosdelaaxarquia.com\/wp-content\/uploads\/2025\/11\/No-05-952x1536.jpg 952w, https:\/\/librosdelaaxarquia.com\/wp-content\/uploads\/2025\/11\/No-05-1269x2048.jpg 1269w, https:\/\/librosdelaaxarquia.com\/wp-content\/uploads\/2025\/11\/No-05.jpg 1550w\" sizes=\"auto, (max-width: 635px) 100vw, 635px\" \/><\/figure>\n\n\n\n<figure class=\"wp-block-image size-full is-resized\"><img loading=\"lazy\" decoding=\"async\" width=\"120\" height=\"192\" src=\"https:\/\/librosdelaaxarquia.com\/wp-content\/uploads\/2025\/11\/P-5-1.jpg\" alt=\"\" class=\"wp-image-411\" style=\"width:278px;height:auto\"\/><\/figure>\n<\/div>\n\n\n\n<p>EL HOSPITAL DE SAN JUAN DE DIOS<\/p>\n\n\n\n<p><strong><em><a href=\"https:\/\/librosdelaaxarquia.com\/?page_id=1145\" data-type=\"page\" data-id=\"1145\">EL CARMEN DE V\u00c9LEZ-M\u00c1LAGA<\/a><\/em><\/strong><\/p>\n\n\n\n<p><\/p>\n\n\n\n<p><strong>JOS\u00c9 MANUEL SALCEDO PEREZ<\/strong>. (V\u00e9lez-M\u00e1laga, 1939)<\/p>\n\n\n\n<p>Jos\u00e9 Manuel Salcedo P\u00e9rez (V\u00e9lez-M\u00e1laga, 1939) es Maestro de Primera Ense\u00f1anza, habiendo cursado estudios religiosos en el Seminario de M\u00e1laga, as\u00ed como de Graduado Social en M\u00e1laga y Granada.<\/p>\n\n\n\n<p>Ha sido profesor y director en varios centros educativos de la capital de la Axarqu\u00eda (Centro de Educaci\u00f3n de Personas Adultas \u201cMar\u00eda Zambrano\u201d, Colegio P\u00fablico \u201cAugusto Santiago Bellido\u201d y Colegio P\u00fablico \u201cAxarqu\u00eda\u201d).<\/p>\n\n\n\n<p>Concejal del Ayuntamiento de V\u00e9lez-M\u00e1laga, por el Partido Socialista Obrero Espa\u00f1ol, fue elegido Alcalde de la ciudad en 1987, cargo que desempe\u00f1\u00f3, con un par\u00e9ntesis de un a\u00f1o, hasta 1995. Destac\u00f3 durante su mandato la preocupaci\u00f3n por los temas culturales, rescatando la documentaci\u00f3n sobre V\u00e9lez-M\u00e1laga existente en el Archivo Hist\u00f3rico de Melilla, e impulsando la rehabilitaci\u00f3n del Palacio de Beniel y, sobre todo, del Teatro del Carmen.<\/p>\n\n\n\n<p>Por lo que respecta a publicaciones, promovi\u00f3 los <em>Cuadernos Municipales de Historia<\/em> y la colecci\u00f3n <em>Monumentos de V\u00e9lez-M\u00e1laga<\/em>, de clara vocaci\u00f3n y car\u00e1cter divulgativo, en la que participaron historiadores destacados como Pilar Pezzi Crist\u00f3bal, Jos\u00e9 Dami\u00e1n Iranzo, Ana Mar\u00eda de Martos Jim\u00e9nez\u2026<\/p>\n\n\n\n<p>Sus investigaciones personales han fructificado en revistas tales como <em>Ballix<\/em>, <em>Archivo Hospitalario<\/em>, de la orden de San Juan de Dios, <em>Isla de Arriar\u00e1n<\/em>\u2026 Y en el libro <em>El Hospital de San Juan de Dios. V\u00e9lez-M\u00e1laga<\/em> (2011), que viera la luz en la Colecci\u00f3n General de Libros de la Axarqu\u00eda.<\/p>\n\n\n\n<figure class=\"wp-block-image size-large\"><img loading=\"lazy\" decoding=\"async\" width=\"1024\" height=\"486\" src=\"https:\/\/librosdelaaxarquia.com\/wp-content\/uploads\/2025\/11\/CUBIERTA-EL-CARMEN_001-1024x486.jpg\" alt=\"\" class=\"wp-image-413\" srcset=\"https:\/\/librosdelaaxarquia.com\/wp-content\/uploads\/2025\/11\/CUBIERTA-EL-CARMEN_001-1024x486.jpg 1024w, https:\/\/librosdelaaxarquia.com\/wp-content\/uploads\/2025\/11\/CUBIERTA-EL-CARMEN_001-300x142.jpg 300w, https:\/\/librosdelaaxarquia.com\/wp-content\/uploads\/2025\/11\/CUBIERTA-EL-CARMEN_001-768x365.jpg 768w, https:\/\/librosdelaaxarquia.com\/wp-content\/uploads\/2025\/11\/CUBIERTA-EL-CARMEN_001.jpg 1462w\" sizes=\"auto, (max-width: 1024px) 100vw, 1024px\" \/><\/figure>\n\n\n\n<p><\/p>\n\n\n\n<p>El antiguo monasterio de \u201cSan Jos\u00e9 de la Soledad\u201d es todo un s\u00edmbolo para la Historia de V\u00e9lez-M\u00e1laga, por su importancia en la Orden Carmelita Descalza, por la ubicaci\u00f3n urbana que tuvo, por sus dimensiones y por el triste desenlace que le toc\u00f3 vivir, con su deterioro, y posterior demolici\u00f3n a principios de 1982.<\/p>\n\n\n\n<p>Espacio emblem\u00e1tico del V\u00e9lez-M\u00e1laga del \u00faltimo medio milenio, va a terminar en manos privadas, y, lamentablemente, los poderes p\u00fablicos locales no lo defendieron, protegieron, ni cuidaron adecuadamente, a tenor de su manifiesto valor hist\u00f3rico, art\u00edstico y urban\u00edstico.<\/p>\n\n\n\n<p>Fue uno de los mayores conventos de la Orden Carmelita en Andaluc\u00eda, suprimido como tal durante el Trienio Liberal (1820-1822) y rematado en la d\u00e9cada siguiente con la llamada desamortizaci\u00f3n de Mendiz\u00e1bal. La iglesia, a pesar de la supresi\u00f3n del convento, sigui\u00f3 ofreciendo cultos a lo largo del siglo XIX.<\/p>\n\n\n\n<p>Su huerta fue convertida en plaza de toros, y parte del edificio en f\u00e1brica de aceite y almac\u00e9n de tabacalera. A comienzos del siglo XX, la iglesia se transform\u00f3 en teatro.<\/p>\n\n\n\n<p>&nbsp;&nbsp;&nbsp;&nbsp; Finalmente en enero de 1982 el Carmen de V\u00e9lez-M\u00e1laga fue demolido por \u201csilencio administrativo\u201d.<\/p>\n\n\n\n<figure class=\"wp-block-image size-large\"><img loading=\"lazy\" decoding=\"async\" width=\"1024\" height=\"543\" src=\"https:\/\/librosdelaaxarquia.com\/wp-content\/uploads\/2025\/11\/PORTADA-Salcedo_001-1024x543.jpg\" alt=\"\" class=\"wp-image-418\" srcset=\"https:\/\/librosdelaaxarquia.com\/wp-content\/uploads\/2025\/11\/PORTADA-Salcedo_001-1024x543.jpg 1024w, https:\/\/librosdelaaxarquia.com\/wp-content\/uploads\/2025\/11\/PORTADA-Salcedo_001-300x159.jpg 300w, https:\/\/librosdelaaxarquia.com\/wp-content\/uploads\/2025\/11\/PORTADA-Salcedo_001-768x407.jpg 768w, https:\/\/librosdelaaxarquia.com\/wp-content\/uploads\/2025\/11\/PORTADA-Salcedo_001.jpg 1259w\" sizes=\"auto, (max-width: 1024px) 100vw, 1024px\" \/><\/figure>\n\n\n\n<div class=\"wp-block-buttons is-layout-flex wp-block-buttons-is-layout-flex\">\n<div class=\"wp-block-button\"><a class=\"wp-block-button__link wp-element-button\" href=\"https:\/\/youtu.be\/W3p_4IfkzSM\">PRESENTACI\u00d3N LIBRO EL HOSPITAL&#8230;<\/a><\/div>\n\n\n\n<div class=\"wp-block-button\"><a class=\"wp-block-button__link wp-element-button\" href=\"https:\/\/youtu.be\/hAhFxCEiOiM\">PRESENTACI\u00d3N LIBRO EL CARMEN<\/a><\/div>\n<\/div>\n\n\n\n<p><\/p>\n","protected":false},"excerpt":{"rendered":"<p>EL HOSPITAL DE SAN JUAN DE DIOS EL CARMEN DE V\u00c9LEZ-M\u00c1LAGA JOS\u00c9 MANUEL SALCEDO PEREZ. (V\u00e9lez-M\u00e1laga, 1939) Jos\u00e9 Manuel Salcedo P\u00e9rez (V\u00e9lez-M\u00e1laga, 1939) es Maestro de Primera Ense\u00f1anza, habiendo cursado estudios religiosos en el Seminario de M\u00e1laga, as\u00ed como de Graduado Social en M\u00e1laga y Granada. Ha sido profesor y director en varios centros educativos [&hellip;]<\/p>\n","protected":false},"author":1,"featured_media":0,"parent":0,"menu_order":0,"comment_status":"closed","ping_status":"closed","template":"","meta":{"footnotes":""},"class_list":["post-410","page","type-page","status-publish","hentry"],"_links":{"self":[{"href":"https:\/\/librosdelaaxarquia.com\/index.php?rest_route=\/wp\/v2\/pages\/410","targetHints":{"allow":["GET"]}}],"collection":[{"href":"https:\/\/librosdelaaxarquia.com\/index.php?rest_route=\/wp\/v2\/pages"}],"about":[{"href":"https:\/\/librosdelaaxarquia.com\/index.php?rest_route=\/wp\/v2\/types\/page"}],"author":[{"embeddable":true,"href":"https:\/\/librosdelaaxarquia.com\/index.php?rest_route=\/wp\/v2\/users\/1"}],"replies":[{"embeddable":true,"href":"https:\/\/librosdelaaxarquia.com\/index.php?rest_route=%2Fwp%2Fv2%2Fcomments&post=410"}],"version-history":[{"count":5,"href":"https:\/\/librosdelaaxarquia.com\/index.php?rest_route=\/wp\/v2\/pages\/410\/revisions"}],"predecessor-version":[{"id":2064,"href":"https:\/\/librosdelaaxarquia.com\/index.php?rest_route=\/wp\/v2\/pages\/410\/revisions\/2064"}],"wp:attachment":[{"href":"https:\/\/librosdelaaxarquia.com\/index.php?rest_route=%2Fwp%2Fv2%2Fmedia&parent=410"}],"curies":[{"name":"wp","href":"https:\/\/api.w.org\/{rel}","templated":true}]}}