{"id":469,"date":"2025-11-07T01:17:11","date_gmt":"2025-11-07T00:17:11","guid":{"rendered":"https:\/\/librosdelaaxarquia.com\/?page_id=469"},"modified":"2025-12-08T00:00:36","modified_gmt":"2025-12-07T23:00:36","slug":"purificacion-ruiz-garcia","status":"publish","type":"page","link":"https:\/\/librosdelaaxarquia.com\/?page_id=469","title":{"rendered":"PURIFICACI\u00d3N RUIZ GARC\u00cdA"},"content":{"rendered":"\n<div style=\"height:0px\" aria-hidden=\"true\" class=\"wp-block-spacer\"><\/div>\n\n\n\n<p><a href=\"https:\/\/librosdelaaxarquia.com\/?page_id=701\" data-type=\"page\" data-id=\"701\"><strong><em>LAS CALLES DE LA CIUDAD DE V\u00c9LEZ-M\u00c1LAG<\/em><\/strong>A<\/a>.<\/p>\n\n\n\n<p><strong>ISBN<\/strong>: 978-84-938732-6-4    <strong> D. L. <\/strong> MA 531-214<\/p>\n\n\n\n<div style=\"height:19px\" aria-hidden=\"true\" class=\"wp-block-spacer\"><\/div>\n\n\n\n<p><strong><em><a href=\"https:\/\/librosdelaaxarquia.com\/?page_id=1057\" data-type=\"page\" data-id=\"1057\">MESONES, POSADAS Y OTRAS HOSPEDER\u00cdAS<\/a><\/em><\/strong><\/p>\n\n\n\n<p><strong>ISBN:<\/strong>\u00a0978-84-944870-9-5<strong> D. L<\/strong>.\u00a0<strong>MA<\/strong>\u00a0402-2018<\/p>\n\n\n\n<div style=\"height:12px\" aria-hidden=\"true\" class=\"wp-block-spacer\"><\/div>\n\n\n\n<p><strong><em><a href=\"https:\/\/librosdelaaxarquia.com\/?page_id=1589\" data-type=\"page\" data-id=\"1589\">HISTORIA DE LAGOS, MEZQUITILLA Y LA CALETA<\/a>.<\/em><\/strong><\/p>\n\n\n\n<p><strong>ISBN<\/strong>: 978-84-129804-4-8    <strong> D. L. <\/strong> MA 513-2025<\/p>\n\n\n\n<div style=\"height:25px\" aria-hidden=\"true\" class=\"wp-block-spacer\"><\/div>\n\n\n\n<p>Jubilada en la actualidad, Purificaci\u00f3n Ruiz Garc\u00eda ha trabajado en el Excmo. Ayuntamiento de V\u00e9lez-M\u00e1laga donde prest\u00f3 sus servicios en el Archivo Municipal durante cuarenta a\u00f1os, lo que, al margen de su vocaci\u00f3n y su amor por la historia, le ha servido para ser hoy de las personas m\u00e1s conocedoras de la historia de toda la tierra de V\u00e9lez-M\u00e1laga y de la Comarca de la Axarqu\u00eda. Ha publicado quince libros de entre los cuales nueve han sido en solitario y seis en colaboraci\u00f3n con otro autor, veintisiete art\u00edculos con proyecci\u00f3n nacional e internacional, y numerosos art\u00edculos en medios locales.<\/p>\n\n\n\n<p><\/p>\n\n\n\n<figure class=\"wp-block-image size-large\"><img loading=\"lazy\" decoding=\"async\" width=\"1024\" height=\"490\" src=\"https:\/\/librosdelaaxarquia.com\/wp-content\/uploads\/2025\/11\/Portada-Historia-de-Lagos-Mezquitilla-y-la-Caleta_001-1024x490.jpg\" alt=\"\" class=\"wp-image-478\" srcset=\"https:\/\/librosdelaaxarquia.com\/wp-content\/uploads\/2025\/11\/Portada-Historia-de-Lagos-Mezquitilla-y-la-Caleta_001-1024x490.jpg 1024w, https:\/\/librosdelaaxarquia.com\/wp-content\/uploads\/2025\/11\/Portada-Historia-de-Lagos-Mezquitilla-y-la-Caleta_001-300x143.jpg 300w, https:\/\/librosdelaaxarquia.com\/wp-content\/uploads\/2025\/11\/Portada-Historia-de-Lagos-Mezquitilla-y-la-Caleta_001-768x367.jpg 768w, https:\/\/librosdelaaxarquia.com\/wp-content\/uploads\/2025\/11\/Portada-Historia-de-Lagos-Mezquitilla-y-la-Caleta_001.jpg 1430w\" sizes=\"auto, (max-width: 1024px) 100vw, 1024px\" \/><\/figure>\n\n\n\n<p><\/p>\n\n\n\n<p>Cuando se ha estudiado el pasado de V\u00e9lez-M\u00e1laga hasta ahora, siempre se ha hecho atendiendo a la generalidad y descuidando los matices concretos de los espacios, especialmente m\u00e1s extremos. Y este es el caso de la zona oriental, donde los estudios sobre Lagos, Mezquitilla y Caleta de V\u00e9lez han sido escas\u00edsimos y puntuales.<\/p>\n\n\n\n<p>Con este libro, una investigadora muy apreciada, residente en aquella zona (la oriental del municipio) y que ha desa-rrollado su vida profesional como archivera municipal, viene a cubrir un aut\u00e9ntico hueco en la historiograf\u00eda local.<\/p>\n\n\n\n<p>Esta <em>Historia de Lagos, Mezquitilla y La Caleta. La Axarqu\u00eda de V\u00e9lez) <\/em>es una aportaci\u00f3n significativa que viene a enriquecer el conocimiento del pasado de la capital de la Axarqu\u00eda. Y, adem\u00e1s, lo hace con sentido y profesionalidad historiadora, aportando un estudio que ser\u00e1 muy querido tanto por los habitantes de <em>Lagos<\/em>, <em>Mezquitilla<\/em> y <em>Caleta de V\u00e9lez<\/em>, como por los del resto del municipio, que encontrar\u00e1n ahora, m\u00e1s cerca, el conocimiento de la aut\u00e9ntica y completa Historia de V\u00e9lez-M\u00e1laga.<\/p>\n","protected":false},"excerpt":{"rendered":"<p>LAS CALLES DE LA CIUDAD DE V\u00c9LEZ-M\u00c1LAGA. ISBN: 978-84-938732-6-4 D. L. MA 531-214 MESONES, POSADAS Y OTRAS HOSPEDER\u00cdAS ISBN:\u00a0978-84-944870-9-5 D. L.\u00a0MA\u00a0402-2018 HISTORIA DE LAGOS, MEZQUITILLA Y LA CALETA. ISBN: 978-84-129804-4-8 D. L. MA 513-2025 Jubilada en la actualidad, Purificaci\u00f3n Ruiz Garc\u00eda ha trabajado en el Excmo. Ayuntamiento de V\u00e9lez-M\u00e1laga donde prest\u00f3 sus servicios en el [&hellip;]<\/p>\n","protected":false},"author":1,"featured_media":0,"parent":0,"menu_order":0,"comment_status":"closed","ping_status":"closed","template":"","meta":{"footnotes":""},"class_list":["post-469","page","type-page","status-publish","hentry"],"_links":{"self":[{"href":"https:\/\/librosdelaaxarquia.com\/index.php?rest_route=\/wp\/v2\/pages\/469","targetHints":{"allow":["GET"]}}],"collection":[{"href":"https:\/\/librosdelaaxarquia.com\/index.php?rest_route=\/wp\/v2\/pages"}],"about":[{"href":"https:\/\/librosdelaaxarquia.com\/index.php?rest_route=\/wp\/v2\/types\/page"}],"author":[{"embeddable":true,"href":"https:\/\/librosdelaaxarquia.com\/index.php?rest_route=\/wp\/v2\/users\/1"}],"replies":[{"embeddable":true,"href":"https:\/\/librosdelaaxarquia.com\/index.php?rest_route=%2Fwp%2Fv2%2Fcomments&post=469"}],"version-history":[{"count":5,"href":"https:\/\/librosdelaaxarquia.com\/index.php?rest_route=\/wp\/v2\/pages\/469\/revisions"}],"predecessor-version":[{"id":2272,"href":"https:\/\/librosdelaaxarquia.com\/index.php?rest_route=\/wp\/v2\/pages\/469\/revisions\/2272"}],"wp:attachment":[{"href":"https:\/\/librosdelaaxarquia.com\/index.php?rest_route=%2Fwp%2Fv2%2Fmedia&parent=469"}],"curies":[{"name":"wp","href":"https:\/\/api.w.org\/{rel}","templated":true}]}}