{"id":484,"date":"2025-11-07T01:56:42","date_gmt":"2025-11-07T00:56:42","guid":{"rendered":"https:\/\/librosdelaaxarquia.com\/?page_id=484"},"modified":"2025-11-30T23:09:21","modified_gmt":"2025-11-30T22:09:21","slug":"carmen-doncel-diaz","status":"publish","type":"page","link":"https:\/\/librosdelaaxarquia.com\/?page_id=484","title":{"rendered":"CARMEN DONCEL D\u00cdAZ"},"content":{"rendered":"\n<figure class=\"wp-block-image aligncenter size-large is-resized\"><img loading=\"lazy\" decoding=\"async\" width=\"809\" height=\"1024\" src=\"https:\/\/librosdelaaxarquia.com\/wp-content\/uploads\/2025\/11\/Autora-C.D-809x1024.jpg\" alt=\"\" class=\"wp-image-1882\" style=\"width:399px;height:auto\" srcset=\"https:\/\/librosdelaaxarquia.com\/wp-content\/uploads\/2025\/11\/Autora-C.D-809x1024.jpg 809w, https:\/\/librosdelaaxarquia.com\/wp-content\/uploads\/2025\/11\/Autora-C.D-237x300.jpg 237w, https:\/\/librosdelaaxarquia.com\/wp-content\/uploads\/2025\/11\/Autora-C.D-768x972.jpg 768w, https:\/\/librosdelaaxarquia.com\/wp-content\/uploads\/2025\/11\/Autora-C.D.jpg 1134w\" sizes=\"auto, (max-width: 809px) 100vw, 809px\" \/><\/figure>\n\n\n\n<div style=\"height:28px\" aria-hidden=\"true\" class=\"wp-block-spacer\"><\/div>\n\n\n\n<p><strong><em><a href=\"https:\/\/librosdelaaxarquia.com\/?page_id=1687\" data-type=\"page\" data-id=\"1687\">LAS RECETAS DE CARMELINA<\/a> (COCINA VELE\u00d1A)<\/em><\/strong><\/p>\n\n\n\n<p><strong>ISBN<\/strong>: 978-84-126573-3-3 <strong>       D. L. <\/strong> MA 44-2024<\/p>\n\n\n\n<p>.<\/p>\n\n\n\n<p>Carmen Doncel D\u00edaz (Carmelina) naci\u00f3 en V\u00e9lez-M\u00e1laga el 25 de septiembre de 1941, en el seno de una familia trabajadora. Muy joven tuvo que dejar el colegio para ayudar a sus padres, Miguel y Carmen, en las labores del hogar y cuidado de familiares.&nbsp;&nbsp;Formar\u00eda su familia con Antonio Fdez. Gallardo&nbsp;y sus hijos Juan Antonio y Macarena.<\/p>\n\n\n\n<p>Sus inquietudes culturales han impulsado su inter\u00e9s asociativo, siendo cofundadora de diversas asociaciones de mujeres como \u201cNuestra Se\u00f1ora de Covadonga\u201d&nbsp;y&nbsp;\u201cJazmines de la Axarqu\u00eda\u201d.&nbsp;<\/p>\n\n\n\n<p>El deseo de que no caigan en el olvido&nbsp;&nbsp;las recetas de comidas tradicionales la animaron a la creaci\u00f3n de diversos cert\u00e1menes gastron\u00f3micos, siendo frecuente su colaboraci\u00f3n en programas de radio y televisi\u00f3n para explicar dichas tradiciones gastron\u00f3micas, como, por ejemplo, la receta del \u201cAjobacalao\u201d.<\/p>\n\n\n\n<p>En la actualidad contin\u00faa promocionando dichas tradiciones, colaborando con las asociaciones y organismos que reclaman su presencia y disfrutando de su familia, con sus nietos Lucas y Diego.&nbsp;&nbsp;<\/p>\n\n\n\n<p>.&nbsp;<\/p>\n\n\n\n<figure class=\"wp-block-image size-large\"><img loading=\"lazy\" decoding=\"async\" width=\"1024\" height=\"500\" src=\"https:\/\/librosdelaaxarquia.com\/wp-content\/uploads\/2025\/11\/PORTADA-LAS-RECETAS-DE-CARMELINA_001-1024x500.jpg\" alt=\"\" class=\"wp-image-485\" srcset=\"https:\/\/librosdelaaxarquia.com\/wp-content\/uploads\/2025\/11\/PORTADA-LAS-RECETAS-DE-CARMELINA_001-1024x500.jpg 1024w, https:\/\/librosdelaaxarquia.com\/wp-content\/uploads\/2025\/11\/PORTADA-LAS-RECETAS-DE-CARMELINA_001-300x147.jpg 300w, https:\/\/librosdelaaxarquia.com\/wp-content\/uploads\/2025\/11\/PORTADA-LAS-RECETAS-DE-CARMELINA_001-768x375.jpg 768w, https:\/\/librosdelaaxarquia.com\/wp-content\/uploads\/2025\/11\/PORTADA-LAS-RECETAS-DE-CARMELINA_001.jpg 1425w\" sizes=\"auto, (max-width: 1024px) 100vw, 1024px\" \/><\/figure>\n\n\n\n<p>.<\/p>\n\n\n\n<p>Este libro es el n\u00famero uno de la colecci\u00f3n \u201cArtes de la Axarqu\u00eda\u201d. En \u00e9l conoceremos las habilidades culinarias de Carmen Doncel D\u00edaz (Carmelina Doncel) una vele\u00f1a que ha dedicado al arte de la cocina gran parte de su vida.<\/p>\n\n\n\n<p>Aqu\u00ed encontraremos recetas que nos acercan a la cocina de nuestras madres y abuelas, a ese espacio \u00fanico del hogar con una gran mesa que reun\u00eda a la familia alrededor de platos preparados con amor, con paciencia, <em>\u201c<\/em>a la manera de antes<em>\u201d<\/em>, sin prisas, con los productos de la tierra, y, en \u00e9pocas de necesidad, con cocina de subsistencia, aprovechando los alimentos adecuados para que pudiera comer toda la familia&#8230;<\/p>\n\n\n\n<p>Potajes, sopas, carnes, pescados, postres\u2026realizados con el cari\u00f1o de las cocineras de anta\u00f1o, de las cocineras de siempre; porque, quienes preparaban los platos en esas cocinas, eran mujeres que viv\u00edan por y para la familia, y as\u00ed, generaci\u00f3n tras generaci\u00f3n.<\/p>\n","protected":false},"excerpt":{"rendered":"<p>LAS RECETAS DE CARMELINA (COCINA VELE\u00d1A) ISBN: 978-84-126573-3-3 D. L. MA 44-2024 . Carmen Doncel D\u00edaz (Carmelina) naci\u00f3 en V\u00e9lez-M\u00e1laga el 25 de septiembre de 1941, en el seno de una familia trabajadora. Muy joven tuvo que dejar el colegio para ayudar a sus padres, Miguel y Carmen, en las labores del hogar y cuidado [&hellip;]<\/p>\n","protected":false},"author":1,"featured_media":0,"parent":0,"menu_order":0,"comment_status":"closed","ping_status":"closed","template":"","meta":{"footnotes":""},"class_list":["post-484","page","type-page","status-publish","hentry"],"_links":{"self":[{"href":"https:\/\/librosdelaaxarquia.com\/index.php?rest_route=\/wp\/v2\/pages\/484","targetHints":{"allow":["GET"]}}],"collection":[{"href":"https:\/\/librosdelaaxarquia.com\/index.php?rest_route=\/wp\/v2\/pages"}],"about":[{"href":"https:\/\/librosdelaaxarquia.com\/index.php?rest_route=\/wp\/v2\/types\/page"}],"author":[{"embeddable":true,"href":"https:\/\/librosdelaaxarquia.com\/index.php?rest_route=\/wp\/v2\/users\/1"}],"replies":[{"embeddable":true,"href":"https:\/\/librosdelaaxarquia.com\/index.php?rest_route=%2Fwp%2Fv2%2Fcomments&post=484"}],"version-history":[{"count":4,"href":"https:\/\/librosdelaaxarquia.com\/index.php?rest_route=\/wp\/v2\/pages\/484\/revisions"}],"predecessor-version":[{"id":1883,"href":"https:\/\/librosdelaaxarquia.com\/index.php?rest_route=\/wp\/v2\/pages\/484\/revisions\/1883"}],"wp:attachment":[{"href":"https:\/\/librosdelaaxarquia.com\/index.php?rest_route=%2Fwp%2Fv2%2Fmedia&parent=484"}],"curies":[{"name":"wp","href":"https:\/\/api.w.org\/{rel}","templated":true}]}}