{"id":494,"date":"2025-11-07T02:17:52","date_gmt":"2025-11-07T01:17:52","guid":{"rendered":"https:\/\/librosdelaaxarquia.com\/?page_id=494"},"modified":"2025-12-02T22:38:43","modified_gmt":"2025-12-02T21:38:43","slug":"jose-manuel-de-molina-bautista","status":"publish","type":"page","link":"https:\/\/librosdelaaxarquia.com\/?page_id=494","title":{"rendered":"JOS\u00c9 MANUEL DE MOLINA BAUTISTA"},"content":{"rendered":"\n<figure class=\"wp-block-image aligncenter size-large is-resized\"><img loading=\"lazy\" decoding=\"async\" width=\"747\" height=\"1024\" src=\"https:\/\/librosdelaaxarquia.com\/wp-content\/uploads\/2025\/11\/Autor-1-Rincon-747x1024.jpg\" alt=\"\" class=\"wp-image-1874\" style=\"width:389px;height:auto\" srcset=\"https:\/\/librosdelaaxarquia.com\/wp-content\/uploads\/2025\/11\/Autor-1-Rincon-747x1024.jpg 747w, https:\/\/librosdelaaxarquia.com\/wp-content\/uploads\/2025\/11\/Autor-1-Rincon-219x300.jpg 219w, https:\/\/librosdelaaxarquia.com\/wp-content\/uploads\/2025\/11\/Autor-1-Rincon-768x1053.jpg 768w, https:\/\/librosdelaaxarquia.com\/wp-content\/uploads\/2025\/11\/Autor-1-Rincon.jpg 829w\" sizes=\"auto, (max-width: 747px) 100vw, 747px\" \/><\/figure>\n\n\n\n<div style=\"height:16px\" aria-hidden=\"true\" class=\"wp-block-spacer\"><\/div>\n\n\n\n<p><strong>Libro<\/strong>: <a href=\"https:\/\/librosdelaaxarquia.com\/?page_id=1256\" data-type=\"page\" data-id=\"1256\">RINC\u00d3N DE LA VICTORIA<\/a>. ESTUDIOS HIST\u00d3RICOS.<\/p>\n\n\n\n<p><strong>Colecci\u00f3n<\/strong>: <a href=\"https:\/\/librosdelaaxarquia.com\/?page_id=70\" data-type=\"page\" data-id=\"70\">Monograf\u00edas<\/a>.<\/p>\n\n\n\n<p><strong>ISBN<\/strong>: 978-84-948637-7-6      <strong>D. L. <\/strong>  MA 1454-2019<\/p>\n\n\n\n<div style=\"height:6px\" aria-hidden=\"true\" class=\"wp-block-spacer\"><\/div>\n\n\n\n<p>Jos\u00e9 Manuel de Molina Bautista. (M\u00e1laga, 1964). Licenciado en Historia y Especialista en Archiv\u00edstica entre otra formaci\u00f3n. Autor de los libros \u201cHistoria de Alhaur\u00edn de la Torre en la Edad Moderna, 1489-1812\u201d (2005); \u201cAlhaur\u00edn de la Torre durante la Guerra de la Independencia\u201d (2008); \u201cGu\u00eda Hist\u00f3rico Art\u00edstica de la Iglesia Parroquial de Alhaur\u00edn de la Torre\u201d (2009); \u201cEl convento de la Fuensanta de Alhaur\u00edn de la Torre y la desamortizaci\u00f3n en M\u00e1laga\u201d (2013); \u201cAlhaur\u00edn de la Torre en 1751 seg\u00fan el Catastro de La Ensenada\u201d, versi\u00f3n digital (2014) y Episodios y Alcaldes de Alhaur\u00edn de la Torre (2019).<\/p>\n\n\n\n<p>Ha escrito art\u00edculos para revistas prestigiosas como \u201cJ\u00e1bega\u201d, \u201cP\u00e9ndulo\u201d, \u201cLa Saeta\u201d, \u201cC\u00e1liz de Paz\u201d, \u201cArchiva Ecclesiae\u201d y \u201cMotril Cofrade\u201d, dando conferencias en distintos ciclos de historia municipales, centros educativos e instituciones de Espa\u00f1a y Estados Unidos. En este \u00faltimo pa\u00eds recibi\u00f3 en abril de 2019 el premio\u201cLiving Legend\u201d o \u201cLeyenda Viviente\u201d, por su colaboraci\u00f3n en la difusi\u00f3n de la cultura hispana cajun en Luisiana, siendo el promotor del hermanamiento de Alhaur\u00edn de la Torre con la ciudad norteamericana de Nueva Iberia en 2009 y coordinador archivero del Centro de Estudios Juli\u00e1n Sesmero Ruiz desde 2015.<\/p>\n\n\n\n<p>Fundador de peri\u00f3dicos digitales y de colectivos culturales en Alhaur\u00edn de la Torre, pregonero de sus cofrad\u00edas en 2009 y 2019, promovi\u00f3 la recuperaci\u00f3n de la antigua tradici\u00f3n del Paso y recuper\u00f3 importante patrimonio hist\u00f3rico art\u00edstico para esta localidad, donde tambi\u00e9n presenta programas en su televisi\u00f3n local Torrevisi\u00f3n.<\/p>\n\n\n\n<p>Adem\u00e1s ha dirigido la reciente obra \u201cCentenario de la Virgen del Carmen de Rinc\u00f3n de la Victoria (2019)\u201d, colaborando con otros colectivos ax\u00e1rquicos en Frigiliana y V\u00e9lez M\u00e1laga, municipio donde reside.<\/p>\n\n\n\n<figure class=\"wp-block-image size-large\"><img loading=\"lazy\" decoding=\"async\" width=\"1024\" height=\"483\" src=\"https:\/\/librosdelaaxarquia.com\/wp-content\/uploads\/2025\/11\/Rincon-Vict._001-1-1024x483.jpg\" alt=\"\" class=\"wp-image-495\" srcset=\"https:\/\/librosdelaaxarquia.com\/wp-content\/uploads\/2025\/11\/Rincon-Vict._001-1-1024x483.jpg 1024w, https:\/\/librosdelaaxarquia.com\/wp-content\/uploads\/2025\/11\/Rincon-Vict._001-1-300x142.jpg 300w, https:\/\/librosdelaaxarquia.com\/wp-content\/uploads\/2025\/11\/Rincon-Vict._001-1-768x362.jpg 768w, https:\/\/librosdelaaxarquia.com\/wp-content\/uploads\/2025\/11\/Rincon-Vict._001-1.jpg 1469w\" sizes=\"auto, (max-width: 1024px) 100vw, 1024px\" \/><\/figure>\n\n\n\n<p>Pocos trabajos hist\u00f3ricos condensan tantos datos in\u00e9ditos de forma amena y divulgativa como este que tiene en sus manos. Jos\u00e9 Manuel de Molina y Fran Cervantes encadenan episodios del pasado casi como fuese una novela narrativa. Descubren datos como el origen de las leyendas de la Cueva del Tesoro, las vicisitudes de los primeros habitantes de la costa, frecuentemente tomados cautivos por los berberiscos, o bien ermitas de las que no se ten\u00eda noticia como la fundada con la advocaci\u00f3n de Santa Teresa de Jes\u00fas.<\/p>\n\n\n\n<p>Tampoco se sab\u00eda nada de la talla del Crucificado que hizo para Benagalb\u00f3n el genial escultor Jer\u00f3nimo G\u00f3mez. Ni del bot\u00e1nico, poeta y sacerdote nacido en este pueblo, Salvador L\u00f3pez Ramos, al que sin duda le debe un gran homenaje el Ayuntamiento.<\/p>\n\n\n\n<p>Tambi\u00e9n hab\u00edan pasado desapercibidos los marqueses de Vezmeliana, t\u00edtulo nobiliario que detallan desde sus or\u00edgenes hasta la actualidad con sus parientes, los Milla y Viana-C\u00e1rdenas, que parcelaron sus tierras dando lugar al actual Rinc\u00f3n de la Victoria.<\/p>\n\n\n\n<p>Pero no solo de personajes ilustres se nutre esta obra. Repasan nombres y apellidos de agricultores, jornaleros, pescadores, cenacheros\u2026 Y maestros, que fueron famosos en toda Espa\u00f1a reclamando el pago de sus salarios para paliar el hambre y la pobreza.<\/p>\n\n\n\n<p>Embarcaderos, torres vig\u00eda, ferrocarriles, f\u00e1bricas, lagares, como el que provoc\u00f3 la terrible filoxera\u2026 T<a><\/a>odo tiene su hueco en esta obra que recopila lo m\u00e1s importante acaecido en el municipio hasta comienzos del siglo XX, incluyendo su segregaci\u00f3n de la ciudad de M\u00e1laga.<\/p>\n\n\n\n<p><\/p>\n\n\n\n<p><\/p>\n","protected":false},"excerpt":{"rendered":"<p>Libro: RINC\u00d3N DE LA VICTORIA. ESTUDIOS HIST\u00d3RICOS. Colecci\u00f3n: Monograf\u00edas. ISBN: 978-84-948637-7-6 D. L. MA 1454-2019 Jos\u00e9 Manuel de Molina Bautista. (M\u00e1laga, 1964). Licenciado en Historia y Especialista en Archiv\u00edstica entre otra formaci\u00f3n. Autor de los libros \u201cHistoria de Alhaur\u00edn de la Torre en la Edad Moderna, 1489-1812\u201d (2005); \u201cAlhaur\u00edn de la Torre durante la Guerra [&hellip;]<\/p>\n","protected":false},"author":1,"featured_media":0,"parent":0,"menu_order":0,"comment_status":"closed","ping_status":"closed","template":"","meta":{"footnotes":""},"class_list":["post-494","page","type-page","status-publish","hentry"],"_links":{"self":[{"href":"https:\/\/librosdelaaxarquia.com\/index.php?rest_route=\/wp\/v2\/pages\/494","targetHints":{"allow":["GET"]}}],"collection":[{"href":"https:\/\/librosdelaaxarquia.com\/index.php?rest_route=\/wp\/v2\/pages"}],"about":[{"href":"https:\/\/librosdelaaxarquia.com\/index.php?rest_route=\/wp\/v2\/types\/page"}],"author":[{"embeddable":true,"href":"https:\/\/librosdelaaxarquia.com\/index.php?rest_route=\/wp\/v2\/users\/1"}],"replies":[{"embeddable":true,"href":"https:\/\/librosdelaaxarquia.com\/index.php?rest_route=%2Fwp%2Fv2%2Fcomments&post=494"}],"version-history":[{"count":5,"href":"https:\/\/librosdelaaxarquia.com\/index.php?rest_route=\/wp\/v2\/pages\/494\/revisions"}],"predecessor-version":[{"id":1975,"href":"https:\/\/librosdelaaxarquia.com\/index.php?rest_route=\/wp\/v2\/pages\/494\/revisions\/1975"}],"wp:attachment":[{"href":"https:\/\/librosdelaaxarquia.com\/index.php?rest_route=%2Fwp%2Fv2%2Fmedia&parent=494"}],"curies":[{"name":"wp","href":"https:\/\/api.w.org\/{rel}","templated":true}]}}