{"id":502,"date":"2025-11-07T02:52:14","date_gmt":"2025-11-07T01:52:14","guid":{"rendered":"https:\/\/librosdelaaxarquia.com\/?page_id=502"},"modified":"2025-12-10T12:48:09","modified_gmt":"2025-12-10T11:48:09","slug":"emilia-garcia-castillo","status":"publish","type":"page","link":"https:\/\/librosdelaaxarquia.com\/?page_id=502","title":{"rendered":"EMILIA GARC\u00cdA CASTILLO"},"content":{"rendered":"\n<div class=\"wp-block-group is-nowrap is-layout-flex wp-container-core-group-is-layout-6c531013 wp-block-group-is-layout-flex\">\n<figure class=\"wp-block-image size-full is-resized\"><a href=\"https:\/\/librosdelaaxarquia.com\/?page_id=1455\"><img loading=\"lazy\" decoding=\"async\" width=\"437\" height=\"695\" src=\"https:\/\/librosdelaaxarquia.com\/wp-content\/uploads\/2025\/11\/CUBIERTA-5.jpg\" alt=\"\" class=\"wp-image-1799\" style=\"width:357px;height:auto\" srcset=\"https:\/\/librosdelaaxarquia.com\/wp-content\/uploads\/2025\/11\/CUBIERTA-5.jpg 437w, https:\/\/librosdelaaxarquia.com\/wp-content\/uploads\/2025\/11\/CUBIERTA-5-189x300.jpg 189w\" sizes=\"auto, (max-width: 437px) 100vw, 437px\" \/><\/a><\/figure>\n\n\n\n<figure class=\"wp-block-image size-full is-resized\"><a href=\"https:\/\/librosdelaaxarquia.com\/?page_id=1573\"><img loading=\"lazy\" decoding=\"async\" width=\"283\" height=\"442\" src=\"https:\/\/librosdelaaxarquia.com\/wp-content\/uploads\/2025\/11\/FORMAS-DE-MIRAR-AL-MAR-2.png\" alt=\"\" class=\"wp-image-1800\" style=\"width:364px;height:auto\" srcset=\"https:\/\/librosdelaaxarquia.com\/wp-content\/uploads\/2025\/11\/FORMAS-DE-MIRAR-AL-MAR-2.png 283w, https:\/\/librosdelaaxarquia.com\/wp-content\/uploads\/2025\/11\/FORMAS-DE-MIRAR-AL-MAR-2-192x300.png 192w\" sizes=\"auto, (max-width: 283px) 100vw, 283px\" \/><\/a><\/figure>\n<\/div>\n\n\n\n<div style=\"height:17px\" aria-hidden=\"true\" class=\"wp-block-spacer\"><\/div>\n\n\n\n<p>COLECCI\u00d3N<strong>&nbsp;<a href=\"https:\/\/librosdelaaxarquia.com\/?page_id=1399\" data-type=\"page\" data-id=\"1399\">POEMARIOS<\/a><\/strong>&nbsp;(N\u00ba 1)<\/p>\n\n\n\n<p><strong>ISBN<\/strong>: 978-84-122073-5-4<strong> D. L.<\/strong> MA 1575-2021<\/p>\n\n\n\n<p>N\u00famero de p\u00e1ginas: 118<\/p>\n\n\n\n<hr class=\"wp-block-separator has-alpha-channel-opacity\"\/>\n\n\n\n<p>COLECCI\u00d3N <strong><a href=\"https:\/\/librosdelaaxarquia.com\/?page_id=1399\" data-type=\"page\" data-id=\"1399\">POEMARIOS<\/a><\/strong><a href=\"https:\/\/librosdelaaxarquia.com\/?page_id=1399\" data-type=\"page\" data-id=\"1399\"> <\/a>(N\u00ba 5)<\/p>\n\n\n\n<p><strong>ISBN:<\/strong>&nbsp;978-84-126573-7-1&nbsp;<strong>D. L. MA&nbsp;<\/strong>1803-2024<\/p>\n\n\n\n<p>N\u00famero de p\u00e1ginas: 164<\/p>\n\n\n\n<hr class=\"wp-block-separator has-alpha-channel-opacity\"\/>\n\n\n\n<div style=\"height:15px\" aria-hidden=\"true\" class=\"wp-block-spacer\"><\/div>\n\n\n\n<p>Emilia Garc\u00eda Castillo, naci\u00f3 en V\u00e9lez-M\u00e1laga, 1957, en el barrio de&nbsp; La Villa. Curs\u00f3 sus estudios&nbsp; de Graduado Escolar&nbsp; en el Centro de Educaci\u00f3n Permanente de Personas Adultas, y el B.U.P. en el IES Reyes Cat\u00f3licos de esta ciudad.<\/p>\n\n\n\n<p>A los 23 a\u00f1os se traslada a M\u00e1laga. Aqu\u00ed estudiar\u00e1 Filolog\u00eda Espa\u00f1ola en la UNED, a la vez que trabaja en el Ayuntamiento de M\u00e1laga, en el \u00c1rea de Cultura, y concretamente en bibliotecas, organizando los Planes de Animaci\u00f3n a la Lectura que abarcar\u00edan al conjunto de la Red de Bibliotecas Municipales de M\u00e1laga.<\/p>\n\n\n\n<p>Vinculada al mundo de los libros y a la lectura compuso cuadernillos po\u00e9ticos para la infancia. Organiz\u00f3 el certamen de Poes\u00eda para Escolares \u201cPoetas del 27\u201d y el certamen de declaraciones de amor \u201cDime que me quieres\u201d, hasta su jubilaci\u00f3n. En 2022 compuso los textos y coordin\u00f3 la publicaci\u00f3n de la exposici\u00f3n \u201cMar\u00eda Zambrano. Coraz\u00f3n del pensamiento\u201d.<\/p>\n\n\n\n<p>A la fecha ha participado en algunas antolog\u00eda po\u00e9ticas y recibido varios premios literarios, el m\u00e1s reciente, en 2023, Comarcal Joaqu\u00edn Lobato de V\u00e9lez-M\u00e1laga. En la actualidad es columnista en el peri\u00f3dico <em>Noticias 24.<\/em><\/p>\n\n\n\n<p>En 2021 public\u00f3 <em>Las calles de la memoria<\/em>, que junto a <em>Formas de mirar al mar<\/em>, han sido editados por Libros de la Axarqu\u00eda<em>.<\/em><\/p>\n\n\n\n<p><\/p>\n\n\n\n<p>Libro: <a href=\"https:\/\/librosdelaaxarquia.com\/?page_id=1455\" data-type=\"page\" data-id=\"1455\"><strong><em>Las calles de la memoria<\/em><\/strong>.<\/a><\/p>\n\n\n\n<p>COLECCI\u00d3N <strong>POEMARIOS<\/strong> (N\u00ba 1)<\/p>\n\n\n\n<p><strong>ISBN<\/strong>:  978-84-122073-5-4    <strong>D. L.<\/strong>  MA 1575-2021<\/p>\n\n\n\n<div style=\"height:9px\" aria-hidden=\"true\" class=\"wp-block-spacer\"><\/div>\n\n\n\n<figure class=\"wp-block-image size-large\"><img loading=\"lazy\" decoding=\"async\" width=\"1024\" height=\"501\" src=\"https:\/\/librosdelaaxarquia.com\/wp-content\/uploads\/2025\/11\/CUBIERTA_001-1-1024x501.jpg\" alt=\"\" class=\"wp-image-503\" srcset=\"https:\/\/librosdelaaxarquia.com\/wp-content\/uploads\/2025\/11\/CUBIERTA_001-1-1024x501.jpg 1024w, https:\/\/librosdelaaxarquia.com\/wp-content\/uploads\/2025\/11\/CUBIERTA_001-1-300x147.jpg 300w, https:\/\/librosdelaaxarquia.com\/wp-content\/uploads\/2025\/11\/CUBIERTA_001-1-768x376.jpg 768w, https:\/\/librosdelaaxarquia.com\/wp-content\/uploads\/2025\/11\/CUBIERTA_001-1.jpg 1423w\" sizes=\"auto, (max-width: 1024px) 100vw, 1024px\" \/><\/figure>\n\n\n\n<div style=\"height:8px\" aria-hidden=\"true\" class=\"wp-block-spacer\"><\/div>\n\n\n\n<p>La poes\u00eda, adem\u00e1s de un \u201carma cargada de futuro\u201d, es un lenguaje de sentimientos, que media entre lo real y lo imaginado. Un arte que, como dec\u00eda Goethe, es el \u201cmediador de lo inexpresable\u201d.<\/p>\n\n\n\n<p>Un poema supone un traslado m\u00e1gico de vivencias, de visiones intensas, de sentimientos, de sue\u00f1os que hacen cruce fugaz por la sensibilidad del poeta, transportando al lector hasta instantes de emociones \u2013no siempre gozosas\u2013 que explosionan su sensibilidad, la descubren y le aportan momentos de elevaci\u00f3n, de turbaci\u00f3n, de una especie de cortocircuito vivencial, o desbordamiento de su normalidad.<\/p>\n\n\n\n<p>Este libro recoge una colecci\u00f3n de poemas de una vele\u00f1a que nacio en <em>La Villa<\/em>, en el barrio embrionario de V\u00e9lez-M\u00e1laga y que, ahora, medio siglo m\u00e1s tarde, rememora, con ellos, sus emociones primeras y su ni\u00f1ez all\u00ed. Un pu\u00f1ado de versos cargados de sentimientos, con \u00e9tica y est\u00e9tica de una \u00e9poca vivida y so\u00f1ada, donde siempre estuvieron presentes las inquietudes juveniles y las esperanzas emergentes del tiempo de la postguerra.<\/p>\n\n\n\n<div style=\"height:11px\" aria-hidden=\"true\" class=\"wp-block-spacer\"><\/div>\n\n\n\n<p>Libro: <strong><em><a href=\"https:\/\/librosdelaaxarquia.com\/?page_id=1573\" data-type=\"page\" data-id=\"1573\">Formas de mirar al mar<\/a><\/em><\/strong>.<\/p>\n\n\n\n<p>COLECCI\u00d3N <strong><a href=\"https:\/\/librosdelaaxarquia.com\/?page_id=1399\" data-type=\"page\" data-id=\"1399\">POEMARIOS <\/a><\/strong>(N\u00ba 5)<\/p>\n\n\n\n<p><strong>ISBN<\/strong>: 978-84-126573-7-1     <strong>D. L.<\/strong> MA 1803-2024<\/p>\n\n\n\n<div style=\"height:5px\" aria-hidden=\"true\" class=\"wp-block-spacer\"><\/div>\n\n\n\n<figure class=\"wp-block-image size-large\"><img loading=\"lazy\" decoding=\"async\" width=\"1024\" height=\"486\" src=\"https:\/\/librosdelaaxarquia.com\/wp-content\/uploads\/2025\/11\/995787_MUESTRA_DIGITAL_TAPA_001_001-1024x486.jpg\" alt=\"\" class=\"wp-image-504\" srcset=\"https:\/\/librosdelaaxarquia.com\/wp-content\/uploads\/2025\/11\/995787_MUESTRA_DIGITAL_TAPA_001_001-1024x486.jpg 1024w, https:\/\/librosdelaaxarquia.com\/wp-content\/uploads\/2025\/11\/995787_MUESTRA_DIGITAL_TAPA_001_001-300x142.jpg 300w, https:\/\/librosdelaaxarquia.com\/wp-content\/uploads\/2025\/11\/995787_MUESTRA_DIGITAL_TAPA_001_001-768x364.jpg 768w, https:\/\/librosdelaaxarquia.com\/wp-content\/uploads\/2025\/11\/995787_MUESTRA_DIGITAL_TAPA_001_001.jpg 1432w\" sizes=\"auto, (max-width: 1024px) 100vw, 1024px\" \/><\/figure>\n\n\n\n<div style=\"height:8px\" aria-hidden=\"true\" class=\"wp-block-spacer\"><\/div>\n\n\n\n<p>\u201cQuiz\u00e1s porque mi ni\u00f1ez sigue jugando en tus playas, y escondido tras las ca\u00f1as, duerme mi primer amor, llevo tu luz y tu olor por donde quiera que vaya\u201d. No hay, para m\u00ed, canci\u00f3n m\u00e1s hermosa que \u00e9sta. Joan Manuel Serrat hizo de <em>Mediterr\u00e1neo<\/em> una sinfon\u00eda azul siempre fresca.<\/p>\n\n\n\n<p>Los que somos litorales sabemos que el azul es como una segunda piel que no nos abandona. Por muy tierra adentro que vayamos. Siempre lo llevamos con nosotros.<\/p>\n\n\n\n<p><em>Formas de mirar al mar<\/em>, es un conjunto de poemas sentidos desde este rinc\u00f3n del Mediterr\u00e1neo que tantas civilizaciones ha visto pasar a lo largo de su historia, tan diversas y ricas en matices. Este mar navegado desde la antig\u00fcedad y que ahora es cruzado por gentes con la esperanza puestas en esta orilla, a la que muchos no llegan tras una larga odisea de fatigas y sufrimientos.<\/p>\n\n\n\n<p>Son poemas que pasean por el rebalaje o se sientan sobre la arena para contemplar ese azul que es pura belleza y que, de bello, produce v\u00e9rtigo y miedo, porque esa inmensidad inabarcable es como otro cielo extendido a nuestros pies.<\/p>\n\n\n\n<p>Son poemas que abrazan a las olas y, abraz\u00e1ndolas, quieren abrazar la vida.<\/p>\n\n\n\n<p>Son atardeceres que se hacen fuego en el horizonte.<\/p>\n\n\n\n<div style=\"height:18px\" aria-hidden=\"true\" class=\"wp-block-spacer\"><\/div>\n","protected":false},"excerpt":{"rendered":"<p>COLECCI\u00d3N&nbsp;POEMARIOS&nbsp;(N\u00ba 1) ISBN: 978-84-122073-5-4 D. L. MA 1575-2021 N\u00famero de p\u00e1ginas: 118 COLECCI\u00d3N POEMARIOS (N\u00ba 5) ISBN:&nbsp;978-84-126573-7-1&nbsp;D. L. MA&nbsp;1803-2024 N\u00famero de p\u00e1ginas: 164 Emilia Garc\u00eda Castillo, naci\u00f3 en V\u00e9lez-M\u00e1laga, 1957, en el barrio de&nbsp; La Villa. Curs\u00f3 sus estudios&nbsp; de Graduado Escolar&nbsp; en el Centro de Educaci\u00f3n Permanente de Personas Adultas, y el B.U.P. en [&hellip;]<\/p>\n","protected":false},"author":1,"featured_media":0,"parent":0,"menu_order":0,"comment_status":"closed","ping_status":"closed","template":"","meta":{"footnotes":""},"class_list":["post-502","page","type-page","status-publish","hentry"],"_links":{"self":[{"href":"https:\/\/librosdelaaxarquia.com\/index.php?rest_route=\/wp\/v2\/pages\/502","targetHints":{"allow":["GET"]}}],"collection":[{"href":"https:\/\/librosdelaaxarquia.com\/index.php?rest_route=\/wp\/v2\/pages"}],"about":[{"href":"https:\/\/librosdelaaxarquia.com\/index.php?rest_route=\/wp\/v2\/types\/page"}],"author":[{"embeddable":true,"href":"https:\/\/librosdelaaxarquia.com\/index.php?rest_route=\/wp\/v2\/users\/1"}],"replies":[{"embeddable":true,"href":"https:\/\/librosdelaaxarquia.com\/index.php?rest_route=%2Fwp%2Fv2%2Fcomments&post=502"}],"version-history":[{"count":5,"href":"https:\/\/librosdelaaxarquia.com\/index.php?rest_route=\/wp\/v2\/pages\/502\/revisions"}],"predecessor-version":[{"id":2317,"href":"https:\/\/librosdelaaxarquia.com\/index.php?rest_route=\/wp\/v2\/pages\/502\/revisions\/2317"}],"wp:attachment":[{"href":"https:\/\/librosdelaaxarquia.com\/index.php?rest_route=%2Fwp%2Fv2%2Fmedia&parent=502"}],"curies":[{"name":"wp","href":"https:\/\/api.w.org\/{rel}","templated":true}]}}