{"id":514,"date":"2025-11-07T13:27:07","date_gmt":"2025-11-07T12:27:07","guid":{"rendered":"https:\/\/librosdelaaxarquia.com\/?page_id=514"},"modified":"2025-12-02T22:36:24","modified_gmt":"2025-12-02T21:36:24","slug":"francisco-gonzalez-lopez","status":"publish","type":"page","link":"https:\/\/librosdelaaxarquia.com\/?page_id=514","title":{"rendered":"FRANCISCO GONZ\u00c1LEZ L\u00d3PEZ"},"content":{"rendered":"\n<div style=\"height:2px\" aria-hidden=\"true\" class=\"wp-block-spacer\"><\/div>\n\n\n\n<figure class=\"wp-block-image aligncenter size-full is-resized\"><img loading=\"lazy\" decoding=\"async\" width=\"193\" height=\"258\" src=\"https:\/\/librosdelaaxarquia.com\/wp-content\/uploads\/2025\/11\/Foto-Chesco.jpg\" alt=\"\" class=\"wp-image-1891\" style=\"width:352px;height:auto\"\/><\/figure>\n\n\n\n<div style=\"height:11px\" aria-hidden=\"true\" class=\"wp-block-spacer\"><\/div>\n\n\n\n<p><strong>Libro<\/strong>: <strong><em><a href=\"https:\/\/librosdelaaxarquia.com\/?page_id=1071\" data-type=\"page\" data-id=\"1071\">HISTORIA DEL MOVIMIENTO OBRERO EN V\u00c9LEZ-M\u00c1LAGA<\/a><\/em><\/strong>.<\/p>\n\n\n\n<p>COLECCI\u00d3N <strong><a href=\"https:\/\/librosdelaaxarquia.com\/?page_id=107\" data-type=\"page\" data-id=\"107\">TESTIMONIOS<\/a><\/strong><a href=\"http:\/\/TESTIMONIOS\"> <\/a>(N\u00ba 1)<\/p>\n\n\n\n<p><strong>ISBN<\/strong>:  978-84-948637-1-4        <strong>D. L.<\/strong>  MA 993-2018<\/p>\n\n\n\n<p><\/p>\n\n\n\n<p>Francisco Gonz\u00e1lez L\u00f3pez (Chesco) naci\u00f3 en V\u00e9lez-M\u00e1laga en 1979. Es historiador, blogger, m\u00fasico, viajero, fot\u00f3grafo y director de documentales.<\/p>\n\n\n\n<p>Aunque natural de la Axarqu\u00eda, vive en la actualidad en Berl\u00edn (Alemania). Curs\u00f3 sus estudios de Historia en la UMA (Universidad de M\u00e1laga), donde se licenci\u00f3 en la especialidad de Historia Contempor\u00e1nea.<\/p>\n\n\n\n<p>Entre los a\u00f1os 2007 y 2010 realiz\u00f3 numerosos trabajos de investigaci\u00f3n con motivo de la Ley de Memoria Hist\u00f3rica.<\/p>\n\n\n\n<p>Hasta el momento ha publicado tres libros: <em>Rep\u00fablica y guerra civil. El caso de Colmenar<\/em>. (2008), <em>La historia que nunca se cont\u00f3. La represi\u00f3n durante la guerra civil en el municipio de V\u00e9lez-M\u00e1laga<\/em> (2008), y <em>Rep\u00fablica y guerra civil en Alfarnate<\/em> (2014).<\/p>\n\n\n\n<p>Ha sido asesor de documentales hist\u00f3ricos y ha publicado art\u00edculos en variados peri\u00f3dicos y revistas.<\/p>\n\n\n\n<p>Posee y gestiona un Blog, \u201cvelezmalaga-siglo21.blogspot.com\u201d, en el que escribe art\u00edculos de inter\u00e9s actual. Tambi\u00e9n posee un canal en <em>Youtube<\/em> llamado \u201cShushoni Productions\u201d en el que aparecen sus trabajos videogr\u00e1ficos de cine documental, tales como <em>Historias en movimiento<\/em>, <em>El Dorado<\/em>, <em>Per\u00fa, diario de viaje<\/em>, etc.&nbsp;&nbsp;<\/p>\n\n\n\n<p><\/p>\n\n\n\n<figure class=\"wp-block-image size-large\"><img loading=\"lazy\" decoding=\"async\" width=\"1024\" height=\"489\" src=\"https:\/\/librosdelaaxarquia.com\/wp-content\/uploads\/2025\/11\/CUBIERTA-1024x489.jpg\" alt=\"\" class=\"wp-image-515\" srcset=\"https:\/\/librosdelaaxarquia.com\/wp-content\/uploads\/2025\/11\/CUBIERTA-1024x489.jpg 1024w, https:\/\/librosdelaaxarquia.com\/wp-content\/uploads\/2025\/11\/CUBIERTA-300x143.jpg 300w, https:\/\/librosdelaaxarquia.com\/wp-content\/uploads\/2025\/11\/CUBIERTA-768x366.jpg 768w, https:\/\/librosdelaaxarquia.com\/wp-content\/uploads\/2025\/11\/CUBIERTA-1536x733.jpg 1536w, https:\/\/librosdelaaxarquia.com\/wp-content\/uploads\/2025\/11\/CUBIERTA-2048x977.jpg 2048w\" sizes=\"auto, (max-width: 1024px) 100vw, 1024px\" \/><\/figure>\n\n\n\n<p><\/p>\n\n\n\n<p>Este libro se enmarca en la historia vele\u00f1a de los comienzos del siglo XX, centr\u00e1ndose en la situaci\u00f3n pol\u00edtica.<\/p>\n\n\n\n<p>En aquel tiempo a la ciudad de V\u00e9lez-M\u00e1laga llega el progreso con sus grandes cambios tecnol\u00f3gicos: el tendido el\u00e9ctrico, el tren, la telefon\u00eda, el autom\u00f3vil&#8230; Sin embargo, la sociedad sigue anclada en el pasado. La clase trabajadora contin\u00faa sufriendo los envites de un mundo fuertemente jerarquizado y lleno de injusticias. El 25 de diciembre de 1891 Pablo Iglesias pronuncia un discurso en el caf\u00e9 de Linares (Plaza del Carmen). A partir de entonces, la semilla del socialismo germina en la clase trabajadora vele\u00f1a, siendo los miembros de la familia Jim\u00e9nez Puertas los heraldos de este pensamiento pol\u00edtico.<\/p>\n\n\n\n<p>Este libro es una historia minuciosa de los primeros tiempos del movimiento obrero local, de las primeras sociedades de resistencia y de los primeros conflictos entre dos mundos opuestos, la burgues\u00eda y el proletariado, a trav\u00e9s de uno de los personajes m\u00e1s reveladores de la historia reciente vele\u00f1a: el zapatero <a><\/a>Francisco Jim\u00e9nez Puertas.<\/p>\n","protected":false},"excerpt":{"rendered":"<p>Libro: HISTORIA DEL MOVIMIENTO OBRERO EN V\u00c9LEZ-M\u00c1LAGA. COLECCI\u00d3N TESTIMONIOS (N\u00ba 1) ISBN: 978-84-948637-1-4 D. L. MA 993-2018 Francisco Gonz\u00e1lez L\u00f3pez (Chesco) naci\u00f3 en V\u00e9lez-M\u00e1laga en 1979. Es historiador, blogger, m\u00fasico, viajero, fot\u00f3grafo y director de documentales. Aunque natural de la Axarqu\u00eda, vive en la actualidad en Berl\u00edn (Alemania). Curs\u00f3 sus estudios de Historia en la [&hellip;]<\/p>\n","protected":false},"author":1,"featured_media":0,"parent":0,"menu_order":0,"comment_status":"closed","ping_status":"closed","template":"","meta":{"footnotes":""},"class_list":["post-514","page","type-page","status-publish","hentry"],"_links":{"self":[{"href":"https:\/\/librosdelaaxarquia.com\/index.php?rest_route=\/wp\/v2\/pages\/514","targetHints":{"allow":["GET"]}}],"collection":[{"href":"https:\/\/librosdelaaxarquia.com\/index.php?rest_route=\/wp\/v2\/pages"}],"about":[{"href":"https:\/\/librosdelaaxarquia.com\/index.php?rest_route=\/wp\/v2\/types\/page"}],"author":[{"embeddable":true,"href":"https:\/\/librosdelaaxarquia.com\/index.php?rest_route=\/wp\/v2\/users\/1"}],"replies":[{"embeddable":true,"href":"https:\/\/librosdelaaxarquia.com\/index.php?rest_route=%2Fwp%2Fv2%2Fcomments&post=514"}],"version-history":[{"count":5,"href":"https:\/\/librosdelaaxarquia.com\/index.php?rest_route=\/wp\/v2\/pages\/514\/revisions"}],"predecessor-version":[{"id":1974,"href":"https:\/\/librosdelaaxarquia.com\/index.php?rest_route=\/wp\/v2\/pages\/514\/revisions\/1974"}],"wp:attachment":[{"href":"https:\/\/librosdelaaxarquia.com\/index.php?rest_route=%2Fwp%2Fv2%2Fmedia&parent=514"}],"curies":[{"name":"wp","href":"https:\/\/api.w.org\/{rel}","templated":true}]}}