{"id":518,"date":"2025-11-07T14:05:49","date_gmt":"2025-11-07T13:05:49","guid":{"rendered":"https:\/\/librosdelaaxarquia.com\/?page_id=518"},"modified":"2025-12-22T14:03:57","modified_gmt":"2025-12-22T13:03:57","slug":"francisco-montoro-fernanadez","status":"publish","type":"page","link":"https:\/\/librosdelaaxarquia.com\/?page_id=518","title":{"rendered":"FRANCISCO MONTORO FERN\u00c1NDEZ"},"content":{"rendered":"\n<figure class=\"wp-block-image size-large\"><img loading=\"lazy\" decoding=\"async\" width=\"1024\" height=\"880\" src=\"https:\/\/librosdelaaxarquia.com\/wp-content\/uploads\/2025\/11\/DSC_0975-1-1024x880.jpg\" alt=\"\" class=\"wp-image-1702\" srcset=\"https:\/\/librosdelaaxarquia.com\/wp-content\/uploads\/2025\/11\/DSC_0975-1-1024x880.jpg 1024w, https:\/\/librosdelaaxarquia.com\/wp-content\/uploads\/2025\/11\/DSC_0975-1-300x258.jpg 300w, https:\/\/librosdelaaxarquia.com\/wp-content\/uploads\/2025\/11\/DSC_0975-1-768x660.jpg 768w, https:\/\/librosdelaaxarquia.com\/wp-content\/uploads\/2025\/11\/DSC_0975-1-1536x1320.jpg 1536w, https:\/\/librosdelaaxarquia.com\/wp-content\/uploads\/2025\/11\/DSC_0975-1-2048x1761.jpg 2048w\" sizes=\"auto, (max-width: 1024px) 100vw, 1024px\" \/><\/figure>\n\n\n\n<div style=\"height:7px\" aria-hidden=\"true\" class=\"wp-block-spacer\"><\/div>\n\n\n\n<div style=\"height:10px\" aria-hidden=\"true\" class=\"wp-block-spacer\"><\/div>\n\n\n\n<p>Es el COORDINADOR de LIBROS DE LA AXARQU\u00edA.<\/p>\n\n\n\n<p>Francisco Montoro Fern\u00e1ndez (V\u00e9lez-M\u00e1laga, 1948) es licenciado en Filosof\u00eda y Letras y doctor en Historia. Ha publicado trabajos de investigaci\u00f3n en las revistas <em>J\u00e1bega<\/em>, <em>Isla de Arriar\u00e1n<\/em>, <em>Tierras del Sur<\/em>\u2026, as\u00ed como infinidad de art\u00edculos en la prensa provincial malague\u00f1a, granadina y comarcal de la Axarqu\u00eda. Ha impartido numerosas conferencias y cursos.<\/p>\n\n\n\n<p>La ciudad de V\u00e9lez-M\u00e1laga le concedi\u00f3 el <em>Escudo de Oro<\/em> en el a\u00f1o 2000, y una calle de la misma lleva el nombre de \u201cHistoriador Francisco Montoro\u201d. En el a\u00f1o 2014 fue nombrado \u201cSocio de Honor\u201d de la Sociedad de Amigos de la Cultura, y, en 2015, \u201cProfesor Honorario\u201d del CEPER \u201cMar\u00eda Zambrano\u201d. El 28 de noviembre de 2025 se le ha concedido el \u00abPremio Manuel Berenguer\u00bb, sobre Patrimonio, en la modalidad de <em>Investigaci\u00f3n<\/em>.<\/p>\n\n\n\n<p>Respecto a libros, ha publicado, hasta ahora, los siguientes t\u00edtulos: <em>Antolog\u00eda de M\u00e1ximas Educativas<\/em>. (1976); <em>Monumentos de V\u00e9lez-M\u00e1laga. Gu\u00eda Hist\u00f3rico-Art\u00edstica de la Ciudad<\/em> -junto a Francisco del Pino Rold\u00e1n- (1979); <em>1884\u201185: Terremotos en V\u00e9lez-M\u00e1laga<\/em> (1980); <em>Cien Vele\u00f1os Notables<\/em> (1982); <em>Torre del Mar. (Primera Aproximaci\u00f3n a su Historia)<\/em> (1984); <em>Origen y Fundaci\u00f3n de V\u00e9lez-M\u00e1laga<\/em> (1985); <em>Real Feria de San Miguel de V\u00e9lez-M\u00e1laga (1842\u20111992)<\/em> \u00ad(1992); <em>Las Desgracias del Siglo XIX en V\u00e9lez-M\u00e1laga<\/em> (1994); <em>La Palabra Para Todos. M\u00e9todo Etimol\u00f3gico para desarrollar el Vocabulario<\/em> (1996); <em>Ideas claras sobre C\u00f3mo Estudiar<\/em> (1997); <em>La Sociedad<\/em> <em>Econ\u00f3mica de Amigos del Pa\u00eds de V\u00e9lez-M\u00e1laga (1783-1822)<\/em> (1999); <em>Bandoleros de la Axarqu\u00eda. La partida de Melgares y el Bizco del Borge<\/em> (2001); <em>El Santuario de los Remedios <\/em>(2002); <em>Historia de V\u00e9lez-M\u00e1laga de don Agust\u00edn Moreno<\/em> <em>Rodr\u00edguez <\/em>(2006); <em>El Patrimonio Humano Hist\u00f3rico. Hombres y mujeres singulares de la comarca malague\u00f1a. <\/em>(Colecci\u00f3n<em>\u201c<\/em>Descubre la Axarqu\u00eda\u201d. Materiales para el estudio de la Axarqu\u00eda. CEDER Axarqu\u00eda, 2007); <em>La Peque\u00f1a Historia de V\u00e9lez-M\u00e1laga <\/em>(2009);<em>La Batalla Naval de V\u00e9lez-M\u00e1laga. Testimonios <\/em>&#8211; junto a Miguel Ranea Fern\u00e1ndez- (2010)<em>; Terremotos en la Axarqu\u00eda. (24 de diciembre de 1884). El caso de V\u00e9lez-M\u00e1laga <\/em>(2011)<em>; V\u00e9lez-M\u00e1laga, la peque\u00f1a historia: Amigos para Siempre <\/em>(2012)<em>; Notables de la Axarqu\u00eda. El Patrimonio Humano <\/em>(2013)<em>; El Cura Galeote <\/em>(2014)<em>; V\u00e9lez-M\u00e1laga en tiempos de la Invasi\u00f3n Francesa <\/em>(2014)<em>; V\u00e9lez-M\u00e1laga, desde las Cortes de C\u00e1diz al Trienio Liberal <\/em>(2015)<em>; V\u00e9lez-M\u00e1laga a la llegada del Liberalismo <\/em>(2015);<em>\u00a1Menudas Historias de V\u00e9lez-M\u00e1laga! <\/em>(2015)<em>; Santa Mar\u00eda de la Encarnaci\u00f3n de V\u00e9lez-M\u00e1laga <\/em>(2016)<em>; El Cerro de los Remedios de V\u00e9lez-M\u00e1laga. Pasado y Presente <\/em>(2016);<em>Viajeros en V\u00e9lez-M\u00e1laga <\/em>(2017); <em>El Tren de V\u00e9lez<\/em> (2019); <em>El Movimiento Scout en V\u00e9lez-M\u00e1laga<\/em> (2019); <em>Miradas Viajeras sobre V\u00e9lez-M\u00e1laga<\/em> (2020); <em>Sorpresas en la Historia de V\u00e9lez-M\u00e1laga<\/em> (2021); <em>Recorridos Hist\u00f3ricos por la ciudad de V\u00e9lez-M\u00e1laga <\/em>(2022); <em>El Carmen de V\u00e9lez-M\u00e1laga<\/em> -junto a Jos\u00e9 Manuel Salcedo- (2023); <em>Perlas Cultivadas<\/em> (2024), <em>Buscando Verdades<\/em> (2025), <em>Leyendas, Tradiciones y An\u00e9cdotas de V\u00e9lez-M\u00e1laga<\/em> (2025), <em>El C\u00f3lera en V\u00e9lez-M\u00e1laga<\/em>, y <em>Decir NO a los temores<\/em>.<\/p>\n\n\n\n<div style=\"height:8px\" aria-hidden=\"true\" class=\"wp-block-spacer\"><\/div>\n\n\n\n<p class=\"has-text-align-center\"><strong>PROGRAMA DE \u00abAXARQU\u00cdA 24 TV\u00bb<\/strong><\/p>\n\n\n\n<p class=\"has-text-align-center\">(26 de octubre de 2012)<\/p>\n\n\n\n<figure class=\"wp-block-embed is-type-video is-provider-youtube wp-block-embed-youtube wp-embed-aspect-4-3 wp-has-aspect-ratio\"><div class=\"wp-block-embed__wrapper\">\n<iframe loading=\"lazy\" title=\"EL OJO DE LA CULTURA\" width=\"500\" height=\"375\" src=\"https:\/\/www.youtube.com\/embed\/kRslhM1S_So?feature=oembed\" frameborder=\"0\" allow=\"accelerometer; autoplay; clipboard-write; encrypted-media; gyroscope; picture-in-picture; web-share\" referrerpolicy=\"strict-origin-when-cross-origin\" allowfullscreen><\/iframe>\n<\/div><\/figure>\n\n\n\n<div style=\"height:33px\" aria-hidden=\"true\" class=\"wp-block-spacer\"><\/div>\n\n\n\n<p>Durante la FERIA DEL LIBRO de V\u00e9lez-M\u00e1laga, del a\u00f1o 2024, la Delegaci\u00f3n de  Cultura vele\u00f1a le dedic\u00f3 un homenaje en el que participaron diferentes autores y compa\u00f1eros de la prensa y la cultura: <\/p>\n\n\n\n<div style=\"height:4px\" aria-hidden=\"true\" class=\"wp-block-spacer\"><\/div>\n\n\n\n<p class=\"has-text-align-center\"><strong>CENTRO DE ARTE CONTEMPOR\u00c1NEO<\/strong><\/p>\n\n\n\n<p class=\"has-text-align-center\">(Acto del D\u00eda d\u00eda del Libro, en abril de 2024)<\/p>\n\n\n\n<div style=\"height:16px\" aria-hidden=\"true\" class=\"wp-block-spacer\"><\/div>\n\n\n\n<figure class=\"wp-block-embed is-type-video is-provider-youtube wp-block-embed-youtube wp-embed-aspect-16-9 wp-has-aspect-ratio\"><div class=\"wp-block-embed__wrapper\">\n<iframe loading=\"lazy\" title=\"HOMENAJE FERIA DEL LIBRO\" width=\"500\" height=\"281\" src=\"https:\/\/www.youtube.com\/embed\/CZZZKmS4bAE?feature=oembed\" frameborder=\"0\" allow=\"accelerometer; autoplay; clipboard-write; encrypted-media; gyroscope; picture-in-picture; web-share\" referrerpolicy=\"strict-origin-when-cross-origin\" allowfullscreen><\/iframe>\n<\/div><\/figure>\n\n\n\n<div style=\"height:22px\" aria-hidden=\"true\" class=\"wp-block-spacer\"><\/div>\n\n\n\n<p><\/p>\n","protected":false},"excerpt":{"rendered":"<p>Es el COORDINADOR de LIBROS DE LA AXARQU\u00edA. Francisco Montoro Fern\u00e1ndez (V\u00e9lez-M\u00e1laga, 1948) es licenciado en Filosof\u00eda y Letras y doctor en Historia. Ha publicado trabajos de investigaci\u00f3n en las revistas J\u00e1bega, Isla de Arriar\u00e1n, Tierras del Sur\u2026, as\u00ed como infinidad de art\u00edculos en la prensa provincial malague\u00f1a, granadina y comarcal de la Axarqu\u00eda. Ha [&hellip;]<\/p>\n","protected":false},"author":1,"featured_media":0,"parent":0,"menu_order":0,"comment_status":"closed","ping_status":"closed","template":"","meta":{"footnotes":""},"class_list":["post-518","page","type-page","status-publish","hentry"],"_links":{"self":[{"href":"https:\/\/librosdelaaxarquia.com\/index.php?rest_route=\/wp\/v2\/pages\/518","targetHints":{"allow":["GET"]}}],"collection":[{"href":"https:\/\/librosdelaaxarquia.com\/index.php?rest_route=\/wp\/v2\/pages"}],"about":[{"href":"https:\/\/librosdelaaxarquia.com\/index.php?rest_route=\/wp\/v2\/types\/page"}],"author":[{"embeddable":true,"href":"https:\/\/librosdelaaxarquia.com\/index.php?rest_route=\/wp\/v2\/users\/1"}],"replies":[{"embeddable":true,"href":"https:\/\/librosdelaaxarquia.com\/index.php?rest_route=%2Fwp%2Fv2%2Fcomments&post=518"}],"version-history":[{"count":5,"href":"https:\/\/librosdelaaxarquia.com\/index.php?rest_route=\/wp\/v2\/pages\/518\/revisions"}],"predecessor-version":[{"id":2407,"href":"https:\/\/librosdelaaxarquia.com\/index.php?rest_route=\/wp\/v2\/pages\/518\/revisions\/2407"}],"wp:attachment":[{"href":"https:\/\/librosdelaaxarquia.com\/index.php?rest_route=%2Fwp%2Fv2%2Fmedia&parent=518"}],"curies":[{"name":"wp","href":"https:\/\/api.w.org\/{rel}","templated":true}]}}