{"id":526,"date":"2025-11-07T14:31:27","date_gmt":"2025-11-07T13:31:27","guid":{"rendered":"https:\/\/librosdelaaxarquia.com\/?page_id=526"},"modified":"2025-12-06T14:24:41","modified_gmt":"2025-12-06T13:24:41","slug":"juan-antonio-herrera-marin","status":"publish","type":"page","link":"https:\/\/librosdelaaxarquia.com\/?page_id=526","title":{"rendered":"JUAN ANTONIO HERRERA MAR\u00cdN"},"content":{"rendered":"\n<div style=\"height:17px\" aria-hidden=\"true\" class=\"wp-block-spacer\"><\/div>\n\n\n\n<figure class=\"wp-block-image aligncenter size-large is-resized\"><img loading=\"lazy\" decoding=\"async\" width=\"733\" height=\"1024\" src=\"https:\/\/librosdelaaxarquia.com\/wp-content\/uploads\/2025\/12\/Foto-Juasn-Herrera-733x1024.jpg\" alt=\"\" class=\"wp-image-1900\" style=\"width:416px;height:auto\" srcset=\"https:\/\/librosdelaaxarquia.com\/wp-content\/uploads\/2025\/12\/Foto-Juasn-Herrera-733x1024.jpg 733w, https:\/\/librosdelaaxarquia.com\/wp-content\/uploads\/2025\/12\/Foto-Juasn-Herrera-215x300.jpg 215w, https:\/\/librosdelaaxarquia.com\/wp-content\/uploads\/2025\/12\/Foto-Juasn-Herrera-768x1072.jpg 768w, https:\/\/librosdelaaxarquia.com\/wp-content\/uploads\/2025\/12\/Foto-Juasn-Herrera-1100x1536.jpg 1100w, https:\/\/librosdelaaxarquia.com\/wp-content\/uploads\/2025\/12\/Foto-Juasn-Herrera.jpg 1224w\" sizes=\"auto, (max-width: 733px) 100vw, 733px\" \/><\/figure>\n\n\n\n<div style=\"height:18px\" aria-hidden=\"true\" class=\"wp-block-spacer\"><\/div>\n\n\n\n<p><strong>Libro<\/strong>: \u00ab<a href=\"https:\/\/librosdelaaxarquia.com\/?page_id=1249\" data-type=\"page\" data-id=\"1249\"><em>PENSAMIENTOS DE DON JUAN HERRERA<\/em><\/a>\u00ab<\/p>\n\n\n\n<p>COLECCION <strong><a href=\"https:\/\/librosdelaaxarquia.com\/?page_id=143\" data-type=\"page\" data-id=\"143\">REFLEXIONES<\/a><\/strong><\/p>\n\n\n\n<p><strong>ISBN<\/strong>:  978-84-948637-8-3    <strong>D. L. <\/strong>:  MA 1699-2019<\/p>\n\n\n\n<div style=\"height:3px\" aria-hidden=\"true\" class=\"wp-block-spacer\"><\/div>\n\n\n\n<p>Juan Antonio Herrera Mar\u00edn, hijo, nieto, hermano y padre de maestros, \u2013profesi\u00f3n que ejerci\u00f3 durante toda su vida profesional\u2013 se jubil\u00f3 como docente en el colegio que llevaba ya el nombre de su padre. Ha sido uno de los maestros m\u00e1s queridos en V\u00e9lez-M\u00e1laga.<\/p>\n\n\n\n<p>Naci\u00f3 en V\u00e9lez-M\u00e1laga el 6 de octubre de 1931, hizo la escolaridad en las escuelas del barrio de Capuchinos, y el bachillerato en la Academia de don Manuel Valle. Estudi\u00f3 libre Magisterio, cuyo t\u00edtulo obtuvo el 19 de noviembre de 1952, en la Escuela Normal \u201cPoeta Salvador Rueda\u201d de M\u00e1laga.<strong><\/strong><\/p>\n\n\n\n<p>Aprob\u00f3 las oposiciones de Magisterio en 1952, y en 1987 se traslad\u00f3 al C.P. Juan Herrera Alcausa, que llevaba el nombre de su padre, donde se jubil\u00f3 en 1992, teniendo ya unos problemas de salud que lo aconsejaban.<\/p>\n\n\n\n<p>En el a\u00f1o 2002 fue presidente del V\u00e9lez C.F., en el 2009 recibi\u00f3 un homenaje de sus alumnos que, en el 2012, solicitaron al consistorio que se le pusiera el nombre de \u201cMaestro Juan Antonio Herrera Mar\u00edn\u201d a una calle o glorieta, y en 2013, la <em>Asociaci\u00f3n 6 de&nbsp; Enero, Amigos de Gerardo Fortes<\/em>, le concedi\u00f3 el premio <em>Esp\u00edritu Gerardo Fortes 2013<\/em>.<\/p>\n\n\n\n<p>&nbsp;En el a\u00f1o 2002, el 29 de noviembre, el ayuntamiento de su ciudad natal le entreg\u00f3 el <strong>Escudo de Oro de la Ciudad de V\u00e9lez-M\u00e1laga, <\/strong>en atenci\u00f3n a \u201c\u2026Sus m\u00e1s de 50 a\u00f1os al servicio de la comunidad educativa de V\u00e9lez-M\u00e1laga\u201d.<\/p>\n\n\n\n<p>Muri\u00f3, a los 85 a\u00f1os de edad, el 12 de octubre del a\u00f1o 2016, siendo su p\u00e9rdida muy sentida en el mundo de la educaci\u00f3n y del deporte.<\/p>\n\n\n\n<p><\/p>\n\n\n\n<figure class=\"wp-block-image size-large\"><img loading=\"lazy\" decoding=\"async\" width=\"1024\" height=\"489\" src=\"https:\/\/librosdelaaxarquia.com\/wp-content\/uploads\/2025\/11\/CUBIERTA-final-B_001-1-1024x489.jpg\" alt=\"\" class=\"wp-image-528\" srcset=\"https:\/\/librosdelaaxarquia.com\/wp-content\/uploads\/2025\/11\/CUBIERTA-final-B_001-1-1024x489.jpg 1024w, https:\/\/librosdelaaxarquia.com\/wp-content\/uploads\/2025\/11\/CUBIERTA-final-B_001-1-300x143.jpg 300w, https:\/\/librosdelaaxarquia.com\/wp-content\/uploads\/2025\/11\/CUBIERTA-final-B_001-1-768x367.jpg 768w, https:\/\/librosdelaaxarquia.com\/wp-content\/uploads\/2025\/11\/CUBIERTA-final-B_001-1.jpg 1438w\" sizes=\"auto, (max-width: 1024px) 100vw, 1024px\" \/><\/figure>\n\n\n\n<div style=\"height:3px\" aria-hidden=\"true\" class=\"wp-block-spacer\"><\/div>\n\n\n\n<p>Este libro recoge algunos de los <em>pensamientos <\/em>de un maestro bueno, honesto y brillante, que pas\u00f3 por la vida intentando hacer el bien.<\/p>\n\n\n\n<p>Desde que se fue, en 1916, la figura del vele\u00f1o don Juan Antonio Herrera Mar\u00edn no deja de agrandarse. Sus amigos, sus admiradores, sus familiares, sus vecinos le recuerdan como a un hombre bueno y sabio que quer\u00eda mejorar el mundo, y que hac\u00eda cuanto estaba a su alcance para llevarlo a cabo.<\/p>\n\n\n\n<p>En los \u00faltimos a\u00f1os de su vida siempre estuvo acompa\u00f1ado de unas diminutas \u201clibretas\u201d en las que anotaba sobre la marcha sus pensamientos, sus ocurrencias, sus opiniones sobre lo divino y lo humano. Libretas en las que aparecen ideas muy variadas, sobre asuntos muy variados, junto a sus aspiraciones y \u201csuspiros\u201d.&nbsp; Siempre habl\u00f3 de su deseo de que, alg\u00fan d\u00eda, seleccionadas y corregidas, se pudiesen publicar, pasasen por la imprenta y lograsen formar un libro.<\/p>\n\n\n\n<p>Hoy, gracias a sus hijos, \u2013Juan Antonio, Silvia y Santiago\u2013 hecha la selecci\u00f3n correspondiente, la editorial LIBROS DE LA AXARQU\u00cdA, en su colecci\u00f3n \u201cReflexiones\u201d, ha optado, con alegr\u00eda, por publicar este libro, bajo el t\u00edtulo de \u201c<em>Pensamientos de don Juan Herrera<\/em>\u201d, que ya es una realidad y que traer\u00e1 recuerdos y emociones a sus muchos alumnos, familiares, admiradores, vecinos y amigos.<\/p>\n\n\n\n<p>A final del libro, y, como homenaje, figura el siguiente soneto:<\/p>\n\n\n\n<p><\/p>\n\n\n\n<p>                           <strong>A don Juan A. Herrera Mar\u00edn<\/strong>:<\/p>\n\n\n\n<p><\/p>\n\n\n\n<p><strong>&nbsp;&nbsp;&nbsp;&nbsp;&nbsp;&nbsp;&nbsp;&nbsp;&nbsp;&nbsp;&nbsp;&nbsp;&nbsp;&nbsp;&nbsp;&nbsp;&nbsp;&nbsp;&nbsp;&nbsp;&nbsp;&nbsp;&nbsp; &nbsp;&nbsp; <\/strong>Maestro bueno, honesto y esforzado,<\/p>\n\n\n\n<p>&nbsp;&nbsp;&nbsp;&nbsp;&nbsp;&nbsp;&nbsp;&nbsp;&nbsp;&nbsp;&nbsp;&nbsp;&nbsp;&nbsp;&nbsp;&nbsp;&nbsp;&nbsp;&nbsp;&nbsp;&nbsp;&nbsp;alegre, luchador, de mente inquieta,<\/p>\n\n\n\n<p>&nbsp;&nbsp;&nbsp;&nbsp;&nbsp;&nbsp;&nbsp;&nbsp;&nbsp;&nbsp;&nbsp;&nbsp;&nbsp;&nbsp;&nbsp;&nbsp;&nbsp;&nbsp;&nbsp;&nbsp;&nbsp;&nbsp;deportista, educador, cual un poeta,<\/p>\n\n\n\n<p>&nbsp;&nbsp;&nbsp;&nbsp;&nbsp;&nbsp;&nbsp;&nbsp;&nbsp;&nbsp;&nbsp;&nbsp;&nbsp;&nbsp;&nbsp;&nbsp;&nbsp;&nbsp;&nbsp;&nbsp;&nbsp;&nbsp;de alumnos y familia siempre al lado.<\/p>\n\n\n\n<p>&nbsp;&nbsp;&nbsp;&nbsp;&nbsp;&nbsp;&nbsp;&nbsp;&nbsp;&nbsp;&nbsp;&nbsp;&nbsp;&nbsp;&nbsp;&nbsp;&nbsp;&nbsp;&nbsp;&nbsp;&nbsp;&nbsp;&nbsp;Todos reconocen su plante alzado<\/p>\n\n\n\n<p>&nbsp;&nbsp;&nbsp;&nbsp;&nbsp;&nbsp;&nbsp;&nbsp;&nbsp;&nbsp;&nbsp;&nbsp;&nbsp;&nbsp;&nbsp;&nbsp;&nbsp;&nbsp;&nbsp;&nbsp;&nbsp;&nbsp;&nbsp;de entrega, formaci\u00f3n y arte atleta,<\/p>\n\n\n\n<p>&nbsp;&nbsp;&nbsp;&nbsp;&nbsp;&nbsp;&nbsp;&nbsp;&nbsp;&nbsp;&nbsp;&nbsp;&nbsp;&nbsp;&nbsp;&nbsp;&nbsp;&nbsp;&nbsp;&nbsp;&nbsp;&nbsp;&nbsp;madrugando, insistiendo, tras las metas,<\/p>\n\n\n\n<p>&nbsp;&nbsp;&nbsp;&nbsp;&nbsp;&nbsp;&nbsp;&nbsp;&nbsp;&nbsp;&nbsp;&nbsp;&nbsp;&nbsp;&nbsp;&nbsp;&nbsp;&nbsp;&nbsp;&nbsp;&nbsp;&nbsp;&nbsp;sirviendo a los dem\u00e1s con gran agrado.<\/p>\n\n\n\n<p>&nbsp;&nbsp;&nbsp;&nbsp;&nbsp;&nbsp;&nbsp;&nbsp;&nbsp;&nbsp;&nbsp;&nbsp;&nbsp;&nbsp;&nbsp;&nbsp;&nbsp;&nbsp;&nbsp;&nbsp;&nbsp;&nbsp;&nbsp; No quiso ser mejor que sus vecinos,<\/p>\n\n\n\n<p>&nbsp;&nbsp;&nbsp;&nbsp;&nbsp;&nbsp;&nbsp;&nbsp;&nbsp;&nbsp;&nbsp;&nbsp;&nbsp;&nbsp;&nbsp;&nbsp;&nbsp;&nbsp;&nbsp;&nbsp;&nbsp;&nbsp;&nbsp; ley\u00f3 mucho, pens\u00f3 mucho, y con tino<\/p>\n\n\n\n<p>&nbsp;&nbsp;&nbsp;&nbsp;&nbsp;&nbsp;&nbsp;&nbsp;&nbsp;&nbsp;&nbsp;&nbsp;&nbsp;&nbsp;&nbsp;&nbsp;&nbsp;&nbsp;&nbsp;&nbsp;&nbsp;&nbsp;&nbsp; defendi\u00f3 la verdad de sus mayores.<\/p>\n\n\n\n<p>&nbsp;&nbsp;&nbsp;&nbsp;&nbsp;&nbsp;&nbsp;&nbsp;&nbsp;&nbsp;&nbsp;&nbsp;&nbsp;&nbsp;&nbsp;&nbsp;&nbsp;&nbsp;&nbsp;&nbsp;&nbsp;&nbsp;&nbsp; Entendi\u00f3 que ense\u00f1ar fue su destino<\/p>\n\n\n\n<p>                        vivi\u00f3 la profesi\u00f3n como un camino,<\/p>\n\n\n\n<p>&nbsp;&nbsp;&nbsp;&nbsp;&nbsp;&nbsp;&nbsp;&nbsp;&nbsp;&nbsp;&nbsp;&nbsp;&nbsp;&nbsp;&nbsp;&nbsp;&nbsp;&nbsp;&nbsp;&nbsp;&nbsp;&nbsp;&nbsp; y crey\u00f3 y busc\u00f3 tiempos mejores.<\/p>\n\n\n\n<p>&nbsp;&nbsp;&nbsp;&nbsp;&nbsp;&nbsp;&nbsp;&nbsp;&nbsp;&nbsp;&nbsp;&nbsp;&nbsp;&nbsp;&nbsp;&nbsp;&nbsp;&nbsp;&nbsp;&nbsp;&nbsp;&nbsp;&nbsp;&nbsp;&nbsp;&nbsp;&nbsp;&nbsp;&nbsp;&nbsp;&nbsp;&nbsp;&nbsp;&nbsp; &nbsp;&nbsp;&nbsp;&nbsp;&nbsp;&nbsp;<\/p>\n\n\n\n<p><\/p>\n","protected":false},"excerpt":{"rendered":"<p>Libro: \u00abPENSAMIENTOS DE DON JUAN HERRERA\u00ab COLECCION REFLEXIONES ISBN: 978-84-948637-8-3 D. L. : MA 1699-2019 Juan Antonio Herrera Mar\u00edn, hijo, nieto, hermano y padre de maestros, \u2013profesi\u00f3n que ejerci\u00f3 durante toda su vida profesional\u2013 se jubil\u00f3 como docente en el colegio que llevaba ya el nombre de su padre. Ha sido uno de los maestros [&hellip;]<\/p>\n","protected":false},"author":1,"featured_media":0,"parent":0,"menu_order":0,"comment_status":"closed","ping_status":"closed","template":"","meta":{"footnotes":""},"class_list":["post-526","page","type-page","status-publish","hentry"],"_links":{"self":[{"href":"https:\/\/librosdelaaxarquia.com\/index.php?rest_route=\/wp\/v2\/pages\/526","targetHints":{"allow":["GET"]}}],"collection":[{"href":"https:\/\/librosdelaaxarquia.com\/index.php?rest_route=\/wp\/v2\/pages"}],"about":[{"href":"https:\/\/librosdelaaxarquia.com\/index.php?rest_route=\/wp\/v2\/types\/page"}],"author":[{"embeddable":true,"href":"https:\/\/librosdelaaxarquia.com\/index.php?rest_route=\/wp\/v2\/users\/1"}],"replies":[{"embeddable":true,"href":"https:\/\/librosdelaaxarquia.com\/index.php?rest_route=%2Fwp%2Fv2%2Fcomments&post=526"}],"version-history":[{"count":5,"href":"https:\/\/librosdelaaxarquia.com\/index.php?rest_route=\/wp\/v2\/pages\/526\/revisions"}],"predecessor-version":[{"id":2158,"href":"https:\/\/librosdelaaxarquia.com\/index.php?rest_route=\/wp\/v2\/pages\/526\/revisions\/2158"}],"wp:attachment":[{"href":"https:\/\/librosdelaaxarquia.com\/index.php?rest_route=%2Fwp%2Fv2%2Fmedia&parent=526"}],"curies":[{"name":"wp","href":"https:\/\/api.w.org\/{rel}","templated":true}]}}