{"id":566,"date":"2025-11-07T23:37:41","date_gmt":"2025-11-07T22:37:41","guid":{"rendered":"https:\/\/librosdelaaxarquia.com\/?page_id=566"},"modified":"2025-12-05T14:18:05","modified_gmt":"2025-12-05T13:18:05","slug":"libro-la-pequena-historia","status":"publish","type":"page","link":"https:\/\/librosdelaaxarquia.com\/?page_id=566","title":{"rendered":"LA PEQUE\u00d1A HISTORIA DE V\u00c9LEZ-M\u00c1LAGA"},"content":{"rendered":"\n<figure class=\"wp-block-image aligncenter size-full is-resized\"><img loading=\"lazy\" decoding=\"async\" width=\"395\" height=\"595\" src=\"https:\/\/librosdelaaxarquia.com\/wp-content\/uploads\/2025\/11\/Portada-PEQUENA-HISTORIA_001-2.jpg\" alt=\"\" class=\"wp-image-567\" style=\"width:404px;height:auto\" srcset=\"https:\/\/librosdelaaxarquia.com\/wp-content\/uploads\/2025\/11\/Portada-PEQUENA-HISTORIA_001-2.jpg 395w, https:\/\/librosdelaaxarquia.com\/wp-content\/uploads\/2025\/11\/Portada-PEQUENA-HISTORIA_001-2-199x300.jpg 199w\" sizes=\"auto, (max-width: 395px) 100vw, 395px\" \/><\/figure>\n\n\n\n<div style=\"height:35px\" aria-hidden=\"true\" class=\"wp-block-spacer\"><\/div>\n\n\n\n<p>AUTOR:  <strong><a href=\"https:\/\/librosdelaaxarquia.com\/?page_id=518\" data-type=\"page\" data-id=\"518\">Francisco Montoro Fern\u00e1ndez<\/a><\/strong><\/p>\n\n\n\n<p>COLECCI\u00d3N <strong><a href=\"https:\/\/librosdelaaxarquia.com\/?page_id=50\" data-type=\"page\" data-id=\"50\">GENERAL<\/a><\/strong>. (N\u00ba 2)<\/p>\n\n\n\n<p><strong>ISBN:<\/strong>  978-84-921623-6-9     <strong>D. L.<\/strong>  MA-1435-2009<\/p>\n\n\n\n<p>N\u00ba de p\u00e1ginas: 308.<\/p>\n\n\n\n<p>.<\/p>\n\n\n\n<figure class=\"wp-block-embed is-type-video is-provider-youtube wp-block-embed-youtube wp-embed-aspect-4-3 wp-has-aspect-ratio\"><div class=\"wp-block-embed__wrapper\">\n<iframe loading=\"lazy\" title=\"SPOT LIBRO &quot;LA PEQUE\u00d1A HISTORIA&quot;\" width=\"500\" height=\"375\" src=\"https:\/\/www.youtube.com\/embed\/OiXrdQg8FsQ?feature=oembed\" frameborder=\"0\" allow=\"accelerometer; autoplay; clipboard-write; encrypted-media; gyroscope; picture-in-picture; web-share\" referrerpolicy=\"strict-origin-when-cross-origin\" allowfullscreen><\/iframe>\n<\/div><\/figure>\n\n\n\n<div style=\"height:8px\" aria-hidden=\"true\" class=\"wp-block-spacer\"><\/div>\n\n\n\n<p>Hace unos a\u00f1os, en la p\u00e1gina dos del semanario <em>Informaciones de la Axarqu\u00eda<\/em>, hoy desaparecido, estuvimos publicando, semana tras semana &#8211; \u00a1durante doscientas ocho semanas! -, una colecci\u00f3n de art\u00edculos period\u00edsticos de divulgaci\u00f3n de nuestra historia local, bajo el t\u00edtulo de <em>La Peque\u00f1a Historia<\/em>. Se trataba de sueltos, sin hilaz\u00f3n alguna, sin un orden predeterminado, con m\u00e1s intencionalidad divulgativa que cient\u00edfica, tratando de dar a conocer curiosidades de nuestro pasado, aportando informaciones poco conocidas, pertenecientes al patrimonio cultural de nuestra tierra y, a la vez, con el objetivo de despegar vocaciones investigadoras en los j\u00f3venes.<\/p>\n\n\n\n<p>Durante aquellos a\u00f1os, en los cuales trabaj\u00e1bamos como asesor de ciencias sociales en el Centro de Profesorado de la Axarqu\u00eda, numerosos compa\u00f1eros nos animaban en dicha tarea divulgadora record\u00e1ndonos que, aquellos art\u00edculos, eran utilizados en las aulas como materiales para su estudio y como pretetexto motivador a la hora de llevar a cabo una investigaci\u00f3n hist\u00f3rica del entorno.<\/p>\n\n\n\n<p>Con el tiempo, y a medida que las semanas pasaban, de los cuatro a\u00f1os justos que dur\u00f3 nuestra colaboraci\u00f3n con aquel semanario, algunos amigos, igualmente, nos comentaban la conveniencia de reunir en un libro aquellos art\u00edculos period\u00edsticos que, de otro modo, resultar\u00edan dif\u00edciles de conservar y de consultar con posterioridad.<\/p>\n\n\n\n<p>Madurando la idea fuimos pensando, al cabo del tiempo, que una selecci\u00f3n de estos art\u00edculos, d\u00e1ndoles un orden cronol\u00f3gico adecuado, podr\u00eda configurar una \u201cPeque\u00f1a Historia de V\u00e9lez-M\u00e1laga\u201d, a pesar de sus limitaciones y sus lagunas, con su estilo divulgativo y sus dimensiones, con sus peculiaridades\u2026<\/p>\n\n\n\n<div style=\"height:9px\" aria-hidden=\"true\" class=\"wp-block-spacer\"><\/div>\n\n\n\n<figure class=\"wp-block-embed is-type-video is-provider-youtube wp-block-embed-youtube wp-embed-aspect-4-3 wp-has-aspect-ratio\"><div class=\"wp-block-embed__wrapper\">\n<iframe loading=\"lazy\" title=\"Video LA PEQUE\u00d1A HISTORIA\" width=\"500\" height=\"375\" src=\"https:\/\/www.youtube.com\/embed\/5eyYF55POPc?feature=oembed\" frameborder=\"0\" allow=\"accelerometer; autoplay; clipboard-write; encrypted-media; gyroscope; picture-in-picture; web-share\" referrerpolicy=\"strict-origin-when-cross-origin\" allowfullscreen><\/iframe>\n<\/div><\/figure>\n\n\n\n<div style=\"height:8px\" aria-hidden=\"true\" class=\"wp-block-spacer\"><\/div>\n\n\n\n<p>Fruto de todo ello es este libro <em>La peque\u00f1a historia de V\u00e9lez-M\u00e1laga<\/em>. Un libro, por tanto, que no es una historia de V\u00e9lez-M\u00e1laga, sino una colecci\u00f3n de art\u00edculos period\u00edsticos que nos aproximan a la historia de la capital de la Axarqu\u00eda. Con destellos y oscuridades, con \u00e9pocas mejor tratadas que otras, con temas y aspectos escasamente focalizados; pero, con toda seguridad, un libro que despertar\u00e1, como hicieron los art\u00edculos en su d\u00eda, un claro inter\u00e9s por el pasado de esta tierra malague\u00f1a.<\/p>\n\n\n\n<div style=\"height:8px\" aria-hidden=\"true\" class=\"wp-block-spacer\"><\/div>\n\n\n\n<p class=\"has-text-align-center\"><strong>INTERVENCI\u00d3N EN LA PRESENTACI\u00d3N DEL LIBRO<\/strong><\/p>\n\n\n\n<p class=\"has-text-align-center\">(PE\u00d1A FLAMENCA)<\/p>\n\n\n\n<figure class=\"wp-block-embed is-type-video is-provider-youtube wp-block-embed-youtube wp-embed-aspect-4-3 wp-has-aspect-ratio\"><div class=\"wp-block-embed__wrapper\">\n<iframe loading=\"lazy\" title=\"AXARQUIA ACTIVA-PRESENTACION LA PEQUE\u00d1A HISTORIA DE VELEZ MALAGA DE FRANCISCO MONTORO (4\u00aa PARTE)\" width=\"500\" height=\"375\" src=\"https:\/\/www.youtube.com\/embed\/7rA92PLnqSE?feature=oembed\" frameborder=\"0\" allow=\"accelerometer; autoplay; clipboard-write; encrypted-media; gyroscope; picture-in-picture; web-share\" referrerpolicy=\"strict-origin-when-cross-origin\" allowfullscreen><\/iframe>\n<\/div><\/figure>\n\n\n\n<div class=\"wp-block-buttons is-layout-flex wp-block-buttons-is-layout-flex\"><\/div>\n\n\n\n<div style=\"height:4px\" aria-hidden=\"true\" class=\"wp-block-spacer\"><\/div>\n\n\n\n<p>Las aclaraciones van incluidas en el mismo texto, y, por tanto, no existen notas a pie de p\u00e1gina. A veces algunas informaciones se repiten, dado el car\u00e1cter de unidad e individualidad de cada uno de los apartados, concebidos como un texto de comunicaci\u00f3n period\u00edstica. Pero para el lector resulta una consecuencia de calado el hecho de que estos textos, en su origen, fuesen art\u00edculos independientes, dado que, su lectura goza de la libertad de poder elegirse en cada momento por donde leer. Si en cualquier libro el \u00edndice es importante, en \u00e9ste lo es m\u00e1s a\u00fan, dado que nos orientar\u00e1 sobre por donde queremos iniciar la lectura. Lo natural ser\u00eda en orden cronol\u00f3gico, pero est\u00e1 concebido, por sus caracter\u00edsticas en origen, de modo que puede ser le\u00eddo en un orden aleatorio.<\/p>\n\n\n\n<p>A veces algunas informaciones se repiten dadas las estructuras de los textos que, como decimos, primitivamente eran art\u00edculos independientes y requer\u00edan unidad interna.<\/p>\n\n\n\n<p>La aut\u00e9ntica historia de V\u00e9lez-M\u00e1laga est\u00e1 a\u00fan por elaborar. Debe ser fruto de un trabajo de colaboraci\u00f3n entre los distintos historiadores que han estudiado el pasado de nuestra tierra. Llegar\u00e1, y, posiblemente, pronto.<\/p>\n\n\n\n<p>Una amplia bibliograf\u00eda, completa la informaci\u00f3n que aportamos, y que, sin duda, puede ser, no solo un elemento de inter\u00e9s para los nativos y curiosos, sino, tambi\u00e9n, un instrumento de sugerencias para investigadores y estudiosos.<\/p>\n\n\n\n<p>Hemos dejado atr\u00e1s los \u00faltimos cincuenta a\u00f1os. Por ello el libro termina &nbsp;en la mediaci\u00f3n del pasado siglo XX. La explicaci\u00f3n es que, como es costumbre entre los historiadores, se suele dejar medio siglo de espacio temporal antes de historiar una \u00e9poca. Y ello resulta l\u00f3gico, porque, hacer historia del tiempo que se ha vivido, se convierte en una tarea que termina siendo apasionante, y, la historia, cuando resulta apasionante, corre el peligro de convertirse en apasionada, en cuyo caso deja de ser historia.<\/p>\n\n\n\n<div style=\"height:6px\" aria-hidden=\"true\" class=\"wp-block-spacer\"><\/div>\n\n\n\n<p class=\"has-text-align-center\"><strong>ACTO COMPLETO DE PRESENTACI\u00d3N DEL LIBRO<\/strong><\/p>\n\n\n\n<p class=\"has-text-align-center\">(Pe\u00f1a Flamenca, el 2 de julio de 2009)<\/p>\n\n\n\n<div class=\"wp-block-buttons is-layout-flex wp-block-buttons-is-layout-flex\"><\/div>\n\n\n\n<figure class=\"wp-block-embed is-type-video is-provider-youtube wp-block-embed-youtube wp-embed-aspect-4-3 wp-has-aspect-ratio\"><div class=\"wp-block-embed__wrapper\">\n<iframe loading=\"lazy\" title=\"LA PEQUE\u00d1A HISTORIA\" width=\"500\" height=\"375\" src=\"https:\/\/www.youtube.com\/embed\/QBxPZQBpiKw?feature=oembed\" frameborder=\"0\" allow=\"accelerometer; autoplay; clipboard-write; encrypted-media; gyroscope; picture-in-picture; web-share\" referrerpolicy=\"strict-origin-when-cross-origin\" allowfullscreen><\/iframe>\n<\/div><\/figure>\n\n\n\n<div style=\"height:18px\" aria-hidden=\"true\" class=\"wp-block-spacer\"><\/div>\n\n\n\n<figure class=\"wp-block-image size-large\"><img loading=\"lazy\" decoding=\"async\" width=\"1024\" height=\"576\" src=\"https:\/\/librosdelaaxarquia.com\/wp-content\/uploads\/2025\/12\/02-PEQUEaeA-HISTORIA-1024x576.jpg\" alt=\"\" class=\"wp-image-2083\" srcset=\"https:\/\/librosdelaaxarquia.com\/wp-content\/uploads\/2025\/12\/02-PEQUEaeA-HISTORIA-1024x576.jpg 1024w, https:\/\/librosdelaaxarquia.com\/wp-content\/uploads\/2025\/12\/02-PEQUEaeA-HISTORIA-300x169.jpg 300w, https:\/\/librosdelaaxarquia.com\/wp-content\/uploads\/2025\/12\/02-PEQUEaeA-HISTORIA-768x432.jpg 768w, https:\/\/librosdelaaxarquia.com\/wp-content\/uploads\/2025\/12\/02-PEQUEaeA-HISTORIA-1536x863.jpg 1536w, https:\/\/librosdelaaxarquia.com\/wp-content\/uploads\/2025\/12\/02-PEQUEaeA-HISTORIA-2048x1151.jpg 2048w\" sizes=\"auto, (max-width: 1024px) 100vw, 1024px\" \/><\/figure>\n\n\n\n<div style=\"height:20px\" aria-hidden=\"true\" class=\"wp-block-spacer\"><\/div>\n","protected":false},"excerpt":{"rendered":"<p>AUTOR: Francisco Montoro Fern\u00e1ndez COLECCI\u00d3N GENERAL. (N\u00ba 2) ISBN: 978-84-921623-6-9 D. L. MA-1435-2009 N\u00ba de p\u00e1ginas: 308. . Hace unos a\u00f1os, en la p\u00e1gina dos del semanario Informaciones de la Axarqu\u00eda, hoy desaparecido, estuvimos publicando, semana tras semana &#8211; \u00a1durante doscientas ocho semanas! -, una colecci\u00f3n de art\u00edculos period\u00edsticos de divulgaci\u00f3n de nuestra historia local, [&hellip;]<\/p>\n","protected":false},"author":1,"featured_media":0,"parent":0,"menu_order":0,"comment_status":"closed","ping_status":"closed","template":"","meta":{"footnotes":""},"class_list":["post-566","page","type-page","status-publish","hentry"],"_links":{"self":[{"href":"https:\/\/librosdelaaxarquia.com\/index.php?rest_route=\/wp\/v2\/pages\/566","targetHints":{"allow":["GET"]}}],"collection":[{"href":"https:\/\/librosdelaaxarquia.com\/index.php?rest_route=\/wp\/v2\/pages"}],"about":[{"href":"https:\/\/librosdelaaxarquia.com\/index.php?rest_route=\/wp\/v2\/types\/page"}],"author":[{"embeddable":true,"href":"https:\/\/librosdelaaxarquia.com\/index.php?rest_route=\/wp\/v2\/users\/1"}],"replies":[{"embeddable":true,"href":"https:\/\/librosdelaaxarquia.com\/index.php?rest_route=%2Fwp%2Fv2%2Fcomments&post=566"}],"version-history":[{"count":5,"href":"https:\/\/librosdelaaxarquia.com\/index.php?rest_route=\/wp\/v2\/pages\/566\/revisions"}],"predecessor-version":[{"id":2125,"href":"https:\/\/librosdelaaxarquia.com\/index.php?rest_route=\/wp\/v2\/pages\/566\/revisions\/2125"}],"wp:attachment":[{"href":"https:\/\/librosdelaaxarquia.com\/index.php?rest_route=%2Fwp%2Fv2%2Fmedia&parent=566"}],"curies":[{"name":"wp","href":"https:\/\/api.w.org\/{rel}","templated":true}]}}