{"id":620,"date":"2025-11-08T17:47:19","date_gmt":"2025-11-08T16:47:19","guid":{"rendered":"https:\/\/librosdelaaxarquia.com\/?page_id=620"},"modified":"2025-12-04T22:55:28","modified_gmt":"2025-12-04T21:55:28","slug":"libro-terremotos-en-la-axarquia","status":"publish","type":"page","link":"https:\/\/librosdelaaxarquia.com\/?page_id=620","title":{"rendered":"TERREMOTOS EN LA AXARQU\u00cdA"},"content":{"rendered":"\n<figure class=\"wp-block-image aligncenter size-large is-resized\"><img loading=\"lazy\" decoding=\"async\" width=\"648\" height=\"1024\" src=\"https:\/\/librosdelaaxarquia.com\/wp-content\/uploads\/2025\/11\/No-06-3-648x1024.jpg\" alt=\"\" class=\"wp-image-621\" style=\"width:500px;height:auto\" srcset=\"https:\/\/librosdelaaxarquia.com\/wp-content\/uploads\/2025\/11\/No-06-3-648x1024.jpg 648w, https:\/\/librosdelaaxarquia.com\/wp-content\/uploads\/2025\/11\/No-06-3-190x300.jpg 190w, https:\/\/librosdelaaxarquia.com\/wp-content\/uploads\/2025\/11\/No-06-3-768x1214.jpg 768w, https:\/\/librosdelaaxarquia.com\/wp-content\/uploads\/2025\/11\/No-06-3-972x1536.jpg 972w, https:\/\/librosdelaaxarquia.com\/wp-content\/uploads\/2025\/11\/No-06-3-1296x2048.jpg 1296w, https:\/\/librosdelaaxarquia.com\/wp-content\/uploads\/2025\/11\/No-06-3.jpg 1577w\" sizes=\"auto, (max-width: 648px) 100vw, 648px\" \/><\/figure>\n\n\n\n<p><\/p>\n\n\n\n<p>COLECCI\u00d3N <strong><a href=\"https:\/\/librosdelaaxarquia.com\/?page_id=50\" data-type=\"page\" data-id=\"50\">GENERAL<\/a><\/strong>. (N\u00ba 6)<\/p>\n\n\n\n<p><strong>ISBN:<\/strong>  978-84-938732-1-9    <strong>D. L.<\/strong>  MA 2081-23011<\/p>\n\n\n\n<p>N\u00famero de p\u00e1ginas:  344<\/p>\n\n\n\n<div style=\"height:5px\" aria-hidden=\"true\" class=\"wp-block-spacer\"><\/div>\n\n\n\n<figure class=\"wp-block-embed is-type-video is-provider-youtube wp-block-embed-youtube wp-embed-aspect-4-3 wp-has-aspect-ratio\"><div class=\"wp-block-embed__wrapper\">\n<iframe loading=\"lazy\" title=\"TERREMOTOS\" width=\"500\" height=\"375\" src=\"https:\/\/www.youtube.com\/embed\/kMzxmNXHCwQ?feature=oembed\" frameborder=\"0\" allow=\"accelerometer; autoplay; clipboard-write; encrypted-media; gyroscope; picture-in-picture; web-share\" referrerpolicy=\"strict-origin-when-cross-origin\" allowfullscreen><\/iframe>\n<\/div><\/figure>\n\n\n\n<div style=\"height:9px\" aria-hidden=\"true\" class=\"wp-block-spacer\"><\/div>\n\n\n\n<p>   El terremoto de la Navidad de 1884 y primeros meses de 1885 se conoce en Espa\u00f1a como el \u201cTerremoto de Andaluc\u00eda\u201d, y tuvo una incidencia especial en las provincias de Granada y M\u00e1laga, donde se produjeron infinidad de derrumbamientos y numerosas desgracias personales. El mundo entero se hizo eco de la cat\u00e1strofe, y la solidaridad con los pueblos afectados floreci\u00f3 por variados cauces.<\/p>\n\n\n\n<p>   Nosotros nos ocupamos de estudiar dicho terremoto, en su incidencia en V\u00e9lez-M\u00e1laga, hace treinta y dos a\u00f1os, dado que tuvimos la suerte de encontrar un manuscrito sobre el mismo, que hab\u00eda realizado una religiosa clarisa y se hab\u00eda conservado en el Monasterio de Nuestra Se\u00f1ora de Gracia de la ciudad. Fruto de aquel hallazgo fue el libro <em>1884-1885: Terremotos en V\u00e9lez-M\u00e1laga<\/em>,que vio la luz en 1980, editado por la Delegaci\u00f3n de Cultura del Ayuntamiento vele\u00f1o.<\/p>\n\n\n\n<div style=\"height:8px\" aria-hidden=\"true\" class=\"wp-block-spacer\"><\/div>\n\n\n\n<figure class=\"wp-block-embed is-type-video is-provider-youtube wp-block-embed-youtube wp-embed-aspect-4-3 wp-has-aspect-ratio\"><div class=\"wp-block-embed__wrapper\">\n<iframe loading=\"lazy\" title=\"TERREMOTOS EN V\u00c9LEZ M\u00c1LAGA\" width=\"500\" height=\"375\" src=\"https:\/\/www.youtube.com\/embed\/7HfhrexjFW0?feature=oembed\" frameborder=\"0\" allow=\"accelerometer; autoplay; clipboard-write; encrypted-media; gyroscope; picture-in-picture; web-share\" referrerpolicy=\"strict-origin-when-cross-origin\" allowfullscreen><\/iframe>\n<\/div><\/figure>\n\n\n\n<p>&nbsp;&nbsp;&nbsp;&nbsp; <\/p>\n\n\n\n<p>De eso hace ya m\u00e1s de treinta a\u00f1os. Con posterioridad a aquello hemos localizado diversos informes sobre el se\u00edsmo y testimonios variados que complementan con gran nitidez las conclusiones a las que llegamos entonces. El material gr\u00e1fico, los diversos informes publicados, los nuevos estudios y los documentos nuevos encontrados, justifican, claramente, que nos volvamos a reencontrar con el que fue para nosotros un relevante y lejano tema de estudio.<\/p>\n\n\n\n<p>&nbsp;&nbsp;&nbsp;&nbsp; Porque, el terremoto que asol\u00f3 a Andaluc\u00eda a finales del siglo XIX, fue un da\u00f1o de primer orden en V\u00e9lez-M\u00e1laga y otros pueblos de la Axarqu\u00eda. Trastoc\u00f3 la vida econ\u00f3mica, social, urbana, e, incluso, religiosa. Todo un fen\u00f3meno que moviliz\u00f3 a las conciencias y removi\u00f3 las costumbres. Toda una convulsi\u00f3n para una comarca, y especialmente para una ciudad como V\u00e9lez-M\u00e1laga, que hab\u00eda sufrido a lo largo del siglo XIX males y desgracias abundantes, desde la epidemia de fiebre amarilla de 1804 &#8211; la mayor desgracias padecida por la capital de la Axarqu\u00eda en todos los tiempos &#8211; que abri\u00f3 los truenos del siglo, hasta llegar a este terremoto finisecular que da\u00f1\u00f3 a m\u00e1s de mil viviendas, pasando la centuria por invasiones, sequ\u00edas, plagas, inundaciones, etc.<\/p>\n\n\n\n<div style=\"height:11px\" aria-hidden=\"true\" class=\"wp-block-spacer\"><\/div>\n\n\n\n<figure class=\"wp-block-embed is-type-video is-provider-youtube wp-block-embed-youtube wp-embed-aspect-4-3 wp-has-aspect-ratio\"><div class=\"wp-block-embed__wrapper\">\n<iframe loading=\"lazy\" title=\"TERREMOTOS 1884\" width=\"500\" height=\"375\" src=\"https:\/\/www.youtube.com\/embed\/iaa8tRtjBlI?feature=oembed\" frameborder=\"0\" allow=\"accelerometer; autoplay; clipboard-write; encrypted-media; gyroscope; picture-in-picture; web-share\" referrerpolicy=\"strict-origin-when-cross-origin\" allowfullscreen><\/iframe>\n<\/div><\/figure>\n\n\n\n<div style=\"height:7px\" aria-hidden=\"true\" class=\"wp-block-spacer\"><\/div>\n\n\n\n<p>&nbsp;&nbsp;&nbsp;&nbsp; Hay barrios en V\u00e9lez-M\u00e1laga que surgen a consecuencia del terremoto, costumbres, comidas, tradiciones, oraciones, refranes, amistades de familias,&nbsp; juegos de mesa, etc. que surgieron entonces y que los a\u00f1os y la ciudad han conservado.<\/p>\n\n\n\n<p>&nbsp;&nbsp;&nbsp;&nbsp;&nbsp; Tenemos la mala suerte de que las actas de cabildo del ayuntamiento vele\u00f1o correspondientes al a\u00f1o 1885 se han perdido, negando a los investigadores las valiosas noticias que, a no dudar, nos pod\u00edan haber aportado sobre tan significados y decisivos acontecimientos. Nos quedamos, pues, salvo que un golpe de suerte las devuelva alg\u00fan d\u00eda al archivo de la ciudad, sin conocer multitud de noticias que nos hubiesen arrojado mucha informaci\u00f3n de elevado inter\u00e9s para el conocimiento del tema.<\/p>\n\n\n\n<p>&nbsp;&nbsp;&nbsp;&nbsp; Sin embargo, es preciso reconocer que, no obstante lo anterior, la documentaci\u00f3n de la que se dispone por otras v\u00edas a la administrativa local es abundante y detallada.<\/p>\n\n\n\n<p>&nbsp;&nbsp;&nbsp;&nbsp; <em>Terremotos en la Axarqu\u00eda, 25 de diciembre de 1884 (El caso de V\u00e9lez-M\u00e1laga) <\/em>es un libro que da al lector una visi\u00f3n bastante completa de lo que ocurri\u00f3 en aquellos d\u00edas tristes en que la desgracia se ceb\u00f3 con la Axarqu\u00eda y otras tierras andaluzas. Y aporta documentos verbales y gr\u00e1ficos poco conocidos que provocar\u00e1 un elevado inter\u00e9s.<\/p>\n\n\n\n<p>&nbsp;&nbsp;&nbsp;&nbsp; El lector, en alg\u00fan momento, se plantear\u00e1 ante qu\u00e9 tipo de libro est\u00e1, sin saber muy bien si se trata de un ensayo, un informe cient\u00edfico, una historia novelada\u2026 Lo que podemos asegurarle es que cuanto se ha vertido en sus p\u00e1ginas goza de la m\u00e1s completa fiabilidad y que cuanto aportamos &#8211; que para unos ser\u00e1 un \u201cexceso\u201d y para otros una colecci\u00f3n \u201cincompleta\u201d &#8211; es un trabajo meditado y sistematizado.<\/p>\n\n\n\n<p>&nbsp;&nbsp;&nbsp;&nbsp; El combinar el an\u00e1lisis de lo ocurrido con una selecci\u00f3n de los testimonios que nos muestra c\u00f3mo se vieron y se vivieron los acontecimientos en su tiempo real, es una f\u00f3rmula divulgativa que cada vez cobra m\u00e1s protagonismo y que, seg\u00fan creemos, es la manera m\u00e1s apropiada para difundir los hechos hist\u00f3ricos en los tiempos presentes.<\/p>\n\n\n\n<div style=\"height:4px\" aria-hidden=\"true\" class=\"wp-block-spacer\"><\/div>\n\n\n\n<p class=\"has-text-align-center\"><strong>ACTO DE PRESENTACI\u00d3N DEL LIBRO<\/strong><\/p>\n\n\n\n<p class=\"has-text-align-center\">(Sal\u00f3n de actos del Exilio)<\/p>\n\n\n\n<figure class=\"wp-block-embed is-type-video is-provider-youtube wp-block-embed-youtube wp-embed-aspect-4-3 wp-has-aspect-ratio\"><div class=\"wp-block-embed__wrapper\">\n<iframe loading=\"lazy\" title=\"TERREMOTOS EN LA AXARQU\u00cdA\" width=\"500\" height=\"375\" src=\"https:\/\/www.youtube.com\/embed\/RJX-iK00tdw?feature=oembed\" frameborder=\"0\" allow=\"accelerometer; autoplay; clipboard-write; encrypted-media; gyroscope; picture-in-picture; web-share\" referrerpolicy=\"strict-origin-when-cross-origin\" allowfullscreen><\/iframe>\n<\/div><\/figure>\n\n\n\n<div class=\"wp-block-buttons is-layout-flex wp-block-buttons-is-layout-flex\"><\/div>\n\n\n\n<div style=\"height:18px\" aria-hidden=\"true\" class=\"wp-block-spacer\"><\/div>\n\n\n\n<p><\/p>\n","protected":false},"excerpt":{"rendered":"<p>COLECCI\u00d3N GENERAL. (N\u00ba 6) ISBN: 978-84-938732-1-9 D. L. MA 2081-23011 N\u00famero de p\u00e1ginas: 344 El terremoto de la Navidad de 1884 y primeros meses de 1885 se conoce en Espa\u00f1a como el \u201cTerremoto de Andaluc\u00eda\u201d, y tuvo una incidencia especial en las provincias de Granada y M\u00e1laga, donde se produjeron infinidad de derrumbamientos y numerosas [&hellip;]<\/p>\n","protected":false},"author":1,"featured_media":0,"parent":0,"menu_order":0,"comment_status":"closed","ping_status":"closed","template":"","meta":{"footnotes":""},"class_list":["post-620","page","type-page","status-publish","hentry"],"_links":{"self":[{"href":"https:\/\/librosdelaaxarquia.com\/index.php?rest_route=\/wp\/v2\/pages\/620","targetHints":{"allow":["GET"]}}],"collection":[{"href":"https:\/\/librosdelaaxarquia.com\/index.php?rest_route=\/wp\/v2\/pages"}],"about":[{"href":"https:\/\/librosdelaaxarquia.com\/index.php?rest_route=\/wp\/v2\/types\/page"}],"author":[{"embeddable":true,"href":"https:\/\/librosdelaaxarquia.com\/index.php?rest_route=\/wp\/v2\/users\/1"}],"replies":[{"embeddable":true,"href":"https:\/\/librosdelaaxarquia.com\/index.php?rest_route=%2Fwp%2Fv2%2Fcomments&post=620"}],"version-history":[{"count":5,"href":"https:\/\/librosdelaaxarquia.com\/index.php?rest_route=\/wp\/v2\/pages\/620\/revisions"}],"predecessor-version":[{"id":2090,"href":"https:\/\/librosdelaaxarquia.com\/index.php?rest_route=\/wp\/v2\/pages\/620\/revisions\/2090"}],"wp:attachment":[{"href":"https:\/\/librosdelaaxarquia.com\/index.php?rest_route=%2Fwp%2Fv2%2Fmedia&parent=620"}],"curies":[{"name":"wp","href":"https:\/\/api.w.org\/{rel}","templated":true}]}}