{"id":624,"date":"2025-11-09T13:34:30","date_gmt":"2025-11-09T12:34:30","guid":{"rendered":"https:\/\/librosdelaaxarquia.com\/?page_id=624"},"modified":"2025-12-04T21:37:38","modified_gmt":"2025-12-04T20:37:38","slug":"libro-el-hospital-de-san-juan-de-dios","status":"publish","type":"page","link":"https:\/\/librosdelaaxarquia.com\/?page_id=624","title":{"rendered":"EL HOSPITAL DE SAN JUAN DE DIOS"},"content":{"rendered":"\n<p><\/p>\n\n\n\n<figure class=\"wp-block-image aligncenter size-large is-resized\"><img loading=\"lazy\" decoding=\"async\" width=\"635\" height=\"1024\" src=\"https:\/\/librosdelaaxarquia.com\/wp-content\/uploads\/2025\/11\/No-05-3-635x1024.jpg\" alt=\"\" class=\"wp-image-625\" style=\"width:439px;height:auto\" srcset=\"https:\/\/librosdelaaxarquia.com\/wp-content\/uploads\/2025\/11\/No-05-3-635x1024.jpg 635w, https:\/\/librosdelaaxarquia.com\/wp-content\/uploads\/2025\/11\/No-05-3-186x300.jpg 186w, https:\/\/librosdelaaxarquia.com\/wp-content\/uploads\/2025\/11\/No-05-3-768x1239.jpg 768w, https:\/\/librosdelaaxarquia.com\/wp-content\/uploads\/2025\/11\/No-05-3-952x1536.jpg 952w, https:\/\/librosdelaaxarquia.com\/wp-content\/uploads\/2025\/11\/No-05-3-1269x2048.jpg 1269w, https:\/\/librosdelaaxarquia.com\/wp-content\/uploads\/2025\/11\/No-05-3.jpg 1550w\" sizes=\"auto, (max-width: 635px) 100vw, 635px\" \/><\/figure>\n\n\n\n<div style=\"height:3px\" aria-hidden=\"true\" class=\"wp-block-spacer\"><\/div>\n\n\n\n<p>AUTOR:  J<a href=\"https:\/\/librosdelaaxarquia.com\/?page_id=410\" data-type=\"page\" data-id=\"410\">OS\u00c9 MANUEL SALCEDO P\u00c9REZ<\/a><\/p>\n\n\n\n<p>COLECCI\u00d3N <a href=\"https:\/\/librosdelaaxarquia.com\/?page_id=50\" data-type=\"page\" data-id=\"50\"><strong>GENERAL<\/strong>.<\/a> (N\u00ba 5)<\/p>\n\n\n\n<div style=\"height:14px\" aria-hidden=\"true\" class=\"wp-block-spacer\"><\/div>\n\n\n\n<figure class=\"wp-block-embed is-type-video is-provider-youtube wp-block-embed-youtube wp-embed-aspect-4-3 wp-has-aspect-ratio\"><div class=\"wp-block-embed__wrapper\">\n<iframe loading=\"lazy\" title=\"Hospital Juan de Dios\" width=\"500\" height=\"375\" src=\"https:\/\/www.youtube.com\/embed\/LlxH7RNLoEI?feature=oembed\" frameborder=\"0\" allow=\"accelerometer; autoplay; clipboard-write; encrypted-media; gyroscope; picture-in-picture; web-share\" referrerpolicy=\"strict-origin-when-cross-origin\" allowfullscreen><\/iframe>\n<\/div><\/figure>\n\n\n\n<p><\/p>\n\n\n\n<p><strong>PROLOGO<\/strong>:<\/p>\n\n\n\n<p>     Cuando te ofrecen un libro, miras el t\u00edtulo y el autor, y si te interesa, lo ojeas, incluso te vas al \u00edndice y casi de inmediato haces una valoraci\u00f3n: me lo quedo o no es de los m\u00edos. Si vas paseando por la calle y tropiezas con el escaparate de una librer\u00eda, tus ojos se entretienen en el t\u00edtulo y autor que m\u00e1s llama la atenci\u00f3n y con facilidad haces tu valoraci\u00f3n. Por tanto, casi a golpe de ojo, te quedas o no con un libro entre tus manos.<\/p>\n\n\n\n<p>&nbsp;&nbsp;&nbsp;&nbsp; No es mi caso al tener que presentar este libro. No lo pod\u00eda hojear, ni tan siquiera visualizar. O\u00ed el t\u00edtulo por tel\u00e9fono, pero reconozco que no lo escuch\u00e9. Me ofrec\u00edan la posibilidad de hacer la presentaci\u00f3n del mismo. Y como todos andamos un poco encogidos de tiempo y la lectura de un libro requiere el suyo, un \u201calma caritativa\u201d me ofrec\u00eda con la mejor intenci\u00f3n la presentaci\u00f3n hecha y yo simplemente tendr\u00eda que poner mi firma. Esto hoy se ha hecho demasiado frecuente, unos trabajan como \u201cnegros\u201d y otros firman como \u201cblancos\u201d.<\/p>\n\n\n\n<p>&nbsp;&nbsp;&nbsp;&nbsp; Me compromet\u00ed a hacer la presentaci\u00f3n del libro: \u201cEl Hospital de San Juan de Dios. V\u00e9lez-M\u00e1laga.\u201d Me retir\u00e9 durante unos d\u00edas a un lugar apartado, tranquilo y bello y me llev\u00e9 el libro, fotocopiado y con bastante espacio en blanco en sus hojas, donde las fui garrapateando una a una. Y junto a esas m\u00faltiples p\u00e1ginas, ten\u00eda a mano una Historia de Espa\u00f1a, para empaparme bien de los siglos XVI al XX, que es por donde transcurre la historia del Hospital de V\u00e9lez. El Hospital y sus circunstancias es una forma entretenida y rica de hacer una lectura.<\/p>\n\n\n\n<p>&nbsp;&nbsp;&nbsp;&nbsp; No se nada sobre el autor. Ni tan siquiera me lo han presentado. Me hablaron de su obra y si citaron su nombre me olvid\u00e9 de inmediato. porque no es un autor famoso. El mismo lo dice: \u201cno soy historiador, no soy literato&#8230;\u201d Pero, escribe con la facilidad de un historiador, de tal manera que te va introduciendo en la historia. Hace una descripci\u00f3n lineal de la historia, para que entres en la misma. Su lectura se hace amena y a la vez interesante. El autor te transporta a las calles de V\u00e9lez, a casi cinco siglos de historia, acompa\u00f1ado siempre de personas que te van mostrando el Hospital y sus habitantes, de una manera tan prosaica que te vas identificando con cada una de las dificultades que encuentran para vivir y sobrevivir.<\/p>\n\n\n\n<p>&nbsp;&nbsp;&nbsp;&nbsp; El autor deja muy claro su pretensi\u00f3n al escribir el libro. Pretende que los ciudadanos de V\u00e9lez puedan conocer la historia de su ciudad, de sus calles y plazas&#8230; para conocer mejor de d\u00f3nde vienen. Y les ofrece generosamente horas y horas de trabajo, que no se remuneran porque el autor est\u00e1 convencido que es mejor \u201cdar que recibir\u201d y que cuando das cinco recoges cinco mil. Pero pretende, m\u00e1s cosas, que tratar\u00e9 de ir se\u00f1alando a continuaci\u00f3n, para una mejor lectura y comprensi\u00f3n del libro.<\/p>\n\n\n\n<p>&nbsp;&nbsp;&nbsp;&nbsp; El autor trata de saciar la curiosidad que anima siempre al que est\u00e1 interesado en la historia. En este caso en la historia de mi ciudad. Y de \u201cpersonajes\u201d que han pasado por sus calles. Y la curiosidad de los que leemos. He de reconocer que mi curiosidad por conocer V\u00e9lez se ha ido incrementando poco a poco hasta el extremo que entre mis objetivos est\u00e1 acercarme un d\u00eda y sentarme en el Hospital San Juan de Dios de V\u00e9lez. La curiosidad nunca se sacia, es como la apertura de una puerta que si la abres, encontrar\u00e1s cientos de puertas hasta el infinito.<\/p>\n\n\n\n<p>&nbsp;&nbsp;&nbsp;&nbsp; El autor ha dedicado muchas horas de trabajo a su libro. Pero, como bien dice, ha logrado convertirlas en entretenimiento y placer para ilustrar generosamente a sus paisanos malague\u00f1os. Y les invita a que se acerquen al Hospital San Juan de Dios, antiguamente llamado Hospital de San Marcos y que puedan \u201cbeber\u201d de la historia de siglos, que conforman la cultura de la ciudad. \u00bfQu\u00e9 significado tiene \u201cEl Convento de San Juan de Dios\u201d? La historia hay que explicarla con tiempo y paciencia, es lo que ha hecho el autor.<\/p>\n\n\n\n<p>&nbsp;&nbsp;&nbsp;&nbsp; A lo largo del libro, el autor hace sus agradecimientos a cuantas personas han aportado algo &#8211; m\u00e1s o menos &#8211; al Hospital. Y lo hace sin el menor halago. Cosa nada f\u00e1cil. El hospital est\u00e1 ah\u00ed gracias a todos. Siempre se reserva sus juicios de valor, porque es algo que ha de ir haciendo el lector. Y esto, para m\u00ed, es una de las grandes claves del libro y del autor: dejar al lector, libremente, para que vaya haciendo una lectura pausada de la historia del ayer en conexi\u00f3n con el hoy, sacando sus propias conclusiones.<\/p>\n\n\n\n<p>&nbsp;&nbsp;&nbsp;&nbsp; El deseo consciente del autor, para que el libro salga a la luz, nos lo deja muy claro: uno tiene la responsabilidad de dar a conocer a los dem\u00e1s algo que es bueno y que ha descubierto con ayuda de otros. Pues es consciente de que sin memoria no hay historia y de que la historia hay que conocerla para amarla. Ofrece a los vele\u00f1os un edificio cargado de historia que de alguna manera conforma la cultura de V\u00e9lez, con la pretensi\u00f3n de amar su ciudad, sus calles, sus \u201cmonumentos\u201d y especialmente a las personas m\u00e1s d\u00e9biles, peque\u00f1os y enfermos de ahora, como a lo largo de la historia se ha venido haciendo en el Hospital de San Juan de Dios.<\/p>\n\n\n\n<p>&nbsp;&nbsp;&nbsp;&nbsp; Y hay un deseo inconsciente del autor. Dar a conocer a las instituciones religiosas que tan generosamente colaboran con el Ayuntamiento de V\u00e9lez en la atenci\u00f3n sanitaria de la ciudad, y hacer justicia. Ignorar la historia es equivalente a negar la realidad. No se puede negar que los mejores momentos de la hospitalidad lo ofrecen los 155 a\u00f1os de continuidad de la Orden de San Juan de Dios.<\/p>\n\n\n\n<p>&nbsp;&nbsp;&nbsp;&nbsp; Este es un libro de lectura selectiva. Me atrevo a decir que, como casi todos los libros que no sean best-sellers, tiene su p\u00fablico. Y \u00e9ste, tiene el suyo muy determinado. En primer lugar para los vele\u00f1os. Puede ser de lectura compartida por la familia, para leer a trozos y saborear la historia de mi ciudad y tal vez mi plaza, mi calle o mis correr\u00edas infantiles. Y es un libro excelente como ayuda al profesor que transmite historia, porque una parte de V\u00e9lez est\u00e1 contada de manera magistral y eso se debe transmitir. Y es un libro que debe estar expuesto en el Ayuntamiento de V\u00e9lez y en el Hospital San Juan de Dios. Por supuesto, que es un libro recomendado para Hermanos y Colaboradores del la Orden de San Juan de Dios. Y, que hay que \u201centregar\u201d a cuantas instituciones figuran aqu\u00ed, para conocimiento y gozo de las mismas.<\/p>\n\n\n\n<p>&nbsp;&nbsp;&nbsp;&nbsp; No me puedo resistir para terminar, descubrir la genialidad del autor -sea consciente o inconsciente &#8211; : no ha querido exponer en el ep\u00edlogo sus conclusiones, \u2013que las tiene\u2013 porque deja al lector esa tarea. Yo he sacado muchas y pr\u00e1cticas para el d\u00eda a d\u00eda. Ya me gustar\u00eda compartirlas. Pero, creo que este no es el lugar y en eso imito al autor del libro. Pero no me puedo resistir a compartir, como cierre, el t\u00edtulo del libro. Lo recuerdo: \u201cEl Hospital de San Juan de Dios\u201d.<\/p>\n\n\n\n<p>&nbsp;&nbsp;&nbsp;&nbsp; Hospital y Convento, aqu\u00ed no solamente son sin\u00f3nimos, sino id\u00e9nticos. De hecho, a lo largo de la historia de la Orden, para reconocer un centro de la misma, se hablaba de Convento-Hospital. En este caso es m\u00e1s llamativo. Los Hermanos de San Juan de Dios acuden a V\u00e9lez en 1680, por una \u201cC\u00c9DULA REAL por la que se da la administraci\u00f3n del Hospital San Marcos a la Orden de San Juan de Dios\u201d. Y por un DECRETO, del Bolet\u00edn Oficial del Estado de 1834 son expulsados. Pero el autor hace una s\u00edntesis del paso de la Orden por V\u00e9lez que hay que citarlo: \u201cDurante ciento cincuenta y cinco a\u00f1os la ciudad de V\u00e9lez y la Orden Hospitalaria han ido parejas&#8230; a\u00fan quedan se\u00f1ales de su paso por esta ciudad en el nombre de una plaza y en el edificio que alberg\u00f3 el hospital y al convento\u201d.<\/p>\n\n\n\n<p>&nbsp;&nbsp;&nbsp;&nbsp; Curiosamente, la Orden llega a V\u00e9lez al Hospital de San Marcos en 1680 y cuando sale de V\u00e9lez en 1835, el Hospital es conocido por todos como el Hospital San Juan de Dios, hasta el d\u00eda de hoy.<\/p>\n\n\n\n<p><strong>Hno. Juli\u00e1n S\u00e1nchez Bravo<\/strong><em> <\/em><em>Superior Provincial de la Orden Hospitalaria de San Juan de Dios. Provincia B\u00e9tica<\/em><\/p>\n\n\n\n<p><\/p>\n\n\n\n<p class=\"has-text-align-center\"><strong>ACTO DE PRESENTACI\u00d3N DEL LIBRO<\/strong><\/p>\n\n\n\n<p class=\"has-text-align-center\"><strong>(Hospital de San Juan de Dios, 8 de abril de 2011)<\/strong><\/p>\n\n\n\n<figure class=\"wp-block-embed is-type-video is-provider-youtube wp-block-embed-youtube wp-embed-aspect-4-3 wp-has-aspect-ratio\"><div class=\"wp-block-embed__wrapper\">\n<iframe loading=\"lazy\" title=\"HOSPITAL S. Juan de Dios\" width=\"500\" height=\"375\" src=\"https:\/\/www.youtube.com\/embed\/W3p_4IfkzSM?feature=oembed\" frameborder=\"0\" allow=\"accelerometer; autoplay; clipboard-write; encrypted-media; gyroscope; picture-in-picture; web-share\" referrerpolicy=\"strict-origin-when-cross-origin\" allowfullscreen><\/iframe>\n<\/div><\/figure>\n\n\n\n<div class=\"wp-block-buttons is-layout-flex wp-block-buttons-is-layout-flex\"><\/div>\n\n\n\n<p><\/p>\n","protected":false},"excerpt":{"rendered":"<p>AUTOR: JOS\u00c9 MANUEL SALCEDO P\u00c9REZ COLECCI\u00d3N GENERAL. (N\u00ba 5) PROLOGO: Cuando te ofrecen un libro, miras el t\u00edtulo y el autor, y si te interesa, lo ojeas, incluso te vas al \u00edndice y casi de inmediato haces una valoraci\u00f3n: me lo quedo o no es de los m\u00edos. Si vas paseando por la calle y [&hellip;]<\/p>\n","protected":false},"author":1,"featured_media":0,"parent":0,"menu_order":0,"comment_status":"closed","ping_status":"closed","template":"","meta":{"footnotes":""},"class_list":["post-624","page","type-page","status-publish","hentry"],"_links":{"self":[{"href":"https:\/\/librosdelaaxarquia.com\/index.php?rest_route=\/wp\/v2\/pages\/624","targetHints":{"allow":["GET"]}}],"collection":[{"href":"https:\/\/librosdelaaxarquia.com\/index.php?rest_route=\/wp\/v2\/pages"}],"about":[{"href":"https:\/\/librosdelaaxarquia.com\/index.php?rest_route=\/wp\/v2\/types\/page"}],"author":[{"embeddable":true,"href":"https:\/\/librosdelaaxarquia.com\/index.php?rest_route=\/wp\/v2\/users\/1"}],"replies":[{"embeddable":true,"href":"https:\/\/librosdelaaxarquia.com\/index.php?rest_route=%2Fwp%2Fv2%2Fcomments&post=624"}],"version-history":[{"count":5,"href":"https:\/\/librosdelaaxarquia.com\/index.php?rest_route=\/wp\/v2\/pages\/624\/revisions"}],"predecessor-version":[{"id":2063,"href":"https:\/\/librosdelaaxarquia.com\/index.php?rest_route=\/wp\/v2\/pages\/624\/revisions\/2063"}],"wp:attachment":[{"href":"https:\/\/librosdelaaxarquia.com\/index.php?rest_route=%2Fwp%2Fv2%2Fmedia&parent=624"}],"curies":[{"name":"wp","href":"https:\/\/api.w.org\/{rel}","templated":true}]}}